{"id":9599,"date":"2022-03-31T21:03:29","date_gmt":"2022-03-31T19:03:29","guid":{"rendered":"https:\/\/new.aquacity.sk\/otvaracie-hodiny\/"},"modified":"2026-04-20T06:24:39","modified_gmt":"2026-04-20T04:24:39","slug":"godziny-otwarcia","status":"publish","type":"page","link":"https:\/\/aquacity.sk\/pl\/godziny-otwarcia\/","title":{"rendered":"Godziny otwarcia"},"content":{"rendered":"\t\t<div data-elementor-type=\"wp-page\" data-elementor-id=\"9599\" class=\"elementor elementor-9599 elementor-4356\">\n\t\t\t\t\t\t<section class=\"elementor-section elementor-top-section elementor-element elementor-element-652931e elementor-section-boxed elementor-section-height-default elementor-section-height-default\" data-id=\"652931e\" data-element_type=\"section\">\n\t\t\t\t\t\t<div class=\"elementor-container elementor-column-gap-extended\">\n\t\t\t\t\t<div class=\"elementor-column elementor-col-100 elementor-top-column elementor-element elementor-element-b4aa244 sc_inner_width_none sc_layouts_column_icons_position_left\" data-id=\"b4aa244\" data-element_type=\"column\">\n\t\t\t<div class=\"elementor-widget-wrap\">\n\t\t\t\t\t\t\t<\/div>\n\t\t<\/div>\n\t\t\t\t\t<\/div>\n\t\t<\/section>\n\t\t\t\t<section class=\"elementor-section elementor-top-section elementor-element elementor-element-ad0aca3 elementor-section-boxed elementor-section-height-default elementor-section-height-default\" data-id=\"ad0aca3\" data-element_type=\"section\">\n\t\t\t\t\t\t<div class=\"elementor-container elementor-column-gap-extended\">\n\t\t\t\t\t<div class=\"elementor-column elementor-col-100 elementor-top-column elementor-element elementor-element-d03881c sc_inner_width_none sc_layouts_column_icons_position_left\" data-id=\"d03881c\" data-element_type=\"column\">\n\t\t\t<div class=\"elementor-widget-wrap elementor-element-populated\">\n\t\t\t\t\t\t<div class=\"elementor-element elementor-element-182428c tabulka-blue sc_fly_static elementor-widget elementor-widget-trx_sc_table\" data-id=\"182428c\" data-element_type=\"widget\" data-widget_type=\"trx_sc_table.default\">\n\t\t\t\t<div class=\"elementor-widget-container\">\n\t\t\t\t\t<div id=\"trx_sc_table_1492176291_wrap\" class=\"sc_table_wrap\"><h3 class=\"sc_item_title sc_table_title sc_item_title_style_default sc_item_title_tag trx_addons_inline_393952634\"><span class=\"sc_item_title_inner\"><span class=\"sc_item_title_text\">OG\u0141OSZENIA<\/span><\/span><\/h3><div id=\"trx_sc_table_1492176291\"\r\n\t\t\tclass=\"sc_table sc_table_default alignleft trx_addons_inline_2135510228\"><p><strong>\u00a0 \u00a0 \u00a0 \u00a0 \u00a0 \u00a0 \u00a0 \u00a0 \u00a0 \u00a0 \u00a0 \u00a0 \u00a0 \u00a0 \u00a0 \u00a0 \u00a0 \u00a0 \u00a0 \u00a0 \u00a0 \u00a0 \u00a0 \u00a0 \u00a0 \u00a0 \u00a0 \u00a0 \u00a0<\/strong><\/p><table class=\"cennik-tabulka\" summary=\"cennik\" cellspacing=\"0\"><tbody><tr><th>NAZWA STREFY<\/th><th>ZAWIADOMIENIE<\/th><th>DATA<\/th><\/tr><tr><td><strong>50m KRYTY BASEN P\u0141YWACKI<\/strong><\/td><td>Aktualn\u0105 liczb\u0119 zaj\u0119tych tor\u00f3w mo\u017cna sprawdzi\u0107 w dziale Sport - Zaj\u0119to\u015b\u0107 tor\u00f3w<\/td><td><strong>Od 1.9.2025<\/strong><\/td><\/tr><tr><td><strong>DZIE\u0143 SANITARNY\u00a0<\/strong><\/td><td>W ka\u017cdy poniedzia\u0142ek jest dniem sanitarnym, a godziny otwarcia od 11:00<\/td><td><strong>Od 1.9.2025<\/strong><\/td><\/tr><tr><td><b>POKAZ LASEROWY<\/b><\/td><td>Pokaz laser\u00f3w w basenach Blue Sapphire (przewidywany w dniach 15.9. - 6.4. ze wzgl\u0119du na warunki o\u015bwietleniowe)<\/td><td><b>Od 15.9. - 6.4.<\/b><\/td><\/tr><tr><td><strong>50m KRYTY BASEN P\u0141YWACKI<\/strong><\/td><td>Basen 50-metrowy i sauna parowa b\u0119d\u0105 zamkni\u0119te dla publiczno\u015bci ze wzgl\u0119du na zawody p\u0142ywackie<\/td><td><b>25.4.2026\u00a0<\/b><\/td><\/tr><tr><td><strong>CA\u0141OROCZNE ZJE\u017bD\u017bALNIE<\/strong><\/td><td>Ze wzgl\u0119du na prace remontowe ca\u0142oroczne zje\u017cd\u017calnie wodne na terenie aquaparku b\u0119d\u0105 tymczasowo nieczynne<\/td><td><b>Od 13.4. - 15.5.<\/b><\/td><\/tr><\/tbody><\/table><\/div><\/div><!-- \/.sc_table_wrap -->\t\t\t\t<\/div>\n\t\t\t\t<\/div>\n\t\t\t\t<div class=\"elementor-element elementor-element-e894ec9 tabulka-blue sc_fly_static elementor-widget elementor-widget-trx_sc_table\" data-id=\"e894ec9\" data-element_type=\"widget\" data-widget_type=\"trx_sc_table.default\">\n\t\t\t\t<div class=\"elementor-widget-container\">\n\t\t\t\t\t<div id=\"trx_sc_table_1902648848_wrap\" class=\"sc_table_wrap\"><h3 class=\"sc_item_title sc_table_title sc_item_title_style_default sc_item_title_tag trx_addons_inline_966102888\"><span class=\"sc_item_title_inner\"><span class=\"sc_item_title_text\">GODZINY OTWARCIA od 7.1.2026<\/span><\/span><\/h3><div id=\"trx_sc_table_1902648848\"\r\n\t\t\tclass=\"sc_table sc_table_default alignleft trx_addons_inline_1154228537\"><p>\u00a0<\/p><table class=\"cennik-tabulka\" summary=\"cennik\" cellspacing=\"0\"><tbody><tr><th>STREFA<\/th><th>OPIS<\/th><th>GODZINY OTWARCIA<\/th><\/tr><tr><td><strong>SPORT + FITNESS<\/strong><\/td><td>50m kryty basen p\u0142ywacki,<br \/>sauna parowa,<br \/>centrum fitness<\/td><td><strong>Poniedzia\u0142ek: <\/strong>11:00 - 20:00<br \/><strong>Wtorek<\/strong>: 6:45 - 20:00<strong><br \/>\u015aroda: <\/strong>8:00 - 20:00\u00a0<strong><br \/>Czwartek<\/strong>: 6:45 - 20:00<strong><br \/>Pi\u0105tek - Niedziela:<br \/><\/strong>8:00 - 20:00<\/td><\/tr><tr><td><strong>AQUAPARK<\/strong><\/td><td>Zewn\u0119trzne baseny termalne, zje\u017cd\u017calnie,<br \/>basen dla dzieci Treasure Island,<br \/>baseny Blue Diamond<\/td><td><strong>Poniedzia\u0142ek<\/strong>: 11:00 - 20:00<strong><br \/>Wtorek - Niedziela:<br \/><\/strong>10:00 - 20:00<\/td><\/tr><tr><td><strong>AQUAPARK<\/strong><\/td><td>Baseny Blue Sapphire<\/td><td><strong>Poniedzia\u0142ek<\/strong><strong> - Pi\u0105tek:<br \/><\/strong>12:00 - 20:00<strong><br \/>Sobota - Niedziela:<br \/><\/strong>10:00 - 20:00<\/td><\/tr><tr><td><strong>WELLNESS<\/strong><\/td><td>Fire & Water Wellness & Spa\u00a0centrum<\/td><td><strong>Poniedzia\u0142ek - Pi\u0105tek:<br \/><\/strong>14:00 - 20:00<br \/><strong>Sobota - Niedziela:<br \/><\/strong>12:00 - 20:00<\/td><\/tr><tr><td><strong>CENTRUM RELAKSU I MASA\u017bY\u00a0 \u00a0 \u00a0 \u00a0 \u00a0<\/strong><\/td><td>\u00a0<\/td><td><strong>Poniedzia\u0142ek - Niedziela:<br \/><\/strong>10:00 - 18:00<strong><br \/><\/strong><\/td><\/tr><tr><td><strong>CENTRUM MASA\u017bU TAJSKIEGO<\/strong><\/td><td>\u00a0<\/td><td><strong>Poniedzia\u0142ek - Niedziela:<\/strong><br \/>11:00 - 20:00<br \/>(z wyj\u0105tkiem 13:00 - 14:00)<\/td><\/tr><tr><td><strong>KRIOCENTRUM<\/strong><\/td><td>\u00a0<\/td><td><p data-start=\"146\" data-end=\"225\"><strong data-start=\"156\" data-end=\"184\">Krioterapia ca\u0142ego cia\u0142a<\/strong><br data-start=\"184\" data-end=\"187\" \/><strong>Czwartek \u2013 Sobota:<\/strong> 16:00 \u2013 18:30<\/p><p data-start=\"227\" data-end=\"291\"><strong data-start=\"227\" data-end=\"252\">Krioterapia miejscowa<\/strong><br data-start=\"252\" data-end=\"255\" \/><strong>Czwartek \u2013 Sobota:<\/strong> 18:30 \u2013 19:00<\/p><\/td><\/tr><\/tbody><\/table><\/div><\/div><!-- \/.sc_table_wrap -->\t\t\t\t<\/div>\n\t\t\t\t<\/div>\n\t\t\t\t<div class=\"elementor-element elementor-element-7d88d6e sc_fly_static elementor-widget elementor-widget-spacer\" data-id=\"7d88d6e\" data-element_type=\"widget\" data-widget_type=\"spacer.default\">\n\t\t\t\t<div class=\"elementor-widget-container\">\n\t\t\t\t\t\t\t<div class=\"elementor-spacer\">\n\t\t\t<div class=\"elementor-spacer-inner\"><\/div>\n\t\t<\/div>\n\t\t\t\t\t\t<\/div>\n\t\t\t\t<\/div>\n\t\t\t\t<div class=\"elementor-element elementor-element-20287e5 tabulka-blue sc_fly_static elementor-widget elementor-widget-trx_sc_table\" data-id=\"20287e5\" data-element_type=\"widget\" data-widget_type=\"trx_sc_table.default\">\n\t\t\t\t<div class=\"elementor-widget-container\">\n\t\t\t\t\t<div id=\"trx_sc_table_1224114850_wrap\" class=\"sc_table_wrap\"><div id=\"trx_sc_table_1224114850\"\r\n\t\t\tclass=\"sc_table sc_table_default trx_addons_inline_766995232\"><\/div><\/div><!-- \/.sc_table_wrap -->\t\t\t\t<\/div>\n\t\t\t\t<\/div>\n\t\t\t\t\t<\/div>\n\t\t<\/div>\n\t\t\t\t\t<\/div>\n\t\t<\/section>\n\t\t\t\t<\/div>\n\t\t","protected":false},"excerpt":{"rendered":"<p>OG\u0141OSZENIA \u00a0 \u00a0 \u00a0 \u00a0 \u00a0&hellip;<\/p>\n","protected":false},"author":3,"featured_media":8620,"parent":0,"menu_order":0,"comment_status":"closed","ping_status":"closed","template":"","meta":{"footnotes":""},"class_list":["post-9599","page","type-page","status-publish","has-post-thumbnail","hentry"],"_links":{"self":[{"href":"https:\/\/aquacity.sk\/pl\/wp-json\/wp\/v2\/pages\/9599","targetHints":{"allow":["GET"]}}],"collection":[{"href":"https:\/\/aquacity.sk\/pl\/wp-json\/wp\/v2\/pages"}],"about":[{"href":"https:\/\/aquacity.sk\/pl\/wp-json\/wp\/v2\/types\/page"}],"author":[{"embeddable":true,"href":"https:\/\/aquacity.sk\/pl\/wp-json\/wp\/v2\/users\/3"}],"replies":[{"embeddable":true,"href":"https:\/\/aquacity.sk\/pl\/wp-json\/wp\/v2\/comments?post=9599"}],"version-history":[{"count":567,"href":"https:\/\/aquacity.sk\/pl\/wp-json\/wp\/v2\/pages\/9599\/revisions"}],"predecessor-version":[{"id":28843,"href":"https:\/\/aquacity.sk\/pl\/wp-json\/wp\/v2\/pages\/9599\/revisions\/28843"}],"wp:featuredmedia":[{"embeddable":true,"href":"https:\/\/aquacity.sk\/pl\/wp-json\/wp\/v2\/media\/8620"}],"wp:attachment":[{"href":"https:\/\/aquacity.sk\/pl\/wp-json\/wp\/v2\/media?parent=9599"}],"curies":[{"name":"wp","href":"https:\/\/api.w.org\/{rel}","templated":true}]}}