{"id":9381,"date":"2022-01-31T09:29:15","date_gmt":"2022-01-31T08:29:15","guid":{"rendered":"https:\/\/new.aquacity.sk\/bazeny\/"},"modified":"2025-10-02T11:27:39","modified_gmt":"2025-10-02T09:27:39","slug":"baseny","status":"publish","type":"page","link":"https:\/\/aquacity.sk\/pl\/baseny\/","title":{"rendered":"Baseny"},"content":{"rendered":"\t\t<div data-elementor-type=\"wp-post\" data-elementor-id=\"9381\" class=\"elementor elementor-9381 elementor-3698\">\n\t\t\t\t\t\t<section class=\"elementor-section elementor-top-section elementor-element elementor-element-4864fdd elementor-section-boxed elementor-section-height-default elementor-section-height-default\" data-id=\"4864fdd\" data-element_type=\"section\">\n\t\t\t\t\t\t<div class=\"elementor-container elementor-column-gap-extended\">\n\t\t\t\t\t<div class=\"elementor-column elementor-col-100 elementor-top-column elementor-element elementor-element-1044537 sc_inner_width_none sc_layouts_column_icons_position_left\" data-id=\"1044537\" data-element_type=\"column\">\n\t\t\t<div class=\"elementor-widget-wrap elementor-element-populated\">\n\t\t\t\t\t\t<div class=\"elementor-element elementor-element-8152e1c sc_fly_static elementor-widget elementor-widget-spacer\" data-id=\"8152e1c\" data-element_type=\"widget\" data-widget_type=\"spacer.default\">\n\t\t\t\t<div class=\"elementor-widget-container\">\n\t\t\t\t\t\t\t<div class=\"elementor-spacer\">\n\t\t\t<div class=\"elementor-spacer-inner\"><\/div>\n\t\t<\/div>\n\t\t\t\t\t\t<\/div>\n\t\t\t\t<\/div>\n\t\t\t\t<div class=\"elementor-element elementor-element-a9c047e sc_fly_static elementor-widget elementor-widget-text-editor\" data-id=\"a9c047e\" data-element_type=\"widget\" data-widget_type=\"text-editor.default\">\n\t\t\t\t<div class=\"elementor-widget-container\">\n\t\t\t\t\t\t\t\t\t<p>AquaCity Poprad to \u015bwiat zabawy, relaksu i odpoczynku.\u00a0<strong>W Aquaparku znajduje si\u0119 13 basen\u00f3w krytych i odkrytych z wod\u0105 termaln\u0105 o temperaturze od 28\u00b0C do 38\u00b0C, zje\u017cd\u017calnie i ponad 350 atrakcji wodnych.\u00a0<\/strong>Woda w\u00a0AquaCity pochodzi z naturalnego podziemnego \u017ar\u00f3d\u0142a i jest doprowadzana do kompleksu, a nast\u0119pnie w procesach technologicznych sch\u0142adzana z temperatury 50\u00b0C do 36 \u2013 38\u00b0C. Baseny maj\u0105 nierdzewn\u0105 pow\u0142ok\u0119, co minimalizuje konieczno\u015b\u0107 u\u017cywania chloru. Do dezynfekcji wykorzystuje si\u0119 promieniowanie UV, dzi\u0119ki czemu woda nie podra\u017cnia sk\u00f3ry i oczu.\u00a0<strong>Woda w basenach termalnych pochodzi z g\u0142\u0119boko\u015bci 1300 m i zawiera ponad 20 minera\u0142\u00f3w, kt\u00f3re maj\u0105 dobroczynny wp\u0142yw na zdrowie.\u00a0<\/strong>Pomaga w dolegliwo\u015bciach zwi\u0105zanych z uk\u0142adami ruchu, oddechowym, kr\u0105\u017cenia i nerwowym oraz ma korzystny wp\u0142yw na sk\u00f3r\u0119.\u00a0\u00a0<\/p>\t\t\t\t\t\t\t\t<\/div>\n\t\t\t\t<\/div>\n\t\t\t\t\t<\/div>\n\t\t<\/div>\n\t\t\t\t\t<\/div>\n\t\t<\/section>\n\t\t\t\t<section class=\"elementor-section elementor-top-section elementor-element elementor-element-ea3735a elementor-section-stretched elementor-section-boxed elementor-section-height-default elementor-section-height-default\" data-id=\"ea3735a\" data-element_type=\"section\" data-settings=\"{&quot;stretch_section&quot;:&quot;section-stretched&quot;,&quot;background_background&quot;:&quot;classic&quot;}\">\n\t\t\t\t\t\t<div class=\"elementor-container elementor-column-gap-extended\">\n\t\t\t\t\t<div class=\"elementor-column elementor-col-100 elementor-top-column elementor-element elementor-element-6f780ea sc_inner_width_none sc_layouts_column_icons_position_left\" data-id=\"6f780ea\" data-element_type=\"column\">\n\t\t\t<div class=\"elementor-widget-wrap elementor-element-populated\">\n\t\t\t\t\t\t<div class=\"elementor-element elementor-element-be8a2b0 sc_fly_static elementor-widget elementor-widget-heading\" data-id=\"be8a2b0\" data-element_type=\"widget\" data-widget_type=\"heading.default\">\n\t\t\t\t<div class=\"elementor-widget-container\">\n\t\t\t\t\t<h2 class=\"elementor-heading-title elementor-size-default\">Baseny termalne<\/h2>\t\t\t\t<\/div>\n\t\t\t\t<\/div>\n\t\t\t\t\t<\/div>\n\t\t<\/div>\n\t\t\t\t\t<\/div>\n\t\t<\/section>\n\t\t\t\t<section class=\"elementor-section elementor-top-section elementor-element elementor-element-4b351a7 elementor-section-stretched elementor-section-boxed elementor-section-height-default elementor-section-height-default\" data-id=\"4b351a7\" data-element_type=\"section\" data-settings=\"{&quot;stretch_section&quot;:&quot;section-stretched&quot;,&quot;background_background&quot;:&quot;classic&quot;}\">\n\t\t\t\t\t\t<div class=\"elementor-container elementor-column-gap-extended\">\n\t\t\t\t\t<div class=\"elementor-column elementor-col-100 elementor-top-column elementor-element elementor-element-5146909 sc_inner_width_none sc_layouts_column_icons_position_left\" data-id=\"5146909\" data-element_type=\"column\">\n\t\t\t<div class=\"elementor-widget-wrap elementor-element-populated\">\n\t\t\t\t\t\t<div class=\"elementor-element elementor-element-fa329af sc_fly_static elementor-widget elementor-widget-heading\" data-id=\"fa329af\" data-element_type=\"widget\" data-widget_type=\"heading.default\">\n\t\t\t\t<div class=\"elementor-widget-container\">\n\t\t\t\t\t<h2 class=\"elementor-heading-title elementor-size-default\">Baseny do p\u0142ywania<\/h2>\t\t\t\t<\/div>\n\t\t\t\t<\/div>\n\t\t\t\t<div class=\"elementor-element elementor-element-3323b87 sc_fly_static elementor-widget elementor-widget-trx_sc_services\" data-id=\"3323b87\" data-element_type=\"widget\" id=\"sc_services_blue\" data-widget_type=\"trx_sc_services.default\">\n\t\t\t\t<div class=\"elementor-widget-container\">\n\t\t\t\t\t<div id=\"sc_services_blue_sc\" class=\"sc_services sc_services_default sc_services_featured_top\"><div class=\"sc_services_columns_wrap sc_item_columns sc_item_posts_container sc_item_columns_3 trx_addons_columns_wrap columns_padding_bottom\"><div class=\"trx_addons_column-1_3\"><div data-post-id=\"10072\" class=\"sc_services_item no_links with_content with_image sc_services_item_featured_top post-10072 cpt_services type-cpt_services status-publish has-post-thumbnail hentry cpt_services_group-bazeny cpt_services_group-bazeny-klasicke\">\n\t    <div class=\"sc_services_item_content\">\n                <h6 class=\"sc_services_item_title\">\n <div class=\"post_featured with_thumb hover_dots sc_services_item_thumb\"><img fetchpriority=\"high\" decoding=\"async\" width=\"370\" height=\"208\" src=\"https:\/\/aquacity.sk\/wp-content\/uploads\/2022\/02\/AquaCity_1920x1080_12-370x208.jpg\" class=\"attachment-neptunus-thumb-med size-neptunus-thumb-med wp-post-image\" alt=\"\" srcset=\"https:\/\/aquacity.sk\/wp-content\/uploads\/2022\/02\/AquaCity_1920x1080_12-370x208.jpg 370w, https:\/\/aquacity.sk\/wp-content\/uploads\/2022\/02\/AquaCity_1920x1080_12-300x169.jpg 300w, https:\/\/aquacity.sk\/wp-content\/uploads\/2022\/02\/AquaCity_1920x1080_12-1024x576.jpg 1024w, https:\/\/aquacity.sk\/wp-content\/uploads\/2022\/02\/AquaCity_1920x1080_12-768x432.jpg 768w, https:\/\/aquacity.sk\/wp-content\/uploads\/2022\/02\/AquaCity_1920x1080_12-1536x864.jpg 1536w, https:\/\/aquacity.sk\/wp-content\/uploads\/2022\/02\/AquaCity_1920x1080_12-1170x658.jpg 1170w, https:\/\/aquacity.sk\/wp-content\/uploads\/2022\/02\/AquaCity_1920x1080_12-760x428.jpg 760w, https:\/\/aquacity.sk\/wp-content\/uploads\/2022\/02\/AquaCity_1920x1080_12-1320x743.jpg 1320w, https:\/\/aquacity.sk\/wp-content\/uploads\/2022\/02\/AquaCity_1920x1080_12-600x338.jpg 600w, https:\/\/aquacity.sk\/wp-content\/uploads\/2022\/02\/AquaCity_1920x1080_12-270x152.jpg 270w, https:\/\/aquacity.sk\/wp-content\/uploads\/2022\/02\/AquaCity_1920x1080_12.jpg 1920w\" sizes=\"(max-width: 370px) 100vw, 370px\" \/>\t\t\t\t\t\t<div class=\"mask\"><\/div>\n\t\t\t\t\t\t\t\t\t<a href=\"https:\/\/aquacity.sk\/pl\/us\u0142ugi\/basen-plywacki\/\"  aria-hidden=\"true\" class=\"icons\"><span><\/span><span><\/span><span><\/span><\/a>\n\t\t\t<\/div>\t\n        <a href=\"https:\/\/aquacity.sk\/pl\/us\u0142ugi\/basen-plywacki\/\">Basen p\u0142ywacki<\/a><\/h6>\n                <div class=\"sc_services_item_text\"><p>Zewn\u0119trzny basen termalny<br \/>\nCa\u0142oroczny<br \/>\nTemperatura: 6-10\u00b0C<br \/>\nG\u0142\u0119boko\u015b\u0107: 1,5 m<br \/>\nWymiary: 32 x 15 m<\/p>\n<\/div>\n\n        <div class=\"link_more\"><a href=\"https:\/\/aquacity.sk\/pl\/us\u0142ugi\/basen-plywacki\/\" class=\"sc_services\">Czytaj wi\u0119cej<\/a><\/div>    <\/div>\n\n\n<\/div>\n<\/div><div class=\"trx_addons_column-1_3\"><div data-post-id=\"9924\" class=\"sc_services_item no_links with_content with_image sc_services_item_featured_top post-9924 cpt_services type-cpt_services status-publish has-post-thumbnail hentry cpt_services_group-bazeny-pl cpt_services_group-bazeny-klasicke-pl\">\n\t    <div class=\"sc_services_item_content\">\n                <h6 class=\"sc_services_item_title\">\n <div class=\"post_featured with_thumb hover_dots sc_services_item_thumb\"><img decoding=\"async\" width=\"370\" height=\"208\" src=\"https:\/\/aquacity.sk\/wp-content\/uploads\/2022\/06\/AquaCity_Poprad_04-370x208.jpg\" class=\"attachment-neptunus-thumb-med size-neptunus-thumb-med wp-post-image\" alt=\"\" srcset=\"https:\/\/aquacity.sk\/wp-content\/uploads\/2022\/06\/AquaCity_Poprad_04-370x208.jpg 370w, https:\/\/aquacity.sk\/wp-content\/uploads\/2022\/06\/AquaCity_Poprad_04-300x169.jpg 300w, https:\/\/aquacity.sk\/wp-content\/uploads\/2022\/06\/AquaCity_Poprad_04-1024x576.jpg 1024w, https:\/\/aquacity.sk\/wp-content\/uploads\/2022\/06\/AquaCity_Poprad_04-768x432.jpg 768w, https:\/\/aquacity.sk\/wp-content\/uploads\/2022\/06\/AquaCity_Poprad_04-1536x864.jpg 1536w, https:\/\/aquacity.sk\/wp-content\/uploads\/2022\/06\/AquaCity_Poprad_04-1170x658.jpg 1170w, https:\/\/aquacity.sk\/wp-content\/uploads\/2022\/06\/AquaCity_Poprad_04-760x428.jpg 760w, https:\/\/aquacity.sk\/wp-content\/uploads\/2022\/06\/AquaCity_Poprad_04-1320x743.jpg 1320w, https:\/\/aquacity.sk\/wp-content\/uploads\/2022\/06\/AquaCity_Poprad_04-600x338.jpg 600w, https:\/\/aquacity.sk\/wp-content\/uploads\/2022\/06\/AquaCity_Poprad_04-270x152.jpg 270w, https:\/\/aquacity.sk\/wp-content\/uploads\/2022\/06\/AquaCity_Poprad_04.jpg 1920w\" sizes=\"(max-width: 370px) 100vw, 370px\" \/>\t\t\t\t\t\t<div class=\"mask\"><\/div>\n\t\t\t\t\t\t\t\t\t<a href=\"https:\/\/aquacity.sk\/pl\/us\u0142ugi\/basen-plywacki-50-m\/\"  aria-hidden=\"true\" class=\"icons\"><span><\/span><span><\/span><span><\/span><\/a>\n\t\t\t<\/div>\t\n        <a href=\"https:\/\/aquacity.sk\/pl\/us\u0142ugi\/basen-plywacki-50-m\/\">Basen p\u0142ywacki 50 m\u00a0  \u00a0<\/a><\/h6>\n                <div class=\"sc_services_item_text\"><p>Kryty basen z podgrzewan\u0105 wod\u0105<br \/>\nCa\u0142y rok<br \/>\nTemperatura: 26 &#8211; 28 \u00b0 C<br \/>\nG\u0142\u0119boko\u015b\u0107: 1,2 &#8211; 1,8m<br \/>\nWymiary: 50x21m<\/p>\n<\/div>\n\n        <div class=\"link_more\"><a href=\"https:\/\/aquacity.sk\/pl\/us\u0142ugi\/basen-plywacki-50-m\/\" class=\"sc_services\">Czytaj wi\u0119cej<\/a><\/div>    <\/div>\n\n\n<\/div>\n<\/div><\/div><\/div><!-- \/.sc_services -->\t\t\t\t<\/div>\n\t\t\t\t<\/div>\n\t\t\t\t\t<\/div>\n\t\t<\/div>\n\t\t\t\t\t<\/div>\n\t\t<\/section>\n\t\t\t\t<section class=\"elementor-section elementor-top-section elementor-element elementor-element-aec2701 elementor-section-stretched elementor-section-boxed elementor-section-height-default elementor-section-height-default\" data-id=\"aec2701\" data-element_type=\"section\" data-settings=\"{&quot;stretch_section&quot;:&quot;section-stretched&quot;,&quot;background_background&quot;:&quot;classic&quot;}\">\n\t\t\t\t\t\t<div class=\"elementor-container elementor-column-gap-extended\">\n\t\t\t\t\t<div class=\"elementor-column elementor-col-100 elementor-top-column elementor-element elementor-element-1d5cd1c sc_inner_width_none sc_layouts_column_icons_position_left\" data-id=\"1d5cd1c\" data-element_type=\"column\">\n\t\t\t<div class=\"elementor-widget-wrap elementor-element-populated\">\n\t\t\t\t\t\t<div class=\"elementor-element elementor-element-4dc81e6 sc_fly_static elementor-widget elementor-widget-heading\" data-id=\"4dc81e6\" data-element_type=\"widget\" data-widget_type=\"heading.default\">\n\t\t\t\t<div class=\"elementor-widget-container\">\n\t\t\t\t\t<h2 class=\"elementor-heading-title elementor-size-default\">Baseny letnie<\/h2>\t\t\t\t<\/div>\n\t\t\t\t<\/div>\n\t\t\t\t\t<\/div>\n\t\t<\/div>\n\t\t\t\t\t<\/div>\n\t\t<\/section>\n\t\t\t\t<section class=\"elementor-section elementor-top-section elementor-element elementor-element-4afbb2c9 creanet-link-icons elementor-section-boxed elementor-section-height-default elementor-section-height-default\" data-id=\"4afbb2c9\" data-element_type=\"section\">\n\t\t\t\t\t\t<div class=\"elementor-container elementor-column-gap-extended\">\n\t\t\t\t\t<div class=\"elementor-column elementor-col-100 elementor-top-column elementor-element elementor-element-6f9820ad sc_inner_width_none sc_layouts_column_icons_position_left\" data-id=\"6f9820ad\" data-element_type=\"column\">\n\t\t\t<div class=\"elementor-widget-wrap elementor-element-populated\">\n\t\t\t\t\t\t<div class=\"elementor-element elementor-element-64c8e4d9 sc_fly_static elementor-widget elementor-widget-spacer\" data-id=\"64c8e4d9\" data-element_type=\"widget\" data-widget_type=\"spacer.default\">\n\t\t\t\t<div class=\"elementor-widget-container\">\n\t\t\t\t\t\t\t<div class=\"elementor-spacer\">\n\t\t\t<div class=\"elementor-spacer-inner\"><\/div>\n\t\t<\/div>\n\t\t\t\t\t\t<\/div>\n\t\t\t\t<\/div>\n\t\t\t\t<div class=\"elementor-element elementor-element-7162155d sc_fly_static elementor-widget elementor-widget-trx_sc_icons\" data-id=\"7162155d\" data-element_type=\"widget\" data-widget_type=\"trx_sc_icons.default\">\n\t\t\t\t<div class=\"elementor-widget-container\">\n\t\t\t\t\t<div id=\"trx_sc_icons_1340039244\" \r\n\tclass=\"sc_icons sc_icons_default sc_icons_size_small sc_align_none\"><div class=\"sc_icons_columns_wrap sc_item_columns trx_addons_columns_wrap columns_padding_bottom\"><div class=\"trx_addons_column-1_3\"><div class=\"sc_icons_item sc_icons_item_linked\"><div class=\"sc_icons_icon sc_icon_type_ icon-euro\"><span class=\"sc_icon_type_ icon-euro\"><\/span><\/div><div class=\"sc_icons_item_details\"><h4 class=\"sc_icons_item_title\"><span>Cennik<\/span><\/h4><a href=\"https:\/\/aquacity.sk\/pl\/cennik-parku-wodnego\/\"\r\n\t\t\t\t\t\tclass=\"sc_icons_item_link\" target=\"_blank\"><\/a><\/div><\/div><\/div><div class=\"trx_addons_column-1_3\"><div class=\"sc_icons_item sc_icons_item_linked\"><div class=\"sc_icons_icon sc_icon_type_ icon-clock-empty\"><span class=\"sc_icon_type_ icon-clock-empty\"><\/span><\/div><div class=\"sc_icons_item_details\"><h4 class=\"sc_icons_item_title\"><span>Godziny otwarcia<\/span><\/h4><a href=\"https:\/\/aquacity.sk\/pl\/godziny-otwarcia\/\"\r\n\t\t\t\t\t\tclass=\"sc_icons_item_link\" target=\"_blank\"><\/a><\/div><\/div><\/div><div class=\"trx_addons_column-1_3\"><div class=\"sc_icons_item sc_icons_item_linked\"><div class=\"sc_icons_icon sc_icon_type_ icon-cart-2\"><span class=\"sc_icon_type_ icon-cart-2\"><\/span><\/div><div class=\"sc_icons_item_details\"><h4 class=\"sc_icons_item_title\"><span>Sklep internetowy<\/span><\/h4><a href=\"https:\/\/shop.aquacity.sk\/\"\r\n\t\t\t\t\t\tclass=\"sc_icons_item_link\" target=\"_blank\"><\/a><\/div><\/div><\/div><\/div><\/div><!-- \/.sc_icons -->\t\t\t\t<\/div>\n\t\t\t\t<\/div>\n\t\t\t\t\t<\/div>\n\t\t<\/div>\n\t\t\t\t\t<\/div>\n\t\t<\/section>\n\t\t\t\t<\/div>\n\t\t","protected":false},"excerpt":{"rendered":"<p>AquaCity Poprad to \u015bwiat zabawy, relaksu&hellip;<\/p>\n","protected":false},"author":2,"featured_media":19812,"parent":0,"menu_order":0,"comment_status":"closed","ping_status":"closed","template":"","meta":{"footnotes":""},"class_list":["post-9381","page","type-page","status-publish","has-post-thumbnail","hentry"],"_links":{"self":[{"href":"https:\/\/aquacity.sk\/pl\/wp-json\/wp\/v2\/pages\/9381","targetHints":{"allow":["GET"]}}],"collection":[{"href":"https:\/\/aquacity.sk\/pl\/wp-json\/wp\/v2\/pages"}],"about":[{"href":"https:\/\/aquacity.sk\/pl\/wp-json\/wp\/v2\/types\/page"}],"author":[{"embeddable":true,"href":"https:\/\/aquacity.sk\/pl\/wp-json\/wp\/v2\/users\/2"}],"replies":[{"embeddable":true,"href":"https:\/\/aquacity.sk\/pl\/wp-json\/wp\/v2\/comments?post=9381"}],"version-history":[{"count":23,"href":"https:\/\/aquacity.sk\/pl\/wp-json\/wp\/v2\/pages\/9381\/revisions"}],"predecessor-version":[{"id":26170,"href":"https:\/\/aquacity.sk\/pl\/wp-json\/wp\/v2\/pages\/9381\/revisions\/26170"}],"wp:featuredmedia":[{"embeddable":true,"href":"https:\/\/aquacity.sk\/pl\/wp-json\/wp\/v2\/media\/19812"}],"wp:attachment":[{"href":"https:\/\/aquacity.sk\/pl\/wp-json\/wp\/v2\/media?parent=9381"}],"curies":[{"name":"wp","href":"https:\/\/api.w.org\/{rel}","templated":true}]}}