{"id":12935,"date":"2022-06-15T06:40:57","date_gmt":"2022-06-15T04:40:57","guid":{"rendered":"https:\/\/aquacity.sk\/ubytovanie\/"},"modified":"2025-04-24T11:31:01","modified_gmt":"2025-04-24T09:31:01","slug":"noclegi","status":"publish","type":"page","link":"https:\/\/aquacity.sk\/pl\/noclegi\/","title":{"rendered":"Zakwaterowanie w hotelach"},"content":{"rendered":"\t\t<div data-elementor-type=\"wp-post\" data-elementor-id=\"12935\" class=\"elementor elementor-12935 elementor-6033\">\n\t\t\t\t\t\t<section class=\"elementor-section elementor-top-section elementor-element elementor-element-be65726 elementor-section-boxed elementor-section-height-default elementor-section-height-default\" data-id=\"be65726\" data-element_type=\"section\">\n\t\t\t\t\t\t<div class=\"elementor-container elementor-column-gap-extended\">\n\t\t\t\t\t<div class=\"elementor-column elementor-col-100 elementor-top-column elementor-element elementor-element-f62a3c9 sc_inner_width_none sc_layouts_column_icons_position_left\" data-id=\"f62a3c9\" data-element_type=\"column\">\n\t\t\t<div class=\"elementor-widget-wrap\">\n\t\t\t\t\t\t\t<\/div>\n\t\t<\/div>\n\t\t\t\t\t<\/div>\n\t\t<\/section>\n\t\t\t\t<section class=\"elementor-section elementor-top-section elementor-element elementor-element-6dbc473 elementor-section-boxed elementor-section-height-default elementor-section-height-default\" data-id=\"6dbc473\" data-element_type=\"section\">\n\t\t\t\t\t\t<div class=\"elementor-container elementor-column-gap-extended\">\n\t\t\t\t\t<div class=\"elementor-column elementor-col-100 elementor-top-column elementor-element elementor-element-14d75f4 sc_inner_width_none sc_layouts_column_icons_position_left\" data-id=\"14d75f4\" data-element_type=\"column\">\n\t\t\t<div class=\"elementor-widget-wrap elementor-element-populated\">\n\t\t\t\t\t\t<div class=\"elementor-element elementor-element-a5879fb sc_fly_static elementor-widget elementor-widget-trx_sc_promo\" data-id=\"a5879fb\" data-element_type=\"widget\" data-widget_type=\"trx_sc_promo.default\">\n\t\t\t\t<div class=\"elementor-widget-container\">\n\t\t\t\t\t<div  id=\"trx_sc_promo_213867316\" \n\tclass=\"sc_promo sc_promo_default sc_promo_size_normal sc_promo_image_position_left sc_promo_text_bg\"><div class=\"sc_promo_image\" style=\"width:50%;left: 0;\"><div class=\"slider_outer slider_swiper_outer slider_style_default slider_outer_direction_horizontal slider_outer_one slider_outer_pagination slider_outer_pagination_bullets slider_outer_pagination_pos_bottom slider_outer_controls slider_outer_controls_side slider_outer_nocentered slider_outer_overflow_hidden slider_outer_notitles\"><div class=\"slider_container slider_swiper swiper-slider-container slider_controls slider_controls_side slider_nocentered slider_overflow_hidden slider_notitles slider_noresize slider_swipe slider_height_auto slider_direction_horizontal slider_pagination slider_pagination_bullets slider_pagination_pos_bottom slider_one slider_type_bg\" data-ratio=\"16:9\" data-interval=\"7270\" data-effect=\"slide\" data-pagination=\"bullets\" data-direction=\"horizontal\" data-slides-per-view=\"1\" data-slides-space=\"0\" data-slides-centered=\"0\" data-slides-overflow=\"0\" data-mouse-wheel=\"0\" data-autoplay=\"1\" data-slides-min-width=\"150\"><div class=\"slider-wrapper swiper-wrapper\"><div  class=\"slider-slide swiper-slide\" data-image=\"\/\/aquacity.sk\/wp-content\/uploads\/2022\/06\/AquaCity_Hotel__HQ_Seasons_2019_00.jpg\" style=\"background-image:url(\/\/aquacity.sk\/wp-content\/uploads\/2022\/06\/AquaCity_Hotel__HQ_Seasons_2019_00.jpg);\"><\/div><div  class=\"slider-slide swiper-slide\" data-image=\"\/\/aquacity.sk\/wp-content\/uploads\/2022\/06\/AquaCity_Hotel__HQ_Seasons_2019_11.jpg\" style=\"background-image:url(\/\/aquacity.sk\/wp-content\/uploads\/2022\/06\/AquaCity_Hotel__HQ_Seasons_2019_11.jpg);\"><\/div><div  class=\"slider-slide swiper-slide\" data-image=\"\/\/aquacity.sk\/wp-content\/uploads\/2022\/06\/AquaCity_Hotel__HQ_Seasons_2019_12.jpg\" style=\"background-image:url(\/\/aquacity.sk\/wp-content\/uploads\/2022\/06\/AquaCity_Hotel__HQ_Seasons_2019_12.jpg);\"><\/div><div  class=\"slider-slide swiper-slide\" data-image=\"\/\/aquacity.sk\/wp-content\/uploads\/2022\/06\/AquaCity_Hotel__HQ_Seasons_2019_21.jpg\" style=\"background-image:url(\/\/aquacity.sk\/wp-content\/uploads\/2022\/06\/AquaCity_Hotel__HQ_Seasons_2019_21.jpg);\"><\/div><\/div><!-- \/.slider-wrapper --><div class=\"slider_pagination_wrap swiper-pagination\"><\/div><div class=\"slider_controls_wrap\"><a class=\"slider_prev swiper-button-prev\" href=\"#\"><\/a><a class=\"slider_next swiper-button-next\" href=\"#\"><\/a><\/div><\/div><!-- \/.slider_container --><\/div><!-- \/.slider_outer --><\/div><!-- \/.sc_promo_image --><div class=\"sc_promo_text\" style=\"width: 50%;float: right;\">\n\t\t\t<div class=\"sc_promo_text_inner trx_addons_inline_2015881283\"><h4 class=\"sc_item_title sc_promo_title sc_item_title_style_decoration sc_item_title_tag\"><span class=\"sc_item_title_text\">Hotel Seasons ****<\/span><\/h4><div class=\"sc_item_descr sc_promo_descr\"><p>Nowy ekskluzywny 4* rodzinny hotel Seasons z pokojami urz\u0105dzonymi zgodnie z porami roku - lato i zima w kolorach srebrno-niebieskim oraz z\u0142oto-be\u017cowym. Ekskluzywne wn\u0119trze pokoi w nowoczesnym stylu z du\u017c\u0105 ilo\u015bci\u0105 element\u00f3w drewnianych.<\/p>\n<\/div><div id=\"sc_button_1879480681\"\tclass=\"sc_item_button sc_button_wrap sc_item_button sc_item_button_default sc_promo_button\"><a href=\"https:\/\/aquacityhotel.sk\/pl\/hotel-seasons\/\" class=\"sc_button sc_button_default sc_button_size_normal sc_button_icon_left\" target=\"_blank\"><span class=\"sc_button_text\"><span class=\"sc_button_title\">Wi\u0119cej informacji<\/span><\/span><!-- \/.sc_button_text --><\/a><!-- \/.sc_button --><\/div><!-- \/.sc_item_button --><\/div>\n\t\t<\/div><!-- \/.sc_promo_text --><\/div><!-- \/.sc_promo -->\t\t\t\t<\/div>\n\t\t\t\t<\/div>\n\t\t\t\t\t<\/div>\n\t\t<\/div>\n\t\t\t\t\t<\/div>\n\t\t<\/section>\n\t\t\t\t<section class=\"elementor-section elementor-top-section elementor-element elementor-element-49d769a elementor-section-boxed elementor-section-height-default elementor-section-height-default\" data-id=\"49d769a\" data-element_type=\"section\">\n\t\t\t\t\t\t<div class=\"elementor-container elementor-column-gap-extended\">\n\t\t\t\t\t<div class=\"elementor-column elementor-col-100 elementor-top-column elementor-element elementor-element-d1d401e sc_inner_width_none sc_layouts_column_icons_position_left\" data-id=\"d1d401e\" data-element_type=\"column\">\n\t\t\t<div class=\"elementor-widget-wrap elementor-element-populated\">\n\t\t\t\t\t\t<div class=\"elementor-element elementor-element-91287a1 sc_fly_static elementor-widget elementor-widget-trx_sc_promo\" data-id=\"91287a1\" data-element_type=\"widget\" data-widget_type=\"trx_sc_promo.default\">\n\t\t\t\t<div class=\"elementor-widget-container\">\n\t\t\t\t\t<div  id=\"trx_sc_promo_271672239\" \n\tclass=\"sc_promo sc_promo_default sc_promo_size_normal sc_promo_image_position_left sc_promo_text_bg\"><div class=\"sc_promo_image\" style=\"width:50%;left: 0;\"><div class=\"slider_outer slider_swiper_outer slider_style_default slider_outer_direction_horizontal slider_outer_one slider_outer_pagination slider_outer_pagination_bullets slider_outer_pagination_pos_bottom slider_outer_controls slider_outer_controls_side slider_outer_nocentered slider_outer_overflow_hidden slider_outer_notitles\"><div class=\"slider_container slider_swiper swiper-slider-container slider_controls slider_controls_side slider_nocentered slider_overflow_hidden slider_notitles slider_noresize slider_swipe slider_height_auto slider_direction_horizontal slider_pagination slider_pagination_bullets slider_pagination_pos_bottom slider_one slider_type_bg\" data-ratio=\"16:9\" data-interval=\"8477\" data-effect=\"slide\" data-pagination=\"bullets\" data-direction=\"horizontal\" data-slides-per-view=\"1\" data-slides-space=\"0\" data-slides-centered=\"0\" data-slides-overflow=\"0\" data-mouse-wheel=\"0\" data-autoplay=\"1\" data-slides-min-width=\"150\"><div class=\"slider-wrapper swiper-wrapper\"><div  class=\"slider-slide swiper-slide\" data-image=\"\/\/aquacity.sk\/wp-content\/uploads\/2022\/06\/AquaCity_Hotel_Mountain_View005.jpg\" style=\"background-image:url(\/\/aquacity.sk\/wp-content\/uploads\/2022\/06\/AquaCity_Hotel_Mountain_View005.jpg);\"><\/div><div  class=\"slider-slide swiper-slide\" data-image=\"\/\/aquacity.sk\/wp-content\/uploads\/2022\/06\/AquaCity_Hotel_Mountain_View012.jpg\" style=\"background-image:url(\/\/aquacity.sk\/wp-content\/uploads\/2022\/06\/AquaCity_Hotel_Mountain_View012.jpg);\"><\/div><div  class=\"slider-slide swiper-slide\" data-image=\"\/\/aquacity.sk\/wp-content\/uploads\/2022\/06\/AquaCity_Hotel_Mountain_View013.jpg\" style=\"background-image:url(\/\/aquacity.sk\/wp-content\/uploads\/2022\/06\/AquaCity_Hotel_Mountain_View013.jpg);\"><\/div><div  class=\"slider-slide swiper-slide\" data-image=\"\/\/aquacity.sk\/wp-content\/uploads\/2022\/06\/AquaCity_Hotel_Mountain_View017.jpg\" style=\"background-image:url(\/\/aquacity.sk\/wp-content\/uploads\/2022\/06\/AquaCity_Hotel_Mountain_View017.jpg);\"><\/div><\/div><!-- \/.slider-wrapper --><div class=\"slider_pagination_wrap swiper-pagination\"><\/div><div class=\"slider_controls_wrap\"><a class=\"slider_prev swiper-button-prev\" href=\"#\"><\/a><a class=\"slider_next swiper-button-next\" href=\"#\"><\/a><\/div><\/div><!-- \/.slider_container --><\/div><!-- \/.slider_outer --><\/div><!-- \/.sc_promo_image --><div class=\"sc_promo_text\" style=\"width: 50%;float: right;\">\n\t\t\t<div class=\"sc_promo_text_inner trx_addons_inline_1330271112\"><h4 class=\"sc_item_title sc_promo_title sc_item_title_style_decoration sc_item_title_tag\"><span class=\"sc_item_title_text\">Hotel Mountain View ****<\/span><\/h4><div class=\"sc_item_descr sc_promo_descr\"><p>Komfortowe i luksusowe wn\u0119trza, nowocze\u015bnie urz\u0105dzone pokoje z odrobin\u0105 elegancji i balkonami z widokiem na Tatry Wysokie.<\/p>\n<\/div><div id=\"sc_button_324620018\"\tclass=\"sc_item_button sc_button_wrap sc_item_button sc_item_button_default sc_promo_button\"><a href=\"https:\/\/aquacityhotel.sk\/pl\/hotel-mountain-view\/\" class=\"sc_button sc_button_default sc_button_size_normal sc_button_icon_left\" target=\"_blank\"><span class=\"sc_button_text\"><span class=\"sc_button_title\">Wi\u0119cej informacji<\/span><\/span><!-- \/.sc_button_text --><\/a><!-- \/.sc_button --><\/div><!-- \/.sc_item_button --><\/div>\n\t\t<\/div><!-- \/.sc_promo_text --><\/div><!-- \/.sc_promo -->\t\t\t\t<\/div>\n\t\t\t\t<\/div>\n\t\t\t\t\t<\/div>\n\t\t<\/div>\n\t\t\t\t\t<\/div>\n\t\t<\/section>\n\t\t\t\t<section class=\"elementor-section elementor-top-section elementor-element elementor-element-ea3b28a elementor-section-boxed elementor-section-height-default elementor-section-height-default\" data-id=\"ea3b28a\" data-element_type=\"section\">\n\t\t\t\t\t\t<div class=\"elementor-container elementor-column-gap-extended\">\n\t\t\t\t\t<div class=\"elementor-column elementor-col-100 elementor-top-column elementor-element elementor-element-458c945 sc_inner_width_none sc_layouts_column_icons_position_left\" data-id=\"458c945\" data-element_type=\"column\">\n\t\t\t<div class=\"elementor-widget-wrap elementor-element-populated\">\n\t\t\t\t\t\t<div class=\"elementor-element elementor-element-a7e0f61 sc_fly_static elementor-widget elementor-widget-trx_sc_promo\" data-id=\"a7e0f61\" data-element_type=\"widget\" data-widget_type=\"trx_sc_promo.default\">\n\t\t\t\t<div class=\"elementor-widget-container\">\n\t\t\t\t\t<div  id=\"trx_sc_promo_1075769370\" \n\tclass=\"sc_promo sc_promo_default sc_promo_size_normal sc_promo_image_position_left sc_promo_text_bg\"><div class=\"sc_promo_image\" style=\"width:50%;left: 0;\"><div class=\"slider_outer slider_swiper_outer slider_style_default slider_outer_direction_horizontal slider_outer_one slider_outer_pagination slider_outer_pagination_bullets slider_outer_pagination_pos_bottom slider_outer_controls slider_outer_controls_side slider_outer_nocentered slider_outer_overflow_hidden slider_outer_notitles\"><div class=\"slider_container slider_swiper swiper-slider-container slider_controls slider_controls_side slider_nocentered slider_overflow_hidden slider_notitles slider_noresize slider_swipe slider_height_auto slider_direction_horizontal slider_pagination slider_pagination_bullets slider_pagination_pos_bottom slider_one slider_type_bg\" data-ratio=\"16:9\" data-interval=\"7101\" data-effect=\"slide\" data-pagination=\"bullets\" data-direction=\"horizontal\" data-slides-per-view=\"1\" data-slides-space=\"0\" data-slides-centered=\"0\" data-slides-overflow=\"0\" data-mouse-wheel=\"0\" data-autoplay=\"1\" data-slides-min-width=\"150\"><div class=\"slider-wrapper swiper-wrapper\"><div  class=\"slider-slide swiper-slide\" data-image=\"\/\/aquacity.sk\/wp-content\/uploads\/2022\/06\/AquaCity_Hotel_Riverside_2019_001.jpg\" style=\"background-image:url(\/\/aquacity.sk\/wp-content\/uploads\/2022\/06\/AquaCity_Hotel_Riverside_2019_001.jpg);\"><\/div><div  class=\"slider-slide swiper-slide\" data-image=\"\/\/aquacity.sk\/wp-content\/uploads\/2022\/06\/AquaCity_Hotel_Riverside_2019_014.jpg\" style=\"background-image:url(\/\/aquacity.sk\/wp-content\/uploads\/2022\/06\/AquaCity_Hotel_Riverside_2019_014.jpg);\"><\/div><div  class=\"slider-slide swiper-slide\" data-image=\"\/\/aquacity.sk\/wp-content\/uploads\/2022\/06\/AquaCity_Hotel_Riverside_2019_016.jpg\" style=\"background-image:url(\/\/aquacity.sk\/wp-content\/uploads\/2022\/06\/AquaCity_Hotel_Riverside_2019_016.jpg);\"><\/div><div  class=\"slider-slide swiper-slide\" data-image=\"\/\/aquacity.sk\/wp-content\/uploads\/2022\/06\/AquaCity_Hotel_Riverside_2019_017.jpg\" style=\"background-image:url(\/\/aquacity.sk\/wp-content\/uploads\/2022\/06\/AquaCity_Hotel_Riverside_2019_017.jpg);\"><\/div><\/div><!-- \/.slider-wrapper --><div class=\"slider_pagination_wrap swiper-pagination\"><\/div><div class=\"slider_controls_wrap\"><a class=\"slider_prev swiper-button-prev\" href=\"#\"><\/a><a class=\"slider_next swiper-button-next\" href=\"#\"><\/a><\/div><\/div><!-- \/.slider_container --><\/div><!-- \/.slider_outer --><\/div><!-- \/.sc_promo_image --><div class=\"sc_promo_text\" style=\"width: 50%;float: right;\">\n\t\t\t<div class=\"sc_promo_text_inner trx_addons_inline_1071487557\"><h4 class=\"sc_item_title sc_promo_title sc_item_title_style_decoration sc_item_title_tag\"><span class=\"sc_item_title_text\">Hotel Riverside ***<\/span><\/h4><div class=\"sc_item_descr sc_promo_descr\"><p>Hotel oferuje nowoczesne i tanie zakwaterowanie w Tatrach Wysokich i jest cz\u0119\u015bci\u0105 narodowego centrum pi\u0142ki no\u017cnej w Popradzie. Usytuowany zaledwie kilka krok\u00f3w od Aquaparku AquaCity Poprad.<\/p>\n<\/div><div id=\"sc_button_847198946\"\tclass=\"sc_item_button sc_button_wrap sc_item_button sc_item_button_default sc_promo_button\"><a href=\"https:\/\/aquacityhotel.sk\/pl\/hotel-riverside\/\" class=\"sc_button sc_button_default sc_button_size_normal sc_button_icon_left\" target=\"_blank\"><span class=\"sc_button_text\"><span class=\"sc_button_title\">Wi\u0119cej informacji<\/span><\/span><!-- \/.sc_button_text --><\/a><!-- \/.sc_button --><\/div><!-- \/.sc_item_button --><\/div>\n\t\t<\/div><!-- \/.sc_promo_text --><\/div><!-- \/.sc_promo -->\t\t\t\t<\/div>\n\t\t\t\t<\/div>\n\t\t\t\t\t<\/div>\n\t\t<\/div>\n\t\t\t\t\t<\/div>\n\t\t<\/section>\n\t\t\t\t<section class=\"elementor-section elementor-top-section elementor-element elementor-element-d558113 elementor-section-boxed elementor-section-height-default elementor-section-height-default\" data-id=\"d558113\" data-element_type=\"section\">\n\t\t\t\t\t\t<div class=\"elementor-container elementor-column-gap-extended\">\n\t\t\t\t\t<div class=\"elementor-column elementor-col-100 elementor-top-column elementor-element elementor-element-27b6764 sc_inner_width_none sc_layouts_column_icons_position_left\" data-id=\"27b6764\" data-element_type=\"column\">\n\t\t\t<div class=\"elementor-widget-wrap elementor-element-populated\">\n\t\t\t\t\t\t<div class=\"elementor-element elementor-element-9f1de4d sc_fly_static elementor-widget elementor-widget-trx_sc_promo\" data-id=\"9f1de4d\" data-element_type=\"widget\" data-widget_type=\"trx_sc_promo.default\">\n\t\t\t\t<div class=\"elementor-widget-container\">\n\t\t\t\t\t<div  id=\"trx_sc_promo_1624509025\" \n\tclass=\"sc_promo sc_promo_default sc_promo_size_normal sc_promo_no_image sc_promo_text_bg\"><div class=\"sc_promo_text\" style=\"width: 100%;\">\n\t\t\t<div class=\"sc_promo_text_inner trx_addons_inline_395224259\"><h4 class=\"sc_item_title sc_promo_title sc_item_title_style_decoration sc_item_title_tag\"><span class=\"sc_item_title_text\">Online Booking<\/span><\/h4><div class=\"sc_item_descr sc_promo_descr\"><p>Rezerwacje na pobyty w hotelach Seasons ****, Mountain View ****, Riverside *** w AquaCity Poprad.<\/p>\n<\/div><div id=\"sc_button_960994294\"\tclass=\"sc_item_button sc_button_wrap sc_item_button sc_item_button_default sc_promo_button\"><a href=\"https:\/\/aquacityhotel.sk\/pl\/\" class=\"sc_button sc_button_default sc_button_size_normal sc_button_icon_left\" target=\"_blank\"><span class=\"sc_button_text\"><span class=\"sc_button_title\">Rezerwacje hotelowe tutaj<\/span><\/span><!-- \/.sc_button_text --><\/a><!-- \/.sc_button --><\/div><!-- \/.sc_item_button --><\/div>\n\t\t<\/div><!-- \/.sc_promo_text --><\/div><!-- \/.sc_promo -->\t\t\t\t<\/div>\n\t\t\t\t<\/div>\n\t\t\t\t\t<\/div>\n\t\t<\/div>\n\t\t\t\t\t<\/div>\n\t\t<\/section>\n\t\t\t\t<\/div>\n\t\t","protected":false},"excerpt":{"rendered":"<p>Hotel Seasons **** Nowy ekskluzywny 4*&hellip;<\/p>\n","protected":false},"author":2,"featured_media":18030,"parent":0,"menu_order":0,"comment_status":"closed","ping_status":"closed","template":"","meta":{"footnotes":""},"class_list":["post-12935","page","type-page","status-publish","has-post-thumbnail","hentry"],"_links":{"self":[{"href":"https:\/\/aquacity.sk\/pl\/wp-json\/wp\/v2\/pages\/12935","targetHints":{"allow":["GET"]}}],"collection":[{"href":"https:\/\/aquacity.sk\/pl\/wp-json\/wp\/v2\/pages"}],"about":[{"href":"https:\/\/aquacity.sk\/pl\/wp-json\/wp\/v2\/types\/page"}],"author":[{"embeddable":true,"href":"https:\/\/aquacity.sk\/pl\/wp-json\/wp\/v2\/users\/2"}],"replies":[{"embeddable":true,"href":"https:\/\/aquacity.sk\/pl\/wp-json\/wp\/v2\/comments?post=12935"}],"version-history":[{"count":19,"href":"https:\/\/aquacity.sk\/pl\/wp-json\/wp\/v2\/pages\/12935\/revisions"}],"predecessor-version":[{"id":24202,"href":"https:\/\/aquacity.sk\/pl\/wp-json\/wp\/v2\/pages\/12935\/revisions\/24202"}],"wp:featuredmedia":[{"embeddable":true,"href":"https:\/\/aquacity.sk\/pl\/wp-json\/wp\/v2\/media\/18030"}],"wp:attachment":[{"href":"https:\/\/aquacity.sk\/pl\/wp-json\/wp\/v2\/media?parent=12935"}],"curies":[{"name":"wp","href":"https:\/\/api.w.org\/{rel}","templated":true}]}}