{"id":12345,"date":"2022-01-31T10:12:15","date_gmt":"2022-01-31T09:12:15","guid":{"rendered":"https:\/\/aquacity.sk\/obchody\/"},"modified":"2022-07-05T11:04:34","modified_gmt":"2022-07-05T09:04:34","slug":"sklepy","status":"publish","type":"page","link":"https:\/\/aquacity.sk\/pl\/sklepy\/","title":{"rendered":"Sklepy"},"content":{"rendered":"\t\t<div data-elementor-type=\"wp-post\" data-elementor-id=\"12345\" class=\"elementor elementor-12345 elementor-3739\">\n\t\t\t\t\t\t<section class=\"elementor-section elementor-top-section elementor-element elementor-element-5a001be8 elementor-section-boxed elementor-section-height-default elementor-section-height-default\" data-id=\"5a001be8\" data-element_type=\"section\">\n\t\t\t\t\t\t<div class=\"elementor-container elementor-column-gap-extended\">\n\t\t\t\t\t<div class=\"elementor-column elementor-col-100 elementor-top-column elementor-element elementor-element-6d7b9e99 sc_inner_width_none sc_layouts_column_icons_position_left\" data-id=\"6d7b9e99\" data-element_type=\"column\">\n\t\t\t<div class=\"elementor-widget-wrap elementor-element-populated\">\n\t\t\t\t\t\t<div class=\"elementor-element elementor-element-75e6afd sc_fly_static elementor-widget elementor-widget-spacer\" data-id=\"75e6afd\" data-element_type=\"widget\" data-widget_type=\"spacer.default\">\n\t\t\t\t<div class=\"elementor-widget-container\">\n\t\t\t\t\t\t\t<div class=\"elementor-spacer\">\n\t\t\t<div class=\"elementor-spacer-inner\"><\/div>\n\t\t<\/div>\n\t\t\t\t\t\t<\/div>\n\t\t\t\t<\/div>\n\t\t\t\t<div class=\"elementor-element elementor-element-55f6851d sc_fly_static elementor-widget elementor-widget-text-editor\" data-id=\"55f6851d\" data-element_type=\"widget\" data-widget_type=\"text-editor.default\">\n\t\t\t\t<div class=\"elementor-widget-container\">\n\t\t\t\t\t\t\t\t\t<p><strong>SKLEP SPORTOWY \u2013 COQUI<\/strong><\/p><p>Czy znasz to uczucie? Wchodzisz podekscytowany do parku wodnego i nagle zdajesz sobie spraw\u0119, \u017ce tw\u00f3j str\u00f3j k\u0105pielowy, okulary, krem do opalania lub zabawki do wody dla dzieci zosta\u0142y w domu. Nie denerwuj si\u0119. Bezpo\u015brednio przy kasie w sklepie sportowym COQUI mo\u017cna kupi\u0107 dowolny sprz\u0119t p\u0142ywacki. Mo\u017cesz te\u017c zafundowa\u0107 swoim stopom komfort. W ofercie znajdziesz klapki dla m\u0119\u017cczyzn, kobiet i dzieci.<br \/><br \/><\/p><p><strong>ZAKUPY W KASACH <\/strong><\/p><p>Nie chcesz przecie\u017c wyj\u015b\u0107 z parku wodnego z pustymi r\u0119kami. Zachwy\u0107 swoich bliskich prezentami i pami\u0105tkami z naszej oferty. Dzi\u0119ki sklepowi przy kasach biletowych mo\u017cna zabra\u0107 ze sob\u0105 kosmetyki, r\u0119czniki, r\u0119czniki k\u0105pielowe i inne.<strong><br \/><br \/><\/strong><\/p>\t\t\t\t\t\t\t\t<\/div>\n\t\t\t\t<\/div>\n\t\t\t\t\t<\/div>\n\t\t<\/div>\n\t\t\t\t\t<\/div>\n\t\t<\/section>\n\t\t\t\t<\/div>\n\t\t","protected":false},"excerpt":{"rendered":"<p>SKLEP SPORTOWY \u2013 COQUI Czy znasz&hellip;<\/p>\n","protected":false},"author":2,"featured_media":17765,"parent":0,"menu_order":0,"comment_status":"closed","ping_status":"closed","template":"","meta":{"footnotes":""},"class_list":["post-12345","page","type-page","status-publish","has-post-thumbnail","hentry"],"_links":{"self":[{"href":"https:\/\/aquacity.sk\/pl\/wp-json\/wp\/v2\/pages\/12345","targetHints":{"allow":["GET"]}}],"collection":[{"href":"https:\/\/aquacity.sk\/pl\/wp-json\/wp\/v2\/pages"}],"about":[{"href":"https:\/\/aquacity.sk\/pl\/wp-json\/wp\/v2\/types\/page"}],"author":[{"embeddable":true,"href":"https:\/\/aquacity.sk\/pl\/wp-json\/wp\/v2\/users\/2"}],"replies":[{"embeddable":true,"href":"https:\/\/aquacity.sk\/pl\/wp-json\/wp\/v2\/comments?post=12345"}],"version-history":[{"count":4,"href":"https:\/\/aquacity.sk\/pl\/wp-json\/wp\/v2\/pages\/12345\/revisions"}],"predecessor-version":[{"id":12349,"href":"https:\/\/aquacity.sk\/pl\/wp-json\/wp\/v2\/pages\/12345\/revisions\/12349"}],"wp:featuredmedia":[{"embeddable":true,"href":"https:\/\/aquacity.sk\/pl\/wp-json\/wp\/v2\/media\/17765"}],"wp:attachment":[{"href":"https:\/\/aquacity.sk\/pl\/wp-json\/wp\/v2\/media?parent=12345"}],"curies":[{"name":"wp","href":"https:\/\/api.w.org\/{rel}","templated":true}]}}