{"id":12287,"date":"2022-06-28T21:36:55","date_gmt":"2022-06-28T19:36:55","guid":{"rendered":"https:\/\/aquacity.sk\/gdpr\/"},"modified":"2022-09-08T10:43:28","modified_gmt":"2022-09-08T08:43:28","slug":"gdpr","status":"publish","type":"page","link":"https:\/\/aquacity.sk\/pl\/gdpr\/","title":{"rendered":"GDPR"},"content":{"rendered":"\t\t<div data-elementor-type=\"wp-post\" data-elementor-id=\"12287\" class=\"elementor elementor-12287 elementor-10787\">\n\t\t\t\t\t\t<section class=\"elementor-section elementor-top-section elementor-element elementor-element-19dac095 elementor-section-boxed elementor-section-height-default elementor-section-height-default\" data-id=\"19dac095\" data-element_type=\"section\" data-settings=\"{&quot;background_background&quot;:&quot;classic&quot;}\">\n\t\t\t\t\t\t<div class=\"elementor-container elementor-column-gap-wider\">\n\t\t\t\t\t<div class=\"elementor-column elementor-col-100 elementor-top-column elementor-element elementor-element-9e48320 sc_inner_width_none sc_layouts_column_icons_position_left\" data-id=\"9e48320\" data-element_type=\"column\">\n\t\t\t<div class=\"elementor-widget-wrap elementor-element-populated\">\n\t\t\t\t\t\t<div class=\"elementor-element elementor-element-197cb141 sc_fly_static elementor-widget elementor-widget-heading\" data-id=\"197cb141\" data-element_type=\"widget\" data-widget_type=\"heading.default\">\n\t\t\t\t<div class=\"elementor-widget-container\">\n\t\t\t\t\t<h5 class=\"elementor-heading-title elementor-size-default\">Inform\u00e1cie o spracovan\u00ed osobn\u00fdch \u00fadajov<\/h5>\t\t\t\t<\/div>\n\t\t\t\t<\/div>\n\t\t\t\t<div class=\"elementor-element elementor-element-11efeb81 sc_fly_static elementor-widget elementor-widget-text-editor\" data-id=\"11efeb81\" data-element_type=\"widget\" data-widget_type=\"text-editor.default\">\n\t\t\t\t<div class=\"elementor-widget-container\">\n\t\t\t\t\t\t\t\t\t<p>T\u00fdmto ako dotknut\u00e1 osoba ude\u013eujem slobodne a dobrovo\u013ene spolo\u010dnosti AQUAPARK Poprad, s.r.o., so s\u00eddlom \u0160portov\u00e1 1397\/1, 058 01 Poprad, I\u010cO: 36 482 609, zap\u00edsanej v OR OS Pre\u0161ov, oddiel: Sro, vlo\u017eka \u010d. 13805\/P (\u010falej aj \u201espolo\u010dnos\u0165\u201c) ako prev\u00e1dzkovate\u013eovi v zmysle z\u00e1kona o ochrane osobn\u00fdch \u00fadajov a pr\u00edslu\u0161n\u00fdch pr\u00e1vnych predpisov E\u00da svoj v\u00fdslovn\u00fd s\u00fahlas so sprac\u00favan\u00edm poskytnutej emailovej adresy za \u00fa\u010delom zasielania inform\u00e1ci\u00ed o novink\u00e1ch a \u0161peci\u00e1lnych ponuk\u00e1ch spolo\u010dnosti (marketingov\u00e9 ponuky) prostredn\u00edctvom elektronickej po\u0161ty \u2013 emailov (newsletter).<\/p><p>Tento s\u00fahlas so sprac\u00favan\u00edm osobn\u00fdch \u00fadajov ude\u013eujem spolo\u010dnosti na dobu 5 rokov.<br \/>Ako dotknut\u00e1 osoba zodpoved\u00e1te za \u00faplnos\u0165, pravdivos\u0165 a spr\u00e1vnos\u0165 poskytnut\u00fdch osobn\u00fdch \u00fadajov. V pr\u00edpade zmeny poskytnut\u00fdch osobn\u00fdch \u00fadajov ste povinn\u00fd ich zmenu bezodkladne ozn\u00e1mi\u0165 spolo\u010dnosti.<br \/>Pri spracovan\u00ed Va\u0161ich osobn\u00fdch \u00fadajov na marketingov\u00e9 \u00fa\u010dely s\u00fa tieto \u00fadaje na tento \u00fa\u010del v nevyhnutnom rozsahu poskytovan\u00e9 zmluvn\u00fdm poskytovate\u013eom slu\u017eieb spolo\u010dnosti, a to najm\u00e4 poskytovate\u013eovi marketingov\u00fdch slu\u017eieb. Va\u0161e osobn\u00e9 \u00fadaje m\u00f4\u017eu by\u0165 t\u00fdmito poskytovate\u013emi slu\u017eieb spolo\u010dnosti pou\u017eit\u00e9 v\u00fdhradne na \u00fa\u010del, na ktor\u00fd ste n\u00e1m udelili s\u00fahlas.<\/p><p>Tento s\u00fahlas so sprac\u00favan\u00edm osobn\u00fdch \u00fadajov na marketingov\u00e9 \u00fa\u010dely m\u00f4\u017eete kedyko\u013evek odvola\u0165, a to kliknut\u00edm na pr\u00edslu\u0161n\u00fd link umiestnen\u00fd priamo v ka\u017edom marketingovom emaily od spolo\u010dnosti, zaslan\u00edm emailu spolo\u010dnosti alebo osobne v s\u00eddle spolo\u010dnosti.<\/p><p>V pr\u00edpade neaktu\u00e1lnosti poskytnut\u00fdch osobn\u00fdch \u00fadajov, odvolania s\u00fahlasu so sprac\u00favan\u00edm osobn\u00fdch \u00fadajov, po splnen\u00ed \u00fa\u010delu alebo doby, na ktor\u00fa bol udelen\u00fd s\u00fahlas na sprac\u00favanie osobn\u00fdch \u00fadajov alebo ak je ukladanie z ak\u00fdchko\u013evek z\u00e1konn\u00fdch d\u00f4vodov nepr\u00edpustn\u00e9, bud\u00fa ulo\u017een\u00e9 osobn\u00e9 \u00fadaje vymazan\u00e9.<br \/>Ochrana osobn\u00fdch sa spravuje ustanoveniami z\u00e1kona o ochrane osobn\u00fdch \u00fadajov a pr\u00edslu\u0161n\u00fdmi pr\u00e1vnymi predpismi E\u00da, kde s\u00fa taktie\u017e upraven\u00e9 aj pr\u00e1va dotknutej osoby. Dotknut\u00e1 osoba m\u00e1 pr\u00e1vo na bezplatn\u00e9 poskytnutie inform\u00e1ci\u00ed oh\u013eadom sprac\u00favania jej ulo\u017een\u00fdch \u00fadajov. Za predpokladu dodr\u017eania po\u017eiadaviek stanoven\u00fdch vo v\u0161eobecne z\u00e1v\u00e4zn\u00fdch pr\u00e1vnych predpisoch m\u00e1 dotknut\u00e1 osoba z\u00e1rove\u0148 (i) pr\u00e1vo na pr\u00edstup k svojim osobn\u00fdm \u00fadajom, (ii) pr\u00e1vo na opravu nespr\u00e1vnych osobn\u00fdch \u00fadajov, (iii) pr\u00e1vo na obmedzenie (blokovanie) sprac\u00favania osobn\u00fdch \u00fadajov, (iv) pr\u00e1vo namieta\u0165 sprac\u00favanie svojich osobn\u00fdch \u00fadajov na \u00fa\u010dely priameho marketingu, (v) pr\u00e1vo na v\u00fdmaz osobn\u00fdch \u00fadajov, najm\u00e4 vtedy, ak u\u017e nie s\u00fa potrebn\u00e9 na \u00fa\u010dely, na ktor\u00e9 sa z\u00edskavali alebo inak sprac\u00favali alebo ak odvolala svoj s\u00fahlas na ich sprac\u00favanie a ak neexistuje in\u00fd pr\u00e1vny z\u00e1klad pre sprac\u00favanie, pr\u00edpadne ak sa osobn\u00e9 \u00fadaje sprac\u00favali nez\u00e1konne. Rovnako m\u00e1 dotknut\u00e1 osoba v pr\u00edpade splnenia stanoven\u00fdch podmienok aj pr\u00e1vo na prenosnos\u0165 \u00fadajov, t.j. m\u00e1 pr\u00e1vo z\u00edska\u0165 svoje osobn\u00e9 \u00fadaje, ktor\u00e9 spolo\u010dnosti dobrovo\u013ene poskytla, a to v elektronickej forme, v \u0161trukt\u00farovanom, be\u017ene pou\u017e\u00edvanom a strojovo \u010ditate\u013enom form\u00e1te a v tejto s\u00favislosti m\u00f4\u017ee vyu\u017ei\u0165 svoje pr\u00e1vo na prenos t\u00fdchto \u00fadajov k druh\u00e9mu prev\u00e1dzkovate\u013eovi, pokia\u013e bude tak\u00fdto prenos technick\u00fd mo\u017en\u00fd (pr\u00e1vo na prenosnos\u0165 \u00fadajov).<\/p><p>V pr\u00edpade, \u017ee si u spolo\u010dnosti uplat\u0148uje dotknut\u00e1 osoba niektor\u00e9 z pr\u00e1v dotknutej osoby pod\u013ea pr\u00e1vnych predpisov upravuj\u00facich ochranu osobn\u00fdch \u00fadajov a zo \u017eiadosti dotknutej osoby nie je mo\u017en\u00e9 overi\u0165 toto\u017enos\u0165 \u017eiadate\u013ea alebo v pr\u00edpade, \u017ee m\u00e1 spolo\u010dnos\u0165 opr\u00e1vnen\u00e9 pochybnosti v s\u00favislosti s toto\u017enos\u0165ou osoby, ktor\u00e1 pod\u00e1va \u017eiados\u0165, vyhradzuje si spolo\u010dnos\u0165 pr\u00e1vo t\u00fato osobu po\u017eiada\u0165 o poskytnutie dodato\u010dn\u00fdch inform\u00e1ci\u00ed potrebn\u00fdch na potvrdenie toto\u017enosti osoby uplat\u0148uj\u00facej t\u00fato \u017eiados\u0165.<br \/>Ako dotknut\u00e1 osoba m\u00e1te pr\u00e1vo poda\u0165 s\u0165a\u017enos\u0165 dozorn\u00e9mu org\u00e1nu, ktor\u00fdm je \u00darad na ochranu osobn\u00fdch \u00fadajov Slovenskej republiky, so s\u00eddlom Hrani\u010dn\u00e1 12, 820 07 Bratislava, pri podozren\u00ed, \u017ee sa Va\u0161e osobn\u00e9 \u00fadaje sprac\u00favaj\u00fa v rozpore s platnou legislat\u00edvou.<br \/>Spolo\u010dnos\u0165 vyhlasuje, \u017ee osobn\u00e9 \u00fadaje sprac\u00fava len na vy\u0161\u0161ie uveden\u00e9 \u00fa\u010dely a v s\u00falade so z\u00e1konom o ochrane osobn\u00fdch \u00fadajov a pr\u00edslu\u0161n\u00fdmi pr\u00e1vnymi predpismi E\u00da, a to za pou\u017eitia primeran\u00fdch technick\u00fdch, organiza\u010dn\u00fdch a bezpe\u010dnostn\u00fdch opatren\u00ed.<\/p>\t\t\t\t\t\t\t\t<\/div>\n\t\t\t\t<\/div>\n\t\t\t\t\t<\/div>\n\t\t<\/div>\n\t\t\t\t\t<\/div>\n\t\t<\/section>\n\t\t\t\t<\/div>\n\t\t","protected":false},"excerpt":{"rendered":"<p>Inform\u00e1cie o spracovan\u00ed osobn\u00fdch \u00fadajov T\u00fdmto&hellip;<\/p>\n","protected":false},"author":2,"featured_media":10800,"parent":0,"menu_order":0,"comment_status":"closed","ping_status":"closed","template":"","meta":{"footnotes":""},"class_list":["post-12287","page","type-page","status-publish","has-post-thumbnail","hentry"],"_links":{"self":[{"href":"https:\/\/aquacity.sk\/pl\/wp-json\/wp\/v2\/pages\/12287","targetHints":{"allow":["GET"]}}],"collection":[{"href":"https:\/\/aquacity.sk\/pl\/wp-json\/wp\/v2\/pages"}],"about":[{"href":"https:\/\/aquacity.sk\/pl\/wp-json\/wp\/v2\/types\/page"}],"author":[{"embeddable":true,"href":"https:\/\/aquacity.sk\/pl\/wp-json\/wp\/v2\/users\/2"}],"replies":[{"embeddable":true,"href":"https:\/\/aquacity.sk\/pl\/wp-json\/wp\/v2\/comments?post=12287"}],"version-history":[{"count":6,"href":"https:\/\/aquacity.sk\/pl\/wp-json\/wp\/v2\/pages\/12287\/revisions"}],"predecessor-version":[{"id":13354,"href":"https:\/\/aquacity.sk\/pl\/wp-json\/wp\/v2\/pages\/12287\/revisions\/13354"}],"wp:featuredmedia":[{"embeddable":true,"href":"https:\/\/aquacity.sk\/pl\/wp-json\/wp\/v2\/media\/10800"}],"wp:attachment":[{"href":"https:\/\/aquacity.sk\/pl\/wp-json\/wp\/v2\/media?parent=12287"}],"curies":[{"name":"wp","href":"https:\/\/api.w.org\/{rel}","templated":true}]}}