{"id":12256,"date":"2022-06-28T21:46:55","date_gmt":"2022-06-28T19:46:55","guid":{"rendered":"https:\/\/aquacity.sk\/fakturacne-udaje\/"},"modified":"2022-10-06T12:50:54","modified_gmt":"2022-10-06T10:50:54","slug":"informacje-o-platnosciach","status":"publish","type":"page","link":"https:\/\/aquacity.sk\/pl\/informacje-o-platnosciach\/","title":{"rendered":"Informacje o p\u0142atno\u015bciach"},"content":{"rendered":"\t\t<div data-elementor-type=\"wp-post\" data-elementor-id=\"12256\" class=\"elementor elementor-12256 elementor-10802\">\n\t\t\t\t\t\t<section class=\"elementor-section elementor-top-section elementor-element elementor-element-19dac095 elementor-section-boxed elementor-section-height-default elementor-section-height-default\" data-id=\"19dac095\" data-element_type=\"section\" data-settings=\"{&quot;background_background&quot;:&quot;classic&quot;}\">\n\t\t\t\t\t\t<div class=\"elementor-container elementor-column-gap-wider\">\n\t\t\t\t\t<div class=\"elementor-column elementor-col-100 elementor-top-column elementor-element elementor-element-9e48320 sc_inner_width_none sc_layouts_column_icons_position_left\" data-id=\"9e48320\" data-element_type=\"column\">\n\t\t\t<div class=\"elementor-widget-wrap elementor-element-populated\">\n\t\t\t\t\t\t<div class=\"elementor-element elementor-element-197cb141 sc_fly_static elementor-widget elementor-widget-heading\" data-id=\"197cb141\" data-element_type=\"widget\" data-widget_type=\"heading.default\">\n\t\t\t\t<div class=\"elementor-widget-container\">\n\t\t\t\t\t<h5 class=\"elementor-heading-title elementor-size-default\">Informacje o p\u0142atno\u015bciach<\/h5>\t\t\t\t<\/div>\n\t\t\t\t<\/div>\n\t\t\t\t<div class=\"elementor-element elementor-element-11efeb81 sc_fly_static elementor-widget elementor-widget-text-editor\" data-id=\"11efeb81\" data-element_type=\"widget\" data-widget_type=\"text-editor.default\">\n\t\t\t\t<div class=\"elementor-widget-container\">\n\t\t\t\t\t\t\t\t\t<p><strong>AQUAPARK Poprad s.r.o.<\/strong><br \/>\u0160portov\u00e1 1397\/1,<br \/>058 01 Poprad<br \/><strong>REGON:<\/strong> 36482609<br \/><strong>NIP EU:<\/strong> SK2020020486<br \/><strong>IBAN:<\/strong> SK 47 0900 0000 0004 9205 6683<br \/><strong>SWIFT<\/strong>:GIBASKBX<br \/>sp\u00f3\u0142ka wpisana do Rejestru handlowego S\u0105du Okr\u0119gowego w Preszowie, oddzia\u0142: Sro, nr: 13805\/P<br \/><strong>reprezentowany przez:<\/strong> Ing. Richard Pichonsk\u00fd a Ing. Peter Hudec<\/p>\t\t\t\t\t\t\t\t<\/div>\n\t\t\t\t<\/div>\n\t\t\t\t\t<\/div>\n\t\t<\/div>\n\t\t\t\t\t<\/div>\n\t\t<\/section>\n\t\t\t\t<\/div>\n\t\t","protected":false},"excerpt":{"rendered":"<p>Informacje o p\u0142atno\u015bciach AQUAPARK Poprad s.r.o.\u0160portov\u00e1&hellip;<\/p>\n","protected":false},"author":2,"featured_media":10806,"parent":0,"menu_order":0,"comment_status":"closed","ping_status":"closed","template":"","meta":{"footnotes":""},"class_list":["post-12256","page","type-page","status-publish","has-post-thumbnail","hentry"],"_links":{"self":[{"href":"https:\/\/aquacity.sk\/pl\/wp-json\/wp\/v2\/pages\/12256","targetHints":{"allow":["GET"]}}],"collection":[{"href":"https:\/\/aquacity.sk\/pl\/wp-json\/wp\/v2\/pages"}],"about":[{"href":"https:\/\/aquacity.sk\/pl\/wp-json\/wp\/v2\/types\/page"}],"author":[{"embeddable":true,"href":"https:\/\/aquacity.sk\/pl\/wp-json\/wp\/v2\/users\/2"}],"replies":[{"embeddable":true,"href":"https:\/\/aquacity.sk\/pl\/wp-json\/wp\/v2\/comments?post=12256"}],"version-history":[{"count":7,"href":"https:\/\/aquacity.sk\/pl\/wp-json\/wp\/v2\/pages\/12256\/revisions"}],"predecessor-version":[{"id":13674,"href":"https:\/\/aquacity.sk\/pl\/wp-json\/wp\/v2\/pages\/12256\/revisions\/13674"}],"wp:featuredmedia":[{"embeddable":true,"href":"https:\/\/aquacity.sk\/pl\/wp-json\/wp\/v2\/media\/10806"}],"wp:attachment":[{"href":"https:\/\/aquacity.sk\/pl\/wp-json\/wp\/v2\/media?parent=12256"}],"curies":[{"name":"wp","href":"https:\/\/api.w.org\/{rel}","templated":true}]}}