{"id":12005,"date":"2022-07-04T21:28:26","date_gmt":"2022-07-04T19:28:26","guid":{"rendered":"https:\/\/aquacity.sk\/?page_id=12005"},"modified":"2026-01-15T17:04:26","modified_gmt":"2026-01-15T16:04:26","slug":"klinika-zdrowia-i-urody","status":"publish","type":"page","link":"https:\/\/aquacity.sk\/pl\/klinika-zdrowia-i-urody\/","title":{"rendered":"Klinika Zdrowia"},"content":{"rendered":"\t\t<div data-elementor-type=\"wp-post\" data-elementor-id=\"12005\" class=\"elementor elementor-12005 elementor-12002\">\n\t\t\t\t\t\t<section class=\"elementor-section elementor-top-section elementor-element elementor-element-be65726 elementor-section-boxed elementor-section-height-default elementor-section-height-default\" data-id=\"be65726\" data-element_type=\"section\">\n\t\t\t\t\t\t<div class=\"elementor-container elementor-column-gap-extended\">\n\t\t\t\t\t<div class=\"elementor-column elementor-col-100 elementor-top-column elementor-element elementor-element-4e2ca8f sc_inner_width_none sc_layouts_column_icons_position_left\" data-id=\"4e2ca8f\" data-element_type=\"column\">\n\t\t\t<div class=\"elementor-widget-wrap\">\n\t\t\t\t\t\t\t<\/div>\n\t\t<\/div>\n\t\t\t\t\t<\/div>\n\t\t<\/section>\n\t\t\t\t<section class=\"elementor-section elementor-top-section elementor-element elementor-element-6dbc473 elementor-section-boxed elementor-section-height-default elementor-section-height-default\" data-id=\"6dbc473\" data-element_type=\"section\">\n\t\t\t\t\t\t<div class=\"elementor-container elementor-column-gap-extended\">\n\t\t\t\t\t<div class=\"elementor-column elementor-col-100 elementor-top-column elementor-element elementor-element-14d75f4 sc_inner_width_none sc_layouts_column_icons_position_left\" data-id=\"14d75f4\" data-element_type=\"column\">\n\t\t\t<div class=\"elementor-widget-wrap elementor-element-populated\">\n\t\t\t\t\t\t<div class=\"elementor-element elementor-element-a5879fb sc_fly_static elementor-widget elementor-widget-trx_sc_promo\" data-id=\"a5879fb\" data-element_type=\"widget\" data-widget_type=\"trx_sc_promo.default\">\n\t\t\t\t<div class=\"elementor-widget-container\">\n\t\t\t\t\t<div  id=\"trx_sc_promo_1839022084\" \n\tclass=\"sc_promo sc_promo_default sc_promo_size_normal sc_promo_image_position_right sc_promo_text_bg\"><div class=\"sc_promo_image\" style=\"width:30%;right: 0;\"><div class=\"slider_outer slider_swiper_outer slider_style_default slider_outer_direction_horizontal slider_outer_one slider_outer_pagination slider_outer_pagination_bullets slider_outer_pagination_pos_bottom slider_outer_controls slider_outer_controls_side slider_outer_nocentered slider_outer_overflow_hidden slider_outer_notitles\"><div class=\"slider_container slider_swiper swiper-slider-container slider_controls slider_controls_side slider_nocentered slider_overflow_hidden slider_notitles slider_noresize slider_swipe slider_height_auto slider_direction_horizontal slider_pagination slider_pagination_bullets slider_pagination_pos_bottom slider_one slider_type_bg\" data-ratio=\"16:9\" data-interval=\"7251\" data-effect=\"slide\" data-pagination=\"bullets\" data-direction=\"horizontal\" data-slides-per-view=\"1\" data-slides-space=\"0\" data-slides-centered=\"0\" data-slides-overflow=\"0\" data-mouse-wheel=\"0\" data-autoplay=\"1\" data-slides-min-width=\"150\"><div class=\"slider-wrapper swiper-wrapper\"><div  class=\"slider-slide swiper-slide\" data-image=\"\/\/aquacity.sk\/wp-content\/uploads\/2022\/06\/AquaCity_1000x650_38.jpg\" style=\"background-image:url(\/\/aquacity.sk\/wp-content\/uploads\/2022\/06\/AquaCity_1000x650_38.jpg);\"><\/div><div  class=\"slider-slide swiper-slide\" data-image=\"\/\/aquacity.sk\/wp-content\/uploads\/2022\/06\/AquaCity_1000x650_14-1.jpg\" style=\"background-image:url(\/\/aquacity.sk\/wp-content\/uploads\/2022\/06\/AquaCity_1000x650_14-1.jpg);\"><\/div><div  class=\"slider-slide swiper-slide\" data-image=\"\/\/aquacity.sk\/wp-content\/uploads\/2022\/06\/AquaCity_1000x650_17.jpg\" style=\"background-image:url(\/\/aquacity.sk\/wp-content\/uploads\/2022\/06\/AquaCity_1000x650_17.jpg);\"><\/div><div  class=\"slider-slide swiper-slide\" data-image=\"\/\/aquacity.sk\/wp-content\/uploads\/2022\/06\/AquaCity_Kryo_2019_020-scaled.jpg\" style=\"background-image:url(\/\/aquacity.sk\/wp-content\/uploads\/2022\/06\/AquaCity_Kryo_2019_020-scaled.jpg);\"><\/div><\/div><!-- \/.slider-wrapper --><div class=\"slider_pagination_wrap swiper-pagination\"><\/div><div class=\"slider_controls_wrap\"><a class=\"slider_prev swiper-button-prev\" href=\"#\"><\/a><a class=\"slider_next swiper-button-next\" href=\"#\"><\/a><\/div><\/div><!-- \/.slider_container --><\/div><!-- \/.slider_outer --><\/div><!-- \/.sc_promo_image --><div class=\"sc_promo_text\" style=\"width: 70%;float: left;\">\n\t\t\t<div class=\"sc_promo_text_inner trx_addons_inline_2088907208\"><h2 class=\"sc_item_title sc_promo_title sc_item_title_style_decoration sc_item_title_tag\"><span class=\"sc_item_title_text\">Kriocentrum<\/span><\/h2><div class=\"sc_item_descr sc_promo_descr\"><p>W AquaCity po\u0142\u0105czyli\u015bmy medycyn\u0119 wsp\u00f3\u0142czesn\u0105 z alternatywn\u0105 metod\u0105 leczenia oferuj\u0105c Pa\u0144stwu jej pozytywne dzia\u0142anie. Metoda lecznicza i rehabilitacyjna, kt\u00f3rej historia si\u0119ga lat 70 \u2013 80-tych ubieg\u0142ego wieku. Zabieg obejmuje maksymalnie trzyminutowy pobyt w komorze o \u015bredniej temperaturze \u2013120 \u00b0C, po kt\u00f3rym nast\u0119puje intensywny wysi\u0142ek fizyczny \u2013 Kinezyterapia. Pobyt w tej komorze pod nadzorem lekarza stymuluje naturaln\u0105 produkcj\u0119 enzym\u00f3w i hormon\u00f3w odpowiedzialnych za nasze zdrowie, a w ciele rozpocznie si\u0119 proces samoleczenia i regeneracji.<\/p>\n<\/div><div id=\"sc_button_18562414\"\tclass=\"sc_item_button sc_button_wrap sc_item_button sc_item_button_default sc_promo_button\"><a href=\"https:\/\/aquacity.sk\/pl\/us%C5%82ugi\/kriocentrum\/\" class=\"sc_button sc_button_default sc_button_size_normal sc_button_icon_left\" target=\"_blank\"><span class=\"sc_button_text\"><span class=\"sc_button_title\">Wi\u0119cej informacji<\/span><\/span><!-- \/.sc_button_text --><\/a><!-- \/.sc_button --><\/div><!-- \/.sc_item_button --><\/div>\n\t\t<\/div><!-- \/.sc_promo_text --><\/div><!-- \/.sc_promo -->\t\t\t\t<\/div>\n\t\t\t\t<\/div>\n\t\t\t\t\t<\/div>\n\t\t<\/div>\n\t\t\t\t\t<\/div>\n\t\t<\/section>\n\t\t\t\t<section class=\"elementor-section elementor-top-section elementor-element elementor-element-05d20ea elementor-section-boxed elementor-section-height-default elementor-section-height-default\" data-id=\"05d20ea\" data-element_type=\"section\">\n\t\t\t\t\t\t<div class=\"elementor-container elementor-column-gap-extended\">\n\t\t\t\t\t<div class=\"elementor-column elementor-col-100 elementor-top-column elementor-element elementor-element-114d15b sc_inner_width_none sc_layouts_column_icons_position_left\" data-id=\"114d15b\" data-element_type=\"column\">\n\t\t\t<div class=\"elementor-widget-wrap elementor-element-populated\">\n\t\t\t\t\t\t<div class=\"elementor-element elementor-element-2c42947 sc_fly_static elementor-widget elementor-widget-trx_sc_promo\" data-id=\"2c42947\" data-element_type=\"widget\" data-widget_type=\"trx_sc_promo.default\">\n\t\t\t\t<div class=\"elementor-widget-container\">\n\t\t\t\t\t<div  id=\"trx_sc_promo_1003109713\" \n\tclass=\"sc_promo sc_promo_default sc_promo_size_normal sc_promo_image_position_left sc_promo_text_bg\"><div class=\"sc_promo_image\" style=\"background-image:url(\/\/aquacity.sk\/wp-content\/uploads\/2022\/07\/ocna-klinika.jpg);width:30%;left: 0;\"><\/div><!-- \/.sc_promo_image --><div class=\"sc_promo_text\" style=\"width: 70%;float: right;\">\n\t\t\t<div class=\"sc_promo_text_inner trx_addons_inline_1320885011\"><h2 class=\"sc_item_title sc_promo_title sc_item_title_style_decoration sc_item_title_tag\"><span class=\"sc_item_title_text\">Klinika okulistyczna<\/span><\/h2><div class=\"sc_item_descr sc_promo_descr\"><p>Klinika okulistyczna Kulanga. Specjalizacj\u0105 kliniki jest diagnostyka i leczenie. Koncentruje si\u0119 na leczeniu chor\u00f3b siatk\u00f3wki, jaskry, zaburze\u0144 powierzchni oka, alergii, stan\u00f3w zapalnych, zapalenia wewn\u0105trzga\u0142kowego itp.<\/p>\n<\/div><div id=\"sc_button_1498063757\"\tclass=\"sc_item_button sc_button_wrap sc_item_button sc_item_button_default sc_promo_button\"><a href=\"https:\/\/www.kulanga.sk\/\" class=\"sc_button sc_button_default sc_button_size_normal sc_button_icon_left\" target=\"_blank\"><span class=\"sc_button_text\"><span class=\"sc_button_title\">Wi\u0119cej informacji<\/span><\/span><!-- \/.sc_button_text --><\/a><!-- \/.sc_button --><\/div><!-- \/.sc_item_button --><\/div>\n\t\t<\/div><!-- \/.sc_promo_text --><\/div><!-- \/.sc_promo -->\t\t\t\t<\/div>\n\t\t\t\t<\/div>\n\t\t\t\t\t<\/div>\n\t\t<\/div>\n\t\t\t\t\t<\/div>\n\t\t<\/section>\n\t\t\t\t<\/div>\n\t\t","protected":false},"excerpt":{"rendered":"<p>Kriocentrum W AquaCity po\u0142\u0105czyli\u015bmy medycyn\u0119 wsp\u00f3\u0142czesn\u0105&hellip;<\/p>\n","protected":false},"author":2,"featured_media":6703,"parent":0,"menu_order":0,"comment_status":"closed","ping_status":"closed","template":"","meta":{"footnotes":""},"class_list":["post-12005","page","type-page","status-publish","has-post-thumbnail","hentry"],"_links":{"self":[{"href":"https:\/\/aquacity.sk\/pl\/wp-json\/wp\/v2\/pages\/12005","targetHints":{"allow":["GET"]}}],"collection":[{"href":"https:\/\/aquacity.sk\/pl\/wp-json\/wp\/v2\/pages"}],"about":[{"href":"https:\/\/aquacity.sk\/pl\/wp-json\/wp\/v2\/types\/page"}],"author":[{"embeddable":true,"href":"https:\/\/aquacity.sk\/pl\/wp-json\/wp\/v2\/users\/2"}],"replies":[{"embeddable":true,"href":"https:\/\/aquacity.sk\/pl\/wp-json\/wp\/v2\/comments?post=12005"}],"version-history":[{"count":18,"href":"https:\/\/aquacity.sk\/pl\/wp-json\/wp\/v2\/pages\/12005\/revisions"}],"predecessor-version":[{"id":27534,"href":"https:\/\/aquacity.sk\/pl\/wp-json\/wp\/v2\/pages\/12005\/revisions\/27534"}],"wp:featuredmedia":[{"embeddable":true,"href":"https:\/\/aquacity.sk\/pl\/wp-json\/wp\/v2\/media\/6703"}],"wp:attachment":[{"href":"https:\/\/aquacity.sk\/pl\/wp-json\/wp\/v2\/media?parent=12005"}],"curies":[{"name":"wp","href":"https:\/\/api.w.org\/{rel}","templated":true}]}}