{"id":22270,"date":"2022-06-28T21:46:55","date_gmt":"2022-06-28T19:46:55","guid":{"rendered":"https:\/\/aquacity.sk\/fakturacne-udaje\/"},"modified":"2022-06-28T21:46:55","modified_gmt":"2022-06-28T19:46:55","slug":"fakturacne-udaje","status":"publish","type":"page","link":"https:\/\/aquacity.sk\/hu\/fakturacne-udaje\/","title":{"rendered":"Faktura\u010dn\u00e9 \u00fadaje"},"content":{"rendered":"\t\t<div data-elementor-type=\"wp-post\" data-elementor-id=\"22270\" class=\"elementor elementor-22270 elementor-10802\">\n\t\t\t\t\t\t<section class=\"elementor-section elementor-top-section elementor-element elementor-element-19dac095 elementor-section-boxed elementor-section-height-default elementor-section-height-default\" data-id=\"19dac095\" data-element_type=\"section\" data-settings=\"{&quot;background_background&quot;:&quot;classic&quot;}\">\n\t\t\t\t\t\t<div class=\"elementor-container elementor-column-gap-wider\">\n\t\t\t\t\t<div class=\"elementor-column elementor-col-100 elementor-top-column elementor-element elementor-element-9e48320 sc_inner_width_none sc_layouts_column_icons_position_left\" data-id=\"9e48320\" data-element_type=\"column\">\n\t\t\t<div class=\"elementor-widget-wrap elementor-element-populated\">\n\t\t\t\t\t\t<div class=\"elementor-element elementor-element-197cb141 sc_fly_static elementor-widget elementor-widget-heading\" data-id=\"197cb141\" data-element_type=\"widget\" data-widget_type=\"heading.default\">\n\t\t\t\t<div class=\"elementor-widget-container\">\n\t\t\t\t\t<h5 class=\"elementor-heading-title elementor-size-default\">Faktura\u010dn\u00e9 \u00fadaje<\/h5>\t\t\t\t<\/div>\n\t\t\t\t<\/div>\n\t\t\t\t<div class=\"elementor-element elementor-element-11efeb81 sc_fly_static elementor-widget elementor-widget-text-editor\" data-id=\"11efeb81\" data-element_type=\"widget\" data-widget_type=\"text-editor.default\">\n\t\t\t\t<div class=\"elementor-widget-container\">\n\t\t\t\t\t\t\t\t\t<p><strong>Obchodn\u00e9 meno:<\/strong> AQUAPARK Poprad s.r.o.<br \/><strong>S\u00eddlo:<\/strong> \u0160portov\u00e1 1397\/1, Poprad 058 01<br \/><strong>I\u010cO:<\/strong> 36482609<br \/><strong>I\u010c DPH: <\/strong>SK2020020486<br \/><strong>Register:<\/strong> Obchodn\u00fd register Okresn\u00e9ho s\u00fadu Pre\u0161ov , oddiel: Sro, vlo\u017eka \u010d\u00edslo: 13805\/P<br \/><strong>Bankov\u00e9 spojenie:<\/strong> 0492056683\/0900<br \/><strong>IBAN:<\/strong> SK47 0900 0000 0004 9205 6683<br \/><strong>zast\u00fapen\u00e1:<\/strong> Ing. Richard Pichonsk\u00fd a Ing. Peter Hudec<\/p>\t\t\t\t\t\t\t\t<\/div>\n\t\t\t\t<\/div>\n\t\t\t\t\t<\/div>\n\t\t<\/div>\n\t\t\t\t\t<\/div>\n\t\t<\/section>\n\t\t\t\t<\/div>\n\t\t","protected":false},"excerpt":{"rendered":"<p>Faktura\u010dn\u00e9 \u00fadaje Obchodn\u00e9 meno: AQUAPARK Poprad&hellip;<\/p>\n","protected":false},"author":2,"featured_media":20941,"parent":0,"menu_order":0,"comment_status":"closed","ping_status":"closed","template":"","meta":{"footnotes":""},"class_list":["post-22270","page","type-page","status-publish","has-post-thumbnail","hentry"],"_links":{"self":[{"href":"https:\/\/aquacity.sk\/hu\/wp-json\/wp\/v2\/pages\/22270","targetHints":{"allow":["GET"]}}],"collection":[{"href":"https:\/\/aquacity.sk\/hu\/wp-json\/wp\/v2\/pages"}],"about":[{"href":"https:\/\/aquacity.sk\/hu\/wp-json\/wp\/v2\/types\/page"}],"author":[{"embeddable":true,"href":"https:\/\/aquacity.sk\/hu\/wp-json\/wp\/v2\/users\/2"}],"replies":[{"embeddable":true,"href":"https:\/\/aquacity.sk\/hu\/wp-json\/wp\/v2\/comments?post=22270"}],"version-history":[{"count":0,"href":"https:\/\/aquacity.sk\/hu\/wp-json\/wp\/v2\/pages\/22270\/revisions"}],"wp:featuredmedia":[{"embeddable":true,"href":"https:\/\/aquacity.sk\/hu\/wp-json\/wp\/v2\/media\/20941"}],"wp:attachment":[{"href":"https:\/\/aquacity.sk\/hu\/wp-json\/wp\/v2\/media?parent=22270"}],"curies":[{"name":"wp","href":"https:\/\/api.w.org\/{rel}","templated":true}]}}