{"id":21918,"date":"2022-03-31T21:03:29","date_gmt":"2022-03-31T19:03:29","guid":{"rendered":"https:\/\/aquacity.sk\/otvaracie-hodiny\/"},"modified":"2026-04-27T07:36:47","modified_gmt":"2026-04-27T05:36:47","slug":"nyitvatartas-es-hirdetmenyek","status":"publish","type":"page","link":"https:\/\/aquacity.sk\/hu\/nyitvatartas-es-hirdetmenyek\/","title":{"rendered":"Nyitvatart\u00e1s \u00e9s hirdetm\u00e9nyek"},"content":{"rendered":"\t\t<div data-elementor-type=\"wp-page\" data-elementor-id=\"21918\" class=\"elementor elementor-21918 elementor-4356\">\n\t\t\t\t\t\t<section class=\"elementor-section elementor-top-section elementor-element elementor-element-ad0aca3 elementor-section-boxed elementor-section-height-default elementor-section-height-default\" data-id=\"ad0aca3\" data-element_type=\"section\">\n\t\t\t\t\t\t<div class=\"elementor-container elementor-column-gap-extended\">\n\t\t\t\t\t<div class=\"elementor-column elementor-col-100 elementor-top-column elementor-element elementor-element-d03881c sc_inner_width_none sc_layouts_column_icons_position_left\" data-id=\"d03881c\" data-element_type=\"column\">\n\t\t\t<div class=\"elementor-widget-wrap elementor-element-populated\">\n\t\t\t\t\t\t<div class=\"elementor-element elementor-element-538cdd9 tabulka-blue sc_fly_static elementor-widget elementor-widget-trx_sc_table\" data-id=\"538cdd9\" data-element_type=\"widget\" data-widget_type=\"trx_sc_table.default\">\n\t\t\t\t<div class=\"elementor-widget-container\">\n\t\t\t\t\t<div id=\"trx_sc_table_1749553703_wrap\" class=\"sc_table_wrap\"><div id=\"trx_sc_table_1749553703\"\r\n\t\t\tclass=\"sc_table sc_table_default trx_addons_inline_1609433778\"><p><strong>\u00a0 \u00a0\u00a0<\/strong><\/p><\/div><\/div><!-- \/.sc_table_wrap -->\t\t\t\t<\/div>\n\t\t\t\t<\/div>\n\t\t\t\t<div class=\"elementor-element elementor-element-dd0bf23 tabulka-blue sc_fly_static elementor-widget elementor-widget-trx_sc_table\" data-id=\"dd0bf23\" data-element_type=\"widget\" data-widget_type=\"trx_sc_table.default\">\n\t\t\t\t<div class=\"elementor-widget-container\">\n\t\t\t\t\t<div id=\"trx_sc_table_20484726_wrap\" class=\"sc_table_wrap\"><h3 class=\"sc_item_title sc_table_title sc_item_title_style_default sc_item_title_tag trx_addons_inline_500361731\"><span class=\"sc_item_title_inner\"><span class=\"sc_item_title_text\">\u00dcZEMELTET\u00c9SI HIRDETM\u00c9NYEK                 <\/span><\/span><\/h3><div id=\"trx_sc_table_20484726\"\r\n\t\t\tclass=\"sc_table sc_table_default trx_addons_inline_1039182302\"><strong>\u00a0 \u00a0 \u00a0 \u00a0 \u00a0 \u00a0 \u00a0 \u00a0 \u00a0 \u00a0 \u00a0 \u00a0 \u00a0 \u00a0 \u00a0 \u00a0 \u00a0\u00a0<\/strong>\n<table class=\"cennik-tabulka\" summary=\"cennik\" cellspacing=\"0\">\n<tbody>\n<tr>\n<th>Z\u00d3NA<\/th>\n<th>K\u00d6ZLEM\u00c9NY<\/th>\n<th>D\u00c1TUM<\/th>\n<\/tr>\n<tr>\n<td><strong>EG\u00c9SZS\u00c9G\u00dcGYI NAP\u00a0 \u00a0 \u00a0 \u00a0 \u00a0 \u00a0 \u00a0 \u00a0 \u00a0 \u00a0 \u00a0 \u00a0 \u00a0 \u00a0 \u00a0 \u00a0 \u00a0 \u00a0 \u00a0 \u00a0 \u00a0<\/strong><\/td>\n<td>Minden h\u00e9tf\u0151n 11:00 \u00f3r\u00e1t\u00f3l tart nyitva az eg\u00e9szs\u00e9g\u00fcgyi nap miatt.<\/td>\n<td><strong>2025.9.1-t\u0151l<\/strong><\/td>\n<\/tr>\n<tr>\n<td style=\"text-align: left;\"><b>L\u00c9ZERSHOW<\/b><\/td>\n<td>L\u00e9zershow a Blue Sapphire medenc\u00e9kben ( a f\u00e9nyviszonyok miatt 15.9. - 6.4. k\u00f6z\u00f6tt ker\u00fcl vet\u00edt\u00e9sre. )<\/td>\n<td><b><strong>9.15 \u2013 4.6.\u00a0 \u00a0 \u00a0 \u00a0 \u00a0 \u00a0 \u00a0 \u00a0 \u00a0 \u00a0 \u00a0\u00a0<\/strong> \u00a0 \u00a0 \u00a0 \u00a0 \u00a0 \u00a0 \u00a0 \u00a0 \u00a0<\/b><\/td>\n<\/tr>\n<tr>\n<td><strong>50m \u00daSZ\u00d3MEDENCE<\/strong><\/td>\n<td>Az \u00fasz\u00f3p\u00e1ly\u00e1k aktu\u00e1lis foglalts\u00e1g\u00e1t a Sport - P\u00e1lyafoglalts\u00e1g r\u00e9szben tal\u00e1lod<\/td>\n<td><strong>2025. szeptember 1-j\u00e9t\u0151l<\/strong><\/td>\n<\/tr>\n<tr>\n<td><strong>EG\u00c9SZ \u00c9VBEN CS\u00daSZD\u00c1K<\/strong><\/td>\n<td>Fel\u00faj\u00edt\u00e1si munk\u00e1latok miatt az aquapark ter\u00fclet\u00e9n tal\u00e1lhat\u00f3, eg\u00e9sz \u00e9vben \u00fczemel\u0151 cs\u00faszd\u00e1k ideiglenesen z\u00e1rva lesznek<\/td>\n<td><strong>2026. \u00e1prilis 13. \u00e9s m\u00e1jus 15. k\u00f6z\u00f6tt<\/strong><\/td>\n<\/tr>\n<\/tbody>\n<\/table><\/div><\/div><!-- \/.sc_table_wrap -->\t\t\t\t<\/div>\n\t\t\t\t<\/div>\n\t\t\t\t<div class=\"elementor-element elementor-element-9182925 tabulka-blue sc_fly_static elementor-widget elementor-widget-trx_sc_table\" data-id=\"9182925\" data-element_type=\"widget\" data-widget_type=\"trx_sc_table.default\">\n\t\t\t\t<div class=\"elementor-widget-container\">\n\t\t\t\t\t<div id=\"trx_sc_table_608124980_wrap\" class=\"sc_table_wrap\"><h3 class=\"sc_item_title sc_table_title sc_item_title_style_default sc_item_title_tag trx_addons_inline_889911131\"><span class=\"sc_item_title_inner\"><span class=\"sc_item_title_text\">NYITVATART\u00c1S 2026. janu\u00e1r 7-t\u0151l<\/span><\/span><\/h3><div id=\"trx_sc_table_608124980\"\r\n\t\t\tclass=\"sc_table sc_table_default trx_addons_inline_1833942809\"><table class=\"cennik-tabulka\" summary=\"cennik\" cellspacing=\"0\"><tbody><tr><th>Z\u00d3NA<\/th><th>LE\u00cdR\u00c1S<\/th><th>NYITVATART\u00c1S<\/th><\/tr><tr><td><strong>SPORT + FITNES<\/strong><\/td><td>50 m \u00fasz\u00f3medence, g\u0151zszauna, fitnesz k\u00f6zpont<\/td><td><strong>H\u00e9tf\u0151:<br \/><\/strong>11:00 - 20:00<br \/><strong>Kedd: <\/strong>6:45 - 20:00<br \/><strong>Szerda: <\/strong>8:00 - 20:00<br \/><strong>Cs\u00fct\u00f6rt\u00f6k: <\/strong>6:45 - 20:00<strong><br \/>P\u00e9ntek -\u00a0 Vas\u00e1rnap:<\/strong><br \/>8:00 - 20:00<\/td><\/tr><tr><td><strong>AQUAPARK<\/strong><\/td><td>K\u00fclt\u00e9ri term\u00e1lmedenc\u00e9k, cs\u00faszd\u00e1k, Kincses sziget gyermekmedence, Blue Diamond medenc\u00e9k<\/td><td><p><strong>H\u00e9tf\u0151: <\/strong>11:00 - 20:00<strong><br \/>Kedd -\u00a0 Vas\u00e1rnap<\/strong>:<br \/>10:00 - 20:00<\/p><\/td><\/tr><tr><td><strong>AQUAPARK<\/strong><\/td><td>K\u00e9k zaf\u00edr medenc\u00e9k<\/td><td><strong>H\u00e9tf\u0151<\/strong><b>\u00a0<\/b>- <strong>P\u00e9ntek: <\/strong>12:00 - 20:00 <strong>Szombat - Vas\u00e1rnap:<\/strong><strong><br \/><\/strong>10:00 - 20:00<\/td><\/tr><tr><td><strong>WELLNESS<\/strong><\/td><td>Fire & Water Wellness & Spa\u00a0centrum<\/td><td><strong>H\u00e9tf\u0151 - P\u00e9ntek:<br \/><\/strong>14:00 - 20:00<strong><br \/>Szombat - Vas\u00e1rnap:<br \/><\/strong>12:00 - 20:00<\/td><\/tr><tr><td><strong>MASSZ\u00a7ZSK\u00d6ZPONT\u00a0 \u00a0 \u00a0 \u00a0 \u00a0 \u00a0 \u00a0 \u00a0 \u00a0 \u00a0 \u00a0 \u00a0 \u00a0 \u00a0 \u00a0 \u00a0 \u00a0 \u00a0 \u00a0 \u00a0\u00a0<\/strong><\/td><td>\u00a0<\/td><td><strong>H\u00e9tf\u0151 - Vas\u00e1rnap:<br \/>10:00 - 18:00<\/strong><\/td><\/tr><tr><td><strong>THAI MASSZ\u00c1ZS<\/strong><\/td><td>\u00a0<\/td><td><strong>H\u00e9tf\u0151 - Vas\u00e1rnap:<br \/><\/strong>11:00 - 20:00<br \/>(kiv\u00e9ve 13:00 - 14:00)<\/td><\/tr><tr><td><strong>KRIOCENTRUM<\/strong><\/td><td>\u00a0<\/td><td><p data-start=\"456\" data-end=\"538\"><strong data-start=\"466\" data-end=\"495\">Teljes testes krioter\u00e1pia<\/strong><br data-start=\"495\" data-end=\"498\" \/><strong>Cs\u00fct\u00f6rt\u00f6k \u2013 Szombat:<\/strong> 16:00 \u2013 18:30<\/p><p data-start=\"540\" data-end=\"602\" data-is-last-node=\"\" data-is-only-node=\"\"><strong data-start=\"540\" data-end=\"561\">Helyi krioter\u00e1pia<\/strong><br data-start=\"561\" data-end=\"564\" \/><strong>Cs\u00fct\u00f6rt\u00f6k \u2013 Szombat:<\/strong> 18:30 \u2013 19:00<\/p><\/td><\/tr><\/tbody><\/table><\/div><\/div><!-- \/.sc_table_wrap -->\t\t\t\t<\/div>\n\t\t\t\t<\/div>\n\t\t\t\t<div class=\"elementor-element elementor-element-7d88d6e sc_fly_static elementor-widget elementor-widget-spacer\" data-id=\"7d88d6e\" data-element_type=\"widget\" data-widget_type=\"spacer.default\">\n\t\t\t\t<div class=\"elementor-widget-container\">\n\t\t\t\t\t\t\t<div class=\"elementor-spacer\">\n\t\t\t<div class=\"elementor-spacer-inner\"><\/div>\n\t\t<\/div>\n\t\t\t\t\t\t<\/div>\n\t\t\t\t<\/div>\n\t\t\t\t<div class=\"elementor-element elementor-element-fc2ee6d tabulka-blue sc_fly_static elementor-widget elementor-widget-trx_sc_table\" data-id=\"fc2ee6d\" data-element_type=\"widget\" data-widget_type=\"trx_sc_table.default\">\n\t\t\t\t<div class=\"elementor-widget-container\">\n\t\t\t\t\t<div id=\"trx_sc_table_1514569246_wrap\" class=\"sc_table_wrap\"><div id=\"trx_sc_table_1514569246\"\r\n\t\t\tclass=\"sc_table sc_table_default trx_addons_inline_103832746\"><\/div><\/div><!-- \/.sc_table_wrap -->\t\t\t\t<\/div>\n\t\t\t\t<\/div>\n\t\t\t\t\t<\/div>\n\t\t<\/div>\n\t\t\t\t\t<\/div>\n\t\t<\/section>\n\t\t\t\t<\/div>\n\t\t","protected":false},"excerpt":{"rendered":"<p>\u00a0 \u00a0\u00a0 \u00dcZEMELTET\u00c9SI HIRDETM\u00c9NYEK \u00a0 \u00a0&hellip;<\/p>\n","protected":false},"author":3,"featured_media":20308,"parent":0,"menu_order":0,"comment_status":"closed","ping_status":"closed","template":"","meta":{"footnotes":""},"class_list":["post-21918","page","type-page","status-publish","has-post-thumbnail","hentry"],"_links":{"self":[{"href":"https:\/\/aquacity.sk\/hu\/wp-json\/wp\/v2\/pages\/21918","targetHints":{"allow":["GET"]}}],"collection":[{"href":"https:\/\/aquacity.sk\/hu\/wp-json\/wp\/v2\/pages"}],"about":[{"href":"https:\/\/aquacity.sk\/hu\/wp-json\/wp\/v2\/types\/page"}],"author":[{"embeddable":true,"href":"https:\/\/aquacity.sk\/hu\/wp-json\/wp\/v2\/users\/3"}],"replies":[{"embeddable":true,"href":"https:\/\/aquacity.sk\/hu\/wp-json\/wp\/v2\/comments?post=21918"}],"version-history":[{"count":205,"href":"https:\/\/aquacity.sk\/hu\/wp-json\/wp\/v2\/pages\/21918\/revisions"}],"predecessor-version":[{"id":28904,"href":"https:\/\/aquacity.sk\/hu\/wp-json\/wp\/v2\/pages\/21918\/revisions\/28904"}],"wp:featuredmedia":[{"embeddable":true,"href":"https:\/\/aquacity.sk\/hu\/wp-json\/wp\/v2\/media\/20308"}],"wp:attachment":[{"href":"https:\/\/aquacity.sk\/hu\/wp-json\/wp\/v2\/media?parent=21918"}],"curies":[{"name":"wp","href":"https:\/\/api.w.org\/{rel}","templated":true}]}}