{"id":21913,"date":"2022-01-31T10:01:13","date_gmt":"2022-01-31T09:01:13","guid":{"rendered":"https:\/\/aquacity.sk\/kurzy-plavania\/"},"modified":"2024-10-11T06:31:58","modified_gmt":"2024-10-11T04:31:58","slug":"uszotanfolyamok","status":"publish","type":"page","link":"https:\/\/aquacity.sk\/hu\/uszotanfolyamok\/","title":{"rendered":"\u00dasz\u00f3tanfolyamok"},"content":{"rendered":"\t\t<div data-elementor-type=\"wp-post\" data-elementor-id=\"21913\" class=\"elementor elementor-21913 elementor-3723\">\n\t\t\t\t\t\t<section class=\"elementor-section elementor-top-section elementor-element elementor-element-2349463 elementor-section-stretched elementor-section-boxed elementor-section-height-default elementor-section-height-default\" data-id=\"2349463\" data-element_type=\"section\" data-settings=\"{&quot;stretch_section&quot;:&quot;section-stretched&quot;,&quot;background_background&quot;:&quot;classic&quot;}\">\n\t\t\t\t\t\t<div class=\"elementor-container elementor-column-gap-extended\">\n\t\t\t\t\t<div class=\"elementor-column elementor-col-100 elementor-top-column elementor-element elementor-element-82283b0 sc_inner_width_none sc_layouts_column_icons_position_left\" data-id=\"82283b0\" data-element_type=\"column\">\n\t\t\t<div class=\"elementor-widget-wrap elementor-element-populated\">\n\t\t\t\t\t\t<div class=\"elementor-element elementor-element-abe8240 sc_fly_static elementor-widget elementor-widget-trx_sc_blogger\" data-id=\"abe8240\" data-element_type=\"widget\" data-widget_type=\"trx_sc_blogger.default\">\n\t\t\t\t<div class=\"elementor-widget-container\">\n\t\t\t\t\t<div  id=\"trx_sc_blogger_2089172867\"\t\tclass=\"sc_blogger sc_blogger_default sc_blogger_default_classic\"><div class=\"sc_blogger_columns_wrap sc_item_columns sc_item_posts_container trx_addons_columns_wrap columns_padding_bottom\"><div class=\"trx_addons_column-1_3\"><div data-post-id=\"21934\" class=\"sc_blogger_item sc_blogger_item_default sc_blogger_item_default_classic sc_blogger_item_odd sc_blogger_item_align_none post_format_standard sc_blogger_item_with_image sc_blogger_item_image_position_top post-21934 cpt_services type-cpt_services status-publish has-post-thumbnail hentry cpt_services_group-kurzy-plavania post_emotion_main_cool post_emotion_cool post_emotion_lol\" data-item-number=\"1\"\n\t><div class=\"sc_blogger_item_body\"><div class=\"post_featured with_thumb hover_dots sc_item_featured sc_blogger_item_featured\"><img fetchpriority=\"high\" decoding=\"async\" width=\"370\" height=\"208\" src=\"https:\/\/aquacity.sk\/wp-content\/uploads\/2022\/06\/AquaCity_web_202251-1-370x208.jpg\" class=\"attachment-neptunus-thumb-med size-neptunus-thumb-med wp-post-image\" alt=\"\" srcset=\"https:\/\/aquacity.sk\/wp-content\/uploads\/2022\/06\/AquaCity_web_202251-1-370x208.jpg 370w, https:\/\/aquacity.sk\/wp-content\/uploads\/2022\/06\/AquaCity_web_202251-1-300x169.jpg 300w, https:\/\/aquacity.sk\/wp-content\/uploads\/2022\/06\/AquaCity_web_202251-1-1024x576.jpg 1024w, https:\/\/aquacity.sk\/wp-content\/uploads\/2022\/06\/AquaCity_web_202251-1-768x432.jpg 768w, https:\/\/aquacity.sk\/wp-content\/uploads\/2022\/06\/AquaCity_web_202251-1-1536x864.jpg 1536w, https:\/\/aquacity.sk\/wp-content\/uploads\/2022\/06\/AquaCity_web_202251-1-1170x658.jpg 1170w, https:\/\/aquacity.sk\/wp-content\/uploads\/2022\/06\/AquaCity_web_202251-1-760x428.jpg 760w, https:\/\/aquacity.sk\/wp-content\/uploads\/2022\/06\/AquaCity_web_202251-1-1320x743.jpg 1320w, https:\/\/aquacity.sk\/wp-content\/uploads\/2022\/06\/AquaCity_web_202251-1-600x338.jpg 600w, https:\/\/aquacity.sk\/wp-content\/uploads\/2022\/06\/AquaCity_web_202251-1-270x152.jpg 270w, https:\/\/aquacity.sk\/wp-content\/uploads\/2022\/06\/AquaCity_web_202251-1.jpg 1920w\" sizes=\"(max-width: 370px) 100vw, 370px\" \/>\t\t\t\t\t\t<div class=\"mask\"><\/div>\n\t\t\t\t\t\t\t\t\t<a href=\"https:\/\/aquacity.sk\/hu\/services\/aquap-plavecky-klub\/\"  aria-hidden=\"true\" class=\"icons\"><span><\/span><span><\/span><span><\/span><\/a>\n\t\t\t<\/div><div class=\"sc_blogger_item_content entry-content\"><h5 class=\"sc_blogger_item_title entry-title\" data-item-number=\"1\"><a href=\"https:\/\/aquacity.sk\/hu\/services\/aquap-plavecky-klub\/\" rel=\"bookmark\">AQUAP \u2013 \u00fasz\u00f3klub<\/a><\/h5>\t\t<div class=\"post_meta sc_blogger_item_meta post_meta\">\n\t\t\t\t\t<\/div><!-- .post_meta -->\n\t\t<div class=\"sc_blogger_item_excerpt\">Szlov\u00e1kia legnagyobb \u00fasz\u00f3klubja k\u00f6zvetlen\u00fcl az AquaCity Popr\u00e1dban tal\u00e1lhat\u00f3. Sok \u00e9ve m\u0171k\u00f6dik itt, akik sok sikert \u00e9rtek el.<\/div><div class=\"sc_blogger_item_button sc_item_button\"><a href=\"https:\/\/aquacity.sk\/hu\/services\/aquap-plavecky-klub\/\" class=\"sc_button sc_button_simple\">\u010c\u00edtaj viac<\/a><\/div><\/div><!-- .entry-content --><\/div><!-- .sc_blogger_item_body --><\/div><!-- .sc_blogger_item --><\/div><div class=\"trx_addons_column-1_3\"><div data-post-id=\"21935\" class=\"sc_blogger_item sc_blogger_item_default sc_blogger_item_default_classic sc_blogger_item_even sc_blogger_item_align_none post_format_standard sc_blogger_item_with_image sc_blogger_item_image_position_top post-21935 cpt_services type-cpt_services status-publish has-post-thumbnail hentry cpt_services_group-kurzy-plavania post_emotion_main_cool post_emotion_cool post_emotion_lol\" data-item-number=\"2\"\n\t><div class=\"sc_blogger_item_body\"><div class=\"post_featured with_thumb hover_dots sc_item_featured sc_blogger_item_featured\"><img decoding=\"async\" width=\"370\" height=\"208\" src=\"https:\/\/aquacity.sk\/wp-content\/uploads\/2022\/06\/AquaCity_web_202255-370x208.jpg\" class=\"attachment-neptunus-thumb-med size-neptunus-thumb-med wp-post-image\" alt=\"\" srcset=\"https:\/\/aquacity.sk\/wp-content\/uploads\/2022\/06\/AquaCity_web_202255-370x208.jpg 370w, https:\/\/aquacity.sk\/wp-content\/uploads\/2022\/06\/AquaCity_web_202255-300x169.jpg 300w, https:\/\/aquacity.sk\/wp-content\/uploads\/2022\/06\/AquaCity_web_202255-1024x576.jpg 1024w, https:\/\/aquacity.sk\/wp-content\/uploads\/2022\/06\/AquaCity_web_202255-768x432.jpg 768w, https:\/\/aquacity.sk\/wp-content\/uploads\/2022\/06\/AquaCity_web_202255-1536x864.jpg 1536w, https:\/\/aquacity.sk\/wp-content\/uploads\/2022\/06\/AquaCity_web_202255-1170x658.jpg 1170w, https:\/\/aquacity.sk\/wp-content\/uploads\/2022\/06\/AquaCity_web_202255-760x428.jpg 760w, https:\/\/aquacity.sk\/wp-content\/uploads\/2022\/06\/AquaCity_web_202255-1320x743.jpg 1320w, https:\/\/aquacity.sk\/wp-content\/uploads\/2022\/06\/AquaCity_web_202255-600x338.jpg 600w, https:\/\/aquacity.sk\/wp-content\/uploads\/2022\/06\/AquaCity_web_202255-270x152.jpg 270w, https:\/\/aquacity.sk\/wp-content\/uploads\/2022\/06\/AquaCity_web_202255.jpg 1920w\" sizes=\"(max-width: 370px) 100vw, 370px\" \/>\t\t\t\t\t\t<div class=\"mask\"><\/div>\n\t\t\t\t\t\t\t\t\t<a href=\"https:\/\/aquacity.sk\/hu\/services\/fit-flip-skola-plavania\/\"  aria-hidden=\"true\" class=\"icons\"><span><\/span><span><\/span><span><\/span><\/a>\n\t\t\t<\/div><div class=\"sc_blogger_item_content entry-content\"><h5 class=\"sc_blogger_item_title entry-title\" data-item-number=\"2\"><a href=\"https:\/\/aquacity.sk\/hu\/services\/fit-flip-skola-plavania\/\" rel=\"bookmark\">Fit Flip \u2013 \u00fasz\u00f3iskola<\/a><\/h5>\t\t<div class=\"post_meta sc_blogger_item_meta post_meta\">\n\t\t\t\t\t<\/div><!-- .post_meta -->\n\t\t<div class=\"sc_blogger_item_excerpt\">A 4-15 \u00e9ves gyermekek sz\u00e1m\u00e1ra FIT FLIP \u00fasz\u00f3iskola \u00e1ll rendelkez\u00e9sre. Vannak tanfolyamok teljesen kezd\u0151knek, de halad\u00f3knak is.<\/div><div class=\"sc_blogger_item_button sc_item_button\"><a href=\"https:\/\/aquacity.sk\/hu\/services\/fit-flip-skola-plavania\/\" class=\"sc_button sc_button_simple\">\u010c\u00edtaj viac<\/a><\/div><\/div><!-- .entry-content --><\/div><!-- .sc_blogger_item_body --><\/div><!-- .sc_blogger_item --><\/div><div class=\"trx_addons_column-1_3\"><div data-post-id=\"21936\" class=\"sc_blogger_item sc_blogger_item_default sc_blogger_item_default_classic sc_blogger_item_odd sc_blogger_item_align_none post_format_standard sc_blogger_item_with_image sc_blogger_item_image_position_top post-21936 cpt_services type-cpt_services status-publish has-post-thumbnail hentry cpt_services_group-kurzy-plavania post_emotion_main_cool post_emotion_cool post_emotion_lol\" data-item-number=\"3\"\n\t><div class=\"sc_blogger_item_body\"><div class=\"post_featured with_thumb hover_dots sc_item_featured sc_blogger_item_featured\"><img decoding=\"async\" width=\"370\" height=\"208\" src=\"https:\/\/aquacity.sk\/wp-content\/uploads\/2022\/06\/AquaCity_web_202200-370x208.jpg\" class=\"attachment-neptunus-thumb-med size-neptunus-thumb-med wp-post-image\" alt=\"\" srcset=\"https:\/\/aquacity.sk\/wp-content\/uploads\/2022\/06\/AquaCity_web_202200-370x208.jpg 370w, https:\/\/aquacity.sk\/wp-content\/uploads\/2022\/06\/AquaCity_web_202200-1170x658.jpg 1170w, https:\/\/aquacity.sk\/wp-content\/uploads\/2022\/06\/AquaCity_web_202200-270x152.jpg 270w\" sizes=\"(max-width: 370px) 100vw, 370px\" \/>\t\t\t\t\t\t<div class=\"mask\"><\/div>\n\t\t\t\t\t\t\t\t\t<a href=\"https:\/\/aquacity.sk\/hu\/services\/kurzy-plavania-pre-najmensich\/\"  aria-hidden=\"true\" class=\"icons\"><span><\/span><span><\/span><span><\/span><\/a>\n\t\t\t<\/div><div class=\"sc_blogger_item_content entry-content\"><h5 class=\"sc_blogger_item_title entry-title\" data-item-number=\"3\"><a href=\"https:\/\/aquacity.sk\/hu\/services\/kurzy-plavania-pre-najmensich\/\" rel=\"bookmark\">Baby Hippo \u2013 \u00dasz\u00f3tanfolyamok a legkisebbeknek<\/a><\/h5>\t\t<div class=\"post_meta sc_blogger_item_meta post_meta\">\n\t\t\t\t\t<\/div><!-- .post_meta -->\n\t\t<div class=\"sc_blogger_item_excerpt\">A HIPPO BABY CLUB 3 h\u00f3napos \u00e9s 3 \u00e9ves kor k\u00f6z\u00f6tti gyermekek sz\u00e1m\u00e1ra is szervez \u201e\u00fasz\u00e1s\u201c-tanfolyamokat. A tan\u00edt\u00e1s 5 hetes tanfolyamok form\u00e1j\u00e1ban t\u00f6rt\u00e9nik. A tanfolyamok j\u00e1t\u00e9k form\u00e1j\u00e1ban zajlanak egy gyermekcsapatban, k\u00e9pzett oktat\u00f3k ir\u00e1ny\u00edt\u00e1s\u00e1val a Blue Diamond medenc\u00e9ben, 33 \u00b0 C &#8211; 34 \u00b0 C v\u00edzh\u0151m\u00e9rs\u00e9kleten.<\/div><div class=\"sc_blogger_item_button sc_item_button\"><a href=\"https:\/\/aquacity.sk\/hu\/services\/kurzy-plavania-pre-najmensich\/\" class=\"sc_button sc_button_simple\">\u010c\u00edtaj viac<\/a><\/div><\/div><!-- .entry-content --><\/div><!-- .sc_blogger_item_body --><\/div><!-- .sc_blogger_item --><\/div><\/div><\/div>\t\t\t\t<\/div>\n\t\t\t\t<\/div>\n\t\t\t\t\t<\/div>\n\t\t<\/div>\n\t\t\t\t\t<\/div>\n\t\t<\/section>\n\t\t\t\t<\/div>\n\t\t","protected":false},"excerpt":{"rendered":"<p>AQUAP- plaveck\u00fd klub Edit Nejv\u011bt\u0161\u00ed plaveck\u00fd&hellip;<\/p>\n","protected":false},"author":2,"featured_media":20596,"parent":0,"menu_order":0,"comment_status":"closed","ping_status":"closed","template":"","meta":{"footnotes":""},"class_list":["post-21913","page","type-page","status-publish","has-post-thumbnail","hentry","post_emotion_main_cool","post_emotion_cool","post_emotion_lol"],"_links":{"self":[{"href":"https:\/\/aquacity.sk\/hu\/wp-json\/wp\/v2\/pages\/21913","targetHints":{"allow":["GET"]}}],"collection":[{"href":"https:\/\/aquacity.sk\/hu\/wp-json\/wp\/v2\/pages"}],"about":[{"href":"https:\/\/aquacity.sk\/hu\/wp-json\/wp\/v2\/types\/page"}],"author":[{"embeddable":true,"href":"https:\/\/aquacity.sk\/hu\/wp-json\/wp\/v2\/users\/2"}],"replies":[{"embeddable":true,"href":"https:\/\/aquacity.sk\/hu\/wp-json\/wp\/v2\/comments?post=21913"}],"version-history":[{"count":1,"href":"https:\/\/aquacity.sk\/hu\/wp-json\/wp\/v2\/pages\/21913\/revisions"}],"predecessor-version":[{"id":22034,"href":"https:\/\/aquacity.sk\/hu\/wp-json\/wp\/v2\/pages\/21913\/revisions\/22034"}],"wp:featuredmedia":[{"embeddable":true,"href":"https:\/\/aquacity.sk\/hu\/wp-json\/wp\/v2\/media\/20596"}],"wp:attachment":[{"href":"https:\/\/aquacity.sk\/hu\/wp-json\/wp\/v2\/media?parent=21913"}],"curies":[{"name":"wp","href":"https:\/\/api.w.org\/{rel}","templated":true}]}}