{"id":21908,"date":"2022-01-31T10:12:15","date_gmt":"2022-01-31T09:12:15","guid":{"rendered":"https:\/\/aquacity.sk\/obchody\/"},"modified":"2024-10-11T06:48:29","modified_gmt":"2024-10-11T04:48:29","slug":"uzletek","status":"publish","type":"page","link":"https:\/\/aquacity.sk\/hu\/uzletek\/","title":{"rendered":"\u00dczletek"},"content":{"rendered":"\t\t<div data-elementor-type=\"wp-post\" data-elementor-id=\"21908\" class=\"elementor elementor-21908 elementor-3739\">\n\t\t\t\t\t\t<section class=\"elementor-section elementor-top-section elementor-element elementor-element-5a001be8 elementor-section-boxed elementor-section-height-default elementor-section-height-default\" data-id=\"5a001be8\" data-element_type=\"section\">\n\t\t\t\t\t\t<div class=\"elementor-container elementor-column-gap-extended\">\n\t\t\t\t\t<div class=\"elementor-column elementor-col-100 elementor-top-column elementor-element elementor-element-6d7b9e99 sc_inner_width_none sc_layouts_column_icons_position_left\" data-id=\"6d7b9e99\" data-element_type=\"column\">\n\t\t\t<div class=\"elementor-widget-wrap elementor-element-populated\">\n\t\t\t\t\t\t<div class=\"elementor-element elementor-element-75e6afd sc_fly_static elementor-widget elementor-widget-spacer\" data-id=\"75e6afd\" data-element_type=\"widget\" data-widget_type=\"spacer.default\">\n\t\t\t\t<div class=\"elementor-widget-container\">\n\t\t\t\t\t\t\t<div class=\"elementor-spacer\">\n\t\t\t<div class=\"elementor-spacer-inner\"><\/div>\n\t\t<\/div>\n\t\t\t\t\t\t<\/div>\n\t\t\t\t<\/div>\n\t\t\t\t<div class=\"elementor-element elementor-element-55f6851d sc_fly_static elementor-widget elementor-widget-text-editor\" data-id=\"55f6851d\" data-element_type=\"widget\" data-widget_type=\"text-editor.default\">\n\t\t\t\t<div class=\"elementor-widget-container\">\n\t\t\t\t\t\t\t\t\t<p><strong>SPORTBOLT \u2013 COQUI<\/strong><\/p>\n<p>Ismeri ezt az \u00e9rz\u00e9st? Izgatottan l\u00e9p be az aquaparkba, \u00e9s hirtelen r\u00e1j\u00f6n, hogy a f\u00fcrd\u0151ruh\u00e1ja, a v\u00e9d\u0151szem\u00fcvege, a napteje vagy a gyerekeknek sz\u00e1nt v\u00edzi j\u00e1t\u00e9kok otthon maradtak. Ne essen k\u00e9ts\u00e9gbe! A COQUI sportboltban b\u00e1rmilyen \u00fasz\u00f3felszerel\u00e9st megv\u00e1s\u00e1rolhat a p\u00e9nzt\u00e1rn\u00e1l. A l\u00e1bair\u00f3l sem feledkezt\u00fcnk el. F\u00e9rfi, n\u0151i \u00e9s gyermek flip-flopokat is k\u00edn\u00e1lunk.     <\/p>\n<p><strong>AQUA SHOP<\/strong><br \/>Nem akar \u00fcres k\u00e9zzel t\u00e1vozni az aquaparkb\u00f3l. \u00d6rvendeztesse meg szeretteit a k\u00edn\u00e1latunkban tal\u00e1lhat\u00f3 aj\u00e1nd\u00e9kokkal \u00e9s aj\u00e1nd\u00e9kt\u00e1rgyakkal. A k\u00e9szp\u00e9nzes boltnak k\u00f6sz\u00f6nhet\u0151en kozmetikumokat, t\u00f6r\u00f6lk\u00f6z\u0151ket, f\u00fcrd\u0151leped\u0151ket \u00e9s egyebeket vihet mag\u00e1val  <\/p>\n\t\t\t\t\t\t\t\t<\/div>\n\t\t\t\t<\/div>\n\t\t\t\t\t<\/div>\n\t\t<\/div>\n\t\t\t\t\t<\/div>\n\t\t<\/section>\n\t\t\t\t<\/div>\n\t\t","protected":false},"excerpt":{"rendered":"<p>SPORTBOLT \u2013 COQUI Ismeri ezt az&hellip;<\/p>\n","protected":false},"author":2,"featured_media":21603,"parent":0,"menu_order":0,"comment_status":"closed","ping_status":"closed","template":"","meta":{"footnotes":""},"class_list":["post-21908","page","type-page","status-publish","has-post-thumbnail","hentry"],"_links":{"self":[{"href":"https:\/\/aquacity.sk\/hu\/wp-json\/wp\/v2\/pages\/21908","targetHints":{"allow":["GET"]}}],"collection":[{"href":"https:\/\/aquacity.sk\/hu\/wp-json\/wp\/v2\/pages"}],"about":[{"href":"https:\/\/aquacity.sk\/hu\/wp-json\/wp\/v2\/types\/page"}],"author":[{"embeddable":true,"href":"https:\/\/aquacity.sk\/hu\/wp-json\/wp\/v2\/users\/2"}],"replies":[{"embeddable":true,"href":"https:\/\/aquacity.sk\/hu\/wp-json\/wp\/v2\/comments?post=21908"}],"version-history":[{"count":2,"href":"https:\/\/aquacity.sk\/hu\/wp-json\/wp\/v2\/pages\/21908\/revisions"}],"predecessor-version":[{"id":22162,"href":"https:\/\/aquacity.sk\/hu\/wp-json\/wp\/v2\/pages\/21908\/revisions\/22162"}],"wp:featuredmedia":[{"embeddable":true,"href":"https:\/\/aquacity.sk\/hu\/wp-json\/wp\/v2\/media\/21603"}],"wp:attachment":[{"href":"https:\/\/aquacity.sk\/hu\/wp-json\/wp\/v2\/media?parent=21908"}],"curies":[{"name":"wp","href":"https:\/\/api.w.org\/{rel}","templated":true}]}}