{"id":21905,"date":"2022-01-31T10:11:22","date_gmt":"2022-01-31T09:11:22","guid":{"rendered":"https:\/\/aquacity.sk\/restauracie\/"},"modified":"2025-12-05T06:38:11","modified_gmt":"2025-12-05T05:38:11","slug":"ettermek","status":"publish","type":"page","link":"https:\/\/aquacity.sk\/hu\/ettermek\/","title":{"rendered":"\u00c9ttermek"},"content":{"rendered":"\t\t<div data-elementor-type=\"wp-post\" data-elementor-id=\"21905\" class=\"elementor elementor-21905 elementor-3735\">\n\t\t\t\t\t\t<section class=\"elementor-section elementor-top-section elementor-element elementor-element-be65726 elementor-section-boxed elementor-section-height-default elementor-section-height-default\" data-id=\"be65726\" data-element_type=\"section\">\n\t\t\t\t\t\t<div class=\"elementor-container elementor-column-gap-extended\">\n\t\t\t\t\t<div class=\"elementor-column elementor-col-100 elementor-top-column elementor-element elementor-element-f62a3c9 sc_inner_width_none sc_layouts_column_icons_position_left\" data-id=\"f62a3c9\" data-element_type=\"column\">\n\t\t\t<div class=\"elementor-widget-wrap elementor-element-populated\">\n\t\t\t\t\t\t<div class=\"elementor-element elementor-element-432ebe1 sc_fly_static elementor-widget elementor-widget-trx_sc_promo\" data-id=\"432ebe1\" data-element_type=\"widget\" data-widget_type=\"trx_sc_promo.default\">\n\t\t\t\t<div class=\"elementor-widget-container\">\n\t\t\t\t\t<div  id=\"trx_sc_promo_145076059\" \n\tclass=\"sc_promo sc_promo_default sc_promo_size_normal sc_promo_image_position_left sc_promo_text_bg\"><div class=\"sc_promo_image\" style=\"width:50%;left: 0;\"><div class=\"slider_outer slider_swiper_outer slider_style_default slider_outer_direction_horizontal slider_outer_one slider_outer_pagination slider_outer_pagination_bullets slider_outer_pagination_pos_bottom slider_outer_controls slider_outer_controls_side slider_outer_nocentered slider_outer_overflow_hidden slider_outer_notitles\"><div class=\"slider_container slider_swiper swiper-slider-container slider_controls slider_controls_side slider_nocentered slider_overflow_hidden slider_notitles slider_noresize slider_swipe slider_height_auto slider_direction_horizontal slider_pagination slider_pagination_bullets slider_pagination_pos_bottom slider_one slider_type_bg\" data-ratio=\"16:9\" data-interval=\"8104\" data-effect=\"slide\" data-pagination=\"bullets\" data-direction=\"horizontal\" data-slides-per-view=\"1\" data-slides-space=\"0\" data-slides-centered=\"0\" data-slides-overflow=\"0\" data-mouse-wheel=\"0\" data-autoplay=\"1\" data-slides-min-width=\"150\"><div class=\"slider-wrapper swiper-wrapper\"><div  class=\"slider-slide swiper-slide\" data-image=\"\/\/aquacity.sk\/wp-content\/uploads\/2025\/05\/BAR_A_RESTAURACIA_09_web.jpeg\" style=\"background-image:url(\/\/aquacity.sk\/wp-content\/uploads\/2025\/05\/BAR_A_RESTAURACIA_09_web.jpeg);\"><\/div><div  class=\"slider-slide swiper-slide\" data-image=\"\/\/aquacity.sk\/wp-content\/uploads\/2022\/06\/AquaCity_web_202239.jpg\" style=\"background-image:url(\/\/aquacity.sk\/wp-content\/uploads\/2022\/06\/AquaCity_web_202239.jpg);\"><\/div><\/div><!-- \/.slider-wrapper --><div class=\"slider_pagination_wrap swiper-pagination\"><\/div><div class=\"slider_controls_wrap\"><a class=\"slider_prev swiper-button-prev\" href=\"#\"><\/a><a class=\"slider_next swiper-button-next\" href=\"#\"><\/a><\/div><\/div><!-- \/.slider_container --><\/div><!-- \/.slider_outer --><\/div><!-- \/.sc_promo_image --><div class=\"sc_promo_text\" style=\"width: 50%;float: right;\">\n\t\t\t<div class=\"sc_promo_text_inner trx_addons_inline_1025019914\"><h2 class=\"sc_item_title sc_promo_title sc_item_title_style_decoration sc_item_title_tag\"><span class=\"sc_item_title_text\">High Tatras \u00e9tterem<\/span><\/h2><div class=\"sc_item_descr sc_promo_descr\"><p>Az \u00e9tterem mindenki sz\u00e1m\u00e1ra nyitva \u00e1ll \u2013 sz\u00e1ll\u00f3vend\u00e9gek, a nagyk\u00f6z\u00f6ns\u00e9g \u00e9s az aquapark l\u00e1togat\u00f3i sz\u00e1m\u00e1ra is. Bemutatjuk \u00faj k\u00edn\u00e1latunkat, amely m\u00e9g magasabb min\u0151s\u00e9g\u0171 \u00e9teleket \u00e9s kiemelked\u0151bb sz\u00ednvonal\u00fa kiszolg\u00e1l\u00e1st k\u00edn\u00e1l. H\u00e9tk\u00f6znapokon \u00e9lvezheti Chef\u2019s men\u00fcnket, amely a leg\u00fajabb gasztron\u00f3miai trendeket k\u00f6veti. Emellett el\u00e9rhet\u0151 a Snack men\u00fc is \u2013 ide\u00e1lis v\u00e1laszt\u00e1s k\u00f6nnyebb eb\u00e9dre vagy egy gyors falatra. H\u00e9tv\u00e9g\u00e9n szeretettel v\u00e1rjuk \u00e0 la carte men\u00fcnkkel, amely \u00edzletesen \u00f6sszehangolt fog\u00e1sokat k\u00edn\u00e1l, friss alapanyagokkal \u00e9s prec\u00edz t\u00e1lal\u00e1ssal.<\/p>\n<\/div><div id=\"sc_button_1521560271\"\tclass=\"sc_item_button sc_button_wrap sc_item_button sc_item_button_default sc_promo_button\"><a href=\"https:\/\/aquacity.sk\/wp-content\/uploads\/2025\/12\/Vikendove_Menu_2025_web.pdf\" class=\"sc_button sc_button_default sc_button_size_normal sc_button_icon_left\" target=\"_blank\"><span class=\"sc_button_text\"><span class=\"sc_button_title\">H\u00e9tv\u00e9gi men\u00fc<\/span><\/span><!-- \/.sc_button_text --><\/a><!-- \/.sc_button --><\/div><!-- \/.sc_item_button --><\/div>\n\t\t<\/div><!-- \/.sc_promo_text --><\/div><!-- \/.sc_promo -->\t\t\t\t<\/div>\n\t\t\t\t<\/div>\n\t\t\t\t\t<\/div>\n\t\t<\/div>\n\t\t\t\t\t<\/div>\n\t\t<\/section>\n\t\t\t\t<section class=\"elementor-section elementor-top-section elementor-element elementor-element-114ed42 elementor-section-boxed elementor-section-height-default elementor-section-height-default\" data-id=\"114ed42\" data-element_type=\"section\">\n\t\t\t\t\t\t<div class=\"elementor-container elementor-column-gap-extended\">\n\t\t\t\t\t<div class=\"elementor-column elementor-col-100 elementor-top-column elementor-element elementor-element-0519dc9 sc_inner_width_none sc_layouts_column_icons_position_left\" data-id=\"0519dc9\" data-element_type=\"column\">\n\t\t\t<div class=\"elementor-widget-wrap elementor-element-populated\">\n\t\t\t\t\t\t<div class=\"elementor-element elementor-element-3567340 sc_fly_static elementor-widget elementor-widget-trx_sc_promo\" data-id=\"3567340\" data-element_type=\"widget\" data-widget_type=\"trx_sc_promo.default\">\n\t\t\t\t<div class=\"elementor-widget-container\">\n\t\t\t\t\t<div  id=\"trx_sc_promo_1780153157\" \n\tclass=\"sc_promo sc_promo_default sc_promo_size_normal sc_promo_image_position_left sc_promo_text_bg\"><div class=\"sc_promo_image\" style=\"width:50%;left: 0;\"><div class=\"slider_outer slider_swiper_outer slider_style_default slider_outer_direction_horizontal slider_outer_one slider_outer_pagination slider_outer_pagination_bullets slider_outer_pagination_pos_bottom slider_outer_controls slider_outer_controls_side slider_outer_nocentered slider_outer_overflow_hidden slider_outer_notitles\"><div class=\"slider_container slider_swiper swiper-slider-container slider_controls slider_controls_side slider_nocentered slider_overflow_hidden slider_notitles slider_noresize slider_swipe slider_height_auto slider_direction_horizontal slider_pagination slider_pagination_bullets slider_pagination_pos_bottom slider_one slider_type_bg\" data-ratio=\"16:9\" data-interval=\"5319\" data-effect=\"slide\" data-pagination=\"bullets\" data-direction=\"horizontal\" data-slides-per-view=\"1\" data-slides-space=\"0\" data-slides-centered=\"0\" data-slides-overflow=\"0\" data-mouse-wheel=\"0\" data-autoplay=\"1\" data-slides-min-width=\"150\"><div class=\"slider-wrapper swiper-wrapper\"><div  class=\"slider-slide swiper-slide\" data-image=\"\/\/aquacity.sk\/wp-content\/uploads\/2025\/05\/c-Marek-Hajkovsky-foto-AQUACITY-2022_174_web.jpeg\" style=\"background-image:url(\/\/aquacity.sk\/wp-content\/uploads\/2025\/05\/c-Marek-Hajkovsky-foto-AQUACITY-2022_174_web.jpeg);\"><\/div><div  class=\"slider-slide swiper-slide\" data-image=\"\/\/aquacity.sk\/wp-content\/uploads\/2022\/05\/AquaCity_1920x1080_69.jpg\" style=\"background-image:url(\/\/aquacity.sk\/wp-content\/uploads\/2022\/05\/AquaCity_1920x1080_69.jpg);\"><\/div><\/div><!-- \/.slider-wrapper --><div class=\"slider_pagination_wrap swiper-pagination\"><\/div><div class=\"slider_controls_wrap\"><a class=\"slider_prev swiper-button-prev\" href=\"#\"><\/a><a class=\"slider_next swiper-button-next\" href=\"#\"><\/a><\/div><\/div><!-- \/.slider_container --><\/div><!-- \/.slider_outer --><\/div><!-- \/.sc_promo_image --><div class=\"sc_promo_text\" style=\"width: 50%;float: right;\">\n\t\t\t<div class=\"sc_promo_text_inner trx_addons_inline_1055974571\"><h2 class=\"sc_item_title sc_promo_title sc_item_title_style_decoration sc_item_title_tag\"><span class=\"sc_item_title_text\">Lighthouse \u00e9tterem<\/span><\/h2><div class=\"sc_item_descr sc_promo_descr\"><p>\u00cdzlel\u0151bimb\u00f3it k\u00f6zvetlen\u00fcl az aquaparkban is meg\u00f6rvendeztetheti a st\u00edlusos \u00e9s modern \u00f6nkiszolg\u00e1l\u00f3 \u00e9tteremben, amely min\u0151s\u00e9gi \u00e9s eg\u00e9szs\u00e9ges \u00e9teleket \u00e9s italokat, h\u00e1zias \u00e9teleket, olasz pizz\u00e1t, desszerteket \u00e9s m\u00e9g sok m\u00e1st k\u00edn\u00e1l. Az \u00e9tteremben tett l\u00e1togat\u00e1s sor\u00e1n \u00fagy \u00e9rezheti mag\u00e1t, mintha a tengerparti nyaral\u00e1son lenne. Az eg\u00e9sz \u00e9tterem tengerparti hangulatot \u00e1raszt. A jelk\u00e9p a vil\u00e1g\u00edt\u00f3torony, \u00e9s egy kit\u0171n\u0151 sal\u00e1tab\u00e1r is tal\u00e1lhat\u00f3 itt.<\/p>\n<\/div><\/div>\n\t\t<\/div><!-- \/.sc_promo_text --><\/div><!-- \/.sc_promo -->\t\t\t\t<\/div>\n\t\t\t\t<\/div>\n\t\t\t\t\t<\/div>\n\t\t<\/div>\n\t\t\t\t\t<\/div>\n\t\t<\/section>\n\t\t\t\t<section class=\"elementor-section elementor-top-section elementor-element elementor-element-6dbc473 elementor-section-boxed elementor-section-height-default elementor-section-height-default\" data-id=\"6dbc473\" data-element_type=\"section\">\n\t\t\t\t\t\t<div class=\"elementor-container elementor-column-gap-extended\">\n\t\t\t\t\t<div class=\"elementor-column elementor-col-100 elementor-top-column elementor-element elementor-element-14d75f4 sc_inner_width_none sc_layouts_column_icons_position_left\" data-id=\"14d75f4\" data-element_type=\"column\">\n\t\t\t<div class=\"elementor-widget-wrap elementor-element-populated\">\n\t\t\t\t\t\t<div class=\"elementor-element elementor-element-a5879fb sc_fly_static elementor-widget elementor-widget-trx_sc_promo\" data-id=\"a5879fb\" data-element_type=\"widget\" data-widget_type=\"trx_sc_promo.default\">\n\t\t\t\t<div class=\"elementor-widget-container\">\n\t\t\t\t\t<div  id=\"trx_sc_promo_251160377\" \n\tclass=\"sc_promo sc_promo_default sc_promo_size_normal sc_promo_image_position_left sc_promo_text_bg\"><div class=\"sc_promo_image\" style=\"width:50%;left: 0;\"><div class=\"slider_outer slider_swiper_outer slider_style_default slider_outer_direction_horizontal slider_outer_one slider_outer_pagination slider_outer_pagination_bullets slider_outer_pagination_pos_bottom slider_outer_controls slider_outer_controls_side slider_outer_nocentered slider_outer_overflow_hidden slider_outer_notitles\"><div class=\"slider_container slider_swiper swiper-slider-container slider_controls slider_controls_side slider_nocentered slider_overflow_hidden slider_notitles slider_noresize slider_swipe slider_height_auto slider_direction_horizontal slider_pagination slider_pagination_bullets slider_pagination_pos_bottom slider_one slider_type_bg\" data-ratio=\"16:9\" data-interval=\"8308\" data-effect=\"slide\" data-pagination=\"bullets\" data-direction=\"horizontal\" data-slides-per-view=\"1\" data-slides-space=\"0\" data-slides-centered=\"0\" data-slides-overflow=\"0\" data-mouse-wheel=\"0\" data-autoplay=\"1\" data-slides-min-width=\"150\"><div class=\"slider-wrapper swiper-wrapper\"><div  class=\"slider-slide swiper-slide\" data-image=\"\/\/aquacity.sk\/wp-content\/uploads\/2024\/03\/AquaCity_Poprad_Leto_MH_web_076.jpg\" style=\"background-image:url(\/\/aquacity.sk\/wp-content\/uploads\/2024\/03\/AquaCity_Poprad_Leto_MH_web_076.jpg);\"><\/div><div  class=\"slider-slide swiper-slide\" data-image=\"\/\/aquacity.sk\/wp-content\/uploads\/2022\/05\/AquaCity_1920x1080_76.jpg\" style=\"background-image:url(\/\/aquacity.sk\/wp-content\/uploads\/2022\/05\/AquaCity_1920x1080_76.jpg);\"><\/div><\/div><!-- \/.slider-wrapper --><div class=\"slider_pagination_wrap swiper-pagination\"><\/div><div class=\"slider_controls_wrap\"><a class=\"slider_prev swiper-button-prev\" href=\"#\"><\/a><a class=\"slider_next swiper-button-next\" href=\"#\"><\/a><\/div><\/div><!-- \/.slider_container --><\/div><!-- \/.slider_outer --><\/div><!-- \/.sc_promo_image --><div class=\"sc_promo_text\" style=\"width: 50%;float: right;\">\n\t\t\t<div class=\"sc_promo_text_inner trx_addons_inline_1492032677\"><h2 class=\"sc_item_title sc_promo_title sc_item_title_style_decoration sc_item_title_tag\"><span class=\"sc_item_title_text\">Ny\u00e1ri standok<\/span><\/h2><div class=\"sc_item_descr sc_promo_descr\"><p>K\u00f6zismert t\u00e9ny, hogy a v\u00edz k\u00f6zel\u00e9ben lenni valahogy automatikusan \u00e9hs\u00e9g\u00e9rzetet v\u00e1lt ki. Az AquaCity Popradban k\u00fcl\u00f6nf\u00e9le gasztron\u00f3miai finoms\u00e1gokkal kedveskedhet a pocakj\u00e1nak. Sokan eml\u00e9ksz\u00fcnk m\u00e9g azokra az id\u0151kre, amikor elk\u00e9pzelhetetlen volt az uszod\u00e1ban tart\u00f3zkod\u00e1s l\u00e1ngos n\u00e9lk\u00fcl a kez\u00fcnkben. A ny\u00e1ri szezonban ny\u00e1ri gyors\u00e9ttermek is v\u00e1rj\u00e1k a vend\u00e9geket. K\u00e9nyeztesse \u00edzlel\u0151bimb\u00f3it grillezett \u00e9telekkel, l\u00e1ngossal, pizz\u00e1val vagy t\u00e9szt\u00e1val. H\u0171tse le forr\u00f3 gondolatait finom fagylalttal. A ny\u00e1ri standok k\u00f6zvetlen\u00fcl a szabadt\u00e9ri sz\u00ednpad el\u0151tt tal\u00e1lhat\u00f3k, ahol eg\u00e9sz ny\u00e1ron gazdag sz\u00f3rakoztat\u00f3 programok zajlanak.<\/p>\n<\/div><\/div>\n\t\t<\/div><!-- \/.sc_promo_text --><\/div><!-- \/.sc_promo -->\t\t\t\t<\/div>\n\t\t\t\t<\/div>\n\t\t\t\t\t<\/div>\n\t\t<\/div>\n\t\t\t\t\t<\/div>\n\t\t<\/section>\n\t\t\t\t<\/div>\n\t\t","protected":false},"excerpt":{"rendered":"<p>High Tatras \u00e9tterem Az \u00e9tterem mindenki&hellip;<\/p>\n","protected":false},"author":2,"featured_media":21634,"parent":0,"menu_order":0,"comment_status":"closed","ping_status":"closed","template":"","meta":{"footnotes":""},"class_list":["post-21905","page","type-page","status-publish","has-post-thumbnail","hentry"],"_links":{"self":[{"href":"https:\/\/aquacity.sk\/hu\/wp-json\/wp\/v2\/pages\/21905","targetHints":{"allow":["GET"]}}],"collection":[{"href":"https:\/\/aquacity.sk\/hu\/wp-json\/wp\/v2\/pages"}],"about":[{"href":"https:\/\/aquacity.sk\/hu\/wp-json\/wp\/v2\/types\/page"}],"author":[{"embeddable":true,"href":"https:\/\/aquacity.sk\/hu\/wp-json\/wp\/v2\/users\/2"}],"replies":[{"embeddable":true,"href":"https:\/\/aquacity.sk\/hu\/wp-json\/wp\/v2\/comments?post=21905"}],"version-history":[{"count":14,"href":"https:\/\/aquacity.sk\/hu\/wp-json\/wp\/v2\/pages\/21905\/revisions"}],"predecessor-version":[{"id":26855,"href":"https:\/\/aquacity.sk\/hu\/wp-json\/wp\/v2\/pages\/21905\/revisions\/26855"}],"wp:featuredmedia":[{"embeddable":true,"href":"https:\/\/aquacity.sk\/hu\/wp-json\/wp\/v2\/media\/21634"}],"wp:attachment":[{"href":"https:\/\/aquacity.sk\/hu\/wp-json\/wp\/v2\/media?parent=21905"}],"curies":[{"name":"wp","href":"https:\/\/api.w.org\/{rel}","templated":true}]}}