{"id":21901,"date":"2022-06-21T18:50:36","date_gmt":"2022-06-21T16:50:36","guid":{"rendered":"https:\/\/aquacity.sk\/pobytove-baliky\/"},"modified":"2025-04-24T11:35:29","modified_gmt":"2025-04-24T09:35:29","slug":"udulesi-csomagok","status":"publish","type":"page","link":"https:\/\/aquacity.sk\/hu\/udulesi-csomagok\/","title":{"rendered":"\u00dcd\u00fcl\u00e9si csomagok"},"content":{"rendered":"\t\t<div data-elementor-type=\"wp-post\" data-elementor-id=\"21901\" class=\"elementor elementor-21901 elementor-6567\">\n\t\t\t\t\t\t<section class=\"elementor-section elementor-top-section elementor-element elementor-element-be65726 elementor-section-boxed elementor-section-height-default elementor-section-height-default\" data-id=\"be65726\" data-element_type=\"section\">\n\t\t\t\t\t\t<div class=\"elementor-container elementor-column-gap-extended\">\n\t\t\t\t\t<div class=\"elementor-column elementor-col-100 elementor-top-column elementor-element elementor-element-f62a3c9 sc_inner_width_none sc_layouts_column_icons_position_left\" data-id=\"f62a3c9\" data-element_type=\"column\">\n\t\t\t<div class=\"elementor-widget-wrap elementor-element-populated\">\n\t\t\t\t\t\t<div class=\"elementor-element elementor-element-d017974 sc_fly_static elementor-widget elementor-widget-text-editor\" data-id=\"d017974\" data-element_type=\"widget\" data-widget_type=\"text-editor.default\">\n\t\t\t\t<div class=\"elementor-widget-container\">\n\t\t\t\t\t\t\t\t\t<p>A Magas-T\u00e1tra ide\u00e1lis c\u00e9lpont azon l\u00e1togat\u00f3k sz\u00e1m\u00e1ra, akik magas szint\u0171 szolg\u00e1ltat\u00e1st keresnek, ugyanakkor akt\u00edv pihen\u00e9sre v\u00e1gynak. Ha \u00fagy d\u00f6nt\u00f6tt, hogy a hegyekben t\u00f6lti szabads\u00e1g\u00e1t, v\u00e1lassza a T\u00e1tr\u00e1t &#8211; Szlov\u00e1kia legmagasabb \u00e9s legszebb hegyeit, amelyek t\u00f6k\u00e9letes helysz\u00ednt biztos\u00edtanak a v\u00e1ltozatos kikapcsol\u00f3d\u00e1shoz. <strong>K\u00f6zvetlen\u00fcl a Magas-T\u00e1tra alatt, szinte Eur\u00f3pa sz\u00edv\u00e9ben tal\u00e1lhat\u00f3 az AquaCity Poprad kiv\u00e9teles \u00f6kol\u00f3giai \u00fcd\u00fcl\u0151hely, amely mag\u00e1ban foglalja a Mountain View ****, Seasons ****, Riverside *** . <\/strong>Luxus sz\u00e1ll\u00e1st, pihen\u00e9st \u00e9s kikapcsol\u00f3d\u00e1st a term\u00e1lvizes parkban, wellness-t a Fire &amp; Water Wellness &amp; Spa k\u00f6zpontban, remek sz\u00f3rakoz\u00e1st a b\u00e1rok \u00e9s \u00e9ttermek egyik\u00e9ben \u00e9s sz\u00e1mos tov\u00e1bbi szolg\u00e1ltat\u00e1st k\u00edn\u00e1lunk \u00d6nnek.<\/p>\t\t\t\t\t\t\t\t<\/div>\n\t\t\t\t<\/div>\n\t\t\t\t\t<\/div>\n\t\t<\/div>\n\t\t\t\t\t<\/div>\n\t\t<\/section>\n\t\t\t\t<section class=\"elementor-section elementor-top-section elementor-element elementor-element-797f7285 elementor-section-boxed elementor-section-height-default elementor-section-height-default\" data-id=\"797f7285\" data-element_type=\"section\">\n\t\t\t\t\t\t<div class=\"elementor-container elementor-column-gap-extended\">\n\t\t\t\t\t<div class=\"elementor-column elementor-col-100 elementor-top-column elementor-element elementor-element-7e72d0d0 sc_inner_width_none sc_layouts_column_icons_position_left\" data-id=\"7e72d0d0\" data-element_type=\"column\">\n\t\t\t<div class=\"elementor-widget-wrap elementor-element-populated\">\n\t\t\t\t\t\t<div class=\"elementor-element elementor-element-19bd5357 sc_fly_static elementor-widget elementor-widget-trx_sc_price\" data-id=\"19bd5357\" data-element_type=\"widget\" data-widget_type=\"trx_sc_price.default\">\n\t\t\t\t<div class=\"elementor-widget-container\">\n\t\t\t\t\t<div  id=\"trx_sc_price_669074348\" \r\n\tclass=\"sc_price sc_price_default\"><div class=\"sc_price_columns_wrap sc_item_columns trx_addons_columns_wrap columns_padding_bottom\"><div class=\"trx_addons_column-1_3\"><div class=\"sc_price_item sc_price_item_default\">\r\n\t\t\t<div class=\"sc_price_item_info\"><h6 class=\"sc_price_item_subtitle\"><span>AquaCity Poprad<\/span><\/h6><h3 class=\"sc_price_item_title\"><span>Hotel Seasons ****<\/span><\/h3><div class=\"sc_price_item_price\"><span class=\"sc_price_item_price_value\">100\u20ac<\/span><span class=\"sc_price_item_price_after\">-t\u00f3l \/ \u00e9jszaka<\/span><\/div><div class=\"sc_price_item_details\"><ul class=\"trx_addons_list\" style=\"text-align: left;\"><li><strong>A<\/strong> 23,6 m2 alapter\u00fclet\u0171 <strong>Standard szob\u00e1k<\/strong> alkalmasak 2 f\u0151 vagy gyermekes csal\u00e1dok elsz\u00e1ll\u00e1sol\u00e1s\u00e1ra.<\/li><li><strong>A loft st\u00edlus\u00fa duplex szob\u00e1k<\/strong> gyermekes csal\u00e1dok sz\u00e1m\u00e1ra k\u00e9sz\u00fcltek. A 35,2 m2-es szobater\u00fclet elegend\u0151 helyet biztos\u00edt a tart\u00f3zkod\u00e1shoz.<\/li><li>A 67,7m2-<strong>es De Luxe apartman<\/strong> 2 k\u00fcl\u00f6n h\u00e1l\u00f3szob\u00e1val, 2 f\u00fcrd\u0151szob\u00e1val, konyhasarokkal felszerelt<strong>.<\/strong><\/li><\/ul><\/div><a href=\"https:\/\/aquacityhotel.sk\/en\/stay-packages\/\" class=\"sc_price_item_link sc_button\" target=\"_blank\">\u00dcd\u00fcl\u00e9si csomagok aj\u00e1nlata<\/a><\/div><!-- \/.sc_price_item_info --><\/div><\/div><div class=\"trx_addons_column-1_3\"><div class=\"sc_price_item sc_price_item_default\">\r\n\t\t\t<div class=\"sc_price_item_info\"><h6 class=\"sc_price_item_subtitle\"><span>AquaCity Poprad<\/span><\/h6><h3 class=\"sc_price_item_title\"><span>Hotel Mountain View ****<\/span><\/h3><div class=\"sc_price_item_price\"><span class=\"sc_price_item_price_value\">100\u20ac<\/span><span class=\"sc_price_item_price_after\">-t\u00f3l \/ \u00e9jszaka<\/span><\/div><div class=\"sc_price_item_details\"><ul class=\"trx_addons_list\" style=\"text-align: left;\"><li style=\"font-weight: 400;\"><strong>A<\/strong> 30,02 m2 alapter\u00fclet\u0171 <strong>Standard szob\u00e1k<\/strong> ide\u00e1lisak 2 f\u0151 elsz\u00e1ll\u00e1sol\u00e1s\u00e1ra. Minden szob\u00e1hoz erk\u00e9ly tartozik, kil\u00e1t\u00e1ssal a Magas-T\u00e1tr\u00e1ra, \u00e9s lehet\u0151s\u00e9g van p\u00f3t\u00e1gy elhelyez\u00e9s\u00e9re.<\/li><li><strong>De Luxe Apartments<\/strong> - 4 luxusapartman 2-4 f\u0151 r\u00e9sz\u00e9re, nappali \u00e9s h\u00e1l\u00f3szoba. A szob\u00e1k ter\u00fclete 60,2 m2. K\u00e9t k\u00fcl\u00f6n f\u00fcrd\u0151szob\u00e1val \u00e9s k\u00e9t erk\u00e9llyel rendelkeznek, kil\u00e1t\u00e1ssal<\/li><\/ul><\/div><a href=\"https:\/\/aquacityhotel.sk\/en\/stay-packages\/\" class=\"sc_price_item_link sc_button\" target=\"_blank\">\u00dcd\u00fcl\u00e9si csomagok aj\u00e1nlata<\/a><\/div><!-- \/.sc_price_item_info --><\/div><\/div><div class=\"trx_addons_column-1_3\"><div class=\"sc_price_item sc_price_item_default\">\r\n\t\t\t<div class=\"sc_price_item_info\"><h6 class=\"sc_price_item_subtitle\"><span>Az AquaCity Poprad k\u00f6zel\u00e9ben<\/span><\/h6><h3 class=\"sc_price_item_title\"><span>Hotel Riverside ***<\/span><\/h3><div class=\"sc_price_item_price\"><span class=\"sc_price_item_price_value\">80\u20ac <\/span><span class=\"sc_price_item_price_after\">-t\u00f3l \/ \u00e9jszaka<\/span><\/div><div class=\"sc_price_item_details\"><ul class=\"trx_addons_list\" style=\"text-align: left;\"><li style=\"font-weight: 400;\"><strong>Standard szob\u00e1k<\/strong> - St\u00edlusos sz\u00e1ll\u00e1s 17 standard szob\u00e1ban, p\u00e1r l\u00e9p\u00e9sre az Aquaparkt\u00f3l.\u00a0<\/li><li><strong>Superior szoba<\/strong> - A t\u00e1gas szoba nagyobb k\u00e9nyelmet \u00e9s elegend\u0151 helyet k\u00edn\u00e1l ak\u00e1r 3 feln\u0151tt vagy gyermekes csal\u00e1dok sz\u00e1m\u00e1ra. A Riverside Hotel a Nemzeti Labdar\u00fag\u00f3 Edz\u0151k\u00f6zpont r\u00e9sze.<\/li><\/ul><\/div><a href=\"https:\/\/aquacityhotel.sk\/en\/stay-packages\/\" class=\"sc_price_item_link sc_button\" target=\"_blank\">\u00dcd\u00fcl\u00e9si csomagok aj\u00e1nlata<\/a><\/div><!-- \/.sc_price_item_info --><\/div><\/div><\/div><\/div><!-- \/.sc_price -->\t\t\t\t<\/div>\n\t\t\t\t<\/div>\n\t\t\t\t\t<\/div>\n\t\t<\/div>\n\t\t\t\t\t<\/div>\n\t\t<\/section>\n\t\t\t\t<section class=\"elementor-section elementor-top-section elementor-element elementor-element-6dbc473 elementor-section-boxed elementor-section-height-default elementor-section-height-default\" data-id=\"6dbc473\" data-element_type=\"section\">\n\t\t\t\t\t\t<div class=\"elementor-container elementor-column-gap-extended\">\n\t\t\t\t\t<div class=\"elementor-column elementor-col-100 elementor-top-column elementor-element elementor-element-14d75f4 sc_inner_width_none sc_layouts_column_icons_position_left\" data-id=\"14d75f4\" data-element_type=\"column\">\n\t\t\t<div class=\"elementor-widget-wrap elementor-element-populated\">\n\t\t\t\t\t\t<div class=\"elementor-element elementor-element-a5879fb sc_fly_static elementor-widget elementor-widget-trx_sc_promo\" data-id=\"a5879fb\" data-element_type=\"widget\" data-widget_type=\"trx_sc_promo.default\">\n\t\t\t\t<div class=\"elementor-widget-container\">\n\t\t\t\t\t<div  id=\"trx_sc_promo_1727624348\" \n\tclass=\"sc_promo sc_promo_default sc_promo_size_normal sc_promo_image_position_left sc_promo_text_bg\"><div class=\"sc_promo_image\" style=\"width:50%;left: 0;\"><div class=\"slider_outer slider_swiper_outer slider_style_default slider_outer_direction_horizontal slider_outer_one slider_outer_pagination slider_outer_pagination_bullets slider_outer_pagination_pos_bottom slider_outer_controls slider_outer_controls_side slider_outer_nocentered slider_outer_overflow_hidden slider_outer_notitles\"><div class=\"slider_container slider_swiper swiper-slider-container slider_controls slider_controls_side slider_nocentered slider_overflow_hidden slider_notitles slider_noresize slider_swipe slider_height_auto slider_direction_horizontal slider_pagination slider_pagination_bullets slider_pagination_pos_bottom slider_one slider_type_bg\" data-ratio=\"16:9\" data-interval=\"8323\" data-effect=\"slide\" data-pagination=\"bullets\" data-direction=\"horizontal\" data-slides-per-view=\"1\" data-slides-space=\"0\" data-slides-centered=\"0\" data-slides-overflow=\"0\" data-mouse-wheel=\"0\" data-autoplay=\"1\" data-slides-min-width=\"150\"><div class=\"slider-wrapper swiper-wrapper\"><div  class=\"slider-slide swiper-slide\" data-image=\"\/\/aquacity.sk\/wp-content\/uploads\/2022\/06\/AquaCity_Hotel__HQ_Seasons_2019_00.jpg\" style=\"background-image:url(\/\/aquacity.sk\/wp-content\/uploads\/2022\/06\/AquaCity_Hotel__HQ_Seasons_2019_00.jpg);\"><\/div><div  class=\"slider-slide swiper-slide\" data-image=\"\/\/aquacity.sk\/wp-content\/uploads\/2022\/06\/AquaCity_Hotel__HQ_Seasons_2019_11.jpg\" style=\"background-image:url(\/\/aquacity.sk\/wp-content\/uploads\/2022\/06\/AquaCity_Hotel__HQ_Seasons_2019_11.jpg);\"><\/div><div  class=\"slider-slide swiper-slide\" data-image=\"\/\/aquacity.sk\/wp-content\/uploads\/2022\/06\/AquaCity_Hotel__HQ_Seasons_2019_12.jpg\" style=\"background-image:url(\/\/aquacity.sk\/wp-content\/uploads\/2022\/06\/AquaCity_Hotel__HQ_Seasons_2019_12.jpg);\"><\/div><div  class=\"slider-slide swiper-slide\" data-image=\"\/\/aquacity.sk\/wp-content\/uploads\/2022\/06\/AquaCity_Hotel__HQ_Seasons_2019_21.jpg\" style=\"background-image:url(\/\/aquacity.sk\/wp-content\/uploads\/2022\/06\/AquaCity_Hotel__HQ_Seasons_2019_21.jpg);\"><\/div><\/div><!-- \/.slider-wrapper --><div class=\"slider_pagination_wrap swiper-pagination\"><\/div><div class=\"slider_controls_wrap\"><a class=\"slider_prev swiper-button-prev\" href=\"#\"><\/a><a class=\"slider_next swiper-button-next\" href=\"#\"><\/a><\/div><\/div><!-- \/.slider_container --><\/div><!-- \/.slider_outer --><\/div><!-- \/.sc_promo_image --><div class=\"sc_promo_text\" style=\"width: 50%;float: right;\">\n\t\t\t<div class=\"sc_promo_text_inner trx_addons_inline_880863804\"><h4 class=\"sc_item_title sc_promo_title sc_item_title_style_decoration sc_item_title_tag\"><span class=\"sc_item_title_text\">Hotel Seasons ****<\/span><\/h4><div class=\"sc_item_descr sc_promo_descr\"><p>A Seasons exkluz\u00edv 4*-os csal\u00e1di sz\u00e1lloda az \u00e9vszakoknak megfelel\u0151 szob\u00e1kkal - ny\u00e1ron \u00e9s t\u00e9len ez\u00fcst-k\u00e9k \u00e9s arany-b\u00e9zs sz\u00ednekben. Modern, term\u00e9szetes st\u00edlus, sok fa elemmel.<\/p>\n<\/div><div id=\"sc_button_1321615939\"\tclass=\"sc_item_button sc_button_wrap sc_item_button sc_item_button_default sc_promo_button\"><a href=\"https:\/\/aquacityhotel.sk\/en\/hotel-seasons\/\" class=\"sc_button sc_button_default sc_button_size_normal sc_button_icon_left\" target=\"_blank\"><span class=\"sc_button_text\"><span class=\"sc_button_title\">Tov\u00e1bbi inform\u00e1ci\u00f3k<\/span><\/span><!-- \/.sc_button_text --><\/a><!-- \/.sc_button --><\/div><!-- \/.sc_item_button --><\/div>\n\t\t<\/div><!-- \/.sc_promo_text --><\/div><!-- \/.sc_promo -->\t\t\t\t<\/div>\n\t\t\t\t<\/div>\n\t\t\t\t\t<\/div>\n\t\t<\/div>\n\t\t\t\t\t<\/div>\n\t\t<\/section>\n\t\t\t\t<section class=\"elementor-section elementor-top-section elementor-element elementor-element-49d769a elementor-section-boxed elementor-section-height-default elementor-section-height-default\" data-id=\"49d769a\" data-element_type=\"section\">\n\t\t\t\t\t\t<div class=\"elementor-container elementor-column-gap-extended\">\n\t\t\t\t\t<div class=\"elementor-column elementor-col-100 elementor-top-column elementor-element elementor-element-d1d401e sc_inner_width_none sc_layouts_column_icons_position_left\" data-id=\"d1d401e\" data-element_type=\"column\">\n\t\t\t<div class=\"elementor-widget-wrap elementor-element-populated\">\n\t\t\t\t\t\t<div class=\"elementor-element elementor-element-91287a1 sc_fly_static elementor-widget elementor-widget-trx_sc_promo\" data-id=\"91287a1\" data-element_type=\"widget\" data-widget_type=\"trx_sc_promo.default\">\n\t\t\t\t<div class=\"elementor-widget-container\">\n\t\t\t\t\t<div  id=\"trx_sc_promo_1280714555\" \n\tclass=\"sc_promo sc_promo_default sc_promo_size_normal sc_promo_image_position_left sc_promo_text_bg\"><div class=\"sc_promo_image\" style=\"width:50%;left: 0;\"><div class=\"slider_outer slider_swiper_outer slider_style_default slider_outer_direction_horizontal slider_outer_one slider_outer_pagination slider_outer_pagination_bullets slider_outer_pagination_pos_bottom slider_outer_controls slider_outer_controls_side slider_outer_nocentered slider_outer_overflow_hidden slider_outer_notitles\"><div class=\"slider_container slider_swiper swiper-slider-container slider_controls slider_controls_side slider_nocentered slider_overflow_hidden slider_notitles slider_noresize slider_swipe slider_height_auto slider_direction_horizontal slider_pagination slider_pagination_bullets slider_pagination_pos_bottom slider_one slider_type_bg\" data-ratio=\"16:9\" data-interval=\"9834\" data-effect=\"slide\" data-pagination=\"bullets\" data-direction=\"horizontal\" data-slides-per-view=\"1\" data-slides-space=\"0\" data-slides-centered=\"0\" data-slides-overflow=\"0\" data-mouse-wheel=\"0\" data-autoplay=\"1\" data-slides-min-width=\"150\"><div class=\"slider-wrapper swiper-wrapper\"><div  class=\"slider-slide swiper-slide\" data-image=\"\/\/aquacity.sk\/wp-content\/uploads\/2022\/06\/AquaCity_Hotel_Mountain_View005.jpg\" style=\"background-image:url(\/\/aquacity.sk\/wp-content\/uploads\/2022\/06\/AquaCity_Hotel_Mountain_View005.jpg);\"><\/div><div  class=\"slider-slide swiper-slide\" data-image=\"\/\/aquacity.sk\/wp-content\/uploads\/2022\/06\/AquaCity_Hotel_Mountain_View012.jpg\" style=\"background-image:url(\/\/aquacity.sk\/wp-content\/uploads\/2022\/06\/AquaCity_Hotel_Mountain_View012.jpg);\"><\/div><div  class=\"slider-slide swiper-slide\" data-image=\"\/\/aquacity.sk\/wp-content\/uploads\/2022\/06\/AquaCity_Hotel_Mountain_View013.jpg\" style=\"background-image:url(\/\/aquacity.sk\/wp-content\/uploads\/2022\/06\/AquaCity_Hotel_Mountain_View013.jpg);\"><\/div><div  class=\"slider-slide swiper-slide\" data-image=\"\/\/aquacity.sk\/wp-content\/uploads\/2022\/06\/AquaCity_Hotel_Mountain_View017.jpg\" style=\"background-image:url(\/\/aquacity.sk\/wp-content\/uploads\/2022\/06\/AquaCity_Hotel_Mountain_View017.jpg);\"><\/div><\/div><!-- \/.slider-wrapper --><div class=\"slider_pagination_wrap swiper-pagination\"><\/div><div class=\"slider_controls_wrap\"><a class=\"slider_prev swiper-button-prev\" href=\"#\"><\/a><a class=\"slider_next swiper-button-next\" href=\"#\"><\/a><\/div><\/div><!-- \/.slider_container --><\/div><!-- \/.slider_outer --><\/div><!-- \/.sc_promo_image --><div class=\"sc_promo_text\" style=\"width: 50%;float: right;\">\n\t\t\t<div class=\"sc_promo_text_inner trx_addons_inline_564592746\"><h4 class=\"sc_item_title sc_promo_title sc_item_title_style_decoration sc_item_title_tag\"><span class=\"sc_item_title_text\">Hotel Mountain View ****<\/span><\/h4><div class=\"sc_item_descr sc_promo_descr\"><p>K\u00e9nyelmes \u00e9s f\u00e9ny\u0171z\u0151 bels\u0151 t\u00e9r, modern szob\u00e1k egy kis eleganci\u00e1val \u00e9s erk\u00e9llyel, kil\u00e1t\u00e1ssal a Magas-T\u00e1tr\u00e1ra.<\/p>\n<\/div><div id=\"sc_button_1255957224\"\tclass=\"sc_item_button sc_button_wrap sc_item_button sc_item_button_default sc_promo_button\"><a href=\"https:\/\/aquacityhotel.sk\/en\/hotel-mountain-view\/\" class=\"sc_button sc_button_default sc_button_size_normal sc_button_icon_left\" target=\"_blank\"><span class=\"sc_button_text\"><span class=\"sc_button_title\">Tov\u00e1bbi inform\u00e1ci\u00f3k<\/span><\/span><!-- \/.sc_button_text --><\/a><!-- \/.sc_button --><\/div><!-- \/.sc_item_button --><\/div>\n\t\t<\/div><!-- \/.sc_promo_text --><\/div><!-- \/.sc_promo -->\t\t\t\t<\/div>\n\t\t\t\t<\/div>\n\t\t\t\t\t<\/div>\n\t\t<\/div>\n\t\t\t\t\t<\/div>\n\t\t<\/section>\n\t\t\t\t<section class=\"elementor-section elementor-top-section elementor-element elementor-element-ea3b28a elementor-section-boxed elementor-section-height-default elementor-section-height-default\" data-id=\"ea3b28a\" data-element_type=\"section\">\n\t\t\t\t\t\t<div class=\"elementor-container elementor-column-gap-extended\">\n\t\t\t\t\t<div class=\"elementor-column elementor-col-100 elementor-top-column elementor-element elementor-element-458c945 sc_inner_width_none sc_layouts_column_icons_position_left\" data-id=\"458c945\" data-element_type=\"column\">\n\t\t\t<div class=\"elementor-widget-wrap elementor-element-populated\">\n\t\t\t\t\t\t<div class=\"elementor-element elementor-element-a7e0f61 sc_fly_static elementor-widget elementor-widget-trx_sc_promo\" data-id=\"a7e0f61\" data-element_type=\"widget\" data-widget_type=\"trx_sc_promo.default\">\n\t\t\t\t<div class=\"elementor-widget-container\">\n\t\t\t\t\t<div  id=\"trx_sc_promo_1806397957\" \n\tclass=\"sc_promo sc_promo_default sc_promo_size_normal sc_promo_image_position_left sc_promo_text_bg\"><div class=\"sc_promo_image\" style=\"width:50%;left: 0;\"><div class=\"slider_outer slider_swiper_outer slider_style_default slider_outer_direction_horizontal slider_outer_one slider_outer_pagination slider_outer_pagination_bullets slider_outer_pagination_pos_bottom slider_outer_controls slider_outer_controls_side slider_outer_nocentered slider_outer_overflow_hidden slider_outer_notitles\"><div class=\"slider_container slider_swiper swiper-slider-container slider_controls slider_controls_side slider_nocentered slider_overflow_hidden slider_notitles slider_noresize slider_swipe slider_height_auto slider_direction_horizontal slider_pagination slider_pagination_bullets slider_pagination_pos_bottom slider_one slider_type_bg\" data-ratio=\"16:9\" data-interval=\"5626\" data-effect=\"slide\" data-pagination=\"bullets\" data-direction=\"horizontal\" data-slides-per-view=\"1\" data-slides-space=\"0\" data-slides-centered=\"0\" data-slides-overflow=\"0\" data-mouse-wheel=\"0\" data-autoplay=\"1\" data-slides-min-width=\"150\"><div class=\"slider-wrapper swiper-wrapper\"><div  class=\"slider-slide swiper-slide\" data-image=\"\/\/aquacity.sk\/wp-content\/uploads\/2022\/06\/AquaCity_Hotel_Riverside_2019_001.jpg\" style=\"background-image:url(\/\/aquacity.sk\/wp-content\/uploads\/2022\/06\/AquaCity_Hotel_Riverside_2019_001.jpg);\"><\/div><div  class=\"slider-slide swiper-slide\" data-image=\"\/\/aquacity.sk\/wp-content\/uploads\/2022\/06\/AquaCity_Hotel_Riverside_2019_014.jpg\" style=\"background-image:url(\/\/aquacity.sk\/wp-content\/uploads\/2022\/06\/AquaCity_Hotel_Riverside_2019_014.jpg);\"><\/div><div  class=\"slider-slide swiper-slide\" data-image=\"\/\/aquacity.sk\/wp-content\/uploads\/2022\/06\/AquaCity_Hotel_Riverside_2019_016.jpg\" style=\"background-image:url(\/\/aquacity.sk\/wp-content\/uploads\/2022\/06\/AquaCity_Hotel_Riverside_2019_016.jpg);\"><\/div><div  class=\"slider-slide swiper-slide\" data-image=\"\/\/aquacity.sk\/wp-content\/uploads\/2022\/06\/AquaCity_Hotel_Riverside_2019_017.jpg\" style=\"background-image:url(\/\/aquacity.sk\/wp-content\/uploads\/2022\/06\/AquaCity_Hotel_Riverside_2019_017.jpg);\"><\/div><\/div><!-- \/.slider-wrapper --><div class=\"slider_pagination_wrap swiper-pagination\"><\/div><div class=\"slider_controls_wrap\"><a class=\"slider_prev swiper-button-prev\" href=\"#\"><\/a><a class=\"slider_next swiper-button-next\" href=\"#\"><\/a><\/div><\/div><!-- \/.slider_container --><\/div><!-- \/.slider_outer --><\/div><!-- \/.sc_promo_image --><div class=\"sc_promo_text\" style=\"width: 50%;float: right;\">\n\t\t\t<div class=\"sc_promo_text_inner trx_addons_inline_1469223078\"><h4 class=\"sc_item_title sc_promo_title sc_item_title_style_decoration sc_item_title_tag\"><span class=\"sc_item_title_text\">Hotel Riverside ***<\/span><\/h4><div class=\"sc_item_descr sc_promo_descr\"><p>A sz\u00e1lloda modern \u00e9s olcs\u00f3 sz\u00e1ll\u00e1st k\u00edn\u00e1l a Magas-T\u00e1tr\u00e1ban, \u00e9s r\u00e9sze a popr\u00e1di nemzeti futballk\u00f6zpontnak. Az AquaCity Poprad Aquapark mind\u00f6ssze n\u00e9h\u00e1ny l\u00e9p\u00e9sre tal\u00e1lhat\u00f3.<\/p>\n<\/div><div id=\"sc_button_1537863780\"\tclass=\"sc_item_button sc_button_wrap sc_item_button sc_item_button_default sc_promo_button\"><a href=\"https:\/\/aquacityhotel.sk\/en\/hotel-riverside\/\" class=\"sc_button sc_button_default sc_button_size_normal sc_button_icon_left\" target=\"_blank\"><span class=\"sc_button_text\"><span class=\"sc_button_title\">Tov\u00e1bbi inform\u00e1ci\u00f3k<\/span><\/span><!-- \/.sc_button_text --><\/a><!-- \/.sc_button --><\/div><!-- \/.sc_item_button --><\/div>\n\t\t<\/div><!-- \/.sc_promo_text --><\/div><!-- \/.sc_promo -->\t\t\t\t<\/div>\n\t\t\t\t<\/div>\n\t\t\t\t\t<\/div>\n\t\t<\/div>\n\t\t\t\t\t<\/div>\n\t\t<\/section>\n\t\t\t\t<section class=\"elementor-section elementor-top-section elementor-element elementor-element-75ac4766 elementor-section-boxed elementor-section-height-default elementor-section-height-default\" data-id=\"75ac4766\" data-element_type=\"section\">\n\t\t\t\t\t\t<div class=\"elementor-container elementor-column-gap-extended\">\n\t\t\t\t\t<div class=\"elementor-column elementor-col-100 elementor-top-column elementor-element elementor-element-2be41b26 sc_inner_width_none sc_layouts_column_icons_position_left\" data-id=\"2be41b26\" data-element_type=\"column\">\n\t\t\t<div class=\"elementor-widget-wrap elementor-element-populated\">\n\t\t\t\t\t\t<div class=\"elementor-element elementor-element-112817bb sc_fly_static elementor-widget elementor-widget-trx_sc_promo\" data-id=\"112817bb\" data-element_type=\"widget\" data-widget_type=\"trx_sc_promo.default\">\n\t\t\t\t<div class=\"elementor-widget-container\">\n\t\t\t\t\t<div  id=\"trx_sc_promo_231089120\" \n\tclass=\"sc_promo sc_promo_default sc_promo_size_normal sc_promo_no_image sc_promo_text_bg\"><div class=\"sc_promo_text\" style=\"width: 100%;\">\n\t\t\t<div class=\"sc_promo_text_inner trx_addons_inline_1392876818\"><h4 class=\"sc_item_title sc_promo_title sc_item_title_style_decoration sc_item_title_tag\"><span class=\"sc_item_title_text\">Online Booking<\/span><\/h4><div class=\"sc_item_descr sc_promo_descr\"><p>Foglal\u00e1sok a Seasons ****, Mountain View ****, Riverside*** in AquaCity Poprad sz\u00e1llod\u00e1kban.<\/p>\n<\/div><div id=\"sc_button_2130331770\"\tclass=\"sc_item_button sc_button_wrap sc_item_button sc_item_button_default sc_promo_button\"><a href=\"https:\/\/aquacityhotel.sk\/en\/\" class=\"sc_button sc_button_default sc_button_size_normal sc_button_icon_left\" target=\"_blank\"><span class=\"sc_button_text\"><span class=\"sc_button_title\">Sz\u00e1llodai tart\u00f3zkod\u00e1s foglal\u00e1s itt<\/span><\/span><!-- \/.sc_button_text --><\/a><!-- \/.sc_button --><\/div><!-- \/.sc_item_button --><\/div>\n\t\t<\/div><!-- \/.sc_promo_text --><\/div><!-- \/.sc_promo -->\t\t\t\t<\/div>\n\t\t\t\t<\/div>\n\t\t\t\t\t<\/div>\n\t\t<\/div>\n\t\t\t\t\t<\/div>\n\t\t<\/section>\n\t\t\t\t<\/div>\n\t\t","protected":false},"excerpt":{"rendered":"<p>A Magas-T\u00e1tra ide\u00e1lis c\u00e9lpont azon l\u00e1togat\u00f3k&hellip;<\/p>\n","protected":false},"author":2,"featured_media":21253,"parent":0,"menu_order":0,"comment_status":"closed","ping_status":"closed","template":"","meta":{"footnotes":""},"class_list":["post-21901","page","type-page","status-publish","has-post-thumbnail","hentry"],"_links":{"self":[{"href":"https:\/\/aquacity.sk\/hu\/wp-json\/wp\/v2\/pages\/21901","targetHints":{"allow":["GET"]}}],"collection":[{"href":"https:\/\/aquacity.sk\/hu\/wp-json\/wp\/v2\/pages"}],"about":[{"href":"https:\/\/aquacity.sk\/hu\/wp-json\/wp\/v2\/types\/page"}],"author":[{"embeddable":true,"href":"https:\/\/aquacity.sk\/hu\/wp-json\/wp\/v2\/users\/2"}],"replies":[{"embeddable":true,"href":"https:\/\/aquacity.sk\/hu\/wp-json\/wp\/v2\/comments?post=21901"}],"version-history":[{"count":11,"href":"https:\/\/aquacity.sk\/hu\/wp-json\/wp\/v2\/pages\/21901\/revisions"}],"predecessor-version":[{"id":24226,"href":"https:\/\/aquacity.sk\/hu\/wp-json\/wp\/v2\/pages\/21901\/revisions\/24226"}],"wp:featuredmedia":[{"embeddable":true,"href":"https:\/\/aquacity.sk\/hu\/wp-json\/wp\/v2\/media\/21253"}],"wp:attachment":[{"href":"https:\/\/aquacity.sk\/hu\/wp-json\/wp\/v2\/media?parent=21901"}],"curies":[{"name":"wp","href":"https:\/\/api.w.org\/{rel}","templated":true}]}}