{"id":21897,"date":"2022-07-02T20:48:14","date_gmt":"2022-07-02T18:48:14","guid":{"rendered":"https:\/\/aquacity.sk\/klinika-krasy-a-zdravia\/"},"modified":"2026-01-15T17:08:10","modified_gmt":"2026-01-15T16:08:10","slug":"egeszseg-es-szepsegklinika","status":"publish","type":"page","link":"https:\/\/aquacity.sk\/hu\/egeszseg-es-szepsegklinika\/","title":{"rendered":"Eg\u00e9szs\u00e9g Klinika"},"content":{"rendered":"\t\t<div data-elementor-type=\"wp-post\" data-elementor-id=\"21897\" class=\"elementor elementor-21897 elementor-12002\">\n\t\t\t\t\t\t<section class=\"elementor-section elementor-top-section elementor-element elementor-element-be65726 elementor-section-boxed elementor-section-height-default elementor-section-height-default\" data-id=\"be65726\" data-element_type=\"section\">\n\t\t\t\t\t\t<div class=\"elementor-container elementor-column-gap-extended\">\n\t\t\t\t\t<div class=\"elementor-column elementor-col-100 elementor-top-column elementor-element elementor-element-a8ae759 sc_inner_width_none sc_layouts_column_icons_position_left\" data-id=\"a8ae759\" data-element_type=\"column\">\n\t\t\t<div class=\"elementor-widget-wrap\">\n\t\t\t\t\t\t\t<\/div>\n\t\t<\/div>\n\t\t\t\t\t<\/div>\n\t\t<\/section>\n\t\t\t\t<section class=\"elementor-section elementor-top-section elementor-element elementor-element-6dbc473 elementor-section-boxed elementor-section-height-default elementor-section-height-default\" data-id=\"6dbc473\" data-element_type=\"section\">\n\t\t\t\t\t\t<div class=\"elementor-container elementor-column-gap-extended\">\n\t\t\t\t\t<div class=\"elementor-column elementor-col-100 elementor-top-column elementor-element elementor-element-14d75f4 sc_inner_width_none sc_layouts_column_icons_position_left\" data-id=\"14d75f4\" data-element_type=\"column\">\n\t\t\t<div class=\"elementor-widget-wrap elementor-element-populated\">\n\t\t\t\t\t\t<div class=\"elementor-element elementor-element-a5879fb sc_fly_static elementor-widget elementor-widget-trx_sc_promo\" data-id=\"a5879fb\" data-element_type=\"widget\" data-widget_type=\"trx_sc_promo.default\">\n\t\t\t\t<div class=\"elementor-widget-container\">\n\t\t\t\t\t<div  id=\"trx_sc_promo_1536332290\" \n\tclass=\"sc_promo sc_promo_default sc_promo_size_normal sc_promo_image_position_right sc_promo_text_bg\"><div class=\"sc_promo_image\" style=\"width:30%;right: 0;\"><div class=\"slider_outer slider_swiper_outer slider_style_default slider_outer_direction_horizontal slider_outer_one slider_outer_pagination slider_outer_pagination_bullets slider_outer_pagination_pos_bottom slider_outer_controls slider_outer_controls_side slider_outer_nocentered slider_outer_overflow_hidden slider_outer_notitles\"><div class=\"slider_container slider_swiper swiper-slider-container slider_controls slider_controls_side slider_nocentered slider_overflow_hidden slider_notitles slider_noresize slider_swipe slider_height_auto slider_direction_horizontal slider_pagination slider_pagination_bullets slider_pagination_pos_bottom slider_one slider_type_bg\" data-ratio=\"16:9\" data-interval=\"8092\" data-effect=\"slide\" data-pagination=\"bullets\" data-direction=\"horizontal\" data-slides-per-view=\"1\" data-slides-space=\"0\" data-slides-centered=\"0\" data-slides-overflow=\"0\" data-mouse-wheel=\"0\" data-autoplay=\"1\" data-slides-min-width=\"150\"><div class=\"slider-wrapper swiper-wrapper\"><div  class=\"slider-slide swiper-slide\" data-image=\"\/\/aquacity.sk\/wp-content\/uploads\/2022\/06\/AquaCity_1000x650_38.jpg\" style=\"background-image:url(\/\/aquacity.sk\/wp-content\/uploads\/2022\/06\/AquaCity_1000x650_38.jpg);\"><\/div><div  class=\"slider-slide swiper-slide\" data-image=\"\/\/aquacity.sk\/wp-content\/uploads\/2022\/06\/AquaCity_1000x650_14-1.jpg\" style=\"background-image:url(\/\/aquacity.sk\/wp-content\/uploads\/2022\/06\/AquaCity_1000x650_14-1.jpg);\"><\/div><div  class=\"slider-slide swiper-slide\" data-image=\"\/\/aquacity.sk\/wp-content\/uploads\/2022\/06\/AquaCity_1000x650_17.jpg\" style=\"background-image:url(\/\/aquacity.sk\/wp-content\/uploads\/2022\/06\/AquaCity_1000x650_17.jpg);\"><\/div><div  class=\"slider-slide swiper-slide\" data-image=\"\/\/aquacity.sk\/wp-content\/uploads\/2022\/06\/AquaCity_Kryo_2019_020-scaled.jpg\" style=\"background-image:url(\/\/aquacity.sk\/wp-content\/uploads\/2022\/06\/AquaCity_Kryo_2019_020-scaled.jpg);\"><\/div><\/div><!-- \/.slider-wrapper --><div class=\"slider_pagination_wrap swiper-pagination\"><\/div><div class=\"slider_controls_wrap\"><a class=\"slider_prev swiper-button-prev\" href=\"#\"><\/a><a class=\"slider_next swiper-button-next\" href=\"#\"><\/a><\/div><\/div><!-- \/.slider_container --><\/div><!-- \/.slider_outer --><\/div><!-- \/.sc_promo_image --><div class=\"sc_promo_text\" style=\"width: 70%;float: left;\">\n\t\t\t<div class=\"sc_promo_text_inner trx_addons_inline_1957408584\"><h2 class=\"sc_item_title sc_promo_title sc_item_title_style_decoration sc_item_title_tag\"><span class=\"sc_item_title_text\">Kryocentrum<\/span><\/h2><div class=\"sc_item_descr sc_promo_descr\"><p>Ter\u00e1pi\u00e1s \u00e9s rehabilit\u00e1ci\u00f3s m\u00f3dszer, amelynek t\u00f6rt\u00e9nete a m\u00falt sz\u00e1zad 70-es \u00e9s 80-as \u00e9veire ny\u00falik vissza. Az elj\u00e1r\u00e1s legfeljebb h\u00e1rom percet foglal mag\u00e1ban egy -120 \u00b0 C \u00e1tlagh\u0151m\u00e9rs\u00e9klet\u0171 kamr\u00e1ban, amelyet intenz\u00edv testmozg\u00e1s k\u00f6vet - kineziter\u00e1pia. Az orvosi fel\u00fcgyelet alatt ebben a kamr\u00e1ban val\u00f3 tart\u00f3zkod\u00e1s serkenti az enzimek \u00e9s hormonok term\u00e9szetes termel\u00e9s\u00e9t, amelyek el\u0151seg\u00edtik a gy\u00f3gyul\u00e1st, \u00e9s \"elind\u00edthatj\u00e1k\" az \u00f6ngy\u00f3gyul\u00e1st \u00e9s a regener\u00e1ci\u00f3t a szervezetben.<\/p>\n<\/div><div id=\"sc_button_1464109847\"\tclass=\"sc_item_button sc_button_wrap sc_item_button sc_item_button_default sc_promo_button\"><a href=\"https:\/\/aquacity.sk\/hu\/services\/kriocentrum\/\" class=\"sc_button sc_button_default sc_button_size_normal sc_button_icon_left\" target=\"_blank\"><span class=\"sc_button_text\"><span class=\"sc_button_title\">Tov\u00e1bbi inform\u00e1ci\u00f3<\/span><\/span><!-- \/.sc_button_text --><\/a><!-- \/.sc_button --><\/div><!-- \/.sc_item_button --><\/div>\n\t\t<\/div><!-- \/.sc_promo_text --><\/div><!-- \/.sc_promo -->\t\t\t\t<\/div>\n\t\t\t\t<\/div>\n\t\t\t\t\t<\/div>\n\t\t<\/div>\n\t\t\t\t\t<\/div>\n\t\t<\/section>\n\t\t\t\t<section class=\"elementor-section elementor-top-section elementor-element elementor-element-05d20ea elementor-section-boxed elementor-section-height-default elementor-section-height-default\" data-id=\"05d20ea\" data-element_type=\"section\">\n\t\t\t\t\t\t<div class=\"elementor-container elementor-column-gap-extended\">\n\t\t\t\t\t<div class=\"elementor-column elementor-col-100 elementor-top-column elementor-element elementor-element-114d15b sc_inner_width_none sc_layouts_column_icons_position_left\" data-id=\"114d15b\" data-element_type=\"column\">\n\t\t\t<div class=\"elementor-widget-wrap elementor-element-populated\">\n\t\t\t\t\t\t<div class=\"elementor-element elementor-element-2c42947 sc_fly_static elementor-widget elementor-widget-trx_sc_promo\" data-id=\"2c42947\" data-element_type=\"widget\" data-widget_type=\"trx_sc_promo.default\">\n\t\t\t\t<div class=\"elementor-widget-container\">\n\t\t\t\t\t<div  id=\"trx_sc_promo_93331307\" \n\tclass=\"sc_promo sc_promo_default sc_promo_size_normal sc_promo_image_position_left sc_promo_text_bg\"><div class=\"sc_promo_image\" style=\"background-image:url(\/\/aquacity.sk\/wp-content\/uploads\/2022\/07\/ocna-klinika.jpg);width:30%;left: 0;\"><\/div><!-- \/.sc_promo_image --><div class=\"sc_promo_text\" style=\"width: 70%;float: right;\">\n\t\t\t<div class=\"sc_promo_text_inner trx_addons_inline_634898558\"><h2 class=\"sc_item_title sc_promo_title sc_item_title_style_decoration sc_item_title_tag\"><span class=\"sc_item_title_text\">Szemklinika<\/span><\/h2><div class=\"sc_item_descr sc_promo_descr\"><p>Kulanga Szemklinika. A klinika f\u0151 szakmai f\u00f3kuszai k\u00f6z\u00e9 tartozik a diagnosztika \u00e9s a kezel\u00e9s. A retina betegs\u00e9g, a glauk\u00f3ma, a szemfelsz\u00edni rendelleness\u00e9gek, allergi\u00e1k, gyullad\u00e1sok, intraokul\u00e1ris gyullad\u00e1s stb. kezel\u00e9s\u00e9re \u00f6sszpontos\u00edt.<\/p>\n<\/div><div id=\"sc_button_237553197\"\tclass=\"sc_item_button sc_button_wrap sc_item_button sc_item_button_default sc_promo_button\"><a href=\"https:\/\/www.kulanga.sk\/\" class=\"sc_button sc_button_default sc_button_size_normal sc_button_icon_left\" target=\"_blank\"><span class=\"sc_button_text\"><span class=\"sc_button_title\">Tov\u00e1bbi inform\u00e1ci\u00f3<\/span><\/span><!-- \/.sc_button_text --><\/a><!-- \/.sc_button --><\/div><!-- \/.sc_item_button --><\/div>\n\t\t<\/div><!-- \/.sc_promo_text --><\/div><!-- \/.sc_promo -->\t\t\t\t<\/div>\n\t\t\t\t<\/div>\n\t\t\t\t\t<\/div>\n\t\t<\/div>\n\t\t\t\t\t<\/div>\n\t\t<\/section>\n\t\t\t\t<\/div>\n\t\t","protected":false},"excerpt":{"rendered":"<p>Kryocentrum Ter\u00e1pi\u00e1s \u00e9s rehabilit\u00e1ci\u00f3s m\u00f3dszer, amelynek&hellip;<\/p>\n","protected":false},"author":2,"featured_media":20531,"parent":0,"menu_order":0,"comment_status":"closed","ping_status":"closed","template":"","meta":{"footnotes":""},"class_list":["post-21897","page","type-page","status-publish","has-post-thumbnail","hentry"],"_links":{"self":[{"href":"https:\/\/aquacity.sk\/hu\/wp-json\/wp\/v2\/pages\/21897","targetHints":{"allow":["GET"]}}],"collection":[{"href":"https:\/\/aquacity.sk\/hu\/wp-json\/wp\/v2\/pages"}],"about":[{"href":"https:\/\/aquacity.sk\/hu\/wp-json\/wp\/v2\/types\/page"}],"author":[{"embeddable":true,"href":"https:\/\/aquacity.sk\/hu\/wp-json\/wp\/v2\/users\/2"}],"replies":[{"embeddable":true,"href":"https:\/\/aquacity.sk\/hu\/wp-json\/wp\/v2\/comments?post=21897"}],"version-history":[{"count":14,"href":"https:\/\/aquacity.sk\/hu\/wp-json\/wp\/v2\/pages\/21897\/revisions"}],"predecessor-version":[{"id":27540,"href":"https:\/\/aquacity.sk\/hu\/wp-json\/wp\/v2\/pages\/21897\/revisions\/27540"}],"wp:featuredmedia":[{"embeddable":true,"href":"https:\/\/aquacity.sk\/hu\/wp-json\/wp\/v2\/media\/20531"}],"wp:attachment":[{"href":"https:\/\/aquacity.sk\/hu\/wp-json\/wp\/v2\/media?parent=21897"}],"curies":[{"name":"wp","href":"https:\/\/api.w.org\/{rel}","templated":true}]}}