{"id":21887,"date":"2022-01-31T10:00:23","date_gmt":"2022-01-31T09:00:23","guid":{"rendered":"https:\/\/aquacity.sk\/pre-deti\/"},"modified":"2024-10-14T13:59:46","modified_gmt":"2024-10-14T11:59:46","slug":"gyerekeknek","status":"publish","type":"page","link":"https:\/\/aquacity.sk\/hu\/gyerekeknek\/","title":{"rendered":"Gyerekeknek"},"content":{"rendered":"\t\t<div data-elementor-type=\"wp-post\" data-elementor-id=\"21887\" class=\"elementor elementor-21887 elementor-3717\">\n\t\t\t\t\t\t<section class=\"elementor-section elementor-top-section elementor-element elementor-element-ea3735a elementor-section-stretched elementor-section-boxed elementor-section-height-default elementor-section-height-default\" data-id=\"ea3735a\" data-element_type=\"section\" data-settings=\"{&quot;stretch_section&quot;:&quot;section-stretched&quot;,&quot;background_background&quot;:&quot;classic&quot;}\">\n\t\t\t\t\t\t<div class=\"elementor-container elementor-column-gap-extended\">\n\t\t\t\t\t<div class=\"elementor-column elementor-col-100 elementor-top-column elementor-element elementor-element-6f780ea sc_inner_width_none sc_layouts_column_icons_position_left\" data-id=\"6f780ea\" data-element_type=\"column\">\n\t\t\t<div class=\"elementor-widget-wrap elementor-element-populated\">\n\t\t\t\t\t\t<div class=\"elementor-element elementor-element-f3f6f5b sc_fly_static elementor-widget elementor-widget-trx_sc_services\" data-id=\"f3f6f5b\" data-element_type=\"widget\" data-widget_type=\"trx_sc_services.default\">\n\t\t\t\t<div class=\"elementor-widget-container\">\n\t\t\t\t\t<div id=\"trx_sc_services_690360532\" class=\"sc_services sc_services_chess sc_services_featured_top\"><div class=\"sc_services_columns_wrap sc_item_columns sc_item_posts_container sc_item_columns_2 trx_addons_columns_wrap columns_padding_bottom\"><div class=\"trx_addons_column-1_2 \"><div data-post-id=\"21959\" class=\"sc_services_item no_links with_content post-21959 cpt_services type-cpt_services status-publish has-post-thumbnail hentry cpt_services_group-pre-deti post_emotion_main_cool post_emotion_cool post_emotion_lol\"><div class=\"post_featured with_thumb hover_dots sc_services_item_header post_featured_bg neptunus_inline_1047713181\">\t\t\t\t\t\t<div class=\"mask\"><\/div>\n\t\t\t\t\t\t\t\t\t<a href=\"https:\/\/aquacity.sk\/hu\/services\/gyereksarok\/\"  aria-hidden=\"true\" class=\"icons\"><span><\/span><span><\/span><span><\/span><\/a>\n\t\t\t<\/div>\t<div class=\"sc_services_item_content\">\n\t\t\t\t<h6 class=\"sc_services_item_title\">\n        <span id=\"trx_sc_services_690360532_icon-bucket_1\"\n              class=\"sc_services_item_icon sc_icon_type_icons icon-bucket\"\n                    ><\/span>\n        <a href=\"https:\/\/aquacity.sk\/hu\/services\/gyereksarok\/\">Gyereksarok<\/a><\/h6>\n\t\t\t\t\t\t\t<div class=\"sc_services_item_text\"><p>\u00c9s ki mondta, hogy egy aquaparknak csak a v\u00edzr\u0151l kell sz\u00f3lnia? Ha a gyerekek belef\u00e1radnak a medenc\u00e9ben k\u00edn\u00e1lta lehet\u0151s\u00e9gekbe, marad\u00e9k energi\u00e1jukat a gyermeksarokban vezethetik le. <\/p>\n<\/div>\n\t\t<div class=\"link_more\"><a href=\"https:\/\/aquacity.sk\/hu\/services\/gyereksarok\/\" class=\"sc_services\">Tov\u00e1bbi inform\u00e1ci\u00f3<\/a><\/div>\t\t\t<\/div>\n<\/div>\n<\/div><div class=\"trx_addons_column-1_2 \"><div data-post-id=\"21958\" class=\"sc_services_item no_links with_content post-21958 cpt_services type-cpt_services status-publish has-post-thumbnail hentry cpt_services_group-pre-deti post_emotion_main_cool post_emotion_cool post_emotion_lol\"><div class=\"post_featured with_thumb hover_dots sc_services_item_header post_featured_bg neptunus_inline_1503848444\">\t\t\t\t\t\t<div class=\"mask\"><\/div>\n\t\t\t\t\t\t\t\t\t<a href=\"https:\/\/aquacity.sk\/hu\/services\/orzott-ovoda\/\"  aria-hidden=\"true\" class=\"icons\"><span><\/span><span><\/span><span><\/span><\/a>\n\t\t\t<\/div>\t<div class=\"sc_services_item_content\">\n\t\t\t\t<h6 class=\"sc_services_item_title\">\n        <span id=\"trx_sc_services_690360532_icon-wave_2\"\n              class=\"sc_services_item_icon sc_icon_type_icons icon-wave\"\n                    ><\/span>\n        <a href=\"https:\/\/aquacity.sk\/hu\/services\/orzott-ovoda\/\">\u0150rz\u00f6tt \u00f3voda<\/a><\/h6>\n\t\t\t\t\t\t\t<div class=\"sc_services_item_text\"><p>Melyik sz\u00fcl\u0151 ne akarn\u00e1 ezt? K\u00e9nyeztesse mag\u00e1t k\u00fcl\u00f6nb\u00f6z\u0151 SPA kezel\u00e9sekkel vagy massz\u00e1zsokkal, l\u00e1togasson el a Fire ; Water Wellness Spa-ba \u00e9s mi nagyszer\u0171 programmal k\u00e9sz\u00fcl\u00fcnk gyermekei sz\u00e1m\u00e1ra.  <\/p>\n<\/div>\n\t\t<div class=\"link_more\"><a href=\"https:\/\/aquacity.sk\/hu\/services\/orzott-ovoda\/\" class=\"sc_services\">Tov\u00e1bbi inform\u00e1ci\u00f3<\/a><\/div>\t\t\t<\/div>\n<\/div>\n<\/div><div class=\"trx_addons_column-1_2 \"><div data-post-id=\"21888\" class=\"sc_services_item no_links with_content post-21888 cpt_services type-cpt_services status-publish has-post-thumbnail hentry cpt_services_group-pre-deti post_emotion_main_cool post_emotion_cool post_emotion_lol\"><div class=\"post_featured with_thumb hover_dots sc_services_item_header post_featured_bg neptunus_inline_1761569757\">\t\t\t\t\t\t<div class=\"mask\"><\/div>\n\t\t\t\t\t\t\t\t\t<a href=\"https:\/\/aquacity.sk\/hu\/services\/animacios-program\/\"  aria-hidden=\"true\" class=\"icons\"><span><\/span><span><\/span><span><\/span><\/a>\n\t\t\t<\/div>\t<div class=\"sc_services_item_content\">\n\t\t\t\t<h6 class=\"sc_services_item_title\">\n        <span id=\"trx_sc_services_690360532_icon-wave_3\"\n              class=\"sc_services_item_icon sc_icon_type_icons icon-wave\"\n                    ><\/span>\n        <a href=\"https:\/\/aquacity.sk\/hu\/services\/animacios-program\/\">Anim\u00e1ci\u00f3s program<\/a><\/h6>\n\t\t\t\t\t\t\t<div class=\"sc_services_item_text\"><p>Kiv\u00e1l\u00f3 hangulat, nevet\u00e9s \u00e9s unalom n\u00e9lk\u00fcl. Mindezt anim\u00e1toraink vezet\u00e9s\u00e9vel, akik h\u00e9tv\u00e9g\u00e9n \u00e9s ny\u00e1ron minden nap vid\u00e1m programot biztos\u00edtanak a gyerekeknek.   <\/p>\n<\/div>\n\t\t<div class=\"link_more\"><a href=\"https:\/\/aquacity.sk\/hu\/services\/animacios-program\/\" class=\"sc_services\">Tov\u00e1bbi inform\u00e1ci\u00f3<\/a><\/div>\t\t\t<\/div>\n<\/div>\n<\/div><div class=\"trx_addons_column-1_2 \"><div data-post-id=\"21957\" class=\"sc_services_item no_links with_content post-21957 cpt_services type-cpt_services status-publish has-post-thumbnail hentry cpt_services_group-pre-deti post_emotion_main_cool post_emotion_cool post_emotion_lol\"><div class=\"post_featured with_thumb hover_dots sc_services_item_header post_featured_bg neptunus_inline_348909845\">\t\t\t\t\t\t<div class=\"mask\"><\/div>\n\t\t\t\t\t\t\t\t\t<a href=\"https:\/\/aquacity.sk\/hu\/services\/jatszoterek\/\"  aria-hidden=\"true\" class=\"icons\"><span><\/span><span><\/span><span><\/span><\/a>\n\t\t\t<\/div>\t<div class=\"sc_services_item_content\">\n\t\t\t\t<h6 class=\"sc_services_item_title\">\n        <span id=\"trx_sc_services_690360532_icon-wave_4\"\n              class=\"sc_services_item_icon sc_icon_type_icons icon-wave\"\n                    ><\/span>\n        <a href=\"https:\/\/aquacity.sk\/hu\/services\/jatszoterek\/\">J\u00e1tsz\u00f3terek<\/a><\/h6>\n\t\t\t\t\t\t\t<div class=\"sc_services_item_text\"><p>A gyermekek a medenc\u00e9ken k\u00edv\u00fcl \u00e9s a friss leveg\u0151n sz\u00f3rakozhatnak a szabadt\u00e9ri aquapark ter\u00fclet\u00e9n.  <\/p>\n<\/div>\n\t\t<div class=\"link_more\"><a href=\"https:\/\/aquacity.sk\/hu\/services\/jatszoterek\/\" class=\"sc_services\">Tov\u00e1bbi inform\u00e1ci\u00f3<\/a><\/div>\t\t\t<\/div>\n<\/div>\n<\/div><div class=\"trx_addons_column-1_2 \"><div data-post-id=\"21956\" class=\"sc_services_item no_links with_content post-21956 cpt_services type-cpt_services status-publish has-post-thumbnail hentry cpt_services_group-pre-deti post_emotion_main_cool post_emotion_cool post_emotion_lol\"><div class=\"post_featured with_thumb hover_dots sc_services_item_header post_featured_bg neptunus_inline_1180675941\">\t\t\t\t\t\t<div class=\"mask\"><\/div>\n\t\t\t\t\t\t\t\t\t<a href=\"https:\/\/aquacity.sk\/hu\/services\/gyerekzsurok\/\"  aria-hidden=\"true\" class=\"icons\"><span><\/span><span><\/span><span><\/span><\/a>\n\t\t\t<\/div>\t<div class=\"sc_services_item_content\">\n\t\t\t\t<h6 class=\"sc_services_item_title\">\n        <span id=\"trx_sc_services_690360532_icon-wave_5\"\n              class=\"sc_services_item_icon sc_icon_type_icons icon-wave\"\n                    ><\/span>\n        <a href=\"https:\/\/aquacity.sk\/hu\/services\/gyerekzsurok\/\">Gyerekzs\u00farok<\/a><\/h6>\n\t\t\t\t\t\t\t<div class=\"sc_services_item_text\"><p>Szeretne egy j\u00f3 kis gyerekzs\u00fart k\u00e9sz\u00edteni gyermekeinek?  <\/p>\n<\/div>\n\t\t<div class=\"link_more\"><a href=\"https:\/\/aquacity.sk\/hu\/services\/gyerekzsurok\/\" class=\"sc_services\">Tov\u00e1bbi inform\u00e1ci\u00f3<\/a><\/div>\t\t\t<\/div>\n<\/div>\n<\/div><div class=\"trx_addons_column-1_2 \"><div data-post-id=\"21955\" class=\"sc_services_item no_links with_content post-21955 cpt_services type-cpt_services status-publish has-post-thumbnail hentry cpt_services_group-pre-deti post_emotion_main_cool post_emotion_cool post_emotion_lol\"><div class=\"post_featured with_thumb hover_dots sc_services_item_header post_featured_bg neptunus_inline_2074727473\">\t\t\t\t\t\t<div class=\"mask\"><\/div>\n\t\t\t\t\t\t\t\t\t<a href=\"https:\/\/aquacity.sk\/hu\/services\/gyermekmedencek\/\"  aria-hidden=\"true\" class=\"icons\"><span><\/span><span><\/span><span><\/span><\/a>\n\t\t\t<\/div>\t<div class=\"sc_services_item_content\">\n\t\t\t\t<h6 class=\"sc_services_item_title\">\n        <span id=\"trx_sc_services_690360532_icon-wave_6\"\n              class=\"sc_services_item_icon sc_icon_type_icons icon-wave\"\n                    ><\/span>\n        <a href=\"https:\/\/aquacity.sk\/hu\/services\/gyermekmedencek\/\">Gyermekmedenc\u00e9k<\/a><\/h6>\n\t\t\t\t\t\t\t<div class=\"sc_services_item_text\"><p>Nagyszer\u0171 sz\u00f3rakoz\u00e1s a kis kal\u00f3zok sz\u00e1m\u00e1ra. A T\u00e1tra alatti sz\u00f3rakoz\u00e1s tenger\u00e9ben k\u00e9sz\u00edtett\u00fcnk egy Kincses sziget gyermekmedenc\u00e9t a kicsik sz\u00e1m\u00e1ra<\/p>\n<\/div>\n\t\t<div class=\"link_more\"><a href=\"https:\/\/aquacity.sk\/hu\/services\/gyermekmedencek\/\" class=\"sc_services\">Tov\u00e1bbi inform\u00e1ci\u00f3<\/a><\/div>\t\t\t<\/div>\n<\/div>\n<\/div><div class=\"trx_addons_column-1_2 \"><div data-post-id=\"21954\" class=\"sc_services_item no_links with_content post-21954 cpt_services type-cpt_services status-publish has-post-thumbnail hentry cpt_services_group-pre-deti post_emotion_main_cool post_emotion_cool post_emotion_lol\"><div class=\"post_featured with_thumb hover_dots sc_services_item_header post_featured_bg neptunus_inline_63575641\">\t\t\t\t\t\t<div class=\"mask\"><\/div>\n\t\t\t\t\t\t\t\t\t<a href=\"https:\/\/aquacity.sk\/kurzy-plavania\/\"  target=\"_blank\" rel=\"nofollow\" aria-hidden=\"true\" class=\"icons\"><span><\/span><span><\/span><span><\/span><\/a>\n\t\t\t<\/div>\t<div class=\"sc_services_item_content\">\n\t\t\t\t<h6 class=\"sc_services_item_title\">\n        <span id=\"trx_sc_services_690360532_icon-bucket_7\"\n              class=\"sc_services_item_icon sc_icon_type_icons icon-bucket\"\n                    ><\/span>\n        <a href=\"https:\/\/aquacity.sk\/kurzy-plavania\/\" target=\"_blank\">Plaveck\u00e9 kurzy pre deti<\/a><\/h6>\n\t\t\t\t\t\t\t<div class=\"sc_services_item_text\"><p>Pon\u00fakame v\u00e1m plaveck\u00e9 kurzy pre mal\u00e9 b\u00e1b\u00e4tk\u00e1 u\u017e od troch mesiacov a\u017e pre dospel\u00fdch, individu\u00e1lne alebo skupinov\u00e9. Radi v\u00e1s priv\u00edtame v na\u0161om plaveckom centre. <\/p>\n<\/div>\n\t\t<div class=\"link_more\"><a href=\"https:\/\/aquacity.sk\/kurzy-plavania\/\" target=\"_blank\" class=\"sc_services\">Tov\u00e1bbi inform\u00e1ci\u00f3<\/a><\/div>\t\t\t<\/div>\n<\/div>\n<\/div><\/div><\/div><!-- \/.sc_services -->\t\t\t\t<\/div>\n\t\t\t\t<\/div>\n\t\t\t\t\t<\/div>\n\t\t<\/div>\n\t\t\t\t\t<\/div>\n\t\t<\/section>\n\t\t\t\t<\/div>\n\t\t","protected":false},"excerpt":{"rendered":"<p>Detsk\u00fd k\u00fatik Morsk\u00fd svet Dvojpodla\u017en\u00e9 multifunk\u010dn\u00e9&hellip;<\/p>\n","protected":false},"author":2,"featured_media":0,"parent":0,"menu_order":0,"comment_status":"closed","ping_status":"closed","template":"","meta":{"footnotes":""},"class_list":["post-21887","page","type-page","status-publish","hentry","post_emotion_main_cool","post_emotion_cool","post_emotion_lol"],"_links":{"self":[{"href":"https:\/\/aquacity.sk\/hu\/wp-json\/wp\/v2\/pages\/21887","targetHints":{"allow":["GET"]}}],"collection":[{"href":"https:\/\/aquacity.sk\/hu\/wp-json\/wp\/v2\/pages"}],"about":[{"href":"https:\/\/aquacity.sk\/hu\/wp-json\/wp\/v2\/types\/page"}],"author":[{"embeddable":true,"href":"https:\/\/aquacity.sk\/hu\/wp-json\/wp\/v2\/users\/2"}],"replies":[{"embeddable":true,"href":"https:\/\/aquacity.sk\/hu\/wp-json\/wp\/v2\/comments?post=21887"}],"version-history":[{"count":6,"href":"https:\/\/aquacity.sk\/hu\/wp-json\/wp\/v2\/pages\/21887\/revisions"}],"predecessor-version":[{"id":22414,"href":"https:\/\/aquacity.sk\/hu\/wp-json\/wp\/v2\/pages\/21887\/revisions\/22414"}],"wp:attachment":[{"href":"https:\/\/aquacity.sk\/hu\/wp-json\/wp\/v2\/media?parent=21887"}],"curies":[{"name":"wp","href":"https:\/\/api.w.org\/{rel}","templated":true}]}}