{"id":21885,"date":"2022-01-31T09:30:25","date_gmt":"2022-01-31T08:30:25","guid":{"rendered":"https:\/\/aquacity.sk\/tobogany-a-smykalky\/"},"modified":"2024-10-14T13:58:29","modified_gmt":"2024-10-14T11:58:29","slug":"toboganok-es-csuszdak","status":"publish","type":"page","link":"https:\/\/aquacity.sk\/hu\/toboganok-es-csuszdak\/","title":{"rendered":"Tobog\u00e1nok \u00e9s cs\u00faszd\u00e1k"},"content":{"rendered":"\t\t<div data-elementor-type=\"wp-post\" data-elementor-id=\"21885\" class=\"elementor elementor-21885 elementor-3700\">\n\t\t\t\t\t\t<section class=\"elementor-section elementor-top-section elementor-element elementor-element-ea3735a elementor-section-stretched elementor-section-boxed elementor-section-height-default elementor-section-height-default\" data-id=\"ea3735a\" data-element_type=\"section\" data-settings=\"{&quot;stretch_section&quot;:&quot;section-stretched&quot;,&quot;background_background&quot;:&quot;classic&quot;}\">\n\t\t\t\t\t\t<div class=\"elementor-container elementor-column-gap-extended\">\n\t\t\t\t\t<div class=\"elementor-column elementor-col-100 elementor-top-column elementor-element elementor-element-6f780ea sc_inner_width_none sc_layouts_column_icons_position_left\" data-id=\"6f780ea\" data-element_type=\"column\">\n\t\t\t<div class=\"elementor-widget-wrap elementor-element-populated\">\n\t\t\t\t\t\t<div class=\"elementor-element elementor-element-6649245 sc_fly_static elementor-widget elementor-widget-heading\" data-id=\"6649245\" data-element_type=\"widget\" data-widget_type=\"heading.default\">\n\t\t\t\t<div class=\"elementor-widget-container\">\n\t\t\t\t\t<h2 class=\"elementor-heading-title elementor-size-default\">Eg\u00e9sz \u00e9vben m\u0171k\u00f6d\u0151 tobog\u00e1nok<\/h2>\t\t\t\t<\/div>\n\t\t\t\t<\/div>\n\t\t\t\t<div class=\"elementor-element elementor-element-f3f6f5b sc_fly_static elementor-widget elementor-widget-trx_sc_services\" data-id=\"f3f6f5b\" data-element_type=\"widget\" id=\"sc_services_teal\" data-widget_type=\"trx_sc_services.default\">\n\t\t\t\t<div class=\"elementor-widget-container\">\n\t\t\t\t\t<div id=\"sc_services_teal_sc\" class=\"sc_services sc_services_chess sc_services_featured_top\"><div class=\"sc_services_columns_wrap sc_item_columns sc_item_posts_container sc_item_columns_2 trx_addons_columns_wrap columns_padding_bottom\"><div class=\"trx_addons_column-1_2 \"><div data-post-id=\"21886\" class=\"sc_services_item no_links with_content post-21886 cpt_services type-cpt_services status-publish has-post-thumbnail hentry cpt_services_group-tobogany-celorocne\"><div class=\"post_featured with_thumb hover_dots sc_services_item_header post_featured_bg neptunus_inline_367245\">\t\t\t\t\t\t<div class=\"mask\"><\/div>\n\t\t\t\t\t\t\t\t\t<a href=\"https:\/\/aquacity.sk\/hu\/services\/fekete-lyuk-tobogan\/\"  aria-hidden=\"true\" class=\"icons\"><span><\/span><span><\/span><span><\/span><\/a>\n\t\t\t<\/div>\t<div class=\"sc_services_item_content\">\n\t\t\t\t<h6 class=\"sc_services_item_title\">\n        <span id=\"sc_services_teal_sc_icon-waterslides_1\"\n              class=\"sc_services_item_icon sc_icon_type_icons icon-waterslides\"\n                    ><\/span>\n        <a href=\"https:\/\/aquacity.sk\/hu\/services\/fekete-lyuk-tobogan\/\">FEKETE LYUK tobog\u00e1n<\/a><\/h6>\n\t\t\t\t\t\t\t<div class=\"sc_services_item_text\"><p>B\u00e1r a neve ijeszt\u0151en hangzik, a&hellip;<\/p>\n<\/div>\n\t\t<div class=\"link_more\"><a href=\"https:\/\/aquacity.sk\/hu\/services\/fekete-lyuk-tobogan\/\" class=\"sc_services\">Tov\u00e1bbi inform\u00e1ci\u00f3<\/a><\/div>\t\t\t<\/div>\n<\/div>\n<\/div><div class=\"trx_addons_column-1_2 \"><div data-post-id=\"21941\" class=\"sc_services_item no_links with_content post-21941 cpt_services type-cpt_services status-publish has-post-thumbnail hentry cpt_services_group-tobogany-celorocne\"><div class=\"post_featured with_thumb hover_dots sc_services_item_header post_featured_bg neptunus_inline_1122827764\">\t\t\t\t\t\t<div class=\"mask\"><\/div>\n\t\t\t\t\t\t\t\t\t<a href=\"https:\/\/aquacity.sk\/hu\/services\/tobogan-twister\/\"  aria-hidden=\"true\" class=\"icons\"><span><\/span><span><\/span><span><\/span><\/a>\n\t\t\t<\/div>\t<div class=\"sc_services_item_content\">\n\t\t\t\t<h6 class=\"sc_services_item_title\">\n        <span id=\"sc_services_teal_sc_icon-waterslides_2\"\n              class=\"sc_services_item_icon sc_icon_type_icons icon-waterslides\"\n                    ><\/span>\n        <a href=\"https:\/\/aquacity.sk\/hu\/services\/tobogan-twister\/\">TWISTER tobog\u00e1n<\/a><\/h6>\n\t\t\t\t\t\t\t<div class=\"sc_services_item_text\"><p>Olyan sok a kanyar, hogy belesz\u00e9d\u00fclsz&hellip;<\/p>\n<\/div>\n\t\t<div class=\"link_more\"><a href=\"https:\/\/aquacity.sk\/hu\/services\/tobogan-twister\/\" class=\"sc_services\">Tov\u00e1bbi inform\u00e1ci\u00f3<\/a><\/div>\t\t\t<\/div>\n<\/div>\n<\/div><\/div><\/div><!-- \/.sc_services -->\t\t\t\t<\/div>\n\t\t\t\t<\/div>\n\t\t\t\t\t<\/div>\n\t\t<\/div>\n\t\t\t\t\t<\/div>\n\t\t<\/section>\n\t\t\t\t<section class=\"elementor-section elementor-top-section elementor-element elementor-element-9812278 elementor-section-stretched elementor-section-boxed elementor-section-height-default elementor-section-height-default\" data-id=\"9812278\" data-element_type=\"section\" data-settings=\"{&quot;stretch_section&quot;:&quot;section-stretched&quot;,&quot;background_background&quot;:&quot;classic&quot;}\">\n\t\t\t\t\t\t<div class=\"elementor-container elementor-column-gap-extended\">\n\t\t\t\t\t<div class=\"elementor-column elementor-col-100 elementor-top-column elementor-element elementor-element-88bfdc9 sc_inner_width_none sc_layouts_column_icons_position_left\" data-id=\"88bfdc9\" data-element_type=\"column\">\n\t\t\t<div class=\"elementor-widget-wrap elementor-element-populated\">\n\t\t\t\t\t\t<div class=\"elementor-element elementor-element-4ebb2cb sc_fly_static elementor-widget elementor-widget-heading\" data-id=\"4ebb2cb\" data-element_type=\"widget\" data-widget_type=\"heading.default\">\n\t\t\t\t<div class=\"elementor-widget-container\">\n\t\t\t\t\t<h2 class=\"elementor-heading-title elementor-size-default\">Ny\u00e1ri tobog\u00e1nok<\/h2>\t\t\t\t<\/div>\n\t\t\t\t<\/div>\n\t\t\t\t<div class=\"elementor-element elementor-element-6788c74 sc_fly_static elementor-widget elementor-widget-trx_sc_services\" data-id=\"6788c74\" data-element_type=\"widget\" id=\"sc_services_orange\" data-widget_type=\"trx_sc_services.default\">\n\t\t\t\t<div class=\"elementor-widget-container\">\n\t\t\t\t\t<div id=\"sc_services_orange_sc\" class=\"sc_services sc_services_chess sc_services_featured_top\"><div class=\"sc_services_columns_wrap sc_item_columns sc_item_posts_container sc_item_columns_2 trx_addons_columns_wrap columns_padding_bottom\"><div class=\"trx_addons_column-1_2 \"><div data-post-id=\"21940\" class=\"sc_services_item no_links with_content post-21940 cpt_services type-cpt_services status-publish has-post-thumbnail hentry cpt_services_group-tobogany-letne\"><div class=\"post_featured with_thumb hover_dots sc_services_item_header post_featured_bg neptunus_inline_1905216797\">\t\t\t\t\t\t<div class=\"mask\"><\/div>\n\t\t\t\t\t\t\t\t\t<a href=\"https:\/\/aquacity.sk\/hu\/services\/https-aquacity-sk-hu-services-rodina-smykacka-family-slide\/\"  aria-hidden=\"true\" class=\"icons\"><span><\/span><span><\/span><span><\/span><\/a>\n\t\t\t<\/div>\t<div class=\"sc_services_item_content\">\n\t\t\t\t<h6 class=\"sc_services_item_title\">\n        <span id=\"sc_services_orange_sc__1\"\n              class=\"sc_services_item_icon sc_icon_type_icons \"\n                    ><\/span>\n        <a href=\"https:\/\/aquacity.sk\/hu\/services\/https-aquacity-sk-hu-services-rodina-smykacka-family-slide\/\">FAMILY SLIDE \u2013 Csal\u00e1di cs\u00faszda<\/a><\/h6>\n\t\t\t\t\t\t\t<div class=\"sc_services_item_text\"><p>Az AquaCity-ben az eg\u00e9sz csal\u00e1d egy\u00fctt&hellip;<\/p>\n<\/div>\n\t\t<div class=\"link_more\"><a href=\"https:\/\/aquacity.sk\/hu\/services\/https-aquacity-sk-hu-services-rodina-smykacka-family-slide\/\" class=\"sc_services\">Tov\u00e1bbi inform\u00e1ci\u00f3<\/a><\/div>\t\t\t<\/div>\n<\/div>\n<\/div><div class=\"trx_addons_column-1_2 \"><div data-post-id=\"21939\" class=\"sc_services_item no_links with_content post-21939 cpt_services type-cpt_services status-publish has-post-thumbnail hentry cpt_services_group-tobogany-letne\"><div class=\"post_featured with_thumb hover_dots sc_services_item_header post_featured_bg neptunus_inline_834997100\">\t\t\t\t\t\t<div class=\"mask\"><\/div>\n\t\t\t\t\t\t\t\t\t<a href=\"https:\/\/aquacity.sk\/hu\/services\/rodinna-smykacka\/\"  aria-hidden=\"true\" class=\"icons\"><span><\/span><span><\/span><span><\/span><\/a>\n\t\t\t<\/div>\t<div class=\"sc_services_item_content\">\n\t\t\t\t<h6 class=\"sc_services_item_title\">\n        <span id=\"sc_services_orange_sc__2\"\n              class=\"sc_services_item_icon sc_icon_type_icons \"\n                    ><\/span>\n        <a href=\"https:\/\/aquacity.sk\/hu\/services\/rodinna-smykacka\/\">FUN PARK<\/a><\/h6>\n\t\t\t\t\t\t\t<div class=\"sc_services_item_text\"><p>A gyerekek sz\u00f3rakoz\u00e1s\u00e1b\u00f3l a szabadban sincs&hellip;<\/p>\n<\/div>\n\t\t<div class=\"link_more\"><a href=\"https:\/\/aquacity.sk\/hu\/services\/rodinna-smykacka\/\" class=\"sc_services\">Tov\u00e1bbi inform\u00e1ci\u00f3<\/a><\/div>\t\t\t<\/div>\n<\/div>\n<\/div><div class=\"trx_addons_column-1_2 \"><div data-post-id=\"21938\" class=\"sc_services_item no_links with_content post-21938 cpt_services type-cpt_services status-publish has-post-thumbnail hentry cpt_services_group-tobogany-letne\"><div class=\"post_featured with_thumb hover_dots sc_services_item_header post_featured_bg neptunus_inline_592614966\">\t\t\t\t\t\t<div class=\"mask\"><\/div>\n\t\t\t\t\t\t\t\t\t<a href=\"https:\/\/aquacity.sk\/hu\/services\/kamikadze\/\"  aria-hidden=\"true\" class=\"icons\"><span><\/span><span><\/span><span><\/span><\/a>\n\t\t\t<\/div>\t<div class=\"sc_services_item_content\">\n\t\t\t\t<h6 class=\"sc_services_item_title\">\n        <span id=\"sc_services_orange_sc__3\"\n              class=\"sc_services_item_icon sc_icon_type_icons \"\n                    ><\/span>\n        <a href=\"https:\/\/aquacity.sk\/hu\/services\/kamikadze\/\">KAMIKADZE<\/a><\/h6>\n\t\t\t\t\t\t\t<div class=\"sc_services_item_text\"><p>Pr\u00f3b\u00e1ra teheti b\u00e1tors\u00e1g\u00e1t, ha a medenc\u00e9hez&hellip;<\/p>\n<\/div>\n\t\t<div class=\"link_more\"><a href=\"https:\/\/aquacity.sk\/hu\/services\/kamikadze\/\" class=\"sc_services\">Tov\u00e1bbi inform\u00e1ci\u00f3<\/a><\/div>\t\t\t<\/div>\n<\/div>\n<\/div><div class=\"trx_addons_column-1_2 \"><div data-post-id=\"21937\" class=\"sc_services_item no_links with_content post-21937 cpt_services type-cpt_services status-publish has-post-thumbnail hentry cpt_services_group-tobogany-letne\"><div class=\"post_featured with_thumb hover_dots sc_services_item_header post_featured_bg neptunus_inline_914007761\">\t\t\t\t\t\t<div class=\"mask\"><\/div>\n\t\t\t\t\t\t\t\t\t<a href=\"https:\/\/aquacity.sk\/hu\/services\/raftovaci-tobogan\/\"  aria-hidden=\"true\" class=\"icons\"><span><\/span><span><\/span><span><\/span><\/a>\n\t\t\t<\/div>\t<div class=\"sc_services_item_content\">\n\t\t\t\t<h6 class=\"sc_services_item_title\">\n        <span id=\"sc_services_orange_sc_icon-waterslides_4\"\n              class=\"sc_services_item_icon sc_icon_type_icons icon-waterslides\"\n                    ><\/span>\n        <a href=\"https:\/\/aquacity.sk\/hu\/services\/raftovaci-tobogan\/\">RAFTING TOBOG\u00c1N<\/a><\/h6>\n\t\t\t\t\t\t\t<div class=\"sc_services_item_text\"><p>Az AquaCity-ben lehet\u0151s\u00e9ge van egy igazi&hellip;<\/p>\n<\/div>\n\t\t<div class=\"link_more\"><a href=\"https:\/\/aquacity.sk\/hu\/services\/raftovaci-tobogan\/\" class=\"sc_services\">Tov\u00e1bbi inform\u00e1ci\u00f3<\/a><\/div>\t\t\t<\/div>\n<\/div>\n<\/div><\/div><\/div><!-- \/.sc_services -->\t\t\t\t<\/div>\n\t\t\t\t<\/div>\n\t\t\t\t\t<\/div>\n\t\t<\/div>\n\t\t\t\t\t<\/div>\n\t\t<\/section>\n\t\t\t\t<section class=\"elementor-section elementor-top-section elementor-element elementor-element-7ed08073 creanet-link-icons elementor-section-boxed elementor-section-height-default elementor-section-height-default\" data-id=\"7ed08073\" data-element_type=\"section\">\n\t\t\t\t\t\t<div class=\"elementor-container elementor-column-gap-extended\">\n\t\t\t\t\t<div class=\"elementor-column elementor-col-100 elementor-top-column elementor-element elementor-element-3ae0d317 sc_inner_width_none sc_layouts_column_icons_position_left\" data-id=\"3ae0d317\" data-element_type=\"column\">\n\t\t\t<div class=\"elementor-widget-wrap elementor-element-populated\">\n\t\t\t\t\t\t<div class=\"elementor-element elementor-element-6cf26c64 sc_fly_static elementor-widget elementor-widget-spacer\" data-id=\"6cf26c64\" data-element_type=\"widget\" data-widget_type=\"spacer.default\">\n\t\t\t\t<div class=\"elementor-widget-container\">\n\t\t\t\t\t\t\t<div class=\"elementor-spacer\">\n\t\t\t<div class=\"elementor-spacer-inner\"><\/div>\n\t\t<\/div>\n\t\t\t\t\t\t<\/div>\n\t\t\t\t<\/div>\n\t\t\t\t<div class=\"elementor-element elementor-element-4a0d0018 sc_fly_static elementor-widget elementor-widget-trx_sc_icons\" data-id=\"4a0d0018\" data-element_type=\"widget\" data-widget_type=\"trx_sc_icons.default\">\n\t\t\t\t<div class=\"elementor-widget-container\">\n\t\t\t\t\t<div id=\"trx_sc_icons_1929467649\" \r\n\tclass=\"sc_icons sc_icons_default sc_icons_size_small sc_align_none\"><div class=\"sc_icons_columns_wrap sc_item_columns trx_addons_columns_wrap columns_padding_bottom\"><div class=\"trx_addons_column-1_3\"><div class=\"sc_icons_item sc_icons_item_linked\"><div class=\"sc_icons_icon sc_icon_type_ icon-euro\"><span class=\"sc_icon_type_ icon-euro\"><\/span><\/div><div class=\"sc_icons_item_details\"><h4 class=\"sc_icons_item_title\"><span>\u00c1rlista<\/span><\/h4><a href=\"https:\/\/aquacity.sk\/hu\/aquapark-cennik\/\"\r\n\t\t\t\t\t\tclass=\"sc_icons_item_link\" target=\"_blank\"><\/a><\/div><\/div><\/div><div class=\"trx_addons_column-1_3\"><div class=\"sc_icons_item sc_icons_item_linked\"><div class=\"sc_icons_icon sc_icon_type_ icon-clock-empty\"><span class=\"sc_icon_type_ icon-clock-empty\"><\/span><\/div><div class=\"sc_icons_item_details\"><h4 class=\"sc_icons_item_title\"><span>Nyitvatart\u00e1s<\/span><\/h4><a href=\"https:\/\/aquacity.sk\/hu\/nyitvatartas-es-hirdetmenyek\/\"\r\n\t\t\t\t\t\tclass=\"sc_icons_item_link\" target=\"_blank\"><\/a><\/div><\/div><\/div><div class=\"trx_addons_column-1_3\"><div class=\"sc_icons_item sc_icons_item_linked\"><div class=\"sc_icons_icon sc_icon_type_ icon-cart-2\"><span class=\"sc_icon_type_ icon-cart-2\"><\/span><\/div><div class=\"sc_icons_item_details\"><h4 class=\"sc_icons_item_title\"><span>Online v\u00e1s\u00e1rl\u00e1s<\/span><\/h4><a href=\"https:\/\/shop.aquacity.sk\/en\/\"\r\n\t\t\t\t\t\tclass=\"sc_icons_item_link\" target=\"_blank\"><\/a><\/div><\/div><\/div><\/div><\/div><!-- \/.sc_icons -->\t\t\t\t<\/div>\n\t\t\t\t<\/div>\n\t\t\t\t\t<\/div>\n\t\t<\/div>\n\t\t\t\t\t<\/div>\n\t\t<\/section>\n\t\t\t\t<\/div>\n\t\t","protected":false},"excerpt":{"rendered":"<p>Eg\u00e9sz \u00e9vben m\u0171k\u00f6d\u0151 tobog\u00e1nok Tobogan \u010cIERNA&hellip;<\/p>\n","protected":false},"author":2,"featured_media":21645,"parent":0,"menu_order":0,"comment_status":"closed","ping_status":"closed","template":"","meta":{"footnotes":""},"class_list":["post-21885","page","type-page","status-publish","has-post-thumbnail","hentry"],"_links":{"self":[{"href":"https:\/\/aquacity.sk\/hu\/wp-json\/wp\/v2\/pages\/21885","targetHints":{"allow":["GET"]}}],"collection":[{"href":"https:\/\/aquacity.sk\/hu\/wp-json\/wp\/v2\/pages"}],"about":[{"href":"https:\/\/aquacity.sk\/hu\/wp-json\/wp\/v2\/types\/page"}],"author":[{"embeddable":true,"href":"https:\/\/aquacity.sk\/hu\/wp-json\/wp\/v2\/users\/2"}],"replies":[{"embeddable":true,"href":"https:\/\/aquacity.sk\/hu\/wp-json\/wp\/v2\/comments?post=21885"}],"version-history":[{"count":8,"href":"https:\/\/aquacity.sk\/hu\/wp-json\/wp\/v2\/pages\/21885\/revisions"}],"predecessor-version":[{"id":22411,"href":"https:\/\/aquacity.sk\/hu\/wp-json\/wp\/v2\/pages\/21885\/revisions\/22411"}],"wp:featuredmedia":[{"embeddable":true,"href":"https:\/\/aquacity.sk\/hu\/wp-json\/wp\/v2\/media\/21645"}],"wp:attachment":[{"href":"https:\/\/aquacity.sk\/hu\/wp-json\/wp\/v2\/media?parent=21885"}],"curies":[{"name":"wp","href":"https:\/\/api.w.org\/{rel}","templated":true}]}}