{"id":9627,"date":"2022-01-31T10:00:23","date_gmt":"2022-01-31T09:00:23","guid":{"rendered":"https:\/\/new.aquacity.sk\/pre-deti\/"},"modified":"2024-04-05T11:42:58","modified_gmt":"2024-04-05T09:42:58","slug":"for-children","status":"publish","type":"page","link":"https:\/\/aquacity.sk\/en\/for-children\/","title":{"rendered":"For children"},"content":{"rendered":"\t\t<div data-elementor-type=\"wp-post\" data-elementor-id=\"9627\" class=\"elementor elementor-9627 elementor-3717\">\n\t\t\t\t\t\t<section class=\"elementor-section elementor-top-section elementor-element elementor-element-ea3735a elementor-section-stretched elementor-section-boxed elementor-section-height-default elementor-section-height-default\" data-id=\"ea3735a\" data-element_type=\"section\" data-settings=\"{&quot;stretch_section&quot;:&quot;section-stretched&quot;,&quot;background_background&quot;:&quot;classic&quot;}\">\n\t\t\t\t\t\t<div class=\"elementor-container elementor-column-gap-extended\">\n\t\t\t\t\t<div class=\"elementor-column elementor-col-100 elementor-top-column elementor-element elementor-element-6f780ea sc_inner_width_none sc_layouts_column_icons_position_left\" data-id=\"6f780ea\" data-element_type=\"column\">\n\t\t\t<div class=\"elementor-widget-wrap elementor-element-populated\">\n\t\t\t\t\t\t<div class=\"elementor-element elementor-element-f3f6f5b sc_fly_static elementor-widget elementor-widget-trx_sc_services\" data-id=\"f3f6f5b\" data-element_type=\"widget\" data-widget_type=\"trx_sc_services.default\">\n\t\t\t\t<div class=\"elementor-widget-container\">\n\t\t\t\t\t<div id=\"trx_sc_services_392389410\" class=\"sc_services sc_services_chess sc_services_featured_top\"><div class=\"sc_services_columns_wrap sc_item_columns sc_item_posts_container sc_item_columns_2 trx_addons_columns_wrap columns_padding_bottom\"><div class=\"trx_addons_column-1_2 \"><div data-post-id=\"10616\" class=\"sc_services_item no_links with_content post-10616 cpt_services type-cpt_services status-publish has-post-thumbnail hentry cpt_services_group-pre-deti post_emotion_main_cool post_emotion_cool post_emotion_lol\"><div class=\"post_featured with_thumb hover_dots sc_services_item_header post_featured_bg neptunus_inline_2031250661\">\t\t\t\t\t\t<div class=\"mask\"><\/div>\n\t\t\t\t\t\t\t\t\t<a href=\"https:\/\/aquacity.sk\/en\/services\/programme-of-activities\/\"  aria-hidden=\"true\" class=\"icons\"><span><\/span><span><\/span><span><\/span><\/a>\n\t\t\t<\/div>\t<div class=\"sc_services_item_content\">\n\t\t\t\t<h6 class=\"sc_services_item_title\">\n        <span id=\"trx_sc_services_392389410_icon-wave_1\"\n              class=\"sc_services_item_icon sc_icon_type_icons icon-wave\"\n                    ><\/span>\n        <a href=\"https:\/\/aquacity.sk\/en\/services\/programme-of-activities\/\">Animation Programme<\/a><\/h6>\n\t\t\t\t\t\t\t<div class=\"sc_services_item_text\"><p>Excellent mood, laughter and no boredom. And that&#8217;s under the guidance of our animators, who take care of a fun programme for children every day during the weekends and in summer.   <\/p>\n<\/div>\n\t\t<div class=\"link_more\"><a href=\"https:\/\/aquacity.sk\/en\/services\/programme-of-activities\/\" class=\"sc_services\">Read more<\/a><\/div>\t\t\t<\/div>\n<\/div>\n<\/div><div class=\"trx_addons_column-1_2 \"><div data-post-id=\"10582\" class=\"sc_services_item no_links with_content post-10582 cpt_services type-cpt_services status-publish has-post-thumbnail hentry cpt_services_group-pre-deti post_emotion_main_cool post_emotion_cool post_emotion_lol\"><div class=\"post_featured with_thumb hover_dots sc_services_item_header post_featured_bg neptunus_inline_857736230\">\t\t\t\t\t\t<div class=\"mask\"><\/div>\n\t\t\t\t\t\t\t\t\t<a href=\"https:\/\/aquacity.sk\/en\/services\/detske-party\/\"  aria-hidden=\"true\" class=\"icons\"><span><\/span><span><\/span><span><\/span><\/a>\n\t\t\t<\/div>\t<div class=\"sc_services_item_content\">\n\t\t\t\t<h6 class=\"sc_services_item_title\">\n        <span id=\"trx_sc_services_392389410_icon-wave_2\"\n              class=\"sc_services_item_icon sc_icon_type_icons icon-wave\"\n                    ><\/span>\n        <a href=\"https:\/\/aquacity.sk\/en\/services\/detske-party\/\">Sunday Children&#8217;s parties<\/a><\/h6>\n\t\t\t\t\t\t\t<div class=\"sc_services_item_text\"><p>Do you want to prepare a proper children&#8217;s party for your children, celebrate a birthday, anniversary or organise family gatherings? We have prepared for you an exceptional space in which we can provide a children&#8217;s menu and drinks, a festive cake, thematic and fairy-tale decorations. <\/p>\n<\/div>\n\t\t<div class=\"link_more\"><a href=\"https:\/\/aquacity.sk\/en\/services\/detske-party\/\" class=\"sc_services\">Read more<\/a><\/div>\t\t\t<\/div>\n<\/div>\n<\/div><div class=\"trx_addons_column-1_2 \"><div data-post-id=\"18692\" class=\"sc_services_item no_links with_content post-18692 cpt_services type-cpt_services status-publish has-post-thumbnail hentry cpt_services_group-pre-deti-pl cpt_services_group-pre-deti cpt_services_group-pre-deti-cs cpt_services_group-pre-deti-en post_emotion_main_cool post_emotion_cool post_emotion_lol\"><div class=\"post_featured with_thumb hover_dots sc_services_item_header post_featured_bg neptunus_inline_1072290899\">\t\t\t\t\t\t<div class=\"mask\"><\/div>\n\t\t\t\t\t\t\t\t\t<a href=\"https:\/\/aquacity.sk\/en\/services\/kids-parties\/\"  aria-hidden=\"true\" class=\"icons\"><span><\/span><span><\/span><span><\/span><\/a>\n\t\t\t<\/div>\t<div class=\"sc_services_item_content\">\n\t\t\t\t<h6 class=\"sc_services_item_title\">\n        <span id=\"trx_sc_services_392389410_icon-wave_3\"\n              class=\"sc_services_item_icon sc_icon_type_icons icon-wave\"\n                    ><\/span>\n        <a href=\"https:\/\/aquacity.sk\/en\/services\/kids-parties\/\">Kid\u00b4s parties<\/a><\/h6>\n\t\t\t\t\t\t\t<div class=\"sc_services_item_text\"><p>Would you like to organise a children\u2019s party, a birthday celebration, an anniversary or a family gathering? <\/p>\n<\/div>\n\t\t<div class=\"link_more\"><a href=\"https:\/\/aquacity.sk\/en\/services\/kids-parties\/\" class=\"sc_services\">Read more<\/a><\/div>\t\t\t<\/div>\n<\/div>\n<\/div><\/div><\/div><!-- \/.sc_services -->\t\t\t\t<\/div>\n\t\t\t\t<\/div>\n\t\t\t\t\t<\/div>\n\t\t<\/div>\n\t\t\t\t\t<\/div>\n\t\t<\/section>\n\t\t\t\t<\/div>\n\t\t","protected":false},"excerpt":{"rendered":"<p>D\u011btsk\u00fd koutek Mo\u0159sk\u00fd sv\u011bt Dvoupodla\u017en\u00ed multifunk\u010dn\u00ed&hellip;<\/p>\n","protected":false},"author":2,"featured_media":0,"parent":0,"menu_order":0,"comment_status":"closed","ping_status":"closed","template":"","meta":{"footnotes":""},"class_list":["post-9627","page","type-page","status-publish","hentry","post_emotion_main_cool","post_emotion_cool","post_emotion_lol"],"_links":{"self":[{"href":"https:\/\/aquacity.sk\/en\/wp-json\/wp\/v2\/pages\/9627","targetHints":{"allow":["GET"]}}],"collection":[{"href":"https:\/\/aquacity.sk\/en\/wp-json\/wp\/v2\/pages"}],"about":[{"href":"https:\/\/aquacity.sk\/en\/wp-json\/wp\/v2\/types\/page"}],"author":[{"embeddable":true,"href":"https:\/\/aquacity.sk\/en\/wp-json\/wp\/v2\/users\/2"}],"replies":[{"embeddable":true,"href":"https:\/\/aquacity.sk\/en\/wp-json\/wp\/v2\/comments?post=9627"}],"version-history":[{"count":11,"href":"https:\/\/aquacity.sk\/en\/wp-json\/wp\/v2\/pages\/9627\/revisions"}],"predecessor-version":[{"id":18718,"href":"https:\/\/aquacity.sk\/en\/wp-json\/wp\/v2\/pages\/9627\/revisions\/18718"}],"wp:attachment":[{"href":"https:\/\/aquacity.sk\/en\/wp-json\/wp\/v2\/media?parent=9627"}],"curies":[{"name":"wp","href":"https:\/\/api.w.org\/{rel}","templated":true}]}}