{"id":9437,"date":"2022-01-31T10:01:13","date_gmt":"2022-01-31T09:01:13","guid":{"rendered":"https:\/\/new.aquacity.sk\/kurzy-plavania\/"},"modified":"2022-07-06T18:38:57","modified_gmt":"2022-07-06T16:38:57","slug":"swimming-lessons","status":"publish","type":"page","link":"https:\/\/aquacity.sk\/en\/swimming-lessons\/","title":{"rendered":"Swimming lessons"},"content":{"rendered":"\t\t<div data-elementor-type=\"wp-post\" data-elementor-id=\"9437\" class=\"elementor elementor-9437 elementor-3723\">\n\t\t\t\t\t\t<section class=\"elementor-section elementor-top-section elementor-element elementor-element-318fc77 elementor-section-stretched elementor-section-boxed elementor-section-height-default elementor-section-height-default\" data-id=\"318fc77\" data-element_type=\"section\" data-settings=\"{&quot;stretch_section&quot;:&quot;section-stretched&quot;,&quot;background_background&quot;:&quot;classic&quot;}\">\n\t\t\t\t\t\t<div class=\"elementor-container elementor-column-gap-extended\">\n\t\t\t\t\t<div class=\"elementor-column elementor-col-100 elementor-top-column elementor-element elementor-element-6fb4378 sc_inner_width_none sc_layouts_column_icons_position_left\" data-id=\"6fb4378\" data-element_type=\"column\">\n\t\t\t<div class=\"elementor-widget-wrap elementor-element-populated\">\n\t\t\t\t\t\t\t<\/div>\n\t\t<\/div>\n\t\t\t\t\t<\/div>\n\t\t<\/section>\n\t\t\t\t<\/div>\n\t\t","protected":false},"excerpt":{"rendered":"<p>AQUAP- plaveck\u00fd klub Edit Nejv\u011bt\u0161\u00ed plaveck\u00fd&hellip;<\/p>\n","protected":false},"author":2,"featured_media":7064,"parent":0,"menu_order":0,"comment_status":"closed","ping_status":"closed","template":"","meta":{"footnotes":""},"class_list":["post-9437","page","type-page","status-publish","has-post-thumbnail","hentry"],"_links":{"self":[{"href":"https:\/\/aquacity.sk\/en\/wp-json\/wp\/v2\/pages\/9437","targetHints":{"allow":["GET"]}}],"collection":[{"href":"https:\/\/aquacity.sk\/en\/wp-json\/wp\/v2\/pages"}],"about":[{"href":"https:\/\/aquacity.sk\/en\/wp-json\/wp\/v2\/types\/page"}],"author":[{"embeddable":true,"href":"https:\/\/aquacity.sk\/en\/wp-json\/wp\/v2\/users\/2"}],"replies":[{"embeddable":true,"href":"https:\/\/aquacity.sk\/en\/wp-json\/wp\/v2\/comments?post=9437"}],"version-history":[{"count":4,"href":"https:\/\/aquacity.sk\/en\/wp-json\/wp\/v2\/pages\/9437\/revisions"}],"predecessor-version":[{"id":12590,"href":"https:\/\/aquacity.sk\/en\/wp-json\/wp\/v2\/pages\/9437\/revisions\/12590"}],"wp:featuredmedia":[{"embeddable":true,"href":"https:\/\/aquacity.sk\/en\/wp-json\/wp\/v2\/media\/7064"}],"wp:attachment":[{"href":"https:\/\/aquacity.sk\/en\/wp-json\/wp\/v2\/media?parent=9437"}],"curies":[{"name":"wp","href":"https:\/\/api.w.org\/{rel}","templated":true}]}}