{"id":9316,"date":"2022-06-21T18:50:36","date_gmt":"2022-06-21T16:50:36","guid":{"rendered":"https:\/\/new.aquacity.sk\/pobytove-baliky\/"},"modified":"2025-04-24T11:29:29","modified_gmt":"2025-04-24T09:29:29","slug":"pobytove-baliky","status":"publish","type":"page","link":"https:\/\/aquacity.sk\/cs\/pobytove-baliky\/","title":{"rendered":"Pobytov\u00e9 bal\u00ed\u010dky"},"content":{"rendered":"\t\t<div data-elementor-type=\"wp-post\" data-elementor-id=\"9316\" class=\"elementor elementor-9316 elementor-6567\">\n\t\t\t\t\t\t<section class=\"elementor-section elementor-top-section elementor-element elementor-element-be65726 elementor-section-boxed elementor-section-height-default elementor-section-height-default\" data-id=\"be65726\" data-element_type=\"section\">\n\t\t\t\t\t\t<div class=\"elementor-container elementor-column-gap-extended\">\n\t\t\t\t\t<div class=\"elementor-column elementor-col-100 elementor-top-column elementor-element elementor-element-f62a3c9 sc_inner_width_none sc_layouts_column_icons_position_left\" data-id=\"f62a3c9\" data-element_type=\"column\">\n\t\t\t<div class=\"elementor-widget-wrap elementor-element-populated\">\n\t\t\t\t\t\t<div class=\"elementor-element elementor-element-d017974 sc_fly_static elementor-widget elementor-widget-text-editor\" data-id=\"d017974\" data-element_type=\"widget\" data-widget_type=\"text-editor.default\">\n\t\t\t\t<div class=\"elementor-widget-container\">\n\t\t\t\t\t\t\t\t\t<p>Vysok\u00e9 Tatry jsou ide\u00e1ln\u00ed destinac\u00ed pro n\u00e1v\u0161t\u011bvn\u00edky, kte\u0159\u00ed hledaj\u00ed slu\u017eby na vysok\u00e9 \u00farovni a z\u00e1rove\u0148 maj\u00ed r\u00e1di aktivn\u00ed odpo\u010dinek. Pokud jste se rozhodli tr\u00e1vit va\u0161i dovolenou v hor\u00e1ch, tak si vyberte Tatry &#8211; nejvy\u0161\u0161\u00ed a nejkr\u00e1sn\u011bj\u0161\u00ed poho\u0159\u00ed Slovenska, kter\u00e9 jsou dokonal\u00fdm m\u00edstem pro rozmanit\u00e9 tr\u00e1ven\u00ed voln\u00e9ho \u010dasu. P\u0159\u00edmo pod Vysok\u00fdmi Tatrami, t\u00e9m\u011b\u0159 v srdci Evropy se nach\u00e1z\u00ed v\u00fdjime\u010dn\u00fd ekologick\u00fd resort AquaCity Poprad, jeho\u017e sou\u010d\u00e1st\u00ed jsou tak\u00e9 <strong>Hotely Mountain View ****, Seasons ****, Riverside ***. <\/strong>Poskytneme V\u00e1m luxusn\u00ed ubytov\u00e1n\u00ed, relax a odpo\u010dinek v term\u00e1ln\u00edm Aquaparku, welness ve Fire &amp; Water Wellness &amp; Spa centru, skv\u011blou z\u00e1bavu v jednom z na\u0161ich bar\u016f a restaurac\u00ed a \u0159adu dopl\u0148kov\u00fdch slu\u017eeb.<\/p>\t\t\t\t\t\t\t\t<\/div>\n\t\t\t\t<\/div>\n\t\t\t\t\t<\/div>\n\t\t<\/div>\n\t\t\t\t\t<\/div>\n\t\t<\/section>\n\t\t\t\t<section class=\"elementor-section elementor-top-section elementor-element elementor-element-797f7285 elementor-section-boxed elementor-section-height-default elementor-section-height-default\" data-id=\"797f7285\" data-element_type=\"section\">\n\t\t\t\t\t\t<div class=\"elementor-container elementor-column-gap-extended\">\n\t\t\t\t\t<div class=\"elementor-column elementor-col-100 elementor-top-column elementor-element elementor-element-7e72d0d0 sc_inner_width_none sc_layouts_column_icons_position_left\" data-id=\"7e72d0d0\" data-element_type=\"column\">\n\t\t\t<div class=\"elementor-widget-wrap elementor-element-populated\">\n\t\t\t\t\t\t<div class=\"elementor-element elementor-element-19bd5357 sc_fly_static elementor-widget elementor-widget-trx_sc_price\" data-id=\"19bd5357\" data-element_type=\"widget\" data-widget_type=\"trx_sc_price.default\">\n\t\t\t\t<div class=\"elementor-widget-container\">\n\t\t\t\t\t<div  id=\"trx_sc_price_1685770566\" \r\n\tclass=\"sc_price sc_price_default\"><div class=\"sc_price_columns_wrap sc_item_columns trx_addons_columns_wrap columns_padding_bottom\"><div class=\"trx_addons_column-1_3\"><div class=\"sc_price_item sc_price_item_default\">\r\n\t\t\t<div class=\"sc_price_item_info\"><h6 class=\"sc_price_item_subtitle\"><span>AquaCity Poprad<\/span><\/h6><h3 class=\"sc_price_item_title\"><span>Hotel Seasons ****<\/span><\/h3><div class=\"sc_price_item_price\"><span class=\"sc_price_item_price_before\">od<\/span><span class=\"sc_price_item_price_value\">100<\/span><span class=\"sc_price_item_price_after\">\u20ac \/ noc<\/span><\/div><div class=\"sc_price_item_details\"><ul class=\"trx_addons_list\" style=\"text-align: left;\"><li style=\"font-weight: 400;\"><strong>Pokoje Standard<\/strong> o rozloze 23,6m2 jsou vhodn\u00e9 k ubytov\u00e1n\u00ed pro 2 osoby nebo rodiny s d\u011btmi.<\/li><li style=\"font-weight: 400;\"><strong>Mezonetov\u00e9 pokoje<\/strong> ve stylu podkrov\u00ed jsou uzp\u016fsobeny pro rodiny s d\u011btmi. Rozloha pokoj\u016f 35,2 m2 poskytuje dostate\u010dn\u00fd prostor pro v\u00e1\u0161 pobyt.<\/li><li style=\"font-weight: 400;\"><strong>De Luxe apartm\u00e1n<\/strong> o rozloze 67,7m2 je vybaven 2 odd\u011blen\u00fdmi lo\u017enicov\u00fdmi \u010d\u00e1stmi, 2 koupelnami, kuchy\u0148kou<\/li><\/ul><\/div><a href=\"https:\/\/aquacityhotel.sk\/cs\/pobytove-baliky\/\" class=\"sc_price_item_link sc_button\" target=\"_blank\">Nab\u00eddka pobytov\u00fdch bal\u00edk\u016f<\/a><\/div><!-- \/.sc_price_item_info --><\/div><\/div><div class=\"trx_addons_column-1_3\"><div class=\"sc_price_item sc_price_item_default\">\r\n\t\t\t<div class=\"sc_price_item_info\"><h6 class=\"sc_price_item_subtitle\"><span>AquaCity Poprad<\/span><\/h6><h3 class=\"sc_price_item_title\"><span>Hotel Mountain View ****<\/span><\/h3><div class=\"sc_price_item_price\"><span class=\"sc_price_item_price_before\">od<\/span><span class=\"sc_price_item_price_value\">100<\/span><span class=\"sc_price_item_price_after\">\u20ac \/ noc<\/span><\/div><div class=\"sc_price_item_details\"><ul class=\"trx_addons_list\" style=\"text-align: left;\"><li style=\"font-weight: 400;\"><strong>Pokoje Standard<\/strong> o rozloze 30,02 m2 jsou ide\u00e1ln\u00ed pro ubytov\u00e1n\u00ed pro 2 osoby. V\u0161echny pokoje jsou vybaveny balkony s v\u00fdhledem na Vysok\u00e9 Tatry a lze na nich um\u00edstit p\u0159ist\u00fdlku.<\/li><li style=\"font-weight: 400;\"><strong>Apartm\u00e1ny De Luxe<\/strong> - 4 luxusn\u00ed apartm\u00e1ny pro 2 a\u017e 4 osoby jsou rozd\u011bleny na ob\u00fdvac\u00ed a lo\u017enicovou \u010d\u00e1st. Rozloha pokoj\u016f je 60,2 m2. Jsou vybaveny dv\u011bma samostatn\u00fdmi koupelnami a dv\u011bma balkony s v\u00fdhledem<\/li><\/ul><\/div><a href=\"https:\/\/aquacityhotel.sk\/cs\/pobytove-baliky\/\/\" class=\"sc_price_item_link sc_button\" target=\"_blank\">Nab\u00eddka pobytov\u00fdch bal\u00edk\u016f<\/a><\/div><!-- \/.sc_price_item_info --><\/div><\/div><div class=\"trx_addons_column-1_3\"><div class=\"sc_price_item sc_price_item_default\">\r\n\t\t\t<div class=\"sc_price_item_info\"><h6 class=\"sc_price_item_subtitle\"><span>P\u0159i AquaCity Poprad<\/span><\/h6><h3 class=\"sc_price_item_title\"><span>Hotel Riverside ***<\/span><\/h3><div class=\"sc_price_item_price\"><span class=\"sc_price_item_price_before\">od<\/span><span class=\"sc_price_item_price_value\">80<\/span><span class=\"sc_price_item_price_after\">\u20ac \/ noc<\/span><\/div><div class=\"sc_price_item_details\"><ul class=\"trx_addons_list\" style=\"text-align: left;\"><li style=\"font-weight: 400;\"><strong>Pokoje Standard<\/strong> - Stylov\u00e9 ubytov\u00e1n\u00ed v 17 Standard pokoj\u00edch vzd\u00e1len\u00fdch jen p\u00e1r krok\u016f od Aquaparku.<\/li><li style=\"font-weight: 400;\"><strong>Pokoj typu Superior -<\/strong> Prostorn\u00fd pokoj nab\u00edz\u00ed v\u011bt\u0161\u00ed komfort a dostatek m\u00edsta a\u017e pro 3 dosp\u011bl\u00e9 osoby nebo rodiny s d\u011btmi. Hotel Riverside je sou\u010d\u00e1st\u00ed N\u00e1rodn\u00edho fotbalov\u00e9ho tr\u00e9ninkov\u00e9ho centra.<\/li><\/ul><\/div><a href=\"https:\/\/aquacityhotel.sk\/cs\/pobytove-baliky\/\" class=\"sc_price_item_link sc_button\" target=\"_blank\">Nab\u00eddka pobytov\u00fdch bal\u00edk\u016f<\/a><\/div><!-- \/.sc_price_item_info --><\/div><\/div><\/div><\/div><!-- \/.sc_price -->\t\t\t\t<\/div>\n\t\t\t\t<\/div>\n\t\t\t\t\t<\/div>\n\t\t<\/div>\n\t\t\t\t\t<\/div>\n\t\t<\/section>\n\t\t\t\t<section class=\"elementor-section elementor-top-section elementor-element elementor-element-6dbc473 elementor-section-boxed elementor-section-height-default elementor-section-height-default\" data-id=\"6dbc473\" data-element_type=\"section\">\n\t\t\t\t\t\t<div class=\"elementor-container elementor-column-gap-extended\">\n\t\t\t\t\t<div class=\"elementor-column elementor-col-100 elementor-top-column elementor-element elementor-element-14d75f4 sc_inner_width_none sc_layouts_column_icons_position_left\" data-id=\"14d75f4\" data-element_type=\"column\">\n\t\t\t<div class=\"elementor-widget-wrap elementor-element-populated\">\n\t\t\t\t\t\t<div class=\"elementor-element elementor-element-a5879fb sc_fly_static elementor-widget elementor-widget-trx_sc_promo\" data-id=\"a5879fb\" data-element_type=\"widget\" data-widget_type=\"trx_sc_promo.default\">\n\t\t\t\t<div class=\"elementor-widget-container\">\n\t\t\t\t\t<div  id=\"trx_sc_promo_2122407359\" \n\tclass=\"sc_promo sc_promo_default sc_promo_size_normal sc_promo_image_position_left sc_promo_text_bg\"><div class=\"sc_promo_image\" style=\"width:50%;left: 0;\"><div class=\"slider_outer slider_swiper_outer slider_style_default slider_outer_direction_horizontal slider_outer_one slider_outer_pagination slider_outer_pagination_bullets slider_outer_pagination_pos_bottom slider_outer_controls slider_outer_controls_side slider_outer_nocentered slider_outer_overflow_hidden slider_outer_notitles\"><div class=\"slider_container slider_swiper swiper-slider-container slider_controls slider_controls_side slider_nocentered slider_overflow_hidden slider_notitles slider_noresize slider_swipe slider_height_auto slider_direction_horizontal slider_pagination slider_pagination_bullets slider_pagination_pos_bottom slider_one slider_type_bg\" data-ratio=\"16:9\" data-interval=\"6528\" data-effect=\"slide\" data-pagination=\"bullets\" data-direction=\"horizontal\" data-slides-per-view=\"1\" data-slides-space=\"0\" data-slides-centered=\"0\" data-slides-overflow=\"0\" data-mouse-wheel=\"0\" data-autoplay=\"1\" data-slides-min-width=\"150\"><div class=\"slider-wrapper swiper-wrapper\"><div  class=\"slider-slide swiper-slide\" data-image=\"\/\/aquacity.sk\/wp-content\/uploads\/2022\/06\/AquaCity_Hotel__HQ_Seasons_2019_00.jpg\" style=\"background-image:url(\/\/aquacity.sk\/wp-content\/uploads\/2022\/06\/AquaCity_Hotel__HQ_Seasons_2019_00.jpg);\"><\/div><div  class=\"slider-slide swiper-slide\" data-image=\"\/\/aquacity.sk\/wp-content\/uploads\/2022\/06\/AquaCity_Hotel__HQ_Seasons_2019_11.jpg\" style=\"background-image:url(\/\/aquacity.sk\/wp-content\/uploads\/2022\/06\/AquaCity_Hotel__HQ_Seasons_2019_11.jpg);\"><\/div><div  class=\"slider-slide swiper-slide\" data-image=\"\/\/aquacity.sk\/wp-content\/uploads\/2022\/06\/AquaCity_Hotel__HQ_Seasons_2019_12.jpg\" style=\"background-image:url(\/\/aquacity.sk\/wp-content\/uploads\/2022\/06\/AquaCity_Hotel__HQ_Seasons_2019_12.jpg);\"><\/div><div  class=\"slider-slide swiper-slide\" data-image=\"\/\/aquacity.sk\/wp-content\/uploads\/2022\/06\/AquaCity_Hotel__HQ_Seasons_2019_21.jpg\" style=\"background-image:url(\/\/aquacity.sk\/wp-content\/uploads\/2022\/06\/AquaCity_Hotel__HQ_Seasons_2019_21.jpg);\"><\/div><\/div><!-- \/.slider-wrapper --><div class=\"slider_pagination_wrap swiper-pagination\"><\/div><div class=\"slider_controls_wrap\"><a class=\"slider_prev swiper-button-prev\" href=\"#\"><\/a><a class=\"slider_next swiper-button-next\" href=\"#\"><\/a><\/div><\/div><!-- \/.slider_container --><\/div><!-- \/.slider_outer --><\/div><!-- \/.sc_promo_image --><div class=\"sc_promo_text\" style=\"width: 50%;float: right;\">\n\t\t\t<div class=\"sc_promo_text_inner trx_addons_inline_912454961\"><h4 class=\"sc_item_title sc_promo_title sc_item_title_style_decoration sc_item_title_tag\"><span class=\"sc_item_title_text\">Hotel Seasons ****<\/span><\/h4><div class=\"sc_item_descr sc_promo_descr\"><p>Exkluzivn\u00ed 4* rodinn\u00fd hotel Seasons s pokoji lad\u011bn\u00fdmi podle ro\u010dn\u00edho obdob\u00ed - l\u00e9to a zima v barv\u00e1ch st\u0159\u00edbrno-modr\u00e1 a zlato-b\u00e9\u017eov\u00e1. Modern\u00ed p\u0159\u00edrodn\u00ed styl se spoustou d\u0159ev\u011bn\u00fdch prvk\u016f.<\/p>\n<\/div><div id=\"sc_button_1930940530\"\tclass=\"sc_item_button sc_button_wrap sc_item_button sc_item_button_default sc_promo_button\"><a href=\"https:\/\/aquacityhotel.sk\/cs\/hotel-seasons\/\" class=\"sc_button sc_button_default sc_button_size_normal sc_button_icon_left\" target=\"_blank\"><span class=\"sc_button_text\"><span class=\"sc_button_title\">V\u00edce informac\u00ed<\/span><\/span><!-- \/.sc_button_text --><\/a><!-- \/.sc_button --><\/div><!-- \/.sc_item_button --><\/div>\n\t\t<\/div><!-- \/.sc_promo_text --><\/div><!-- \/.sc_promo -->\t\t\t\t<\/div>\n\t\t\t\t<\/div>\n\t\t\t\t\t<\/div>\n\t\t<\/div>\n\t\t\t\t\t<\/div>\n\t\t<\/section>\n\t\t\t\t<section class=\"elementor-section elementor-top-section elementor-element elementor-element-49d769a elementor-section-boxed elementor-section-height-default elementor-section-height-default\" data-id=\"49d769a\" data-element_type=\"section\">\n\t\t\t\t\t\t<div class=\"elementor-container elementor-column-gap-extended\">\n\t\t\t\t\t<div class=\"elementor-column elementor-col-100 elementor-top-column elementor-element elementor-element-d1d401e sc_inner_width_none sc_layouts_column_icons_position_left\" data-id=\"d1d401e\" data-element_type=\"column\">\n\t\t\t<div class=\"elementor-widget-wrap elementor-element-populated\">\n\t\t\t\t\t\t<div class=\"elementor-element elementor-element-91287a1 sc_fly_static elementor-widget elementor-widget-trx_sc_promo\" data-id=\"91287a1\" data-element_type=\"widget\" data-widget_type=\"trx_sc_promo.default\">\n\t\t\t\t<div class=\"elementor-widget-container\">\n\t\t\t\t\t<div  id=\"trx_sc_promo_1372954330\" \n\tclass=\"sc_promo sc_promo_default sc_promo_size_normal sc_promo_image_position_left sc_promo_text_bg\"><div class=\"sc_promo_image\" style=\"width:50%;left: 0;\"><div class=\"slider_outer slider_swiper_outer slider_style_default slider_outer_direction_horizontal slider_outer_one slider_outer_pagination slider_outer_pagination_bullets slider_outer_pagination_pos_bottom slider_outer_controls slider_outer_controls_side slider_outer_nocentered slider_outer_overflow_hidden slider_outer_notitles\"><div class=\"slider_container slider_swiper swiper-slider-container slider_controls slider_controls_side slider_nocentered slider_overflow_hidden slider_notitles slider_noresize slider_swipe slider_height_auto slider_direction_horizontal slider_pagination slider_pagination_bullets slider_pagination_pos_bottom slider_one slider_type_bg\" data-ratio=\"16:9\" data-interval=\"9095\" data-effect=\"slide\" data-pagination=\"bullets\" data-direction=\"horizontal\" data-slides-per-view=\"1\" data-slides-space=\"0\" data-slides-centered=\"0\" data-slides-overflow=\"0\" data-mouse-wheel=\"0\" data-autoplay=\"1\" data-slides-min-width=\"150\"><div class=\"slider-wrapper swiper-wrapper\"><div  class=\"slider-slide swiper-slide\" data-image=\"\/\/aquacity.sk\/wp-content\/uploads\/2022\/06\/AquaCity_Hotel_Mountain_View005.jpg\" style=\"background-image:url(\/\/aquacity.sk\/wp-content\/uploads\/2022\/06\/AquaCity_Hotel_Mountain_View005.jpg);\"><\/div><div  class=\"slider-slide swiper-slide\" data-image=\"\/\/aquacity.sk\/wp-content\/uploads\/2022\/06\/AquaCity_Hotel_Mountain_View012.jpg\" style=\"background-image:url(\/\/aquacity.sk\/wp-content\/uploads\/2022\/06\/AquaCity_Hotel_Mountain_View012.jpg);\"><\/div><div  class=\"slider-slide swiper-slide\" data-image=\"\/\/aquacity.sk\/wp-content\/uploads\/2022\/06\/AquaCity_Hotel_Mountain_View013.jpg\" style=\"background-image:url(\/\/aquacity.sk\/wp-content\/uploads\/2022\/06\/AquaCity_Hotel_Mountain_View013.jpg);\"><\/div><div  class=\"slider-slide swiper-slide\" data-image=\"\/\/aquacity.sk\/wp-content\/uploads\/2022\/06\/AquaCity_Hotel_Mountain_View017.jpg\" style=\"background-image:url(\/\/aquacity.sk\/wp-content\/uploads\/2022\/06\/AquaCity_Hotel_Mountain_View017.jpg);\"><\/div><\/div><!-- \/.slider-wrapper --><div class=\"slider_pagination_wrap swiper-pagination\"><\/div><div class=\"slider_controls_wrap\"><a class=\"slider_prev swiper-button-prev\" href=\"#\"><\/a><a class=\"slider_next swiper-button-next\" href=\"#\"><\/a><\/div><\/div><!-- \/.slider_container --><\/div><!-- \/.slider_outer --><\/div><!-- \/.sc_promo_image --><div class=\"sc_promo_text\" style=\"width: 50%;float: right;\">\n\t\t\t<div class=\"sc_promo_text_inner trx_addons_inline_192203813\"><h4 class=\"sc_item_title sc_promo_title sc_item_title_style_decoration sc_item_title_tag\"><span class=\"sc_item_title_text\">Hotel Mountain View ****<\/span><\/h4><div class=\"sc_item_descr sc_promo_descr\"><p>Pohodln\u00fd a luxusn\u00ed interi\u00e9r, modern\u011b za\u0159\u00edzen\u00e9 pokoje s n\u00e1dechem elegance a balkony s v\u00fdhledem na Vysok\u00e9 Tatry.<\/p>\n<\/div><div id=\"sc_button_1373629878\"\tclass=\"sc_item_button sc_button_wrap sc_item_button sc_item_button_default sc_promo_button\"><a href=\"https:\/\/aquacityhotel.sk\/cs\/hotel-mountain-view\/\" class=\"sc_button sc_button_default sc_button_size_normal sc_button_icon_left\" target=\"_blank\"><span class=\"sc_button_text\"><span class=\"sc_button_title\">V\u00edce informac\u00ed<\/span><\/span><!-- \/.sc_button_text --><\/a><!-- \/.sc_button --><\/div><!-- \/.sc_item_button --><\/div>\n\t\t<\/div><!-- \/.sc_promo_text --><\/div><!-- \/.sc_promo -->\t\t\t\t<\/div>\n\t\t\t\t<\/div>\n\t\t\t\t\t<\/div>\n\t\t<\/div>\n\t\t\t\t\t<\/div>\n\t\t<\/section>\n\t\t\t\t<section class=\"elementor-section elementor-top-section elementor-element elementor-element-ea3b28a elementor-section-boxed elementor-section-height-default elementor-section-height-default\" data-id=\"ea3b28a\" data-element_type=\"section\">\n\t\t\t\t\t\t<div class=\"elementor-container elementor-column-gap-extended\">\n\t\t\t\t\t<div class=\"elementor-column elementor-col-100 elementor-top-column elementor-element elementor-element-458c945 sc_inner_width_none sc_layouts_column_icons_position_left\" data-id=\"458c945\" data-element_type=\"column\">\n\t\t\t<div class=\"elementor-widget-wrap elementor-element-populated\">\n\t\t\t\t\t\t<div class=\"elementor-element elementor-element-a7e0f61 sc_fly_static elementor-widget elementor-widget-trx_sc_promo\" data-id=\"a7e0f61\" data-element_type=\"widget\" data-widget_type=\"trx_sc_promo.default\">\n\t\t\t\t<div class=\"elementor-widget-container\">\n\t\t\t\t\t<div  id=\"trx_sc_promo_333882021\" \n\tclass=\"sc_promo sc_promo_default sc_promo_size_normal sc_promo_image_position_left sc_promo_text_bg\"><div class=\"sc_promo_image\" style=\"width:50%;left: 0;\"><div class=\"slider_outer slider_swiper_outer slider_style_default slider_outer_direction_horizontal slider_outer_one slider_outer_pagination slider_outer_pagination_bullets slider_outer_pagination_pos_bottom slider_outer_controls slider_outer_controls_side slider_outer_nocentered slider_outer_overflow_hidden slider_outer_notitles\"><div class=\"slider_container slider_swiper swiper-slider-container slider_controls slider_controls_side slider_nocentered slider_overflow_hidden slider_notitles slider_noresize slider_swipe slider_height_auto slider_direction_horizontal slider_pagination slider_pagination_bullets slider_pagination_pos_bottom slider_one slider_type_bg\" data-ratio=\"16:9\" data-interval=\"7444\" data-effect=\"slide\" data-pagination=\"bullets\" data-direction=\"horizontal\" data-slides-per-view=\"1\" data-slides-space=\"0\" data-slides-centered=\"0\" data-slides-overflow=\"0\" data-mouse-wheel=\"0\" data-autoplay=\"1\" data-slides-min-width=\"150\"><div class=\"slider-wrapper swiper-wrapper\"><div  class=\"slider-slide swiper-slide\" data-image=\"\/\/aquacity.sk\/wp-content\/uploads\/2022\/06\/AquaCity_Hotel_Riverside_2019_001.jpg\" style=\"background-image:url(\/\/aquacity.sk\/wp-content\/uploads\/2022\/06\/AquaCity_Hotel_Riverside_2019_001.jpg);\"><\/div><div  class=\"slider-slide swiper-slide\" data-image=\"\/\/aquacity.sk\/wp-content\/uploads\/2022\/06\/AquaCity_Hotel_Riverside_2019_014.jpg\" style=\"background-image:url(\/\/aquacity.sk\/wp-content\/uploads\/2022\/06\/AquaCity_Hotel_Riverside_2019_014.jpg);\"><\/div><div  class=\"slider-slide swiper-slide\" data-image=\"\/\/aquacity.sk\/wp-content\/uploads\/2022\/06\/AquaCity_Hotel_Riverside_2019_016.jpg\" style=\"background-image:url(\/\/aquacity.sk\/wp-content\/uploads\/2022\/06\/AquaCity_Hotel_Riverside_2019_016.jpg);\"><\/div><div  class=\"slider-slide swiper-slide\" data-image=\"\/\/aquacity.sk\/wp-content\/uploads\/2022\/06\/AquaCity_Hotel_Riverside_2019_017.jpg\" style=\"background-image:url(\/\/aquacity.sk\/wp-content\/uploads\/2022\/06\/AquaCity_Hotel_Riverside_2019_017.jpg);\"><\/div><\/div><!-- \/.slider-wrapper --><div class=\"slider_pagination_wrap swiper-pagination\"><\/div><div class=\"slider_controls_wrap\"><a class=\"slider_prev swiper-button-prev\" href=\"#\"><\/a><a class=\"slider_next swiper-button-next\" href=\"#\"><\/a><\/div><\/div><!-- \/.slider_container --><\/div><!-- \/.slider_outer --><\/div><!-- \/.sc_promo_image --><div class=\"sc_promo_text\" style=\"width: 50%;float: right;\">\n\t\t\t<div class=\"sc_promo_text_inner trx_addons_inline_564887114\"><h4 class=\"sc_item_title sc_promo_title sc_item_title_style_decoration sc_item_title_tag\"><span class=\"sc_item_title_text\">Hotel Riverside ***<\/span><\/h4><div class=\"sc_item_descr sc_promo_descr\"><p>Hotel nab\u00edz\u00ed modern\u00ed a levn\u00e9 ubytov\u00e1n\u00ed ve Vysok\u00fdch Tatr\u00e1ch a je sou\u010d\u00e1st\u00ed n\u00e1rodn\u00edho fotbalov\u00e9ho centra v Popradu. Nach\u00e1z\u00ed se jen p\u00e1r krok\u016f od Aquaparku AquaCity Poprad.<\/p>\n<\/div><div id=\"sc_button_1494385613\"\tclass=\"sc_item_button sc_button_wrap sc_item_button sc_item_button_default sc_promo_button\"><a href=\"https:\/\/aquacityhotel.sk\/cs\/hotel-riverside\/\" class=\"sc_button sc_button_default sc_button_size_normal sc_button_icon_left\" target=\"_blank\"><span class=\"sc_button_text\"><span class=\"sc_button_title\">V\u00edce informac\u00ed<\/span><\/span><!-- \/.sc_button_text --><\/a><!-- \/.sc_button --><\/div><!-- \/.sc_item_button --><\/div>\n\t\t<\/div><!-- \/.sc_promo_text --><\/div><!-- \/.sc_promo -->\t\t\t\t<\/div>\n\t\t\t\t<\/div>\n\t\t\t\t\t<\/div>\n\t\t<\/div>\n\t\t\t\t\t<\/div>\n\t\t<\/section>\n\t\t\t\t<section class=\"elementor-section elementor-top-section elementor-element elementor-element-62a7887d elementor-section-boxed elementor-section-height-default elementor-section-height-default\" data-id=\"62a7887d\" data-element_type=\"section\">\n\t\t\t\t\t\t<div class=\"elementor-container elementor-column-gap-extended\">\n\t\t\t\t\t<div class=\"elementor-column elementor-col-100 elementor-top-column elementor-element elementor-element-5420553f sc_inner_width_none sc_layouts_column_icons_position_left\" data-id=\"5420553f\" data-element_type=\"column\">\n\t\t\t<div class=\"elementor-widget-wrap elementor-element-populated\">\n\t\t\t\t\t\t<div class=\"elementor-element elementor-element-1e7bb8fa sc_fly_static elementor-widget elementor-widget-trx_sc_promo\" data-id=\"1e7bb8fa\" data-element_type=\"widget\" data-widget_type=\"trx_sc_promo.default\">\n\t\t\t\t<div class=\"elementor-widget-container\">\n\t\t\t\t\t<div  id=\"trx_sc_promo_656745931\" \n\tclass=\"sc_promo sc_promo_default sc_promo_size_normal sc_promo_no_image sc_promo_text_bg\"><div class=\"sc_promo_text\" style=\"width: 100%;\">\n\t\t\t<div class=\"sc_promo_text_inner trx_addons_inline_2077183276\"><h4 class=\"sc_item_title sc_promo_title sc_item_title_style_decoration sc_item_title_tag\"><span class=\"sc_item_title_text\">Online Booking<\/span><\/h4><div class=\"sc_item_descr sc_promo_descr\"><p>Rezervace pobyt\u016f v hotelech Seasons ****, Mountain View ****, Riverside*** v AquaCity Poprad.<\/p>\n<\/div><div id=\"sc_button_261463077\"\tclass=\"sc_item_button sc_button_wrap sc_item_button sc_item_button_default sc_promo_button\"><a href=\"https:\/\/aquacityhotel.sk\/cs\/\" class=\"sc_button sc_button_default sc_button_size_normal sc_button_icon_left\" target=\"_blank\"><span class=\"sc_button_text\"><span class=\"sc_button_title\">Rezervace hotelov\u00fdch pobyt\u016f zde<\/span><\/span><!-- \/.sc_button_text --><\/a><!-- \/.sc_button --><\/div><!-- \/.sc_item_button --><\/div>\n\t\t<\/div><!-- \/.sc_promo_text --><\/div><!-- \/.sc_promo -->\t\t\t\t<\/div>\n\t\t\t\t<\/div>\n\t\t\t\t\t<\/div>\n\t\t<\/div>\n\t\t\t\t\t<\/div>\n\t\t<\/section>\n\t\t\t\t<\/div>\n\t\t","protected":false},"excerpt":{"rendered":"<p>Vysok\u00e9 Tatry jsou ide\u00e1ln\u00ed destinac\u00ed pro&hellip;<\/p>\n","protected":false},"author":2,"featured_media":15227,"parent":0,"menu_order":0,"comment_status":"closed","ping_status":"closed","template":"","meta":{"footnotes":""},"class_list":["post-9316","page","type-page","status-publish","has-post-thumbnail","hentry"],"_links":{"self":[{"href":"https:\/\/aquacity.sk\/cs\/wp-json\/wp\/v2\/pages\/9316","targetHints":{"allow":["GET"]}}],"collection":[{"href":"https:\/\/aquacity.sk\/cs\/wp-json\/wp\/v2\/pages"}],"about":[{"href":"https:\/\/aquacity.sk\/cs\/wp-json\/wp\/v2\/types\/page"}],"author":[{"embeddable":true,"href":"https:\/\/aquacity.sk\/cs\/wp-json\/wp\/v2\/users\/2"}],"replies":[{"embeddable":true,"href":"https:\/\/aquacity.sk\/cs\/wp-json\/wp\/v2\/comments?post=9316"}],"version-history":[{"count":50,"href":"https:\/\/aquacity.sk\/cs\/wp-json\/wp\/v2\/pages\/9316\/revisions"}],"predecessor-version":[{"id":24193,"href":"https:\/\/aquacity.sk\/cs\/wp-json\/wp\/v2\/pages\/9316\/revisions\/24193"}],"wp:featuredmedia":[{"embeddable":true,"href":"https:\/\/aquacity.sk\/cs\/wp-json\/wp\/v2\/media\/15227"}],"wp:attachment":[{"href":"https:\/\/aquacity.sk\/cs\/wp-json\/wp\/v2\/media?parent=9316"}],"curies":[{"name":"wp","href":"https:\/\/api.w.org\/{rel}","templated":true}]}}