{"id":9292,"date":"2022-01-31T10:14:29","date_gmt":"2022-01-31T09:14:29","guid":{"rendered":"https:\/\/new.aquacity.sk\/vyhodne-ponuky\/"},"modified":"2022-07-07T22:49:49","modified_gmt":"2022-07-07T20:49:49","slug":"vyhodne-nabidky","status":"publish","type":"page","link":"https:\/\/aquacity.sk\/cs\/vyhodne-nabidky\/","title":{"rendered":"V\u00fdhodn\u00e9 nab\u00eddky"},"content":{"rendered":"\t\t<div data-elementor-type=\"wp-page\" data-elementor-id=\"9292\" class=\"elementor elementor-9292 elementor-3748\">\n\t\t\t\t\t\t<section class=\"elementor-section elementor-top-section elementor-element elementor-element-291fd3f9 elementor-section-stretched elementor-section-boxed elementor-section-height-default elementor-section-height-default\" data-id=\"291fd3f9\" data-element_type=\"section\" data-settings=\"{&quot;stretch_section&quot;:&quot;section-stretched&quot;,&quot;background_background&quot;:&quot;classic&quot;}\">\n\t\t\t\t\t\t<div class=\"elementor-container elementor-column-gap-extended\">\n\t\t\t\t\t<div class=\"elementor-column elementor-col-100 elementor-top-column elementor-element elementor-element-6081f63d sc_inner_width_none sc_layouts_column_icons_position_left\" data-id=\"6081f63d\" data-element_type=\"column\">\n\t\t\t<div class=\"elementor-widget-wrap elementor-element-populated\">\n\t\t\t\t\t\t<div class=\"elementor-element elementor-element-3139bbaf sc_fly_static elementor-widget elementor-widget-trx_sc_title\" data-id=\"3139bbaf\" data-element_type=\"widget\" data-widget_type=\"trx_sc_title.default\">\n\t\t\t\t<div class=\"elementor-widget-container\">\n\t\t\t\t\t<div id=\"trx_sc_title_474705769\"\r\n\t\tclass=\"sc_title sc_title_decoration\"><h2 class=\"sc_item_title sc_title_title sc_align_center sc_item_title_style_decoration\"><span class=\"sc_item_title_text\">V\u00fdhodn\u00e9 nab\u00eddky<\/span><\/h2><\/div><!-- \/.sc_title -->\t\t\t\t<\/div>\n\t\t\t\t<\/div>\n\t\t\t\t<div class=\"elementor-element elementor-element-459b6a67 sc_fly_static elementor-widget elementor-widget-spacer\" data-id=\"459b6a67\" data-element_type=\"widget\" data-widget_type=\"spacer.default\">\n\t\t\t\t<div class=\"elementor-widget-container\">\n\t\t\t\t\t\t\t<div class=\"elementor-spacer\">\n\t\t\t<div class=\"elementor-spacer-inner\"><\/div>\n\t\t<\/div>\n\t\t\t\t\t\t<\/div>\n\t\t\t\t<\/div>\n\t\t\t\t<div class=\"elementor-element elementor-element-bf2b925 sc_fly_static elementor-widget elementor-widget-trx_sc_blogger\" data-id=\"bf2b925\" data-element_type=\"widget\" data-widget_type=\"trx_sc_blogger.default\">\n\t\t\t\t<div class=\"elementor-widget-container\">\n\t\t\t\t\t<div  id=\"trx_sc_blogger_709440007\"\t\tclass=\"sc_blogger sc_blogger_default sc_blogger_default_classic_2\"><div class=\"sc_item_filters sc_blogger_filters sc_blogger_tabs sc_blogger_tabs_ajax sc_item_filters_align_center\" data-params=\"a:93:{s:4:&quot;type&quot;;s:7:&quot;default&quot;;s:9:&quot;post_type&quot;;s:11:&quot;cpt_courses&quot;;s:8:&quot;taxonomy&quot;;s:17:&quot;cpt_courses_group&quot;;s:12:&quot;show_filters&quot;;s:1:&quot;1&quot;;s:13:&quot;filters_title&quot;;s:0:&quot;&quot;;s:16:&quot;filters_subtitle&quot;;s:0:&quot;&quot;;s:19:&quot;filters_title_align&quot;;s:6:&quot;center&quot;;s:16:&quot;filters_taxonomy&quot;;s:17:&quot;cpt_courses_group&quot;;s:14:&quot;filters_active&quot;;i:0;s:11:&quot;filters_ids&quot;;a:0:{}s:11:&quot;filters_all&quot;;s:1:&quot;1&quot;;s:16:&quot;filters_all_text&quot;;s:4:&quot;V\u0161e&quot;;s:17:&quot;filters_more_text&quot;;s:10:&quot;More posts&quot;;s:10:&quot;meta_parts&quot;;a:0:{}s:14:&quot;image_position&quot;;s:3:&quot;top&quot;;s:11:&quot;image_width&quot;;s:2:&quot;40&quot;;s:11:&quot;image_ratio&quot;;s:3:&quot;4:3&quot;;s:11:&quot;date_format&quot;;s:0:&quot;&quot;;s:14:&quot;excerpt_length&quot;;s:0:&quot;&quot;;s:10:&quot;text_align&quot;;s:4:&quot;none&quot;;s:8:&quot;on_plate&quot;;s:0:&quot;&quot;;s:12:&quot;hide_excerpt&quot;;s:0:&quot;&quot;;s:8:&quot;no_links&quot;;s:0:&quot;&quot;;s:7:&quot;numbers&quot;;s:0:&quot;&quot;;s:9:&quot;more_text&quot;;s:10:&quot;\u010cti v\u00edce&quot;;s:10:&quot;pagination&quot;;s:5:&quot;pages&quot;;s:4:&quot;page&quot;;i:1;s:2:&quot;id&quot;;s:24:&quot;trx_sc_blogger_709440007&quot;;s:5:&quot;class&quot;;s:0:&quot;&quot;;s:9:&quot;className&quot;;s:0:&quot;&quot;;s:3:&quot;css&quot;;s:0:&quot;&quot;;s:5:&quot;title&quot;;s:0:&quot;&quot;;s:11:&quot;title_align&quot;;s:4:&quot;none&quot;;s:11:&quot;title_style&quot;;s:7:&quot;default&quot;;s:9:&quot;title_tag&quot;;s:4:&quot;none&quot;;s:11:&quot;title_color&quot;;s:0:&quot;&quot;;s:12:&quot;title_color2&quot;;s:0:&quot;&quot;;s:18:&quot;gradient_direction&quot;;s:1:&quot;0&quot;;s:8:&quot;subtitle&quot;;s:0:&quot;&quot;;s:14:&quot;subtitle_align&quot;;s:4:&quot;none&quot;;s:17:&quot;subtitle_position&quot;;s:5:&quot;above&quot;;s:11:&quot;description&quot;;s:0:&quot;&quot;;s:4:&quot;link&quot;;s:0:&quot;&quot;;s:10:&quot;link_style&quot;;s:7:&quot;default&quot;;s:10:&quot;link_image&quot;;a:3:{s:3:&quot;url&quot;;s:0:&quot;&quot;;s:2:&quot;id&quot;;s:0:&quot;&quot;;s:4:&quot;size&quot;;s:0:&quot;&quot;;}s:9:&quot;link_text&quot;;s:0:&quot;&quot;;s:10:&quot;new_window&quot;;i:0;s:5:&quot;typed&quot;;s:0:&quot;&quot;;s:13:&quot;typed_strings&quot;;s:0:&quot;&quot;;s:10:&quot;typed_loop&quot;;s:1:&quot;1&quot;;s:12:&quot;typed_cursor&quot;;s:1:&quot;1&quot;;s:17:&quot;typed_cursor_char&quot;;s:1:&quot;|&quot;;s:11:&quot;typed_color&quot;;s:0:&quot;&quot;;s:11:&quot;typed_speed&quot;;s:1:&quot;6&quot;;s:11:&quot;typed_delay&quot;;s:1:&quot;1&quot;;s:6:&quot;slider&quot;;b:0;s:17:&quot;slider_pagination&quot;;s:4:&quot;none&quot;;s:24:&quot;slider_pagination_thumbs&quot;;i:0;s:15:&quot;slider_controls&quot;;s:4:&quot;none&quot;;s:12:&quot;slides_space&quot;;i:0;s:15:&quot;slides_centered&quot;;s:0:&quot;&quot;;s:15:&quot;slides_overflow&quot;;s:0:&quot;&quot;;s:18:&quot;slider_mouse_wheel&quot;;s:0:&quot;&quot;;s:15:&quot;slider_autoplay&quot;;s:1:&quot;1&quot;;s:3:&quot;cat&quot;;s:1:&quot;0&quot;;s:7:&quot;columns&quot;;i:3;s:5:&quot;count&quot;;i:9;s:6:&quot;offset&quot;;i:0;s:7:&quot;orderby&quot;;s:9:&quot;post_date&quot;;s:5:&quot;order&quot;;s:3:&quot;asc&quot;;s:3:&quot;ids&quot;;s:0:&quot;&quot;;s:16:&quot;template_default&quot;;s:9:&quot;classic_2&quot;;s:13:&quot;template_list&quot;;s:6:&quot;simple&quot;;s:13:&quot;template_news&quot;;s:8:&quot;announce&quot;;s:16:&quot;template_excerpt&quot;;s:0:&quot;&quot;;s:16:&quot;template_classic&quot;;s:0:&quot;&quot;;s:16:&quot;template_masonry&quot;;s:0:&quot;&quot;;s:18:&quot;template_portfolio&quot;;s:0:&quot;&quot;;s:16:&quot;template_gallery&quot;;s:0:&quot;&quot;;s:14:&quot;template_chess&quot;;s:0:&quot;&quot;;s:13:&quot;columns_extra&quot;;a:3:{s:4:&quot;unit&quot;;s:2:&quot;px&quot;;s:4:&quot;size&quot;;i:3;s:5:&quot;sizes&quot;;a:0:{}}s:11:&quot;count_extra&quot;;a:3:{s:4:&quot;unit&quot;;s:2:&quot;px&quot;;s:4:&quot;size&quot;;i:9;s:5:&quot;sizes&quot;;a:0:{}}s:12:&quot;offset_extra&quot;;a:3:{s:4:&quot;unit&quot;;s:2:&quot;px&quot;;s:4:&quot;size&quot;;i:0;s:5:&quot;sizes&quot;;a:0:{}}s:17:&quot;image_width_extra&quot;;a:3:{s:4:&quot;unit&quot;;s:2:&quot;px&quot;;s:4:&quot;size&quot;;i:40;s:5:&quot;sizes&quot;;a:0:{}}s:18:&quot;slides_space_extra&quot;;a:3:{s:4:&quot;unit&quot;;s:2:&quot;px&quot;;s:4:&quot;size&quot;;i:0;s:5:&quot;sizes&quot;;a:0:{}}s:24:&quot;gradient_direction_extra&quot;;a:3:{s:4:&quot;unit&quot;;s:2:&quot;px&quot;;s:4:&quot;size&quot;;i:0;s:5:&quot;sizes&quot;;a:0:{}}s:17:&quot;typed_speed_extra&quot;;a:3:{s:4:&quot;unit&quot;;s:2:&quot;px&quot;;s:4:&quot;size&quot;;i:6;s:5:&quot;sizes&quot;;a:0:{}}s:17:&quot;typed_delay_extra&quot;;a:3:{s:4:&quot;unit&quot;;s:2:&quot;px&quot;;s:4:&quot;size&quot;;i:1;s:5:&quot;sizes&quot;;a:0:{}}s:10:&quot;link_extra&quot;;a:4:{s:3:&quot;url&quot;;s:0:&quot;&quot;;s:11:&quot;is_external&quot;;s:0:&quot;&quot;;s:8:&quot;nofollow&quot;;s:0:&quot;&quot;;s:17:&quot;custom_attributes&quot;;s:0:&quot;&quot;;}s:6:&quot;scheme&quot;;s:0:&quot;&quot;;s:11:&quot;color_style&quot;;s:7:&quot;default&quot;;s:5:&quot;hover&quot;;s:7:&quot;inherit&quot;;s:2:&quot;sc&quot;;s:10:&quot;sc_blogger&quot;;}\">\t\t\t<ul class=\"sc_item_filters_tabs\"><li><a href=\"#blogger_filters_all_content\"\r\n\t\t\t\t\t\tclass=\"sc_item_filters_all active\"\r\n\t\t\t\t\t\tdata-tab=\"all\"\r\n\t\t\t\t\t\tdata-page=\"1\">V\u0161e<\/a><\/li><li><a href=\"#blogger_filters_252_content\"\r\n\t\t\t\t\t\t\t\t\t\t\t\tdata-tab=\"252\"\r\n\t\t\t\t\t\tdata-page=\"1\">AquaCity Club <\/a><\/li><li><a href=\"#blogger_filters_291_content\"\r\n\t\t\t\t\t\t\t\t\t\t\t\tdata-tab=\"291\"\r\n\t\t\t\t\t\tdata-page=\"1\">Kup\u00f3nov\u00e9 akce <\/a><\/li><li><a href=\"#blogger_filters_256_content\"\r\n\t\t\t\t\t\t\t\t\t\t\t\tdata-tab=\"256\"\r\n\t\t\t\t\t\tdata-page=\"1\">Skupinov\u00e9 akce <\/a><\/li><li><a href=\"#blogger_filters_249_content\"\r\n\t\t\t\t\t\t\t\t\t\t\t\tdata-tab=\"249\"\r\n\t\t\t\t\t\tdata-page=\"1\">V\u00fdhodn\u00e9 nab\u00eddky <\/a><\/li>\t\t\t<\/ul>\t<\/div><div class=\"sc_blogger_columns_wrap sc_item_columns sc_item_posts_container trx_addons_columns_wrap columns_padding_bottom\"><div class=\"trx_addons_column-1_3\"><div data-post-id=\"23731\" class=\"sc_blogger_item sc_blogger_item_default sc_blogger_item_default_classic_2 sc_blogger_item_odd sc_blogger_item_align_none post_format_standard sc_blogger_item_with_image sc_blogger_item_image_position_top post-23731 cpt_courses type-cpt_courses status-publish has-post-thumbnail hentry cpt_courses_group-kuponove-akce\" data-item-number=\"1\"\n\t><div class=\"sc_blogger_item_body\"><div class=\"post_featured with_thumb hover_dots sc_item_featured sc_blogger_item_featured post_featured_bg neptunus_inline_1327952455\" data-ratio=\"4:3\">\t\t\t\t\t\t<div class=\"mask\"><\/div>\n\t\t\t\t\t\t\t\t\t<a href=\"https:\/\/aquacity.sk\/cs\/akce\/limitovanyvypredaj\/\"  aria-hidden=\"true\" class=\"icons\"><span><\/span><span><\/span><span><\/span><\/a>\n\t\t\t<\/div><div class=\"sc_blogger_item_content entry-content\"><h5 class=\"sc_blogger_item_title entry-title\" data-item-number=\"1\"><a href=\"https:\/\/aquacity.sk\/cs\/akce\/limitovanyvypredaj\/\" rel=\"bookmark\">Dubnov\u00e9 slevy \u2013 Limitovan\u00fd v\u00fdprodej na e-shopu<\/a><\/h5>\t\t<div class=\"post_meta sc_blogger_item_meta post_meta\">\n\t\t\t\t\t<\/div><!-- .post_meta -->\n\t\t<div class=\"sc_blogger_item_excerpt\">Vyu\u017eijte slevu a\u017e 35 % na&hellip;<\/div><div class=\"sc_blogger_item_button sc_item_button\"><a href=\"https:\/\/aquacity.sk\/cs\/akce\/limitovanyvypredaj\/\" class=\"sc_button sc_button_simple\">\u010cti v\u00edce<\/a><\/div><\/div><!-- .entry-content --><\/div><!-- .sc_blogger_item_body --><\/div><!-- .sc_blogger_item --><\/div><div class=\"trx_addons_column-1_3\"><div data-post-id=\"18885\" class=\"sc_blogger_item sc_blogger_item_default sc_blogger_item_default_classic_2 sc_blogger_item_even sc_blogger_item_align_none post_format_standard sc_blogger_item_with_image sc_blogger_item_image_position_top post-18885 cpt_courses type-cpt_courses status-publish has-post-thumbnail hentry cpt_courses_group-aquacity-club-cs\" data-item-number=\"2\"\n\t><div class=\"sc_blogger_item_body\"><div class=\"post_featured with_thumb hover_dots sc_item_featured sc_blogger_item_featured post_featured_bg neptunus_inline_1078849115\" data-ratio=\"4:3\">\t\t\t\t\t\t<div class=\"mask\"><\/div>\n\t\t\t\t\t\t\t\t\t<a href=\"https:\/\/aquacity.sk\/cs\/akce\/aquacity-club\/\"  aria-hidden=\"true\" class=\"icons\"><span><\/span><span><\/span><span><\/span><\/a>\n\t\t\t<\/div><div class=\"sc_blogger_item_content entry-content\"><h5 class=\"sc_blogger_item_title entry-title\" data-item-number=\"2\"><a href=\"https:\/\/aquacity.sk\/cs\/akce\/aquacity-club\/\" rel=\"bookmark\">AquaCity Klub &#8211; okam\u017eit\u00e9 slevy<\/a><\/h5>\t\t<div class=\"post_meta sc_blogger_item_meta post_meta\">\n\t\t\t\t\t<\/div><!-- .post_meta -->\n\t\t<div class=\"sc_blogger_item_excerpt\">V\u011brnostn\u00ed program AquaCity Club p\u0159in\u00e1\u0161\u00ed \u00fasporu&hellip;<\/div><div class=\"sc_blogger_item_button sc_item_button\"><a href=\"https:\/\/aquacity.sk\/cs\/akce\/aquacity-club\/\" class=\"sc_button sc_button_simple\">\u010cti v\u00edce<\/a><\/div><\/div><!-- .entry-content --><\/div><!-- .sc_blogger_item_body --><\/div><!-- .sc_blogger_item --><\/div><div class=\"trx_addons_column-1_3\"><div data-post-id=\"11399\" class=\"sc_blogger_item sc_blogger_item_default sc_blogger_item_default_classic_2 sc_blogger_item_odd sc_blogger_item_align_none post_format_standard sc_blogger_item_with_image sc_blogger_item_image_position_top post-11399 cpt_courses type-cpt_courses status-publish has-post-thumbnail hentry cpt_courses_group-aquacity-club-cs cpt_courses_group-offers-cs\" data-item-number=\"3\"\n\t><div class=\"sc_blogger_item_body\"><div class=\"post_featured with_thumb hover_dots sc_item_featured sc_blogger_item_featured post_featured_bg neptunus_inline_1254812977\" data-ratio=\"4:3\">\t\t\t\t\t\t<div class=\"mask\"><\/div>\n\t\t\t\t\t\t\t\t\t<a href=\"https:\/\/aquacity.sk\/cs\/akce\/rodinne-vstupenky\/\"  aria-hidden=\"true\" class=\"icons\"><span><\/span><span><\/span><span><\/span><\/a>\n\t\t\t<\/div><div class=\"sc_blogger_item_content entry-content\"><h5 class=\"sc_blogger_item_title entry-title\" data-item-number=\"3\"><a href=\"https:\/\/aquacity.sk\/cs\/akce\/rodinne-vstupenky\/\" rel=\"bookmark\">Family packet &#8211; Rodinn\u00e9 vstupenky<\/a><\/h5>\t\t<div class=\"post_meta sc_blogger_item_meta post_meta\">\n\t\t\t\t\t<\/div><!-- .post_meta -->\n\t\t<div class=\"sc_blogger_item_excerpt\">V\u00fdhodn\u00e9 ceny rodinn\u00fdch vstupeniek FAMILY PACKET&hellip;<\/div><div class=\"sc_blogger_item_button sc_item_button\"><a href=\"https:\/\/aquacity.sk\/cs\/akce\/rodinne-vstupenky\/\" class=\"sc_button sc_button_simple\">\u010cti v\u00edce<\/a><\/div><\/div><!-- .entry-content --><\/div><!-- .sc_blogger_item_body --><\/div><!-- .sc_blogger_item --><\/div><div class=\"trx_addons_column-1_3\"><div data-post-id=\"11410\" class=\"sc_blogger_item sc_blogger_item_default sc_blogger_item_default_classic_2 sc_blogger_item_even sc_blogger_item_align_none post_format_standard sc_blogger_item_with_image sc_blogger_item_image_position_top post-11410 cpt_courses type-cpt_courses status-publish has-post-thumbnail hentry cpt_courses_group-group-events-cs\" data-item-number=\"4\"\n\t><div class=\"sc_blogger_item_body\"><div class=\"post_featured with_thumb hover_dots sc_item_featured sc_blogger_item_featured post_featured_bg neptunus_inline_1608970245\" data-ratio=\"4:3\">\t\t\t\t\t\t<div class=\"mask\"><\/div>\n\t\t\t\t\t\t\t\t\t<a href=\"https:\/\/aquacity.sk\/cs\/akce\/skolnivylet\/\"  aria-hidden=\"true\" class=\"icons\"><span><\/span><span><\/span><span><\/span><\/a>\n\t\t\t<\/div><div class=\"sc_blogger_item_content entry-content\"><h5 class=\"sc_blogger_item_title entry-title\" data-item-number=\"4\"><a href=\"https:\/\/aquacity.sk\/cs\/akce\/skolnivylet\/\" rel=\"bookmark\">\u0160koln\u00ed v\u00fdlet do Aquaparku<\/a><\/h5>\t\t<div class=\"post_meta sc_blogger_item_meta post_meta\">\n\t\t\t\t\t<\/div><!-- .post_meta -->\n\t\t<div class=\"sc_blogger_item_excerpt\">\u0160koln\u00ed v\u00fdlet do Aquaparku pro d\u011bti&hellip;<\/div><div class=\"sc_blogger_item_button sc_item_button\"><a href=\"https:\/\/aquacity.sk\/cs\/akce\/skolnivylet\/\" class=\"sc_button sc_button_simple\">\u010cti v\u00edce<\/a><\/div><\/div><!-- .entry-content --><\/div><!-- .sc_blogger_item_body --><\/div><!-- .sc_blogger_item --><\/div><div class=\"trx_addons_column-1_3\"><div data-post-id=\"11423\" class=\"sc_blogger_item sc_blogger_item_default sc_blogger_item_default_classic_2 sc_blogger_item_odd sc_blogger_item_align_none post_format_standard sc_blogger_item_with_image sc_blogger_item_image_position_top post-11423 cpt_courses type-cpt_courses status-publish has-post-thumbnail hentry cpt_courses_group-group-events-cs\" data-item-number=\"5\"\n\t><div class=\"sc_blogger_item_body\"><div class=\"post_featured with_thumb hover_dots sc_item_featured sc_blogger_item_featured post_featured_bg neptunus_inline_874006150\" data-ratio=\"4:3\">\t\t\t\t\t\t<div class=\"mask\"><\/div>\n\t\t\t\t\t\t\t\t\t<a href=\"https:\/\/aquacity.sk\/cs\/akce\/seniorsky-vylet-do-aquaparku\/\"  aria-hidden=\"true\" class=\"icons\"><span><\/span><span><\/span><span><\/span><\/a>\n\t\t\t<\/div><div class=\"sc_blogger_item_content entry-content\"><h5 class=\"sc_blogger_item_title entry-title\" data-item-number=\"5\"><a href=\"https:\/\/aquacity.sk\/cs\/akce\/seniorsky-vylet-do-aquaparku\/\" rel=\"bookmark\">Seniorsk\u00fd v\u00fdlet do Aquaparku<\/a><\/h5>\t\t<div class=\"post_meta sc_blogger_item_meta post_meta\">\n\t\t\t\t\t<\/div><!-- .post_meta -->\n\t\t<div class=\"sc_blogger_item_excerpt\">Seniorsk\u00fd pobyt v Aquaparku u\u017e od&hellip;<\/div><div class=\"sc_blogger_item_button sc_item_button\"><a href=\"https:\/\/aquacity.sk\/cs\/akce\/seniorsky-vylet-do-aquaparku\/\" class=\"sc_button sc_button_simple\">\u010cti v\u00edce<\/a><\/div><\/div><!-- .entry-content --><\/div><!-- .sc_blogger_item_body --><\/div><!-- .sc_blogger_item --><\/div><\/div><\/div>\t\t\t\t<\/div>\n\t\t\t\t<\/div>\n\t\t\t\t\t<\/div>\n\t\t<\/div>\n\t\t\t\t\t<\/div>\n\t\t<\/section>\n\t\t\t\t<\/div>\n\t\t","protected":false},"excerpt":{"rendered":"<p>V\u00fdhodn\u00e9 nab\u00eddky V\u0161e AquaCity Club Skupinov\u00e9&hellip;<\/p>\n","protected":false},"author":2,"featured_media":0,"parent":0,"menu_order":0,"comment_status":"closed","ping_status":"closed","template":"elementor_header_footer","meta":{"footnotes":""},"class_list":["post-9292","page","type-page","status-publish","hentry"],"_links":{"self":[{"href":"https:\/\/aquacity.sk\/cs\/wp-json\/wp\/v2\/pages\/9292","targetHints":{"allow":["GET"]}}],"collection":[{"href":"https:\/\/aquacity.sk\/cs\/wp-json\/wp\/v2\/pages"}],"about":[{"href":"https:\/\/aquacity.sk\/cs\/wp-json\/wp\/v2\/types\/page"}],"author":[{"embeddable":true,"href":"https:\/\/aquacity.sk\/cs\/wp-json\/wp\/v2\/users\/2"}],"replies":[{"embeddable":true,"href":"https:\/\/aquacity.sk\/cs\/wp-json\/wp\/v2\/comments?post=9292"}],"version-history":[{"count":8,"href":"https:\/\/aquacity.sk\/cs\/wp-json\/wp\/v2\/pages\/9292\/revisions"}],"predecessor-version":[{"id":12604,"href":"https:\/\/aquacity.sk\/cs\/wp-json\/wp\/v2\/pages\/9292\/revisions\/12604"}],"wp:attachment":[{"href":"https:\/\/aquacity.sk\/cs\/wp-json\/wp\/v2\/media?parent=9292"}],"curies":[{"name":"wp","href":"https:\/\/api.w.org\/{rel}","templated":true}]}}