{"id":9286,"date":"2022-01-31T09:30:25","date_gmt":"2022-01-31T08:30:25","guid":{"rendered":"https:\/\/new.aquacity.sk\/tobogany-a-smykalky\/"},"modified":"2022-07-07T22:51:00","modified_gmt":"2022-07-07T20:51:00","slug":"tobogany-a-skluzavky","status":"publish","type":"page","link":"https:\/\/aquacity.sk\/cs\/tobogany-a-skluzavky\/","title":{"rendered":"Tobog\u00e1ny a skluzavky"},"content":{"rendered":"\t\t<div data-elementor-type=\"wp-post\" data-elementor-id=\"9286\" class=\"elementor elementor-9286 elementor-3700\">\n\t\t\t\t\t\t<section class=\"elementor-section elementor-top-section elementor-element elementor-element-ea3735a elementor-section-stretched elementor-section-boxed elementor-section-height-default elementor-section-height-default\" data-id=\"ea3735a\" data-element_type=\"section\" data-settings=\"{&quot;stretch_section&quot;:&quot;section-stretched&quot;,&quot;background_background&quot;:&quot;classic&quot;}\">\n\t\t\t\t\t\t<div class=\"elementor-container elementor-column-gap-extended\">\n\t\t\t\t\t<div class=\"elementor-column elementor-col-100 elementor-top-column elementor-element elementor-element-6f780ea sc_inner_width_none sc_layouts_column_icons_position_left\" data-id=\"6f780ea\" data-element_type=\"column\">\n\t\t\t<div class=\"elementor-widget-wrap elementor-element-populated\">\n\t\t\t\t\t\t<div class=\"elementor-element elementor-element-6649245 sc_fly_static elementor-widget elementor-widget-heading\" data-id=\"6649245\" data-element_type=\"widget\" data-widget_type=\"heading.default\">\n\t\t\t\t<div class=\"elementor-widget-container\">\n\t\t\t\t\t<h2 class=\"elementor-heading-title elementor-size-default\">Celoro\u010dn\u00ed tobog\u00e1ny<\/h2>\t\t\t\t<\/div>\n\t\t\t\t<\/div>\n\t\t\t\t\t<\/div>\n\t\t<\/div>\n\t\t\t\t\t<\/div>\n\t\t<\/section>\n\t\t\t\t<section class=\"elementor-section elementor-top-section elementor-element elementor-element-9812278 elementor-section-stretched elementor-section-boxed elementor-section-height-default elementor-section-height-default\" data-id=\"9812278\" data-element_type=\"section\" data-settings=\"{&quot;stretch_section&quot;:&quot;section-stretched&quot;,&quot;background_background&quot;:&quot;classic&quot;}\">\n\t\t\t\t\t\t<div class=\"elementor-container elementor-column-gap-extended\">\n\t\t\t\t\t<div class=\"elementor-column elementor-col-100 elementor-top-column elementor-element elementor-element-88bfdc9 sc_inner_width_none sc_layouts_column_icons_position_left\" data-id=\"88bfdc9\" data-element_type=\"column\">\n\t\t\t<div class=\"elementor-widget-wrap elementor-element-populated\">\n\t\t\t\t\t\t<div class=\"elementor-element elementor-element-4ebb2cb sc_fly_static elementor-widget elementor-widget-heading\" data-id=\"4ebb2cb\" data-element_type=\"widget\" data-widget_type=\"heading.default\">\n\t\t\t\t<div class=\"elementor-widget-container\">\n\t\t\t\t\t<h2 class=\"elementor-heading-title elementor-size-default\">Letn\u00ed tobog\u00e1ny<\/h2>\t\t\t\t<\/div>\n\t\t\t\t<\/div>\n\t\t\t\t\t<\/div>\n\t\t<\/div>\n\t\t\t\t\t<\/div>\n\t\t<\/section>\n\t\t\t\t<section class=\"elementor-section elementor-top-section elementor-element elementor-element-31034cd6 creanet-link-icons elementor-section-boxed elementor-section-height-default elementor-section-height-default\" data-id=\"31034cd6\" data-element_type=\"section\">\n\t\t\t\t\t\t<div class=\"elementor-container elementor-column-gap-extended\">\n\t\t\t\t\t<div class=\"elementor-column elementor-col-100 elementor-top-column elementor-element elementor-element-6247bf8b sc_inner_width_none sc_layouts_column_icons_position_left\" data-id=\"6247bf8b\" data-element_type=\"column\">\n\t\t\t<div class=\"elementor-widget-wrap elementor-element-populated\">\n\t\t\t\t\t\t<div class=\"elementor-element elementor-element-cd1f12f sc_fly_static elementor-widget elementor-widget-spacer\" data-id=\"cd1f12f\" data-element_type=\"widget\" data-widget_type=\"spacer.default\">\n\t\t\t\t<div class=\"elementor-widget-container\">\n\t\t\t\t\t\t\t<div class=\"elementor-spacer\">\n\t\t\t<div class=\"elementor-spacer-inner\"><\/div>\n\t\t<\/div>\n\t\t\t\t\t\t<\/div>\n\t\t\t\t<\/div>\n\t\t\t\t<div class=\"elementor-element elementor-element-20d7f29b sc_fly_static elementor-widget elementor-widget-trx_sc_icons\" data-id=\"20d7f29b\" data-element_type=\"widget\" data-widget_type=\"trx_sc_icons.default\">\n\t\t\t\t<div class=\"elementor-widget-container\">\n\t\t\t\t\t<div id=\"trx_sc_icons_2066486099\" \r\n\tclass=\"sc_icons sc_icons_default sc_icons_size_small sc_align_none\"><div class=\"sc_icons_columns_wrap sc_item_columns trx_addons_columns_wrap columns_padding_bottom\"><div class=\"trx_addons_column-1_3\"><div class=\"sc_icons_item sc_icons_item_linked\"><div class=\"sc_icons_icon sc_icon_type_ icon-euro\"><span class=\"sc_icon_type_ icon-euro\"><\/span><\/div><div class=\"sc_icons_item_details\"><h4 class=\"sc_icons_item_title\"><span>Cenn\u00edk<\/span><\/h4><a href=\"https:\/\/aquacity.sk\/cs\/aquapark-cennik\/\"\r\n\t\t\t\t\t\tclass=\"sc_icons_item_link\" target=\"_blank\"><\/a><\/div><\/div><\/div><div class=\"trx_addons_column-1_3\"><div class=\"sc_icons_item sc_icons_item_linked\"><div class=\"sc_icons_icon sc_icon_type_ icon-clock-empty\"><span class=\"sc_icon_type_ icon-clock-empty\"><\/span><\/div><div class=\"sc_icons_item_details\"><h4 class=\"sc_icons_item_title\"><span>Otev\u00edrac\u00ed hodiny<\/span><\/h4><a href=\"https:\/\/aquacity.sk\/cs\/oteviraci-hodiny\/\"\r\n\t\t\t\t\t\tclass=\"sc_icons_item_link\" target=\"_blank\"><\/a><\/div><\/div><\/div><div class=\"trx_addons_column-1_3\"><div class=\"sc_icons_item sc_icons_item_linked\"><div class=\"sc_icons_icon sc_icon_type_ icon-cart-2\"><span class=\"sc_icon_type_ icon-cart-2\"><\/span><\/div><div class=\"sc_icons_item_details\"><h4 class=\"sc_icons_item_title\"><span>Online n\u00e1kup<\/span><\/h4><a href=\"https:\/\/shop.aquacity.sk\/\"\r\n\t\t\t\t\t\tclass=\"sc_icons_item_link\" target=\"_blank\"><\/a><\/div><\/div><\/div><\/div><\/div><!-- \/.sc_icons -->\t\t\t\t<\/div>\n\t\t\t\t<\/div>\n\t\t\t\t\t<\/div>\n\t\t<\/div>\n\t\t\t\t\t<\/div>\n\t\t<\/section>\n\t\t\t\t<\/div>\n\t\t","protected":false},"excerpt":{"rendered":"<p>Celoro\u010dn\u00ed tobog\u00e1ny Zje\u017cd\u017calnia CZARNA DZIURA Cho\u0107&hellip;<\/p>\n","protected":false},"author":2,"featured_media":17934,"parent":0,"menu_order":0,"comment_status":"closed","ping_status":"closed","template":"","meta":{"footnotes":""},"class_list":["post-9286","page","type-page","status-publish","has-post-thumbnail","hentry"],"_links":{"self":[{"href":"https:\/\/aquacity.sk\/cs\/wp-json\/wp\/v2\/pages\/9286","targetHints":{"allow":["GET"]}}],"collection":[{"href":"https:\/\/aquacity.sk\/cs\/wp-json\/wp\/v2\/pages"}],"about":[{"href":"https:\/\/aquacity.sk\/cs\/wp-json\/wp\/v2\/types\/page"}],"author":[{"embeddable":true,"href":"https:\/\/aquacity.sk\/cs\/wp-json\/wp\/v2\/users\/2"}],"replies":[{"embeddable":true,"href":"https:\/\/aquacity.sk\/cs\/wp-json\/wp\/v2\/comments?post=9286"}],"version-history":[{"count":11,"href":"https:\/\/aquacity.sk\/cs\/wp-json\/wp\/v2\/pages\/9286\/revisions"}],"predecessor-version":[{"id":12613,"href":"https:\/\/aquacity.sk\/cs\/wp-json\/wp\/v2\/pages\/9286\/revisions\/12613"}],"wp:featuredmedia":[{"embeddable":true,"href":"https:\/\/aquacity.sk\/cs\/wp-json\/wp\/v2\/media\/17934"}],"wp:attachment":[{"href":"https:\/\/aquacity.sk\/cs\/wp-json\/wp\/v2\/media?parent=9286"}],"curies":[{"name":"wp","href":"https:\/\/api.w.org\/{rel}","templated":true}]}}