{"id":9281,"date":"2022-01-31T10:00:23","date_gmt":"2022-01-31T09:00:23","guid":{"rendered":"https:\/\/new.aquacity.sk\/pre-deti\/"},"modified":"2024-04-05T11:41:38","modified_gmt":"2024-04-05T09:41:38","slug":"pro-deti","status":"publish","type":"page","link":"https:\/\/aquacity.sk\/cs\/pro-deti\/","title":{"rendered":"Pro d\u011bti"},"content":{"rendered":"\t\t<div data-elementor-type=\"wp-post\" data-elementor-id=\"9281\" class=\"elementor elementor-9281 elementor-3717\">\n\t\t\t\t\t\t<section class=\"elementor-section elementor-top-section elementor-element elementor-element-ea3735a elementor-section-stretched elementor-section-boxed elementor-section-height-default elementor-section-height-default\" data-id=\"ea3735a\" data-element_type=\"section\" data-settings=\"{&quot;stretch_section&quot;:&quot;section-stretched&quot;,&quot;background_background&quot;:&quot;classic&quot;}\">\n\t\t\t\t\t\t<div class=\"elementor-container elementor-column-gap-extended\">\n\t\t\t\t\t<div class=\"elementor-column elementor-col-100 elementor-top-column elementor-element elementor-element-6f780ea sc_inner_width_none sc_layouts_column_icons_position_left\" data-id=\"6f780ea\" data-element_type=\"column\">\n\t\t\t<div class=\"elementor-widget-wrap elementor-element-populated\">\n\t\t\t\t\t\t<div class=\"elementor-element elementor-element-f3f6f5b sc_fly_static elementor-widget elementor-widget-trx_sc_services\" data-id=\"f3f6f5b\" data-element_type=\"widget\" data-widget_type=\"trx_sc_services.default\">\n\t\t\t\t<div class=\"elementor-widget-container\">\n\t\t\t\t\t<div id=\"trx_sc_services_111906227\" class=\"sc_services sc_services_chess sc_services_featured_top\"><div class=\"sc_services_columns_wrap sc_item_columns sc_item_posts_container sc_item_columns_2 trx_addons_columns_wrap columns_padding_bottom\"><div class=\"trx_addons_column-1_2 \"><div data-post-id=\"9306\" class=\"sc_services_item no_links with_content post-9306 cpt_services type-cpt_services status-publish has-post-thumbnail hentry cpt_services_group-pre-deti post_emotion_main_cool post_emotion_cool post_emotion_lol\"><div class=\"post_featured with_thumb hover_dots sc_services_item_header post_featured_bg neptunus_inline_153022934\">\t\t\t\t\t\t<div class=\"mask\"><\/div>\n\t\t\t\t\t\t\t\t\t<a href=\"https:\/\/aquacity.sk\/cs\/sluzby\/animacni-program\/\"  aria-hidden=\"true\" class=\"icons\"><span><\/span><span><\/span><span><\/span><\/a>\n\t\t\t<\/div>\t<div class=\"sc_services_item_content\">\n\t\t\t\t<h6 class=\"sc_services_item_title\">\n        <span id=\"trx_sc_services_111906227_icon-wave_1\"\n              class=\"sc_services_item_icon sc_icon_type_icons icon-wave\"\n                    ><\/span>\n        <a href=\"https:\/\/aquacity.sk\/cs\/sluzby\/animacni-program\/\" target=\"_blank\">Anima\u010dn\u00ed program<\/a><\/h6>\n\t\t\t\t\t\t\t<div class=\"sc_services_item_text\"><p>V\u00fdborn\u00e1 n\u00e1lada, sm\u00edch a \u017e\u00e1dn\u00e1 nuda. A to pod veden\u00edm na\u0161ich anim\u00e1tor\u016f, kte\u0159\u00ed se ka\u017ed\u00fd den o v\u00edkendech a v l\u00e9t\u011b staraj\u00ed o z\u00e1bavn\u00fd program pro d\u011bti.   <\/p>\n<\/div>\n\t\t<div class=\"link_more\"><a href=\"https:\/\/aquacity.sk\/cs\/sluzby\/animacni-program\/\" target=\"_blank\" class=\"sc_services\">\u010cti v\u00edce<\/a><\/div>\t\t\t<\/div>\n<\/div>\n<\/div><div class=\"trx_addons_column-1_2 \"><div data-post-id=\"9224\" class=\"sc_services_item no_links with_content post-9224 cpt_services type-cpt_services status-publish has-post-thumbnail hentry cpt_services_group-pre-deti post_emotion_main_cool post_emotion_cool post_emotion_lol\"><div class=\"post_featured with_thumb hover_dots sc_services_item_header post_featured_bg neptunus_inline_1108150320\">\t\t\t\t\t\t<div class=\"mask\"><\/div>\n\t\t\t\t\t\t\t\t\t<a href=\"https:\/\/aquacity.sk\/cs\/sluzby\/detske-party\/\"  aria-hidden=\"true\" class=\"icons\"><span><\/span><span><\/span><span><\/span><\/a>\n\t\t\t<\/div>\t<div class=\"sc_services_item_content\">\n\t\t\t\t<h6 class=\"sc_services_item_title\">\n        <span id=\"trx_sc_services_111906227_icon-wave_2\"\n              class=\"sc_services_item_icon sc_icon_type_icons icon-wave\"\n                    ><\/span>\n        <a href=\"https:\/\/aquacity.sk\/cs\/sluzby\/detske-party\/\">D\u011btsk\u00e9 p\u00e1rty<\/a><\/h6>\n\t\t\t\t\t\t\t<div class=\"sc_services_item_text\"><p>Chcete pripravi\u0165 va\u0161im de\u0165om poriadnu detsk\u00fa p\u00e1rty? M\u00e1me pre v\u00e1s pripraven\u00fd v\u00fdnimo\u010dn\u00fd priestor, v ktorom vieme zabezpe\u010di\u0165 detsk\u00e9 menu i n\u00e1poje, sl\u00e1vnostn\u00fa tortu, tematick\u00fa a rozpr\u00e1vkov\u00fa v\u00fdzdobu. <\/p>\n<\/div>\n\t\t<div class=\"link_more\"><a href=\"https:\/\/aquacity.sk\/cs\/sluzby\/detske-party\/\" class=\"sc_services\">\u010cti v\u00edce<\/a><\/div>\t\t\t<\/div>\n<\/div>\n<\/div><div class=\"trx_addons_column-1_2 \"><div data-post-id=\"18691\" class=\"sc_services_item no_links with_content post-18691 cpt_services type-cpt_services status-publish has-post-thumbnail hentry cpt_services_group-pre-deti-cs cpt_services_group-pre-deti-en cpt_services_group-pre-deti-pl cpt_services_group-pre-deti post_emotion_main_cool post_emotion_cool post_emotion_lol\"><div class=\"post_featured with_thumb hover_dots sc_services_item_header post_featured_bg neptunus_inline_259624034\">\t\t\t\t\t\t<div class=\"mask\"><\/div>\n\t\t\t\t\t\t\t\t\t<a href=\"https:\/\/aquacity.sk\/cs\/sluzby\/detske-party-2\/\"  aria-hidden=\"true\" class=\"icons\"><span><\/span><span><\/span><span><\/span><\/a>\n\t\t\t<\/div>\t<div class=\"sc_services_item_content\">\n\t\t\t\t<h6 class=\"sc_services_item_title\">\n        <span id=\"trx_sc_services_111906227_icon-wave_3\"\n              class=\"sc_services_item_icon sc_icon_type_icons icon-wave\"\n                    ><\/span>\n        <a href=\"https:\/\/aquacity.sk\/cs\/sluzby\/detske-party-2\/\">D\u011btsk\u00e9 p\u00e1rty<\/a><\/h6>\n\t\t\t\t\t\t\t<div class=\"sc_services_item_text\"><p>Chcete p\u0159ipravit va\u0161im d\u011btem po\u0159\u00e1dnou d\u011btskou p\u00e1rty? M\u00e1me pro v\u00e1s p\u0159ipraven v\u00fdjime\u010dn\u00fd prostor, ve kter\u00e9m um\u00edme zajistit d\u011btsk\u00e9 menu i n\u00e1poje, slavnostn\u00ed dort, t\u00e9matickou a poh\u00e1dkovou v\u00fdzdobu.<\/p>\n<\/div>\n\t\t<div class=\"link_more\"><a href=\"https:\/\/aquacity.sk\/cs\/sluzby\/detske-party-2\/\" class=\"sc_services\">\u010cti v\u00edce<\/a><\/div>\t\t\t<\/div>\n<\/div>\n<\/div><\/div><\/div><!-- \/.sc_services -->\t\t\t\t<\/div>\n\t\t\t\t<\/div>\n\t\t\t\t\t<\/div>\n\t\t<\/div>\n\t\t\t\t\t<\/div>\n\t\t<\/section>\n\t\t\t\t<\/div>\n\t\t","protected":false},"excerpt":{"rendered":"<p>D\u011btsk\u00fd koutek Mo\u0159sk\u00fd sv\u011bt Dvoupodla\u017en\u00ed multifunk\u010dn\u00ed&hellip;<\/p>\n","protected":false},"author":2,"featured_media":0,"parent":0,"menu_order":0,"comment_status":"closed","ping_status":"closed","template":"","meta":{"footnotes":""},"class_list":["post-9281","page","type-page","status-publish","hentry","post_emotion_main_cool","post_emotion_cool","post_emotion_lol"],"_links":{"self":[{"href":"https:\/\/aquacity.sk\/cs\/wp-json\/wp\/v2\/pages\/9281","targetHints":{"allow":["GET"]}}],"collection":[{"href":"https:\/\/aquacity.sk\/cs\/wp-json\/wp\/v2\/pages"}],"about":[{"href":"https:\/\/aquacity.sk\/cs\/wp-json\/wp\/v2\/types\/page"}],"author":[{"embeddable":true,"href":"https:\/\/aquacity.sk\/cs\/wp-json\/wp\/v2\/users\/2"}],"replies":[{"embeddable":true,"href":"https:\/\/aquacity.sk\/cs\/wp-json\/wp\/v2\/comments?post=9281"}],"version-history":[{"count":11,"href":"https:\/\/aquacity.sk\/cs\/wp-json\/wp\/v2\/pages\/9281\/revisions"}],"predecessor-version":[{"id":18715,"href":"https:\/\/aquacity.sk\/cs\/wp-json\/wp\/v2\/pages\/9281\/revisions\/18715"}],"wp:attachment":[{"href":"https:\/\/aquacity.sk\/cs\/wp-json\/wp\/v2\/media?parent=9281"}],"curies":[{"name":"wp","href":"https:\/\/api.w.org\/{rel}","templated":true}]}}