{"id":9269,"date":"2022-01-31T10:13:40","date_gmt":"2022-01-31T09:13:40","guid":{"rendered":"https:\/\/new.aquacity.sk\/nasi-partneri\/"},"modified":"2025-09-23T11:35:55","modified_gmt":"2025-09-23T09:35:55","slug":"nasi-partneri","status":"publish","type":"page","link":"https:\/\/aquacity.sk\/cs\/nasi-partneri\/","title":{"rendered":"Na\u0161i partne\u0159i"},"content":{"rendered":"\t\t<div data-elementor-type=\"wp-post\" data-elementor-id=\"9269\" class=\"elementor elementor-9269 elementor-3744\">\n\t\t\t\t\t\t<section class=\"elementor-section elementor-top-section elementor-element elementor-element-13b22f78 elementor-section-stretched scheme_default elementor-section-boxed elementor-section-height-default elementor-section-height-default\" data-id=\"13b22f78\" data-element_type=\"section\" data-settings=\"{&quot;stretch_section&quot;:&quot;section-stretched&quot;,&quot;background_background&quot;:&quot;classic&quot;}\">\n\t\t\t\t\t\t<div class=\"elementor-container elementor-column-gap-extended\">\n\t\t\t\t\t<div class=\"elementor-column elementor-col-100 elementor-top-column elementor-element elementor-element-3856606d sc_inner_width_none sc_layouts_column_icons_position_left\" data-id=\"3856606d\" data-element_type=\"column\">\n\t\t\t<div class=\"elementor-widget-wrap elementor-element-populated\">\n\t\t\t\t\t\t<div class=\"elementor-element elementor-element-15e2c636 sc_fly_static elementor-widget elementor-widget-trx_sc_title\" data-id=\"15e2c636\" data-element_type=\"widget\" data-widget_type=\"trx_sc_title.default\">\n\t\t\t\t<div class=\"elementor-widget-container\">\n\t\t\t\t\t<div id=\"trx_sc_title_980251934\"\r\n\t\tclass=\"sc_title sc_title_decoration\"><h2 class=\"sc_item_title sc_title_title sc_align_center sc_item_title_style_decoration\"><span class=\"sc_item_title_text\">V\u011brnostn\u00ed programy a spolupr\u00e1ce<\/span><\/h2><\/div><!-- \/.sc_title -->\t\t\t\t<\/div>\n\t\t\t\t<\/div>\n\t\t\t\t<div class=\"elementor-element elementor-element-1bca8e9 sc_fly_static elementor-widget elementor-widget-spacer\" data-id=\"1bca8e9\" data-element_type=\"widget\" data-widget_type=\"spacer.default\">\n\t\t\t\t<div class=\"elementor-widget-container\">\n\t\t\t\t\t\t\t<div class=\"elementor-spacer\">\n\t\t\t<div class=\"elementor-spacer-inner\"><\/div>\n\t\t<\/div>\n\t\t\t\t\t\t<\/div>\n\t\t\t\t<\/div>\n\t\t\t\t<div class=\"elementor-element elementor-element-81c6de sc_fly_static elementor-widget elementor-widget-trx_sc_price\" data-id=\"81c6de\" data-element_type=\"widget\" data-widget_type=\"trx_sc_price.default\">\n\t\t\t\t<div class=\"elementor-widget-container\">\n\t\t\t\t\t<div  id=\"trx_sc_price_27520793\" \r\n\tclass=\"sc_price sc_price_default\"><div class=\"sc_price_columns_wrap sc_item_columns trx_addons_columns_wrap columns_padding_bottom\"><div class=\"trx_addons_column-1_4\"><div class=\"sc_price_item sc_price_item_default\">\r\n\t\t\t<div class=\"sc_price_item_info\"><h3 class=\"sc_price_item_title\"><span>Tesco <\/span><span>Clubcard<\/span><\/h3><div class=\"sc_price_item_price\"><span class=\"sc_price_item_price_value\">15%<\/span><span class=\"sc_price_item_price_after\">\/ z\u013eava<\/span><\/div><div class=\"sc_price_item_details\"><p>z celodenn\u00edch vstup\u016f Aquapark packet, Wellness packet podle aktu\u00e1ln\u00edho cen\u00edku Aquaparku pro 1 a\u017e 4 osoby<\/p><\/div><a href=\"https:\/\/tesco.sk\/clubcard\/vyhody\/\" class=\"sc_price_item_link sc_button\" target=\"_blank\">Tesco CLUBCARD<\/a><\/div><!-- \/.sc_price_item_info --><\/div><\/div><div class=\"trx_addons_column-1_4\"><div class=\"sc_price_item sc_price_item_default\">\r\n\t\t\t<div class=\"sc_price_item_info\"><h3 class=\"sc_price_item_title\"><span>Sphere <\/span><span>Karta<\/span><\/h3><div class=\"sc_price_item_price\"><span class=\"sc_price_item_price_value\">15%<\/span><span class=\"sc_price_item_price_after\">\/ z\u013eava<\/span><\/div><div class=\"sc_price_item_details\"><p>z celodenn\u00edch vstup\u016f Aquapark packet, Wellness packet podle aktu\u00e1ln\u00edho cen\u00edku Aquaparku pro 1 a\u017e 4 osoby<\/p><\/div><a href=\"https:\/\/moj.sphere.sk\/kde-ziskate-vyhody\/120101-aquacity-poprad\" class=\"sc_price_item_link sc_button\" target=\"_blank\">V\u00edce informac\u00ed<\/a><\/div><!-- \/.sc_price_item_info --><\/div><\/div><div class=\"trx_addons_column-1_4\"><div class=\"sc_price_item sc_price_item_default\">\r\n\t\t\t<div class=\"sc_price_item_info\"><h3 class=\"sc_price_item_title\"><span>\ufeffISIC, ITIC <\/span><span>  EURO&lt;26<\/span><\/h3><div class=\"sc_price_item_price\"><span class=\"sc_price_item_price_value\">15%<\/span><span class=\"sc_price_item_price_after\">\/ z\u013eava<\/span><\/div><div class=\"sc_price_item_details\"><p>Pro dr\u017eitele pr\u016fkaz\u016f ISIC, ITIC a EURO&lt;26 vstupn\u00e9 z kategorie student\u016f podle aktu\u00e1ln\u00edho cen\u00edku Aquaparku.<\/p><\/div><a href=\"https:\/\/euro26.sk\/zlavy-na-slovensku\/aquacity-poprad\/3399\" class=\"sc_price_item_link sc_button\" target=\"_blank\">V\u00edce informac\u00ed<\/a><\/div><!-- \/.sc_price_item_info --><\/div><\/div><div class=\"trx_addons_column-1_4\"><div class=\"sc_price_item sc_price_item_default\">\r\n\t\t\t<div class=\"sc_price_item_info\"><h3 class=\"sc_price_item_title\"><span>Visa<\/span><\/h3><div class=\"sc_price_item_price\"><span class=\"sc_price_item_price_value\">15%<\/span><span class=\"sc_price_item_price_after\">\/ z\u013eava<\/span><\/div><div class=\"sc_price_item_details\"><p>Pro dr\u017eitele karty VISA (GOLD, PLATINUM, INFINITE) z celodenn\u00edch vstup\u016f Aquapark packet, Wellness packet dle aktu\u00e1ln\u00edho cen\u00edku Aquaparku nebo p\u0159i online n\u00e1kupu na shop.aquacity.sk<\/p><\/div><a href=\"https:\/\/www.visa.sk\/sk_sk\/visa-ponuky-a-vyhody\/aquacity-poprad\/168920?category=18\" class=\"sc_price_item_link sc_button\" target=\"_blank\">V\u00edce informac\u00ed<\/a><\/div><!-- \/.sc_price_item_info --><\/div><\/div><\/div><\/div><!-- \/.sc_price -->\t\t\t\t<\/div>\n\t\t\t\t<\/div>\n\t\t\t\t<div class=\"elementor-element elementor-element-945566c sc_fly_static elementor-widget elementor-widget-trx_sc_price\" data-id=\"945566c\" data-element_type=\"widget\" data-widget_type=\"trx_sc_price.default\">\n\t\t\t\t<div class=\"elementor-widget-container\">\n\t\t\t\t\t<div  id=\"trx_sc_price_1604089448\" \r\n\tclass=\"sc_price sc_price_default\"><div class=\"sc_price_content sc_item_content\"><div class=\"sc_price_item sc_price_item_default\">\r\n\t\t\t<div class=\"sc_price_item_info\"><h3 class=\"sc_price_item_title\"><span>Regiojet<\/span><\/h3><div class=\"sc_price_item_price\"><span class=\"sc_price_item_price_value\">15%<\/span><span class=\"sc_price_item_price_after\">\/ z\u013eava<\/span><\/div><div class=\"sc_price_item_details\"><p>z celodenn\u00fdch vstupy Aquapark packet, Wellness packet \u00a0pod\u013ea aktu\u00e1lneho cenn\u00edka Aquaparku pre 1 a\u017e 4 osoby.<\/p><\/div><a href=\"https:\/\/regiojet.cz\/sluzby\/slevy\/aquacity\" class=\"sc_price_item_link sc_button\">Viac info<\/a><\/div><!-- \/.sc_price_item_info --><\/div><\/div><\/div><!-- \/.sc_price -->\t\t\t\t<\/div>\n\t\t\t\t<\/div>\n\t\t\t\t\t<\/div>\n\t\t<\/div>\n\t\t\t\t\t<\/div>\n\t\t<\/section>\n\t\t\t\t<\/div>\n\t\t","protected":false},"excerpt":{"rendered":"<p>V\u011brnostn\u00ed programy a spolupr\u00e1ce Tesco Clubcard&hellip;<\/p>\n","protected":false},"author":2,"featured_media":15239,"parent":0,"menu_order":0,"comment_status":"closed","ping_status":"closed","template":"","meta":{"footnotes":""},"class_list":["post-9269","page","type-page","status-publish","has-post-thumbnail","hentry"],"_links":{"self":[{"href":"https:\/\/aquacity.sk\/cs\/wp-json\/wp\/v2\/pages\/9269","targetHints":{"allow":["GET"]}}],"collection":[{"href":"https:\/\/aquacity.sk\/cs\/wp-json\/wp\/v2\/pages"}],"about":[{"href":"https:\/\/aquacity.sk\/cs\/wp-json\/wp\/v2\/types\/page"}],"author":[{"embeddable":true,"href":"https:\/\/aquacity.sk\/cs\/wp-json\/wp\/v2\/users\/2"}],"replies":[{"embeddable":true,"href":"https:\/\/aquacity.sk\/cs\/wp-json\/wp\/v2\/comments?post=9269"}],"version-history":[{"count":16,"href":"https:\/\/aquacity.sk\/cs\/wp-json\/wp\/v2\/pages\/9269\/revisions"}],"predecessor-version":[{"id":26000,"href":"https:\/\/aquacity.sk\/cs\/wp-json\/wp\/v2\/pages\/9269\/revisions\/26000"}],"wp:featuredmedia":[{"embeddable":true,"href":"https:\/\/aquacity.sk\/cs\/wp-json\/wp\/v2\/media\/15239"}],"wp:attachment":[{"href":"https:\/\/aquacity.sk\/cs\/wp-json\/wp\/v2\/media?parent=9269"}],"curies":[{"name":"wp","href":"https:\/\/api.w.org\/{rel}","templated":true}]}}