{"id":9256,"date":"2022-01-31T10:17:58","date_gmt":"2022-01-31T09:17:58","guid":{"rendered":"https:\/\/new.aquacity.sk\/kontakt\/"},"modified":"2025-04-01T12:59:06","modified_gmt":"2025-04-01T10:59:06","slug":"kontakt","status":"publish","type":"page","link":"https:\/\/aquacity.sk\/cs\/kontakt\/","title":{"rendered":"Kontakt"},"content":{"rendered":"\t\t<div data-elementor-type=\"wp-post\" data-elementor-id=\"9256\" class=\"elementor elementor-9256 elementor-3760\">\n\t\t\t\t\t\t<section class=\"elementor-section elementor-top-section elementor-element elementor-element-d10f953 elementor-section-stretched elementor-section-full_width sc_layouts_row sc_layouts_row_type_narrow elementor-section-height-default elementor-section-height-default\" data-id=\"d10f953\" data-element_type=\"section\" data-settings=\"{&quot;stretch_section&quot;:&quot;section-stretched&quot;}\">\n\t\t\t\t\t\t<div class=\"elementor-container elementor-column-gap-no\">\n\t\t\t\t\t<div class=\"elementor-column elementor-col-100 elementor-top-column elementor-element elementor-element-43f7ec8 sc_inner_width_none sc_layouts_column_icons_position_left\" data-id=\"43f7ec8\" data-element_type=\"column\">\n\t\t\t<div class=\"elementor-widget-wrap elementor-element-populated\">\n\t\t\t\t\t\t<div class=\"elementor-element elementor-element-88f208b sc_fly_static elementor-widget elementor-widget-trx_sc_icons\" data-id=\"88f208b\" data-element_type=\"widget\" id=\"kontakt-icons\" data-widget_type=\"trx_sc_icons.default\">\n\t\t\t\t<div class=\"elementor-widget-container\">\n\t\t\t\t\t<div id=\"kontakt-icons_sc\" \r\n\tclass=\"sc_icons sc_icons_default sc_icons_size_small sc_align_center\"><div class=\"sc_icons_columns_wrap sc_item_columns trx_addons_columns_wrap columns_padding_bottom\"><div class=\"trx_addons_column-1_3\"><div class=\"sc_icons_item\"><div class=\"sc_icons_icon sc_icon_type_ icon-group-936\"><span class=\"sc_icon_type_ icon-group-936\"><\/span><\/div><div class=\"sc_icons_item_details\"><div class=\"sc_icons_item_description\"><span><a href=\"https:\/\/g.page\/aquapark-aquacity?share\">AquaCity Poprad<br>\u0160portov\u00e1 1397\/1<br>Poprad 058 01<\/a> <\/span><span>&nbsp<\/span><span><a href=\"https:\/\/aquacity.sk\/\">www.aquacity.sk<\/a><\/span><span><a href=\"https:\/\/shop.aquacity.sk\/\">shop.aquacity.sk<\/a><\/span><span><a href=\"https:\/\/aquacityhotel.sk\/\">www.aquacityhotel.sk<\/a><\/span><\/div><\/div><\/div><\/div><div class=\"trx_addons_column-1_3\"><div class=\"sc_icons_item\"><div class=\"sc_icons_icon sc_icon_type_ icon-group-937\"><span class=\"sc_icon_type_ icon-group-937\"><\/span><\/div><div class=\"sc_icons_item_details\"><div class=\"sc_icons_item_description\"><span><b>Aquapark<\/b><\/span><span> <a href=\"tel:+421 5278 51 111\">+421 5278 51 111<\/a><\/span><span>&nbsp<\/span><span><b>Hotelov\u00e1 recepcia<\/b> <\/span><span><a href=\"tel:+421 5278 51 222\">+421 5278 51 222<\/a><\/span><span><a href=\"tel:+421 910 802 309\">+421 910 802 309<\/a><\/span><\/div><\/div><\/div><\/div><div class=\"trx_addons_column-1_3\"><div class=\"sc_icons_item\"><div class=\"sc_icons_icon sc_icon_type_ icon-group-1554\"><span class=\"sc_icon_type_ icon-group-1554\"><\/span><\/div><div class=\"sc_icons_item_details\"><div class=\"sc_icons_item_description\"><span><b>Aquapark<\/b><\/span><span><a href=\"mailto:info@aquacity.sk\">info@aquacity.sk<\/a><\/span><span>&nbsp<\/span><span><b>Eshop<b><\/span><span><a href=\"mailto:shop@aquacity.sk\">shop@aquacity.sk<\/a><\/span><span>&nbsp<\/span><span><b>Recepcia<b><\/span><span><a href=\"mailto:recepcia@aquacity.sk\">recepcia@aquacity.sk<\/a><\/span><\/div><\/div><\/div><\/div><\/div><\/div><!-- \/.sc_icons -->\t\t\t\t<\/div>\n\t\t\t\t<\/div>\n\t\t\t\t\t<\/div>\n\t\t<\/div>\n\t\t\t\t\t<\/div>\n\t\t<\/section>\n\t\t\t\t<section class=\"elementor-section elementor-top-section elementor-element elementor-element-606ec68 elementor-section-boxed elementor-section-height-default elementor-section-height-default\" data-id=\"606ec68\" data-element_type=\"section\">\n\t\t\t\t\t\t<div class=\"elementor-container elementor-column-gap-no\">\n\t\t\t\t\t<div class=\"elementor-column elementor-col-100 elementor-top-column elementor-element elementor-element-5196e86 sc_inner_width_none sc_layouts_column_icons_position_left\" data-id=\"5196e86\" data-element_type=\"column\">\n\t\t\t<div class=\"elementor-widget-wrap elementor-element-populated\">\n\t\t\t\t\t\t<div class=\"elementor-element elementor-element-de69138 elementor-shape-circle elementor-grid-0 e-grid-align-center sc_fly_static elementor-widget elementor-widget-social-icons\" data-id=\"de69138\" data-element_type=\"widget\" data-widget_type=\"social-icons.default\">\n\t\t\t\t<div class=\"elementor-widget-container\">\n\t\t\t\t\t\t\t<div class=\"elementor-social-icons-wrapper elementor-grid\" role=\"list\">\n\t\t\t\t\t\t\t<span class=\"elementor-grid-item\" role=\"listitem\">\n\t\t\t\t\t<a class=\"elementor-icon elementor-social-icon elementor-social-icon-facebook-f elementor-animation-pop elementor-repeater-item-86a20d0\" href=\"https:\/\/www.facebook.com\/aquapark.aquacity\" target=\"_blank\">\n\t\t\t\t\t\t<span class=\"elementor-screen-only\">Facebook-f<\/span>\n\t\t\t\t\t\t<i aria-hidden=\"true\" class=\"fab fa-facebook-f\"><\/i>\t\t\t\t\t<\/a>\n\t\t\t\t<\/span>\n\t\t\t\t\t\t\t<span class=\"elementor-grid-item\" role=\"listitem\">\n\t\t\t\t\t<a class=\"elementor-icon elementor-social-icon elementor-social-icon-youtube elementor-animation-pop elementor-repeater-item-96b2c22\" href=\"https:\/\/www.youtube.com\/user\/AquaCityPopradSK\" target=\"_blank\">\n\t\t\t\t\t\t<span class=\"elementor-screen-only\">Youtube<\/span>\n\t\t\t\t\t\t<i aria-hidden=\"true\" class=\"fab fa-youtube\"><\/i>\t\t\t\t\t<\/a>\n\t\t\t\t<\/span>\n\t\t\t\t\t\t\t<span class=\"elementor-grid-item\" role=\"listitem\">\n\t\t\t\t\t<a class=\"elementor-icon elementor-social-icon elementor-social-icon-instagram elementor-animation-pop elementor-repeater-item-1a0a3a0\" href=\"https:\/\/www.instagram.com\/aquacitypoprad\/\" target=\"_blank\">\n\t\t\t\t\t\t<span class=\"elementor-screen-only\">Instagram<\/span>\n\t\t\t\t\t\t<i aria-hidden=\"true\" class=\"fab fa-instagram\"><\/i>\t\t\t\t\t<\/a>\n\t\t\t\t<\/span>\n\t\t\t\t\t\t\t<span class=\"elementor-grid-item\" role=\"listitem\">\n\t\t\t\t\t<a class=\"elementor-icon elementor-social-icon elementor-social-icon-tiktok elementor-animation-pop elementor-repeater-item-81a1963\" href=\"https:\/\/www.tiktok.com\/@aquacitypoprad\" target=\"_blank\">\n\t\t\t\t\t\t<span class=\"elementor-screen-only\">Tiktok<\/span>\n\t\t\t\t\t\t<i aria-hidden=\"true\" class=\"fab fa-tiktok\"><\/i>\t\t\t\t\t<\/a>\n\t\t\t\t<\/span>\n\t\t\t\t\t<\/div>\n\t\t\t\t\t\t<\/div>\n\t\t\t\t<\/div>\n\t\t\t\t<div class=\"elementor-element elementor-element-cb2d3aa sc_fly_static elementor-widget elementor-widget-spacer\" data-id=\"cb2d3aa\" data-element_type=\"widget\" data-widget_type=\"spacer.default\">\n\t\t\t\t<div class=\"elementor-widget-container\">\n\t\t\t\t\t\t\t<div class=\"elementor-spacer\">\n\t\t\t<div class=\"elementor-spacer-inner\"><\/div>\n\t\t<\/div>\n\t\t\t\t\t\t<\/div>\n\t\t\t\t<\/div>\n\t\t\t\t<div class=\"elementor-element elementor-element-914073f sc_fly_static elementor-widget elementor-widget-heading\" data-id=\"914073f\" data-element_type=\"widget\" data-widget_type=\"heading.default\">\n\t\t\t\t<div class=\"elementor-widget-container\">\n\t\t\t\t\t<h4 class=\"elementor-heading-title elementor-size-default\">Newsletter<\/h4>\t\t\t\t<\/div>\n\t\t\t\t<\/div>\n\t\t\t\t<div class=\"elementor-element elementor-element-aa12995 sc_fly_static elementor-widget elementor-widget-shortcode\" data-id=\"aa12995\" data-element_type=\"widget\" data-widget_type=\"shortcode.default\">\n\t\t\t\t<div class=\"elementor-widget-container\">\n\t\t\t\t\t\t\t<div class=\"elementor-shortcode\"><script>\n        (function (w,d,s,o,f,js,fjs) {\n            w['ecm-widget']=o;w[o] = w[o] || function () { (w[o].q = w[o].q || []).push(arguments) };\n            js = d.createElement(s), fjs = d.getElementsByTagName(s)[0];\n            js.id = '4-f67e22c6c3dacfc9b77b6b40399abc16'; js.dataset.a = 'aquacity'; js.src = f; js.async = 1; fjs.parentNode.insertBefore(js, fjs);\n        }(window, document, 'script', 'ecmwidget', 'https:\/\/d70shl7vidtft.cloudfront.net\/widget.js'));\n<\/script>\n<style>\n@media (max-width: 767px) {\n    #f-4-f67e22c6c3dacfc9b77b6b40399abc16 .ec-v-form-column {display: table-cell;}\n    }\n#f-4-f67e22c6c3dacfc9b77b6b40399abc16 .ec-v-form-submit button {background-color: #BE9252!important; text-align: center!important;  border-radius: 0px!important; height: 49px!important; color:  #ffffff!important;}\n#f-4-f67e22c6c3dacfc9b77b6b40399abc16 .ec-v-form-btntype-submit {padding: 5px 10px !important; text-align: center!important;}\n#f-4-f67e22c6c3dacfc9b77b6b40399abc16 .ec-v-forms-form-control{ border-radius: 0px!important; height: 49px!important;}\n#f-4-f67e22c6c3dacfc9b77b6b40399abc16 .ec-v-form-input {padding: 1px 5px !important; text-align: center!important; max-width: 290px!important;}\n#f-4-f67e22c6c3dacfc9b77b6b40399abc16 .ec-v-form-holder {background-color: #00000000 !important;  max-height: 200px!important; overflow:unset!important;}\n#f-4-f67e22c6c3dacfc9b77b6b40399abc16 .ec-v-form-input label {margin-bottom: 4px !important;}\n<\/style>\n\n<div id=\"f-4-f67e22c6c3dacfc9b77b6b40399abc16\"><\/div><\/div>\n\t\t\t\t\t\t<\/div>\n\t\t\t\t<\/div>\n\t\t\t\t\t<\/div>\n\t\t<\/div>\n\t\t\t\t\t<\/div>\n\t\t<\/section>\n\t\t\t\t<section class=\"elementor-section elementor-top-section elementor-element elementor-element-71de823 elementor-section-boxed elementor-section-height-default elementor-section-height-default\" data-id=\"71de823\" data-element_type=\"section\">\n\t\t\t\t\t\t<div class=\"elementor-container elementor-column-gap-extended\">\n\t\t\t\t\t<div class=\"elementor-column elementor-col-16 elementor-top-column elementor-element elementor-element-b3a283d sc_inner_width_none sc_layouts_column_icons_position_left\" data-id=\"b3a283d\" data-element_type=\"column\">\n\t\t\t<div class=\"elementor-widget-wrap\">\n\t\t\t\t\t\t\t<\/div>\n\t\t<\/div>\n\t\t\t\t<div class=\"elementor-column elementor-col-66 elementor-top-column elementor-element elementor-element-f5eb51c sc_inner_width_none sc_layouts_column_icons_position_left\" data-id=\"f5eb51c\" data-element_type=\"column\">\n\t\t\t<div class=\"elementor-widget-wrap elementor-element-populated\">\n\t\t\t\t\t\t<div class=\"elementor-element elementor-element-b04bbeb sc_fly_static elementor-widget elementor-widget-trx_sc_title\" data-id=\"b04bbeb\" data-element_type=\"widget\" data-widget_type=\"trx_sc_title.default\">\n\t\t\t\t<div class=\"elementor-widget-container\">\n\t\t\t\t\t<div id=\"trx_sc_title_857509104\"\r\n\t\tclass=\"sc_title sc_title_decoration\"><h2 class=\"sc_item_title sc_title_title sc_align_center sc_item_title_style_decoration\"><span class=\"sc_item_title_text\">Posla\u0165 spr\u00e1vu<\/span><\/h2><\/div><!-- \/.sc_title -->\t\t\t\t<\/div>\n\t\t\t\t<\/div>\n\t\t\t\t<div class=\"elementor-element elementor-element-4c81209 sc_fly_static elementor-widget elementor-widget-spacer\" data-id=\"4c81209\" data-element_type=\"widget\" data-widget_type=\"spacer.default\">\n\t\t\t\t<div class=\"elementor-widget-container\">\n\t\t\t\t\t\t\t<div class=\"elementor-spacer\">\n\t\t\t<div class=\"elementor-spacer-inner\"><\/div>\n\t\t<\/div>\n\t\t\t\t\t\t<\/div>\n\t\t\t\t<\/div>\n\t\t\t\t<div class=\"elementor-element elementor-element-9128142 sc_fly_static elementor-widget elementor-widget-shortcode\" data-id=\"9128142\" data-element_type=\"widget\" data-widget_type=\"shortcode.default\">\n\t\t\t\t<div class=\"elementor-widget-container\">\n\t\t\t\t\t\t\t<div class=\"elementor-shortcode\">\n<div class=\"wpcf7 no-js\" id=\"wpcf7-f12521-o1\" lang=\"cs-CZ\" dir=\"ltr\" data-wpcf7-id=\"12521\">\n<div class=\"screen-reader-response\"><p role=\"status\" aria-live=\"polite\" aria-atomic=\"true\"><\/p> <ul><\/ul><\/div>\n<form action=\"\/cs\/wp-json\/wp\/v2\/pages\/9256#wpcf7-f12521-o1\" method=\"post\" class=\"wpcf7-form init\" aria-label=\"Kontaktn\u00ed formul\u00e1\u0159\" novalidate=\"novalidate\" data-status=\"init\">\n<fieldset class=\"hidden-fields-container\"><input type=\"hidden\" name=\"_wpcf7\" value=\"12521\" \/><input type=\"hidden\" name=\"_wpcf7_version\" value=\"6.1.3\" \/><input type=\"hidden\" name=\"_wpcf7_locale\" value=\"cs_CZ\" \/><input type=\"hidden\" name=\"_wpcf7_unit_tag\" value=\"wpcf7-f12521-o1\" \/><input type=\"hidden\" name=\"_wpcf7_container_post\" value=\"0\" \/><input type=\"hidden\" name=\"_wpcf7_posted_data_hash\" value=\"\" \/><input type=\"hidden\" name=\"_wpcf7_recaptcha_response\" value=\"\" \/>\n<\/fieldset>\n<div class=\"elementor-column-gap-extended\">\n<div class=\"elementor-row\">\n<div class=\"elementor-column elementor-col-50\">\n<div class=\"elementor-column-wrap elementor-element-populated\">\n    <span class=\"wpcf7-form-control-wrap\" data-name=\"your-name\"><input size=\"40\" maxlength=\"400\" class=\"wpcf7-form-control wpcf7-text wpcf7-validates-as-required\" aria-required=\"true\" aria-invalid=\"false\" placeholder=\"Zadejte jm\u00e9no\" value=\"\" type=\"text\" name=\"your-name\" \/><\/span>\n<\/div>\n<\/div>\n<div class=\"elementor-column elementor-col-50\">\n<div class=\"elementor-column-wrap elementor-element-populated\">\n    <span class=\"wpcf7-form-control-wrap\" data-name=\"your-email\"><input size=\"40\" maxlength=\"400\" class=\"wpcf7-form-control wpcf7-email wpcf7-validates-as-required wpcf7-text wpcf7-validates-as-email\" aria-required=\"true\" aria-invalid=\"false\" placeholder=\"Zadejte e-mail\" value=\"\" type=\"email\" name=\"your-email\" \/><\/span> \n<\/div>\n<\/div>\n<\/div>\n<\/div>\n<div class=\"elementor-column-gap-extended\">\n<div class=\"elementor-row\">\n<div class=\"elementor-column elementor-col-100\">\n<div class=\"elementor-column-wrap elementor-element-populated\">\n    <span class=\"wpcf7-form-control-wrap\" data-name=\"your-message\"><textarea cols=\"40\" rows=\"10\" maxlength=\"2000\" class=\"wpcf7-form-control wpcf7-textarea\" aria-invalid=\"false\" placeholder=\"Va\u0161e zpr\u00e1va\" name=\"your-message\"><\/textarea><\/span> \n<\/div>\n<\/div>\n<\/div>\n<\/div>\n<div class=\"text\"><span class=\"wpcf7-form-control-wrap\" data-name=\"acceptance-486\"><span class=\"wpcf7-form-control wpcf7-acceptance\"><span class=\"wpcf7-list-item\"><label><input type=\"checkbox\" name=\"acceptance-486\" value=\"1\" aria-invalid=\"false\" \/><span class=\"wpcf7-list-item-label\">Souhlas\u00edm se zpracov\u00e1n\u00edm osobn\u00edch \u00fadaj\u016f.<\/span><\/label><\/span><\/span><\/span><\/div>\n<div class=\"text\">\n<input class=\"wpcf7-form-control wpcf7-submit has-spinner\" type=\"submit\" value=\"Odeslat\" \/>\n<\/div><div class=\"wpcf7-response-output\" aria-hidden=\"true\"><\/div>\n<\/form>\n<\/div>\n<\/div>\n\t\t\t\t\t\t<\/div>\n\t\t\t\t<\/div>\n\t\t\t\t\t<\/div>\n\t\t<\/div>\n\t\t\t\t<div class=\"elementor-column elementor-col-16 elementor-top-column elementor-element elementor-element-9e9283b sc_inner_width_none sc_layouts_column_icons_position_left\" data-id=\"9e9283b\" data-element_type=\"column\">\n\t\t\t<div class=\"elementor-widget-wrap\">\n\t\t\t\t\t\t\t<\/div>\n\t\t<\/div>\n\t\t\t\t\t<\/div>\n\t\t<\/section>\n\t\t\t\t<section class=\"elementor-section elementor-top-section elementor-element elementor-element-93d3777 elementor-section-stretched elementor-section-full_width elementor-section-height-default elementor-section-height-default\" data-id=\"93d3777\" data-element_type=\"section\" data-settings=\"{&quot;stretch_section&quot;:&quot;section-stretched&quot;}\">\n\t\t\t\t\t\t<div class=\"elementor-container elementor-column-gap-no\">\n\t\t\t\t\t<div class=\"elementor-column elementor-col-100 elementor-top-column elementor-element elementor-element-a07927d sc_inner_width_none sc_layouts_column_icons_position_left\" data-id=\"a07927d\" data-element_type=\"column\">\n\t\t\t<div class=\"elementor-widget-wrap elementor-element-populated\">\n\t\t\t\t\t\t<div class=\"elementor-element elementor-element-bea49d1 sc_fly_static elementor-widget elementor-widget-trx_sc_googlemap\" data-id=\"bea49d1\" data-element_type=\"widget\" data-widget_type=\"trx_sc_googlemap.default\">\n\t\t\t\t<div class=\"elementor-widget-container\">\n\t\t\t\t\t<div id=\"trx_sc_googlemap_1062643623_wrap\" class=\"sc_googlemap_wrap\"><div id=\"trx_sc_googlemap_1062643623\"\r\n\t\t\tclass=\"sc_googlemap sc_googlemap_default trx_addons_inline_353652604\"\r\n\t\t\t\t\t\tdata-zoom=\"16\"\r\n\t\t\tdata-center=\"\"\r\n\t\t\tdata-style=\"dark\"\r\n\t\t\tdata-cluster-icon=\"http:\/\/aquacity.sk\/wp-content\/uploads\/2020\/04\/map-marker.png\"\r\n\t\t\t><iframe\r\n\t\t\t\t\t\tsrc=\"https:\/\/maps.google.com\/maps?t=m&output=embed&iwloc=near&z=16&q=AquaCity+Poprad\"\r\n\t\t\t\t\t\taria-label=\"One\"><\/iframe><\/div><\/div><!-- \/.sc_googlemap_wrap -->\t\t\t\t<\/div>\n\t\t\t\t<\/div>\n\t\t\t\t\t<\/div>\n\t\t<\/div>\n\t\t\t\t\t<\/div>\n\t\t<\/section>\n\t\t\t\t<\/div>\n\t\t","protected":false},"excerpt":{"rendered":"<p>AquaCity Poprad\u0160portov\u00e1 1397\/1Poprad 058 01 &#038;nbspwww.aquacity.skshop.aquacity.skwww.aquacityhotel.skAquapark&hellip;<\/p>\n","protected":false},"author":2,"featured_media":18118,"parent":0,"menu_order":0,"comment_status":"closed","ping_status":"closed","template":"","meta":{"footnotes":""},"class_list":["post-9256","page","type-page","status-publish","has-post-thumbnail","hentry"],"_links":{"self":[{"href":"https:\/\/aquacity.sk\/cs\/wp-json\/wp\/v2\/pages\/9256","targetHints":{"allow":["GET"]}}],"collection":[{"href":"https:\/\/aquacity.sk\/cs\/wp-json\/wp\/v2\/pages"}],"about":[{"href":"https:\/\/aquacity.sk\/cs\/wp-json\/wp\/v2\/types\/page"}],"author":[{"embeddable":true,"href":"https:\/\/aquacity.sk\/cs\/wp-json\/wp\/v2\/users\/2"}],"replies":[{"embeddable":true,"href":"https:\/\/aquacity.sk\/cs\/wp-json\/wp\/v2\/comments?post=9256"}],"version-history":[{"count":73,"href":"https:\/\/aquacity.sk\/cs\/wp-json\/wp\/v2\/pages\/9256\/revisions"}],"predecessor-version":[{"id":23967,"href":"https:\/\/aquacity.sk\/cs\/wp-json\/wp\/v2\/pages\/9256\/revisions\/23967"}],"wp:featuredmedia":[{"embeddable":true,"href":"https:\/\/aquacity.sk\/cs\/wp-json\/wp\/v2\/media\/18118"}],"wp:attachment":[{"href":"https:\/\/aquacity.sk\/cs\/wp-json\/wp\/v2\/media?parent=9256"}],"curies":[{"name":"wp","href":"https:\/\/api.w.org\/{rel}","templated":true}]}}