{"id":8963,"date":"2022-01-31T10:01:13","date_gmt":"2022-01-31T09:01:13","guid":{"rendered":"https:\/\/new.aquacity.sk\/kurzy-plavania\/"},"modified":"2022-07-06T18:38:28","modified_gmt":"2022-07-06T16:38:28","slug":"kurzy-plavani","status":"publish","type":"page","link":"https:\/\/aquacity.sk\/cs\/kurzy-plavani\/","title":{"rendered":"Kurzy plav\u00e1n\u00ed"},"content":{"rendered":"\t\t<div data-elementor-type=\"wp-post\" data-elementor-id=\"8963\" class=\"elementor elementor-8963 elementor-3723\">\n\t\t\t\t\t\t<section class=\"elementor-section elementor-top-section elementor-element elementor-element-a0ad9b8 elementor-section-stretched elementor-section-boxed elementor-section-height-default elementor-section-height-default\" data-id=\"a0ad9b8\" data-element_type=\"section\" data-settings=\"{&quot;stretch_section&quot;:&quot;section-stretched&quot;,&quot;background_background&quot;:&quot;classic&quot;}\">\n\t\t\t\t\t\t<div class=\"elementor-container elementor-column-gap-extended\">\n\t\t\t\t\t<div class=\"elementor-column elementor-col-100 elementor-top-column elementor-element elementor-element-0b7d05d sc_inner_width_none sc_layouts_column_icons_position_left\" data-id=\"0b7d05d\" data-element_type=\"column\">\n\t\t\t<div class=\"elementor-widget-wrap elementor-element-populated\">\n\t\t\t\t\t\t\t<\/div>\n\t\t<\/div>\n\t\t\t\t\t<\/div>\n\t\t<\/section>\n\t\t\t\t<\/div>\n\t\t","protected":false},"excerpt":{"rendered":"<p>AQUAP- plaveck\u00fd klub Edit Nejv\u011bt\u0161\u00ed plaveck\u00fd&hellip;<\/p>\n","protected":false},"author":2,"featured_media":7063,"parent":0,"menu_order":0,"comment_status":"closed","ping_status":"closed","template":"","meta":{"footnotes":""},"class_list":["post-8963","page","type-page","status-publish","has-post-thumbnail","hentry"],"_links":{"self":[{"href":"https:\/\/aquacity.sk\/cs\/wp-json\/wp\/v2\/pages\/8963","targetHints":{"allow":["GET"]}}],"collection":[{"href":"https:\/\/aquacity.sk\/cs\/wp-json\/wp\/v2\/pages"}],"about":[{"href":"https:\/\/aquacity.sk\/cs\/wp-json\/wp\/v2\/types\/page"}],"author":[{"embeddable":true,"href":"https:\/\/aquacity.sk\/cs\/wp-json\/wp\/v2\/users\/2"}],"replies":[{"embeddable":true,"href":"https:\/\/aquacity.sk\/cs\/wp-json\/wp\/v2\/comments?post=8963"}],"version-history":[{"count":9,"href":"https:\/\/aquacity.sk\/cs\/wp-json\/wp\/v2\/pages\/8963\/revisions"}],"predecessor-version":[{"id":12587,"href":"https:\/\/aquacity.sk\/cs\/wp-json\/wp\/v2\/pages\/8963\/revisions\/12587"}],"wp:featuredmedia":[{"embeddable":true,"href":"https:\/\/aquacity.sk\/cs\/wp-json\/wp\/v2\/media\/7063"}],"wp:attachment":[{"href":"https:\/\/aquacity.sk\/cs\/wp-json\/wp\/v2\/media?parent=8963"}],"curies":[{"name":"wp","href":"https:\/\/api.w.org\/{rel}","templated":true}]}}