{"id":8934,"date":"2022-01-31T09:29:15","date_gmt":"2022-01-31T08:29:15","guid":{"rendered":"https:\/\/new.aquacity.sk\/bazeny\/"},"modified":"2025-10-01T09:33:35","modified_gmt":"2025-10-01T07:33:35","slug":"bazeny","status":"publish","type":"page","link":"https:\/\/aquacity.sk\/cs\/bazeny\/","title":{"rendered":"Baz\u00e9ny"},"content":{"rendered":"\t\t<div data-elementor-type=\"wp-post\" data-elementor-id=\"8934\" class=\"elementor elementor-8934 elementor-3698\">\n\t\t\t\t\t\t<section class=\"elementor-section elementor-top-section elementor-element elementor-element-4864fdd elementor-section-boxed elementor-section-height-default elementor-section-height-default\" data-id=\"4864fdd\" data-element_type=\"section\">\n\t\t\t\t\t\t<div class=\"elementor-container elementor-column-gap-extended\">\n\t\t\t\t\t<div class=\"elementor-column elementor-col-100 elementor-top-column elementor-element elementor-element-1044537 sc_inner_width_none sc_layouts_column_icons_position_left\" data-id=\"1044537\" data-element_type=\"column\">\n\t\t\t<div class=\"elementor-widget-wrap elementor-element-populated\">\n\t\t\t\t\t\t<div class=\"elementor-element elementor-element-8152e1c sc_fly_static elementor-widget elementor-widget-spacer\" data-id=\"8152e1c\" data-element_type=\"widget\" data-widget_type=\"spacer.default\">\n\t\t\t\t<div class=\"elementor-widget-container\">\n\t\t\t\t\t\t\t<div class=\"elementor-spacer\">\n\t\t\t<div class=\"elementor-spacer-inner\"><\/div>\n\t\t<\/div>\n\t\t\t\t\t\t<\/div>\n\t\t\t\t<\/div>\n\t\t\t\t<div class=\"elementor-element elementor-element-a9c047e sc_fly_static elementor-widget elementor-widget-text-editor\" data-id=\"a9c047e\" data-element_type=\"widget\" data-widget_type=\"text-editor.default\">\n\t\t\t\t<div class=\"elementor-widget-container\">\n\t\t\t\t\t\t\t\t\t<div class=\"n4sEPd\"><div class=\"QFw9Te BLojaf\"><div id=\"ow17\" class=\"NQSJo\"><span class=\"jCAhz\" style=\"font-size: 1rem; letter-spacing: 0.38px;\"><span class=\"ryNqvb\">AquaCity Poprad je sv\u011btem z\u00e1bavy, relaxu a odpo\u010dinku.<\/span><\/span> <strong><span class=\"jCAhz\" style=\"font-size: 1rem; letter-spacing: 0.38px;\"><span class=\"ryNqvb\">Sou\u010d\u00e1st\u00ed Aquaparku je 13 venkovn\u00edch a vnit\u0159n\u00edch baz\u00e9n\u016f s term\u00e1ln\u00ed vodou o teplot\u011b 28\u00b0C \u2013 38\u00b0C, tobog\u00e1ny a v\u00edce ne\u017e 350 vodn\u00edch atrakc\u00ed.<\/span><\/span><\/strong> <span class=\"jCAhz\" style=\"font-size: 1rem; letter-spacing: 0.38px;\"><span class=\"ryNqvb\">Voda v AquaCity poch\u00e1z\u00ed z p\u0159\u00edrodn\u00edho podzemn\u00edho zdroje a p\u0159iv\u00e1d\u00ed se do are\u00e1lu.<\/span><\/span> <span class=\"jCAhz ChMk0b\" style=\"font-size: 1rem; letter-spacing: 0.38px;\"><span class=\"ryNqvb\">Technologick\u00fdm procesem se z teploty 50\u00b0C ochlazuje na 36 a\u017e 38\u00b0C.<\/span><\/span> <span class=\"jCAhz ChMk0b\" style=\"font-size: 1rem; letter-spacing: 0.38px;\"><span class=\"ryNqvb\">Baz\u00e9ny maj\u00ed nerezov\u00fd povrch, aby se minimalizovala pot\u0159eba pou\u017e\u00edv\u00e1n\u00ed chl\u00f3ru.<\/span><\/span> <span class=\"jCAhz ChMk0b\" style=\"font-size: 1rem; letter-spacing: 0.38px;\"><span class=\"ryNqvb\">K jej\u00ed dezinfekci se vyu\u017e\u00edv\u00e1 UV z\u00e1\u0159en\u00ed, \u010d\u00edm\u017e je \u0161etrn\u00e1 k poko\u017ece ik o\u010d\u00edm.<\/span><\/span> <strong><span class=\"jCAhz ChMk0b\" style=\"font-size: 1rem; letter-spacing: 0.38px;\"><span class=\"ryNqvb\">Voda v term\u00e1ln\u00edch baz\u00e9nech pramen\u00ed z hloubky 1300 ma obsahuje v\u00edce ne\u017e 20 r\u016fzn\u00fdch miner\u00e1l\u016f p\u0159\u00edzniv\u011b p\u016fsob\u00edc\u00edch na zdrav\u00ed \u010dlov\u011bka.<\/span><\/span><\/strong> <span class=\"jCAhz ChMk0b\" style=\"font-size: 1rem; letter-spacing: 0.38px;\"><span class=\"ryNqvb\">Pom\u00e1h\u00e1 p\u0159i probl\u00e9mech s pohybov\u00fdm a d\u00fdchac\u00edm \u00fastroj\u00edm, krevn\u00edmu ob\u011bhu, nervov\u00e9 soustav\u011b a m\u00e1 tak\u00e9 p\u0159\u00edzniv\u00e9 kosmetick\u00e9 \u00fa\u010dinky.<\/span><\/span><\/div><\/div><\/div>\t\t\t\t\t\t\t\t<\/div>\n\t\t\t\t<\/div>\n\t\t\t\t\t<\/div>\n\t\t<\/div>\n\t\t\t\t\t<\/div>\n\t\t<\/section>\n\t\t\t\t<section class=\"elementor-section elementor-top-section elementor-element elementor-element-ea3735a elementor-section-stretched elementor-section-boxed elementor-section-height-default elementor-section-height-default\" data-id=\"ea3735a\" data-element_type=\"section\" data-settings=\"{&quot;stretch_section&quot;:&quot;section-stretched&quot;,&quot;background_background&quot;:&quot;classic&quot;}\">\n\t\t\t\t\t\t<div class=\"elementor-container elementor-column-gap-extended\">\n\t\t\t\t\t<div class=\"elementor-column elementor-col-100 elementor-top-column elementor-element elementor-element-6f780ea sc_inner_width_none sc_layouts_column_icons_position_left\" data-id=\"6f780ea\" data-element_type=\"column\">\n\t\t\t<div class=\"elementor-widget-wrap elementor-element-populated\">\n\t\t\t\t\t\t<div class=\"elementor-element elementor-element-be8a2b0 sc_fly_static elementor-widget elementor-widget-heading\" data-id=\"be8a2b0\" data-element_type=\"widget\" data-widget_type=\"heading.default\">\n\t\t\t\t<div class=\"elementor-widget-container\">\n\t\t\t\t\t<h2 class=\"elementor-heading-title elementor-size-default\">Term\u00e1lne baz\u00e9ny<\/h2>\t\t\t\t<\/div>\n\t\t\t\t<\/div>\n\t\t\t\t\t<\/div>\n\t\t<\/div>\n\t\t\t\t\t<\/div>\n\t\t<\/section>\n\t\t\t\t<section class=\"elementor-section elementor-top-section elementor-element elementor-element-4b351a7 elementor-section-stretched elementor-section-boxed elementor-section-height-default elementor-section-height-default\" data-id=\"4b351a7\" data-element_type=\"section\" data-settings=\"{&quot;stretch_section&quot;:&quot;section-stretched&quot;,&quot;background_background&quot;:&quot;classic&quot;}\">\n\t\t\t\t\t\t<div class=\"elementor-container elementor-column-gap-extended\">\n\t\t\t\t\t<div class=\"elementor-column elementor-col-100 elementor-top-column elementor-element elementor-element-5146909 sc_inner_width_none sc_layouts_column_icons_position_left\" data-id=\"5146909\" data-element_type=\"column\">\n\t\t\t<div class=\"elementor-widget-wrap elementor-element-populated\">\n\t\t\t\t\t\t<div class=\"elementor-element elementor-element-fa329af sc_fly_static elementor-widget elementor-widget-heading\" data-id=\"fa329af\" data-element_type=\"widget\" data-widget_type=\"heading.default\">\n\t\t\t\t<div class=\"elementor-widget-container\">\n\t\t\t\t\t<h2 class=\"elementor-heading-title elementor-size-default\">Plaveck\u00e9 baz\u00e9ny<\/h2>\t\t\t\t<\/div>\n\t\t\t\t<\/div>\n\t\t\t\t\t<\/div>\n\t\t<\/div>\n\t\t\t\t\t<\/div>\n\t\t<\/section>\n\t\t\t\t<section class=\"elementor-section elementor-top-section elementor-element elementor-element-aec2701 elementor-section-stretched elementor-section-boxed elementor-section-height-default elementor-section-height-default\" data-id=\"aec2701\" data-element_type=\"section\" data-settings=\"{&quot;stretch_section&quot;:&quot;section-stretched&quot;,&quot;background_background&quot;:&quot;classic&quot;}\">\n\t\t\t\t\t\t<div class=\"elementor-container elementor-column-gap-extended\">\n\t\t\t\t\t<div class=\"elementor-column elementor-col-100 elementor-top-column elementor-element elementor-element-1d5cd1c sc_inner_width_none sc_layouts_column_icons_position_left\" data-id=\"1d5cd1c\" data-element_type=\"column\">\n\t\t\t<div class=\"elementor-widget-wrap elementor-element-populated\">\n\t\t\t\t\t\t<div class=\"elementor-element elementor-element-4dc81e6 sc_fly_static elementor-widget elementor-widget-heading\" data-id=\"4dc81e6\" data-element_type=\"widget\" data-widget_type=\"heading.default\">\n\t\t\t\t<div class=\"elementor-widget-container\">\n\t\t\t\t\t<h2 class=\"elementor-heading-title elementor-size-default\">Letn\u00e9 baz\u00e9ny<\/h2>\t\t\t\t<\/div>\n\t\t\t\t<\/div>\n\t\t\t\t\t<\/div>\n\t\t<\/div>\n\t\t\t\t\t<\/div>\n\t\t<\/section>\n\t\t\t\t<section class=\"elementor-section elementor-top-section elementor-element elementor-element-4afbb2c9 creanet-link-icons elementor-section-boxed elementor-section-height-default elementor-section-height-default\" data-id=\"4afbb2c9\" data-element_type=\"section\">\n\t\t\t\t\t\t<div class=\"elementor-container elementor-column-gap-extended\">\n\t\t\t\t\t<div class=\"elementor-column elementor-col-100 elementor-top-column elementor-element elementor-element-6f9820ad sc_inner_width_none sc_layouts_column_icons_position_left\" data-id=\"6f9820ad\" data-element_type=\"column\">\n\t\t\t<div class=\"elementor-widget-wrap elementor-element-populated\">\n\t\t\t\t\t\t<div class=\"elementor-element elementor-element-64c8e4d9 sc_fly_static elementor-widget elementor-widget-spacer\" data-id=\"64c8e4d9\" data-element_type=\"widget\" data-widget_type=\"spacer.default\">\n\t\t\t\t<div class=\"elementor-widget-container\">\n\t\t\t\t\t\t\t<div class=\"elementor-spacer\">\n\t\t\t<div class=\"elementor-spacer-inner\"><\/div>\n\t\t<\/div>\n\t\t\t\t\t\t<\/div>\n\t\t\t\t<\/div>\n\t\t\t\t<div class=\"elementor-element elementor-element-7162155d sc_fly_static elementor-widget elementor-widget-trx_sc_icons\" data-id=\"7162155d\" data-element_type=\"widget\" data-widget_type=\"trx_sc_icons.default\">\n\t\t\t\t<div class=\"elementor-widget-container\">\n\t\t\t\t\t<div id=\"trx_sc_icons_1994647369\" \r\n\tclass=\"sc_icons sc_icons_default sc_icons_size_small sc_align_none\"><div class=\"sc_icons_columns_wrap sc_item_columns trx_addons_columns_wrap columns_padding_bottom\"><div class=\"trx_addons_column-1_3\"><div class=\"sc_icons_item sc_icons_item_linked\"><div class=\"sc_icons_icon sc_icon_type_ icon-euro\"><span class=\"sc_icon_type_ icon-euro\"><\/span><\/div><div class=\"sc_icons_item_details\"><h4 class=\"sc_icons_item_title\"><span>Cenn\u00edk<\/span><\/h4><a href=\"https:\/\/aquacity.sk\/aquapark-cennik\/\"\r\n\t\t\t\t\t\tclass=\"sc_icons_item_link\" target=\"_blank\"><\/a><\/div><\/div><\/div><div class=\"trx_addons_column-1_3\"><div class=\"sc_icons_item sc_icons_item_linked\"><div class=\"sc_icons_icon sc_icon_type_ icon-clock-empty\"><span class=\"sc_icon_type_ icon-clock-empty\"><\/span><\/div><div class=\"sc_icons_item_details\"><h4 class=\"sc_icons_item_title\"><span>Otv\u00e1racie hodiny<\/span><\/h4><a href=\"https:\/\/aquacity.sk\/otvaracie-hodiny\/\"\r\n\t\t\t\t\t\tclass=\"sc_icons_item_link\" target=\"_blank\"><\/a><\/div><\/div><\/div><div class=\"trx_addons_column-1_3\"><div class=\"sc_icons_item sc_icons_item_linked\"><div class=\"sc_icons_icon sc_icon_type_ icon-cart-2\"><span class=\"sc_icon_type_ icon-cart-2\"><\/span><\/div><div class=\"sc_icons_item_details\"><h4 class=\"sc_icons_item_title\"><span>Online n\u00e1kup<\/span><\/h4><a href=\"https:\/\/shop.aquacity.sk\/\"\r\n\t\t\t\t\t\tclass=\"sc_icons_item_link\" target=\"_blank\"><\/a><\/div><\/div><\/div><\/div><\/div><!-- \/.sc_icons -->\t\t\t\t<\/div>\n\t\t\t\t<\/div>\n\t\t\t\t\t<\/div>\n\t\t<\/div>\n\t\t\t\t\t<\/div>\n\t\t<\/section>\n\t\t\t\t<\/div>\n\t\t","protected":false},"excerpt":{"rendered":"<p>AquaCity Poprad je sv\u011btem z\u00e1bavy, relaxu&hellip;<\/p>\n","protected":false},"author":2,"featured_media":19810,"parent":0,"menu_order":0,"comment_status":"closed","ping_status":"closed","template":"","meta":{"footnotes":""},"class_list":["post-8934","page","type-page","status-publish","has-post-thumbnail","hentry"],"_links":{"self":[{"href":"https:\/\/aquacity.sk\/cs\/wp-json\/wp\/v2\/pages\/8934","targetHints":{"allow":["GET"]}}],"collection":[{"href":"https:\/\/aquacity.sk\/cs\/wp-json\/wp\/v2\/pages"}],"about":[{"href":"https:\/\/aquacity.sk\/cs\/wp-json\/wp\/v2\/types\/page"}],"author":[{"embeddable":true,"href":"https:\/\/aquacity.sk\/cs\/wp-json\/wp\/v2\/users\/2"}],"replies":[{"embeddable":true,"href":"https:\/\/aquacity.sk\/cs\/wp-json\/wp\/v2\/comments?post=8934"}],"version-history":[{"count":26,"href":"https:\/\/aquacity.sk\/cs\/wp-json\/wp\/v2\/pages\/8934\/revisions"}],"predecessor-version":[{"id":26148,"href":"https:\/\/aquacity.sk\/cs\/wp-json\/wp\/v2\/pages\/8934\/revisions\/26148"}],"wp:featuredmedia":[{"embeddable":true,"href":"https:\/\/aquacity.sk\/cs\/wp-json\/wp\/v2\/media\/19810"}],"wp:attachment":[{"href":"https:\/\/aquacity.sk\/cs\/wp-json\/wp\/v2\/media?parent=8934"}],"curies":[{"name":"wp","href":"https:\/\/api.w.org\/{rel}","templated":true}]}}