{"id":8929,"date":"2022-01-31T10:12:15","date_gmt":"2022-01-31T09:12:15","guid":{"rendered":"https:\/\/new.aquacity.sk\/obchody\/"},"modified":"2022-06-30T05:41:26","modified_gmt":"2022-06-30T03:41:26","slug":"obchody","status":"publish","type":"page","link":"https:\/\/aquacity.sk\/cs\/obchody\/","title":{"rendered":"Obchody"},"content":{"rendered":"\t\t<div data-elementor-type=\"wp-post\" data-elementor-id=\"8929\" class=\"elementor elementor-8929 elementor-3739\">\n\t\t\t\t\t\t<section class=\"elementor-section elementor-top-section elementor-element elementor-element-5a001be8 elementor-section-boxed elementor-section-height-default elementor-section-height-default\" data-id=\"5a001be8\" data-element_type=\"section\">\n\t\t\t\t\t\t<div class=\"elementor-container elementor-column-gap-extended\">\n\t\t\t\t\t<div class=\"elementor-column elementor-col-100 elementor-top-column elementor-element elementor-element-6d7b9e99 sc_inner_width_none sc_layouts_column_icons_position_left\" data-id=\"6d7b9e99\" data-element_type=\"column\">\n\t\t\t<div class=\"elementor-widget-wrap elementor-element-populated\">\n\t\t\t\t\t\t<div class=\"elementor-element elementor-element-75e6afd sc_fly_static elementor-widget elementor-widget-spacer\" data-id=\"75e6afd\" data-element_type=\"widget\" data-widget_type=\"spacer.default\">\n\t\t\t\t<div class=\"elementor-widget-container\">\n\t\t\t\t\t\t\t<div class=\"elementor-spacer\">\n\t\t\t<div class=\"elementor-spacer-inner\"><\/div>\n\t\t<\/div>\n\t\t\t\t\t\t<\/div>\n\t\t\t\t<\/div>\n\t\t\t\t<div class=\"elementor-element elementor-element-55f6851d sc_fly_static elementor-widget elementor-widget-text-editor\" data-id=\"55f6851d\" data-element_type=\"widget\" data-widget_type=\"text-editor.default\">\n\t\t\t\t<div class=\"elementor-widget-container\">\n\t\t\t\t\t\t\t\t\t<p><strong>SPORTOVN\u00cd OBCHOD \u2013 COQUI<\/strong><\/p><p>Zn\u00e1te ten pocit? Nat\u011b\u0161en\u00ed vstoup\u00edte do aquaparku a najednou zjist\u00edte, \u017ee plavky, br\u00fdle, opalovac\u00ed kr\u00e9m \u010di hra\u010dky pro d\u011bti do vody z\u016fstaly doma. Nezoufejte. U n\u00e1s si hned u pokladny ve sportovn\u00edm obchod\u011b COQUI m\u016f\u017eete zakoupit jak\u00e9koli plaveck\u00e9 pom\u016fcky. Pohodl\u00ed m\u016f\u017eete dop\u0159\u00e1t tak\u00e9 sv\u00fdm noh\u00e1m. V nab\u00eddce jsou tak\u00e9 pantofle pro mu\u017ee, \u017eeny i d\u011bti.<\/p><p><strong>AQUA SHOP<\/strong><br \/>Nechcete odej\u00edt z akvaparku s pr\u00e1zdn\u00fdma rukama. Pot\u011b\u0161te sv\u00fdm nejbli\u017e\u0161\u00edm d\u00e1rkov\u00fdmi p\u0159edm\u011bty a suven\u00fdry z na\u0161\u00ed nab\u00eddky. D\u00edky obchodu na pokladn\u00e1ch si s sebou m\u016f\u017eete vz\u00edt kosmetiku, ru\u010dn\u00edky, osu\u0161ky a jin\u00e9.<\/p>\t\t\t\t\t\t\t\t<\/div>\n\t\t\t\t<\/div>\n\t\t\t\t\t<\/div>\n\t\t<\/div>\n\t\t\t\t\t<\/div>\n\t\t<\/section>\n\t\t\t\t<\/div>\n\t\t","protected":false},"excerpt":{"rendered":"<p>SPORTOVN\u00cd OBCHOD \u2013 COQUI Zn\u00e1te ten&hellip;<\/p>\n","protected":false},"author":2,"featured_media":17763,"parent":0,"menu_order":0,"comment_status":"closed","ping_status":"closed","template":"","meta":{"footnotes":""},"class_list":["post-8929","page","type-page","status-publish","has-post-thumbnail","hentry"],"_links":{"self":[{"href":"https:\/\/aquacity.sk\/cs\/wp-json\/wp\/v2\/pages\/8929","targetHints":{"allow":["GET"]}}],"collection":[{"href":"https:\/\/aquacity.sk\/cs\/wp-json\/wp\/v2\/pages"}],"about":[{"href":"https:\/\/aquacity.sk\/cs\/wp-json\/wp\/v2\/types\/page"}],"author":[{"embeddable":true,"href":"https:\/\/aquacity.sk\/cs\/wp-json\/wp\/v2\/users\/2"}],"replies":[{"embeddable":true,"href":"https:\/\/aquacity.sk\/cs\/wp-json\/wp\/v2\/comments?post=8929"}],"version-history":[{"count":10,"href":"https:\/\/aquacity.sk\/cs\/wp-json\/wp\/v2\/pages\/8929\/revisions"}],"predecessor-version":[{"id":11336,"href":"https:\/\/aquacity.sk\/cs\/wp-json\/wp\/v2\/pages\/8929\/revisions\/11336"}],"wp:featuredmedia":[{"embeddable":true,"href":"https:\/\/aquacity.sk\/cs\/wp-json\/wp\/v2\/media\/17763"}],"wp:attachment":[{"href":"https:\/\/aquacity.sk\/cs\/wp-json\/wp\/v2\/media?parent=8929"}],"curies":[{"name":"wp","href":"https:\/\/api.w.org\/{rel}","templated":true}]}}