{"id":8915,"date":"2022-01-31T10:11:22","date_gmt":"2022-01-31T09:11:22","guid":{"rendered":"https:\/\/new.aquacity.sk\/restauracie\/"},"modified":"2025-12-05T06:36:39","modified_gmt":"2025-12-05T05:36:39","slug":"restaurace","status":"publish","type":"page","link":"https:\/\/aquacity.sk\/cs\/restaurace\/","title":{"rendered":"Restaurace"},"content":{"rendered":"\t\t<div data-elementor-type=\"wp-post\" data-elementor-id=\"8915\" class=\"elementor elementor-8915 elementor-3735\">\n\t\t\t\t\t\t<section class=\"elementor-section elementor-top-section elementor-element elementor-element-be65726 elementor-section-boxed elementor-section-height-default elementor-section-height-default\" data-id=\"be65726\" data-element_type=\"section\">\n\t\t\t\t\t\t<div class=\"elementor-container elementor-column-gap-extended\">\n\t\t\t\t\t<div class=\"elementor-column elementor-col-100 elementor-top-column elementor-element elementor-element-f62a3c9 sc_inner_width_none sc_layouts_column_icons_position_left\" data-id=\"f62a3c9\" data-element_type=\"column\">\n\t\t\t<div class=\"elementor-widget-wrap elementor-element-populated\">\n\t\t\t\t\t\t<div class=\"elementor-element elementor-element-432ebe1 sc_fly_static elementor-widget elementor-widget-trx_sc_promo\" data-id=\"432ebe1\" data-element_type=\"widget\" data-widget_type=\"trx_sc_promo.default\">\n\t\t\t\t<div class=\"elementor-widget-container\">\n\t\t\t\t\t<div  id=\"trx_sc_promo_1878019949\" \n\tclass=\"sc_promo sc_promo_default sc_promo_size_normal sc_promo_image_position_left sc_promo_text_bg\"><div class=\"sc_promo_image\" style=\"width:50%;left: 0;\"><div class=\"slider_outer slider_swiper_outer slider_style_default slider_outer_direction_horizontal slider_outer_one slider_outer_pagination slider_outer_pagination_bullets slider_outer_pagination_pos_bottom slider_outer_controls slider_outer_controls_side slider_outer_nocentered slider_outer_overflow_hidden slider_outer_notitles\"><div class=\"slider_container slider_swiper swiper-slider-container slider_controls slider_controls_side slider_nocentered slider_overflow_hidden slider_notitles slider_noresize slider_swipe slider_height_auto slider_direction_horizontal slider_pagination slider_pagination_bullets slider_pagination_pos_bottom slider_one slider_type_bg\" data-ratio=\"16:9\" data-interval=\"8863\" data-effect=\"slide\" data-pagination=\"bullets\" data-direction=\"horizontal\" data-slides-per-view=\"1\" data-slides-space=\"0\" data-slides-centered=\"0\" data-slides-overflow=\"0\" data-mouse-wheel=\"0\" data-autoplay=\"1\" data-slides-min-width=\"150\"><div class=\"slider-wrapper swiper-wrapper\"><div  class=\"slider-slide swiper-slide\" data-image=\"\/\/aquacity.sk\/wp-content\/uploads\/2025\/05\/BAR_A_RESTAURACIA_09_web.jpeg\" style=\"background-image:url(\/\/aquacity.sk\/wp-content\/uploads\/2025\/05\/BAR_A_RESTAURACIA_09_web.jpeg);\"><\/div><div  class=\"slider-slide swiper-slide\" data-image=\"\/\/aquacity.sk\/wp-content\/uploads\/2022\/06\/AquaCity_web_202239.jpg\" style=\"background-image:url(\/\/aquacity.sk\/wp-content\/uploads\/2022\/06\/AquaCity_web_202239.jpg);\"><\/div><\/div><!-- \/.slider-wrapper --><div class=\"slider_pagination_wrap swiper-pagination\"><\/div><div class=\"slider_controls_wrap\"><a class=\"slider_prev swiper-button-prev\" href=\"#\"><\/a><a class=\"slider_next swiper-button-next\" href=\"#\"><\/a><\/div><\/div><!-- \/.slider_container --><\/div><!-- \/.slider_outer --><\/div><!-- \/.sc_promo_image --><div class=\"sc_promo_text\" style=\"width: 50%;float: right;\">\n\t\t\t<div class=\"sc_promo_text_inner trx_addons_inline_56864790\"><h2 class=\"sc_item_title sc_promo_title sc_item_title_style_decoration sc_item_title_tag\"><span class=\"sc_item_title_text\">Restaurace High Tatras<\/span><\/h2><div class=\"sc_item_descr sc_promo_descr\"><p>Restaurace je otev\u0159en\u00e1 pro v\u0161echny \u2013 hotelov\u00e9 hosty, ve\u0159ejnost i n\u00e1v\u0161t\u011bvn\u00edky aquaparku. P\u0159edstavujeme novou nab\u00eddku, kter\u00e1 p\u0159in\u00e1\u0161\u00ed je\u0161t\u011b kvalitn\u011bj\u0161\u00ed j\u00eddla a vy\u0161\u0161\u00ed \u00farove\u0148 servisu. B\u011bhem pracovn\u00edch dn\u016f si m\u016f\u017eete vychutnat Chef\u2019s menu, kter\u00e9 reflektuje aktu\u00e1ln\u00ed gastronomick\u00e9 trendy. K dispozici je tak\u00e9 Snack menu \u2013 ide\u00e1ln\u00ed volba pro leh\u010d\u00ed ob\u011bd nebo rychl\u00e9 ob\u010derstven\u00ed. O v\u00edkendech v\u00e1s zveme na \u00c0 la carte menu s pe\u010dliv\u011b p\u0159ipraven\u00fdmi j\u00eddly, kladouc\u00edmi d\u016fraz na \u010derstvost a precizn\u00ed prezentaci.<\/p>\n<\/div><div id=\"sc_button_1242128133\"\tclass=\"sc_item_button sc_button_wrap sc_item_button sc_item_button_default sc_promo_button\"><a href=\"https:\/\/aquacity.sk\/wp-content\/uploads\/2025\/12\/Vikendove_Menu_2025_web.pdf\" class=\"sc_button sc_button_default sc_button_size_normal sc_button_icon_left\" target=\"_blank\"><span class=\"sc_button_text\"><span class=\"sc_button_title\">V\u00edkendov\u00e9 menu <\/span><\/span><!-- \/.sc_button_text --><\/a><!-- \/.sc_button --><\/div><!-- \/.sc_item_button --><\/div>\n\t\t<\/div><!-- \/.sc_promo_text --><\/div><!-- \/.sc_promo -->\t\t\t\t<\/div>\n\t\t\t\t<\/div>\n\t\t\t\t\t<\/div>\n\t\t<\/div>\n\t\t\t\t\t<\/div>\n\t\t<\/section>\n\t\t\t\t<section class=\"elementor-section elementor-top-section elementor-element elementor-element-114ed42 elementor-section-boxed elementor-section-height-default elementor-section-height-default\" data-id=\"114ed42\" data-element_type=\"section\">\n\t\t\t\t\t\t<div class=\"elementor-container elementor-column-gap-extended\">\n\t\t\t\t\t<div class=\"elementor-column elementor-col-100 elementor-top-column elementor-element elementor-element-0519dc9 sc_inner_width_none sc_layouts_column_icons_position_left\" data-id=\"0519dc9\" data-element_type=\"column\">\n\t\t\t<div class=\"elementor-widget-wrap elementor-element-populated\">\n\t\t\t\t\t\t<div class=\"elementor-element elementor-element-3567340 sc_fly_static elementor-widget elementor-widget-trx_sc_promo\" data-id=\"3567340\" data-element_type=\"widget\" data-widget_type=\"trx_sc_promo.default\">\n\t\t\t\t<div class=\"elementor-widget-container\">\n\t\t\t\t\t<div  id=\"trx_sc_promo_1077208167\" \n\tclass=\"sc_promo sc_promo_default sc_promo_size_normal sc_promo_image_position_left sc_promo_text_bg\"><div class=\"sc_promo_image\" style=\"width:50%;left: 0;\"><div class=\"slider_outer slider_swiper_outer slider_style_default slider_outer_direction_horizontal slider_outer_one slider_outer_pagination slider_outer_pagination_bullets slider_outer_pagination_pos_bottom slider_outer_controls slider_outer_controls_side slider_outer_nocentered slider_outer_overflow_hidden slider_outer_notitles\"><div class=\"slider_container slider_swiper swiper-slider-container slider_controls slider_controls_side slider_nocentered slider_overflow_hidden slider_notitles slider_noresize slider_swipe slider_height_auto slider_direction_horizontal slider_pagination slider_pagination_bullets slider_pagination_pos_bottom slider_one slider_type_bg\" data-ratio=\"16:9\" data-interval=\"8894\" data-effect=\"slide\" data-pagination=\"bullets\" data-direction=\"horizontal\" data-slides-per-view=\"1\" data-slides-space=\"0\" data-slides-centered=\"0\" data-slides-overflow=\"0\" data-mouse-wheel=\"0\" data-autoplay=\"1\" data-slides-min-width=\"150\"><div class=\"slider-wrapper swiper-wrapper\"><div  class=\"slider-slide swiper-slide\" data-image=\"\/\/aquacity.sk\/wp-content\/uploads\/2025\/05\/c-Marek-Hajkovsky-foto-AQUACITY-2022_174_web.jpeg\" style=\"background-image:url(\/\/aquacity.sk\/wp-content\/uploads\/2025\/05\/c-Marek-Hajkovsky-foto-AQUACITY-2022_174_web.jpeg);\"><\/div><div  class=\"slider-slide swiper-slide\" data-image=\"\/\/aquacity.sk\/wp-content\/uploads\/2022\/05\/AquaCity_1920x1080_69.jpg\" style=\"background-image:url(\/\/aquacity.sk\/wp-content\/uploads\/2022\/05\/AquaCity_1920x1080_69.jpg);\"><\/div><\/div><!-- \/.slider-wrapper --><div class=\"slider_pagination_wrap swiper-pagination\"><\/div><div class=\"slider_controls_wrap\"><a class=\"slider_prev swiper-button-prev\" href=\"#\"><\/a><a class=\"slider_next swiper-button-next\" href=\"#\"><\/a><\/div><\/div><!-- \/.slider_container --><\/div><!-- \/.slider_outer --><\/div><!-- \/.sc_promo_image --><div class=\"sc_promo_text\" style=\"width: 50%;float: right;\">\n\t\t\t<div class=\"sc_promo_text_inner trx_addons_inline_63710395\"><h2 class=\"sc_item_title sc_promo_title sc_item_title_style_decoration sc_item_title_tag\"><span class=\"sc_item_title_text\">Restaurace Lighthouse<\/span><\/h2><div class=\"sc_item_descr sc_promo_descr\"><p>Sv\u00e9 chu\u0165ov\u00e9 poh\u00e1rky m\u016f\u017eete pot\u011b\u0161it tak\u00e9 p\u0159\u00edmo v aquaparku. A to ve stylov\u00e9 a modern\u00ed samoobslu\u017en\u00e9 restauraci, kter\u00e1 nab\u00edz\u00ed kvalitn\u00ed a zdrav\u00e1 j\u00eddla a n\u00e1poje, dom\u00e1c\u00ed j\u00eddla, italskou pizzu, dezerty a jin\u00e9. P\u0159i n\u00e1v\u0161t\u011bv\u011b restaurace se budete c\u00edtit p\u0159\u00edmo jako na dovolen\u00e9 u mo\u0159e. Cel\u00e1 je ve stylu p\u0159\u00edmo\u0159sk\u00e9 atmosf\u00e9ry. Symbolem restaurace je maj\u00e1k. Pr\u00e1v\u011b v n\u011bm naleznete vynikaj\u00edc\u00ed sal\u00e1tov\u00fd bar.<\/p>\n<\/div><\/div>\n\t\t<\/div><!-- \/.sc_promo_text --><\/div><!-- \/.sc_promo -->\t\t\t\t<\/div>\n\t\t\t\t<\/div>\n\t\t\t\t\t<\/div>\n\t\t<\/div>\n\t\t\t\t\t<\/div>\n\t\t<\/section>\n\t\t\t\t<section class=\"elementor-section elementor-top-section elementor-element elementor-element-6dbc473 elementor-section-boxed elementor-section-height-default elementor-section-height-default\" data-id=\"6dbc473\" data-element_type=\"section\">\n\t\t\t\t\t\t<div class=\"elementor-container elementor-column-gap-extended\">\n\t\t\t\t\t<div class=\"elementor-column elementor-col-100 elementor-top-column elementor-element elementor-element-14d75f4 sc_inner_width_none sc_layouts_column_icons_position_left\" data-id=\"14d75f4\" data-element_type=\"column\">\n\t\t\t<div class=\"elementor-widget-wrap elementor-element-populated\">\n\t\t\t\t\t\t<div class=\"elementor-element elementor-element-a5879fb sc_fly_static elementor-widget elementor-widget-trx_sc_promo\" data-id=\"a5879fb\" data-element_type=\"widget\" data-widget_type=\"trx_sc_promo.default\">\n\t\t\t\t<div class=\"elementor-widget-container\">\n\t\t\t\t\t<div  id=\"trx_sc_promo_903306435\" \n\tclass=\"sc_promo sc_promo_default sc_promo_size_normal sc_promo_image_position_left sc_promo_text_bg\"><div class=\"sc_promo_image\" style=\"width:50%;left: 0;\"><div class=\"slider_outer slider_swiper_outer slider_style_default slider_outer_direction_horizontal slider_outer_one slider_outer_pagination slider_outer_pagination_bullets slider_outer_pagination_pos_bottom slider_outer_controls slider_outer_controls_side slider_outer_nocentered slider_outer_overflow_hidden slider_outer_notitles\"><div class=\"slider_container slider_swiper swiper-slider-container slider_controls slider_controls_side slider_nocentered slider_overflow_hidden slider_notitles slider_noresize slider_swipe slider_height_auto slider_direction_horizontal slider_pagination slider_pagination_bullets slider_pagination_pos_bottom slider_one slider_type_bg\" data-ratio=\"16:9\" data-interval=\"9153\" data-effect=\"slide\" data-pagination=\"bullets\" data-direction=\"horizontal\" data-slides-per-view=\"1\" data-slides-space=\"0\" data-slides-centered=\"0\" data-slides-overflow=\"0\" data-mouse-wheel=\"0\" data-autoplay=\"1\" data-slides-min-width=\"150\"><div class=\"slider-wrapper swiper-wrapper\"><div  class=\"slider-slide swiper-slide\" data-image=\"\/\/aquacity.sk\/wp-content\/uploads\/2024\/03\/AquaCity_Poprad_Leto_MH_web_076.jpg\" style=\"background-image:url(\/\/aquacity.sk\/wp-content\/uploads\/2024\/03\/AquaCity_Poprad_Leto_MH_web_076.jpg);\"><\/div><div  class=\"slider-slide swiper-slide\" data-image=\"\/\/aquacity.sk\/wp-content\/uploads\/2022\/05\/AquaCity_1920x1080_76.jpg\" style=\"background-image:url(\/\/aquacity.sk\/wp-content\/uploads\/2022\/05\/AquaCity_1920x1080_76.jpg);\"><\/div><\/div><!-- \/.slider-wrapper --><div class=\"slider_pagination_wrap swiper-pagination\"><\/div><div class=\"slider_controls_wrap\"><a class=\"slider_prev swiper-button-prev\" href=\"#\"><\/a><a class=\"slider_next swiper-button-next\" href=\"#\"><\/a><\/div><\/div><!-- \/.slider_container --><\/div><!-- \/.slider_outer --><\/div><!-- \/.sc_promo_image --><div class=\"sc_promo_text\" style=\"width: 50%;float: right;\">\n\t\t\t<div class=\"sc_promo_text_inner trx_addons_inline_1581473301\"><h2 class=\"sc_item_title sc_promo_title sc_item_title_style_decoration sc_item_title_tag\"><span class=\"sc_item_title_text\">Letn\u00ed st\u00e1nky<\/span><\/h2><div class=\"sc_item_descr sc_promo_descr\"><p>Je v\u0161eobecn\u011b zn\u00e1mo, \u017ee pobyt u vody jaksi automaticky navozuje i pocit hladu. V AquaCity Poprad sv\u00e9mu b\u0159\u00ed\u0161ku ulahod\u00edte r\u016fzn\u00fdmi gastronomick\u00fdmi pochoutkami. Mnoz\u00ed z n\u00e1s si pamatuj\u00ed \u010dasy, kdy se bez lango\u0161e v ruce pobyt na koupali\u0161ti ani nepo\u010d\u00edtal. B\u011bhem letn\u00ed sez\u00f3ny jsou pro V\u00e1s p\u0159ipraveny tak\u00e9 letn\u00ed st\u00e1nky s rychl\u00fdm ob\u010derstven\u00edm. Pot\u011b\u0161te sv\u00e9 chu\u0165ov\u00e9 poh\u00e1rky grilovan\u00fdmi j\u00eddly, lango\u0161i, pizzou \u010di t\u011bstovinami. Zchla\u010fte si hork\u00e9 my\u0161lenky v\u00fdbornou zmrzlinou. Letn\u00ed st\u00e1nky naleznete hned p\u0159ed venkovn\u00edm p\u00f3diem, na kter\u00e9m b\u011bhem cel\u00e9ho l\u00e9ta prob\u00edh\u00e1 bohat\u00fd z\u00e1bavn\u00fd program.<\/p>\n<\/div><\/div>\n\t\t<\/div><!-- \/.sc_promo_text --><\/div><!-- \/.sc_promo -->\t\t\t\t<\/div>\n\t\t\t\t<\/div>\n\t\t\t\t\t<\/div>\n\t\t<\/div>\n\t\t\t\t\t<\/div>\n\t\t<\/section>\n\t\t\t\t<\/div>\n\t\t","protected":false},"excerpt":{"rendered":"<p>Restaurace High Tatras Restaurace je otev\u0159en\u00e1&hellip;<\/p>\n","protected":false},"author":2,"featured_media":17890,"parent":0,"menu_order":0,"comment_status":"closed","ping_status":"closed","template":"","meta":{"footnotes":""},"class_list":["post-8915","page","type-page","status-publish","has-post-thumbnail","hentry"],"_links":{"self":[{"href":"https:\/\/aquacity.sk\/cs\/wp-json\/wp\/v2\/pages\/8915","targetHints":{"allow":["GET"]}}],"collection":[{"href":"https:\/\/aquacity.sk\/cs\/wp-json\/wp\/v2\/pages"}],"about":[{"href":"https:\/\/aquacity.sk\/cs\/wp-json\/wp\/v2\/types\/page"}],"author":[{"embeddable":true,"href":"https:\/\/aquacity.sk\/cs\/wp-json\/wp\/v2\/users\/2"}],"replies":[{"embeddable":true,"href":"https:\/\/aquacity.sk\/cs\/wp-json\/wp\/v2\/comments?post=8915"}],"version-history":[{"count":20,"href":"https:\/\/aquacity.sk\/cs\/wp-json\/wp\/v2\/pages\/8915\/revisions"}],"predecessor-version":[{"id":26846,"href":"https:\/\/aquacity.sk\/cs\/wp-json\/wp\/v2\/pages\/8915\/revisions\/26846"}],"wp:featuredmedia":[{"embeddable":true,"href":"https:\/\/aquacity.sk\/cs\/wp-json\/wp\/v2\/media\/17890"}],"wp:attachment":[{"href":"https:\/\/aquacity.sk\/cs\/wp-json\/wp\/v2\/media?parent=8915"}],"curies":[{"name":"wp","href":"https:\/\/api.w.org\/{rel}","templated":true}]}}