{"id":12171,"date":"2022-06-28T21:46:55","date_gmt":"2022-06-28T19:46:55","guid":{"rendered":"https:\/\/aquacity.sk\/fakturacne-udaje\/"},"modified":"2022-10-06T12:50:12","modified_gmt":"2022-10-06T10:50:12","slug":"fakturacne-udaje","status":"publish","type":"page","link":"https:\/\/aquacity.sk\/cs\/fakturacne-udaje\/","title":{"rendered":"Faktura\u010dn\u00ed \u00fadaje"},"content":{"rendered":"\t\t<div data-elementor-type=\"wp-post\" data-elementor-id=\"12171\" class=\"elementor elementor-12171 elementor-10802\">\n\t\t\t\t\t\t<section class=\"elementor-section elementor-top-section elementor-element elementor-element-19dac095 elementor-section-boxed elementor-section-height-default elementor-section-height-default\" data-id=\"19dac095\" data-element_type=\"section\" data-settings=\"{&quot;background_background&quot;:&quot;classic&quot;}\">\n\t\t\t\t\t\t<div class=\"elementor-container elementor-column-gap-wider\">\n\t\t\t\t\t<div class=\"elementor-column elementor-col-100 elementor-top-column elementor-element elementor-element-9e48320 sc_inner_width_none sc_layouts_column_icons_position_left\" data-id=\"9e48320\" data-element_type=\"column\">\n\t\t\t<div class=\"elementor-widget-wrap elementor-element-populated\">\n\t\t\t\t\t\t<div class=\"elementor-element elementor-element-197cb141 sc_fly_static elementor-widget elementor-widget-heading\" data-id=\"197cb141\" data-element_type=\"widget\" data-widget_type=\"heading.default\">\n\t\t\t\t<div class=\"elementor-widget-container\">\n\t\t\t\t\t<h5 class=\"elementor-heading-title elementor-size-default\">Faktura\u010dn\u00ed \u00fadaje<\/h5>\t\t\t\t<\/div>\n\t\t\t\t<\/div>\n\t\t\t\t<div class=\"elementor-element elementor-element-11efeb81 sc_fly_static elementor-widget elementor-widget-text-editor\" data-id=\"11efeb81\" data-element_type=\"widget\" data-widget_type=\"text-editor.default\">\n\t\t\t\t<div class=\"elementor-widget-container\">\n\t\t\t\t\t\t\t\t\t<p><strong>Obchodn\u00ed jm\u00e9no:<\/strong> AQUAPARK Poprad s.r.o.<br \/><strong>Adresa:<\/strong> Sportovn\u00ed 1397\/1, Poprad 058 01<br \/><strong>I\u010cO<\/strong>: 36482609<br \/><strong>I\u010c DPH:<\/strong> SK2020020486<br \/><strong>Registr:<\/strong> Obchodn\u00ed rejst\u0159\u00edk Okresn\u00edho soudu Pre\u0161ov , odd\u00edl: Sro, vlo\u017eka \u010d\u00edslo: 13805\/P<br \/><strong>Bankovn\u00ed spojen\u00ed:<\/strong> 0492056683\/0900<br \/><strong>IBAN:<\/strong> SK47 0900 0000 0004 9205 6683<br \/><strong>zastoupena:<\/strong> Ing. Richard Pichonsk\u00fd a Ing. Peter Hudec<\/p>\t\t\t\t\t\t\t\t<\/div>\n\t\t\t\t<\/div>\n\t\t\t\t\t<\/div>\n\t\t<\/div>\n\t\t\t\t\t<\/div>\n\t\t<\/section>\n\t\t\t\t<\/div>\n\t\t","protected":false},"excerpt":{"rendered":"<p>Faktura\u010dn\u00ed \u00fadaje Obchodn\u00ed jm\u00e9no: AQUAPARK Poprad&hellip;<\/p>\n","protected":false},"author":2,"featured_media":10804,"parent":0,"menu_order":0,"comment_status":"closed","ping_status":"closed","template":"","meta":{"footnotes":""},"class_list":["post-12171","page","type-page","status-publish","has-post-thumbnail","hentry"],"_links":{"self":[{"href":"https:\/\/aquacity.sk\/cs\/wp-json\/wp\/v2\/pages\/12171","targetHints":{"allow":["GET"]}}],"collection":[{"href":"https:\/\/aquacity.sk\/cs\/wp-json\/wp\/v2\/pages"}],"about":[{"href":"https:\/\/aquacity.sk\/cs\/wp-json\/wp\/v2\/types\/page"}],"author":[{"embeddable":true,"href":"https:\/\/aquacity.sk\/cs\/wp-json\/wp\/v2\/users\/2"}],"replies":[{"embeddable":true,"href":"https:\/\/aquacity.sk\/cs\/wp-json\/wp\/v2\/comments?post=12171"}],"version-history":[{"count":11,"href":"https:\/\/aquacity.sk\/cs\/wp-json\/wp\/v2\/pages\/12171\/revisions"}],"predecessor-version":[{"id":13671,"href":"https:\/\/aquacity.sk\/cs\/wp-json\/wp\/v2\/pages\/12171\/revisions\/13671"}],"wp:featuredmedia":[{"embeddable":true,"href":"https:\/\/aquacity.sk\/cs\/wp-json\/wp\/v2\/media\/10804"}],"wp:attachment":[{"href":"https:\/\/aquacity.sk\/cs\/wp-json\/wp\/v2\/media?parent=12171"}],"curies":[{"name":"wp","href":"https:\/\/api.w.org\/{rel}","templated":true}]}}