{"id":12003,"date":"2022-07-03T21:51:32","date_gmt":"2022-07-03T19:51:32","guid":{"rendered":"https:\/\/aquacity.sk\/?page_id=12003"},"modified":"2026-01-15T17:02:26","modified_gmt":"2026-01-15T16:02:26","slug":"klinika-krasy-a-zdravi","status":"publish","type":"page","link":"https:\/\/aquacity.sk\/cs\/klinika-krasy-a-zdravi\/","title":{"rendered":"Klinika Zdrav\u00ed"},"content":{"rendered":"\t\t<div data-elementor-type=\"wp-post\" data-elementor-id=\"12003\" class=\"elementor elementor-12003 elementor-12002\">\n\t\t\t\t\t\t<section class=\"elementor-section elementor-top-section elementor-element elementor-element-6dbc473 elementor-section-boxed elementor-section-height-default elementor-section-height-default\" data-id=\"6dbc473\" data-element_type=\"section\">\n\t\t\t\t\t\t<div class=\"elementor-container elementor-column-gap-extended\">\n\t\t\t\t\t<div class=\"elementor-column elementor-col-100 elementor-top-column elementor-element elementor-element-14d75f4 sc_inner_width_none sc_layouts_column_icons_position_left\" data-id=\"14d75f4\" data-element_type=\"column\">\n\t\t\t<div class=\"elementor-widget-wrap elementor-element-populated\">\n\t\t\t\t\t\t<div class=\"elementor-element elementor-element-a5879fb sc_fly_static elementor-widget elementor-widget-trx_sc_promo\" data-id=\"a5879fb\" data-element_type=\"widget\" data-widget_type=\"trx_sc_promo.default\">\n\t\t\t\t<div class=\"elementor-widget-container\">\n\t\t\t\t\t<div  id=\"trx_sc_promo_1128684888\" \n\tclass=\"sc_promo sc_promo_default sc_promo_size_normal sc_promo_image_position_left sc_promo_text_bg\"><div class=\"sc_promo_image\" style=\"width:30%;left: 0;\"><div class=\"slider_outer slider_swiper_outer slider_style_default slider_outer_direction_horizontal slider_outer_one slider_outer_pagination slider_outer_pagination_bullets slider_outer_pagination_pos_bottom slider_outer_controls slider_outer_controls_side slider_outer_nocentered slider_outer_overflow_hidden slider_outer_notitles\"><div class=\"slider_container slider_swiper swiper-slider-container slider_controls slider_controls_side slider_nocentered slider_overflow_hidden slider_notitles slider_noresize slider_swipe slider_height_auto slider_direction_horizontal slider_pagination slider_pagination_bullets slider_pagination_pos_bottom slider_one slider_type_bg\" data-ratio=\"16:9\" data-interval=\"6880\" data-effect=\"slide\" data-pagination=\"bullets\" data-direction=\"horizontal\" data-slides-per-view=\"1\" data-slides-space=\"0\" data-slides-centered=\"0\" data-slides-overflow=\"0\" data-mouse-wheel=\"0\" data-autoplay=\"1\" data-slides-min-width=\"150\"><div class=\"slider-wrapper swiper-wrapper\"><div  class=\"slider-slide swiper-slide\" data-image=\"\/\/aquacity.sk\/wp-content\/uploads\/2022\/06\/AquaCity_1000x650_38.jpg\" style=\"background-image:url(\/\/aquacity.sk\/wp-content\/uploads\/2022\/06\/AquaCity_1000x650_38.jpg);\"><\/div><div  class=\"slider-slide swiper-slide\" data-image=\"\/\/aquacity.sk\/wp-content\/uploads\/2022\/06\/AquaCity_1000x650_14-1.jpg\" style=\"background-image:url(\/\/aquacity.sk\/wp-content\/uploads\/2022\/06\/AquaCity_1000x650_14-1.jpg);\"><\/div><div  class=\"slider-slide swiper-slide\" data-image=\"\/\/aquacity.sk\/wp-content\/uploads\/2022\/06\/AquaCity_1000x650_17.jpg\" style=\"background-image:url(\/\/aquacity.sk\/wp-content\/uploads\/2022\/06\/AquaCity_1000x650_17.jpg);\"><\/div><div  class=\"slider-slide swiper-slide\" data-image=\"\/\/aquacity.sk\/wp-content\/uploads\/2022\/06\/AquaCity_Kryo_2019_020-scaled.jpg\" style=\"background-image:url(\/\/aquacity.sk\/wp-content\/uploads\/2022\/06\/AquaCity_Kryo_2019_020-scaled.jpg);\"><\/div><\/div><!-- \/.slider-wrapper --><div class=\"slider_pagination_wrap swiper-pagination\"><\/div><div class=\"slider_controls_wrap\"><a class=\"slider_prev swiper-button-prev\" href=\"#\"><\/a><a class=\"slider_next swiper-button-next\" href=\"#\"><\/a><\/div><\/div><!-- \/.slider_container --><\/div><!-- \/.slider_outer --><\/div><!-- \/.sc_promo_image --><div class=\"sc_promo_text\" style=\"width: 70%;float: right;\">\n\t\t\t<div class=\"sc_promo_text_inner trx_addons_inline_1048277525\"><h2 class=\"sc_item_title sc_promo_title sc_item_title_style_decoration sc_item_title_tag\"><span class=\"sc_item_title_text\">Kryocentrum<\/span><\/h2><div class=\"sc_item_descr sc_promo_descr\"><p>L\u00e9\u010debn\u00e1 a rehabilita\u010dn\u00ed metoda, jej\u00ed\u017e d\u011bjiny se datuj\u00ed a\u017e do 70-80t\u00fdch let minul\u00e9ho stolet\u00ed. Procedura zahrnuje maxim\u00e1ln\u011b t\u0159\u00edminutov\u00fd pobyt v komo\u0159e s pr\u016fm\u011brnou teplotou -120 \u00b0 C, za kter\u00fdm n\u00e1sleduje intenzivn\u00ed cvi\u010den\u00ed \u2013 kineziterapie. Pobyt v t\u00e9to komo\u0159e pod l\u00e9ka\u0159sk\u00fdm dohledem stimuluje p\u0159irozenou tvorbu enzym\u016f a hormon\u016f podporuj\u00edc\u00edch uzdraven\u00ed a ve va\u0161em t\u011ble dok\u00e1\u017ee \u201enastartovat\u201c samol\u00e9\u010dbu a regeneraci.<\/p>\n<\/div><div id=\"sc_button_1590342845\"\tclass=\"sc_item_button sc_button_wrap sc_item_button sc_item_button_default sc_promo_button\"><a href=\"https:\/\/aquacity.sk\/cs\/sluzby\/kryocentrum\/\" class=\"sc_button sc_button_default sc_button_size_normal sc_button_icon_left\" target=\"_blank\"><span class=\"sc_button_text\"><span class=\"sc_button_title\">V\u00edce informac\u00ed<\/span><\/span><!-- \/.sc_button_text --><\/a><!-- \/.sc_button --><\/div><!-- \/.sc_item_button --><\/div>\n\t\t<\/div><!-- \/.sc_promo_text --><\/div><!-- \/.sc_promo -->\t\t\t\t<\/div>\n\t\t\t\t<\/div>\n\t\t\t\t\t<\/div>\n\t\t<\/div>\n\t\t\t\t\t<\/div>\n\t\t<\/section>\n\t\t\t\t<section class=\"elementor-section elementor-top-section elementor-element elementor-element-05d20ea elementor-section-boxed elementor-section-height-default elementor-section-height-default\" data-id=\"05d20ea\" data-element_type=\"section\">\n\t\t\t\t\t\t<div class=\"elementor-container elementor-column-gap-extended\">\n\t\t\t\t\t<div class=\"elementor-column elementor-col-100 elementor-top-column elementor-element elementor-element-114d15b sc_inner_width_none sc_layouts_column_icons_position_left\" data-id=\"114d15b\" data-element_type=\"column\">\n\t\t\t<div class=\"elementor-widget-wrap elementor-element-populated\">\n\t\t\t\t\t\t<div class=\"elementor-element elementor-element-2c42947 sc_fly_static elementor-widget elementor-widget-trx_sc_promo\" data-id=\"2c42947\" data-element_type=\"widget\" data-widget_type=\"trx_sc_promo.default\">\n\t\t\t\t<div class=\"elementor-widget-container\">\n\t\t\t\t\t<div  id=\"trx_sc_promo_809942190\" \n\tclass=\"sc_promo sc_promo_default sc_promo_size_normal sc_promo_image_position_right sc_promo_text_bg\"><div class=\"sc_promo_image\" style=\"background-image:url(\/\/aquacity.sk\/wp-content\/uploads\/2022\/07\/ocna-klinika.jpg);width:30%;right: 0;\"><\/div><!-- \/.sc_promo_image --><div class=\"sc_promo_text\" style=\"width: 70%;float: left;\">\n\t\t\t<div class=\"sc_promo_text_inner trx_addons_inline_1522936802\"><h2 class=\"sc_item_title sc_promo_title sc_item_title_style_decoration sc_item_title_tag\"><span class=\"sc_item_title_text\">O\u010dn\u00ed klinika<\/span><\/h2><div class=\"sc_item_descr sc_promo_descr\"><p>O\u010dn\u00ed klinika Kulanga. K hlavn\u00edm odborn\u00fdm zam\u011b\u0159en\u00edm kl\u00ednky pat\u0159\u00ed diagnostika a l\u00e9\u010dba. Zam\u011b\u0159uje se na l\u00e9\u010dbu onemocn\u011bn\u00ed s\u00edtnice, zelen\u00e9ho z\u00e1kalu (glaukomu), poruchy o\u010dn\u00edho povrchu, alergie, z\u00e1n\u011bty, nitroo\u010dn\u00ed z\u00e1n\u011bty atd.<\/p>\n<\/div><div id=\"sc_button_967563881\"\tclass=\"sc_item_button sc_button_wrap sc_item_button sc_item_button_default sc_promo_button\"><a href=\"https:\/\/www.kulanga.sk\/\" class=\"sc_button sc_button_default sc_button_size_normal sc_button_icon_left\" target=\"_blank\"><span class=\"sc_button_text\"><span class=\"sc_button_title\">V\u00edce informac\u00ed<\/span><\/span><!-- \/.sc_button_text --><\/a><!-- \/.sc_button --><\/div><!-- \/.sc_item_button --><\/div>\n\t\t<\/div><!-- \/.sc_promo_text --><\/div><!-- \/.sc_promo -->\t\t\t\t<\/div>\n\t\t\t\t<\/div>\n\t\t\t\t\t<\/div>\n\t\t<\/div>\n\t\t\t\t\t<\/div>\n\t\t<\/section>\n\t\t\t\t<\/div>\n\t\t","protected":false},"excerpt":{"rendered":"<p>Kryocentrum L\u00e9\u010debn\u00e1 a rehabilita\u010dn\u00ed metoda, jej\u00ed\u017e&hellip;<\/p>\n","protected":false},"author":2,"featured_media":6701,"parent":0,"menu_order":0,"comment_status":"closed","ping_status":"closed","template":"","meta":{"footnotes":""},"class_list":["post-12003","page","type-page","status-publish","has-post-thumbnail","hentry"],"_links":{"self":[{"href":"https:\/\/aquacity.sk\/cs\/wp-json\/wp\/v2\/pages\/12003","targetHints":{"allow":["GET"]}}],"collection":[{"href":"https:\/\/aquacity.sk\/cs\/wp-json\/wp\/v2\/pages"}],"about":[{"href":"https:\/\/aquacity.sk\/cs\/wp-json\/wp\/v2\/types\/page"}],"author":[{"embeddable":true,"href":"https:\/\/aquacity.sk\/cs\/wp-json\/wp\/v2\/users\/2"}],"replies":[{"embeddable":true,"href":"https:\/\/aquacity.sk\/cs\/wp-json\/wp\/v2\/comments?post=12003"}],"version-history":[{"count":18,"href":"https:\/\/aquacity.sk\/cs\/wp-json\/wp\/v2\/pages\/12003\/revisions"}],"predecessor-version":[{"id":27531,"href":"https:\/\/aquacity.sk\/cs\/wp-json\/wp\/v2\/pages\/12003\/revisions\/27531"}],"wp:featuredmedia":[{"embeddable":true,"href":"https:\/\/aquacity.sk\/cs\/wp-json\/wp\/v2\/media\/6701"}],"wp:attachment":[{"href":"https:\/\/aquacity.sk\/cs\/wp-json\/wp\/v2\/media?parent=12003"}],"curies":[{"name":"wp","href":"https:\/\/api.w.org\/{rel}","templated":true}]}}