{"id":11313,"date":"2022-06-15T06:40:57","date_gmt":"2022-06-15T04:40:57","guid":{"rendered":"https:\/\/new.aquacity.sk\/ubytovanie\/"},"modified":"2025-04-24T11:28:42","modified_gmt":"2025-04-24T09:28:42","slug":"ubytovani","status":"publish","type":"page","link":"https:\/\/aquacity.sk\/cs\/ubytovani\/","title":{"rendered":"Ubytovan\u00ed v hotelech"},"content":{"rendered":"\t\t<div data-elementor-type=\"wp-post\" data-elementor-id=\"11313\" class=\"elementor elementor-11313 elementor-6033\">\n\t\t\t\t\t\t<section class=\"elementor-section elementor-top-section elementor-element elementor-element-be65726 elementor-section-boxed elementor-section-height-default elementor-section-height-default\" data-id=\"be65726\" data-element_type=\"section\">\n\t\t\t\t\t\t<div class=\"elementor-container elementor-column-gap-extended\">\n\t\t\t\t\t<div class=\"elementor-column elementor-col-100 elementor-top-column elementor-element elementor-element-f62a3c9 sc_inner_width_none sc_layouts_column_icons_position_left\" data-id=\"f62a3c9\" data-element_type=\"column\">\n\t\t\t<div class=\"elementor-widget-wrap\">\n\t\t\t\t\t\t\t<\/div>\n\t\t<\/div>\n\t\t\t\t\t<\/div>\n\t\t<\/section>\n\t\t\t\t<section class=\"elementor-section elementor-top-section elementor-element elementor-element-6dbc473 elementor-section-boxed elementor-section-height-default elementor-section-height-default\" data-id=\"6dbc473\" data-element_type=\"section\">\n\t\t\t\t\t\t<div class=\"elementor-container elementor-column-gap-extended\">\n\t\t\t\t\t<div class=\"elementor-column elementor-col-100 elementor-top-column elementor-element elementor-element-14d75f4 sc_inner_width_none sc_layouts_column_icons_position_left\" data-id=\"14d75f4\" data-element_type=\"column\">\n\t\t\t<div class=\"elementor-widget-wrap elementor-element-populated\">\n\t\t\t\t\t\t<div class=\"elementor-element elementor-element-a5879fb sc_fly_static elementor-widget elementor-widget-trx_sc_promo\" data-id=\"a5879fb\" data-element_type=\"widget\" data-widget_type=\"trx_sc_promo.default\">\n\t\t\t\t<div class=\"elementor-widget-container\">\n\t\t\t\t\t<div  id=\"trx_sc_promo_373908804\" \n\tclass=\"sc_promo sc_promo_default sc_promo_size_normal sc_promo_image_position_left sc_promo_text_bg\"><div class=\"sc_promo_image\" style=\"width:50%;left: 0;\"><div class=\"slider_outer slider_swiper_outer slider_style_default slider_outer_direction_horizontal slider_outer_one slider_outer_pagination slider_outer_pagination_bullets slider_outer_pagination_pos_bottom slider_outer_controls slider_outer_controls_side slider_outer_nocentered slider_outer_overflow_hidden slider_outer_notitles\"><div class=\"slider_container slider_swiper swiper-slider-container slider_controls slider_controls_side slider_nocentered slider_overflow_hidden slider_notitles slider_noresize slider_swipe slider_height_auto slider_direction_horizontal slider_pagination slider_pagination_bullets slider_pagination_pos_bottom slider_one slider_type_bg\" data-ratio=\"16:9\" data-interval=\"7595\" data-effect=\"slide\" data-pagination=\"bullets\" data-direction=\"horizontal\" data-slides-per-view=\"1\" data-slides-space=\"0\" data-slides-centered=\"0\" data-slides-overflow=\"0\" data-mouse-wheel=\"0\" data-autoplay=\"1\" data-slides-min-width=\"150\"><div class=\"slider-wrapper swiper-wrapper\"><div  class=\"slider-slide swiper-slide\" data-image=\"\/\/aquacity.sk\/wp-content\/uploads\/2022\/06\/AquaCity_Hotel__HQ_Seasons_2019_00.jpg\" style=\"background-image:url(\/\/aquacity.sk\/wp-content\/uploads\/2022\/06\/AquaCity_Hotel__HQ_Seasons_2019_00.jpg);\"><\/div><div  class=\"slider-slide swiper-slide\" data-image=\"\/\/aquacity.sk\/wp-content\/uploads\/2022\/06\/AquaCity_Hotel__HQ_Seasons_2019_11.jpg\" style=\"background-image:url(\/\/aquacity.sk\/wp-content\/uploads\/2022\/06\/AquaCity_Hotel__HQ_Seasons_2019_11.jpg);\"><\/div><div  class=\"slider-slide swiper-slide\" data-image=\"\/\/aquacity.sk\/wp-content\/uploads\/2022\/06\/AquaCity_Hotel__HQ_Seasons_2019_12.jpg\" style=\"background-image:url(\/\/aquacity.sk\/wp-content\/uploads\/2022\/06\/AquaCity_Hotel__HQ_Seasons_2019_12.jpg);\"><\/div><div  class=\"slider-slide swiper-slide\" data-image=\"\/\/aquacity.sk\/wp-content\/uploads\/2022\/06\/AquaCity_Hotel__HQ_Seasons_2019_21.jpg\" style=\"background-image:url(\/\/aquacity.sk\/wp-content\/uploads\/2022\/06\/AquaCity_Hotel__HQ_Seasons_2019_21.jpg);\"><\/div><\/div><!-- \/.slider-wrapper --><div class=\"slider_pagination_wrap swiper-pagination\"><\/div><div class=\"slider_controls_wrap\"><a class=\"slider_prev swiper-button-prev\" href=\"#\"><\/a><a class=\"slider_next swiper-button-next\" href=\"#\"><\/a><\/div><\/div><!-- \/.slider_container --><\/div><!-- \/.slider_outer --><\/div><!-- \/.sc_promo_image --><div class=\"sc_promo_text\" style=\"width: 50%;float: right;\">\n\t\t\t<div class=\"sc_promo_text_inner trx_addons_inline_1023023753\"><h4 class=\"sc_item_title sc_promo_title sc_item_title_style_decoration sc_item_title_tag\"><span class=\"sc_item_title_text\">Hotel Seasons ****<\/span><\/h4><div class=\"sc_item_descr sc_promo_descr\"><p>Nov\u00fd exkluzivn\u00ed 4 * rodinn\u00fd hotel Seasons s pokoji lad\u011bn\u00fdmi podle ro\u010dn\u00edho obdob\u00ed \u2013 l\u00e9to a zima v barv\u00e1ch st\u0159\u00edbrno-modr\u00e1 a zlato-b\u00e9\u017eov\u00e1. Exkluzivn\u00ed interi\u00e9r pokoj\u016f v modern\u00edm p\u0159\u00edrodn\u00edm stylu s mno\u017estv\u00edm d\u0159ev\u011bn\u00fdch prvk\u016f.<\/p>\n<\/div><div id=\"sc_button_618318682\"\tclass=\"sc_item_button sc_button_wrap sc_item_button sc_item_button_default sc_promo_button\"><a href=\"https:\/\/aquacityhotel.sk\/cs\/hotel-seasons\/\" class=\"sc_button sc_button_default sc_button_size_normal sc_button_icon_left\" target=\"_blank\"><span class=\"sc_button_text\"><span class=\"sc_button_title\">V\u00edce informac\u00ed<\/span><\/span><!-- \/.sc_button_text --><\/a><!-- \/.sc_button --><\/div><!-- \/.sc_item_button --><\/div>\n\t\t<\/div><!-- \/.sc_promo_text --><\/div><!-- \/.sc_promo -->\t\t\t\t<\/div>\n\t\t\t\t<\/div>\n\t\t\t\t\t<\/div>\n\t\t<\/div>\n\t\t\t\t\t<\/div>\n\t\t<\/section>\n\t\t\t\t<section class=\"elementor-section elementor-top-section elementor-element elementor-element-49d769a elementor-section-boxed elementor-section-height-default elementor-section-height-default\" data-id=\"49d769a\" data-element_type=\"section\">\n\t\t\t\t\t\t<div class=\"elementor-container elementor-column-gap-extended\">\n\t\t\t\t\t<div class=\"elementor-column elementor-col-100 elementor-top-column elementor-element elementor-element-d1d401e sc_inner_width_none sc_layouts_column_icons_position_left\" data-id=\"d1d401e\" data-element_type=\"column\">\n\t\t\t<div class=\"elementor-widget-wrap elementor-element-populated\">\n\t\t\t\t\t\t<div class=\"elementor-element elementor-element-91287a1 sc_fly_static elementor-widget elementor-widget-trx_sc_promo\" data-id=\"91287a1\" data-element_type=\"widget\" data-widget_type=\"trx_sc_promo.default\">\n\t\t\t\t<div class=\"elementor-widget-container\">\n\t\t\t\t\t<div  id=\"trx_sc_promo_1610411232\" \n\tclass=\"sc_promo sc_promo_default sc_promo_size_normal sc_promo_image_position_left sc_promo_text_bg\"><div class=\"sc_promo_image\" style=\"width:50%;left: 0;\"><div class=\"slider_outer slider_swiper_outer slider_style_default slider_outer_direction_horizontal slider_outer_one slider_outer_pagination slider_outer_pagination_bullets slider_outer_pagination_pos_bottom slider_outer_controls slider_outer_controls_side slider_outer_nocentered slider_outer_overflow_hidden slider_outer_notitles\"><div class=\"slider_container slider_swiper swiper-slider-container slider_controls slider_controls_side slider_nocentered slider_overflow_hidden slider_notitles slider_noresize slider_swipe slider_height_auto slider_direction_horizontal slider_pagination slider_pagination_bullets slider_pagination_pos_bottom slider_one slider_type_bg\" data-ratio=\"16:9\" data-interval=\"5709\" data-effect=\"slide\" data-pagination=\"bullets\" data-direction=\"horizontal\" data-slides-per-view=\"1\" data-slides-space=\"0\" data-slides-centered=\"0\" data-slides-overflow=\"0\" data-mouse-wheel=\"0\" data-autoplay=\"1\" data-slides-min-width=\"150\"><div class=\"slider-wrapper swiper-wrapper\"><div  class=\"slider-slide swiper-slide\" data-image=\"\/\/aquacity.sk\/wp-content\/uploads\/2022\/06\/AquaCity_Hotel_Mountain_View005.jpg\" style=\"background-image:url(\/\/aquacity.sk\/wp-content\/uploads\/2022\/06\/AquaCity_Hotel_Mountain_View005.jpg);\"><\/div><div  class=\"slider-slide swiper-slide\" data-image=\"\/\/aquacity.sk\/wp-content\/uploads\/2022\/06\/AquaCity_Hotel_Mountain_View012.jpg\" style=\"background-image:url(\/\/aquacity.sk\/wp-content\/uploads\/2022\/06\/AquaCity_Hotel_Mountain_View012.jpg);\"><\/div><div  class=\"slider-slide swiper-slide\" data-image=\"\/\/aquacity.sk\/wp-content\/uploads\/2022\/06\/AquaCity_Hotel_Mountain_View013.jpg\" style=\"background-image:url(\/\/aquacity.sk\/wp-content\/uploads\/2022\/06\/AquaCity_Hotel_Mountain_View013.jpg);\"><\/div><div  class=\"slider-slide swiper-slide\" data-image=\"\/\/aquacity.sk\/wp-content\/uploads\/2022\/06\/AquaCity_Hotel_Mountain_View017.jpg\" style=\"background-image:url(\/\/aquacity.sk\/wp-content\/uploads\/2022\/06\/AquaCity_Hotel_Mountain_View017.jpg);\"><\/div><\/div><!-- \/.slider-wrapper --><div class=\"slider_pagination_wrap swiper-pagination\"><\/div><div class=\"slider_controls_wrap\"><a class=\"slider_prev swiper-button-prev\" href=\"#\"><\/a><a class=\"slider_next swiper-button-next\" href=\"#\"><\/a><\/div><\/div><!-- \/.slider_container --><\/div><!-- \/.slider_outer --><\/div><!-- \/.sc_promo_image --><div class=\"sc_promo_text\" style=\"width: 50%;float: right;\">\n\t\t\t<div class=\"sc_promo_text_inner trx_addons_inline_279833297\"><h4 class=\"sc_item_title sc_promo_title sc_item_title_style_decoration sc_item_title_tag\"><span class=\"sc_item_title_text\">Hotel Mountain View ****<\/span><\/h4><div class=\"sc_item_descr sc_promo_descr\"><p>Pohodln\u00fd a luxusn\u00ed interi\u00e9r, modern\u011b za\u0159\u00edzen\u00e9 pokoje s n\u00e1dechem elegance a balkony s v\u00fdhledem na Vysok\u00e9 Tatry.<\/p>\n<\/div><div id=\"sc_button_1353313371\"\tclass=\"sc_item_button sc_button_wrap sc_item_button sc_item_button_default sc_promo_button\"><a href=\"https:\/\/aquacityhotel.sk\/cs\/hotel-mountain-view\/\" class=\"sc_button sc_button_default sc_button_size_normal sc_button_icon_left\" target=\"_blank\"><span class=\"sc_button_text\"><span class=\"sc_button_title\">V\u00edce informac\u00ed<\/span><\/span><!-- \/.sc_button_text --><\/a><!-- \/.sc_button --><\/div><!-- \/.sc_item_button --><\/div>\n\t\t<\/div><!-- \/.sc_promo_text --><\/div><!-- \/.sc_promo -->\t\t\t\t<\/div>\n\t\t\t\t<\/div>\n\t\t\t\t\t<\/div>\n\t\t<\/div>\n\t\t\t\t\t<\/div>\n\t\t<\/section>\n\t\t\t\t<section class=\"elementor-section elementor-top-section elementor-element elementor-element-ea3b28a elementor-section-boxed elementor-section-height-default elementor-section-height-default\" data-id=\"ea3b28a\" data-element_type=\"section\">\n\t\t\t\t\t\t<div class=\"elementor-container elementor-column-gap-extended\">\n\t\t\t\t\t<div class=\"elementor-column elementor-col-100 elementor-top-column elementor-element elementor-element-458c945 sc_inner_width_none sc_layouts_column_icons_position_left\" data-id=\"458c945\" data-element_type=\"column\">\n\t\t\t<div class=\"elementor-widget-wrap elementor-element-populated\">\n\t\t\t\t\t\t<div class=\"elementor-element elementor-element-a7e0f61 sc_fly_static elementor-widget elementor-widget-trx_sc_promo\" data-id=\"a7e0f61\" data-element_type=\"widget\" data-widget_type=\"trx_sc_promo.default\">\n\t\t\t\t<div class=\"elementor-widget-container\">\n\t\t\t\t\t<div  id=\"trx_sc_promo_1876063397\" \n\tclass=\"sc_promo sc_promo_default sc_promo_size_normal sc_promo_image_position_left sc_promo_text_bg\"><div class=\"sc_promo_image\" style=\"width:50%;left: 0;\"><div class=\"slider_outer slider_swiper_outer slider_style_default slider_outer_direction_horizontal slider_outer_one slider_outer_pagination slider_outer_pagination_bullets slider_outer_pagination_pos_bottom slider_outer_controls slider_outer_controls_side slider_outer_nocentered slider_outer_overflow_hidden slider_outer_notitles\"><div class=\"slider_container slider_swiper swiper-slider-container slider_controls slider_controls_side slider_nocentered slider_overflow_hidden slider_notitles slider_noresize slider_swipe slider_height_auto slider_direction_horizontal slider_pagination slider_pagination_bullets slider_pagination_pos_bottom slider_one slider_type_bg\" data-ratio=\"16:9\" data-interval=\"8439\" data-effect=\"slide\" data-pagination=\"bullets\" data-direction=\"horizontal\" data-slides-per-view=\"1\" data-slides-space=\"0\" data-slides-centered=\"0\" data-slides-overflow=\"0\" data-mouse-wheel=\"0\" data-autoplay=\"1\" data-slides-min-width=\"150\"><div class=\"slider-wrapper swiper-wrapper\"><div  class=\"slider-slide swiper-slide\" data-image=\"\/\/aquacity.sk\/wp-content\/uploads\/2022\/06\/AquaCity_Hotel_Riverside_2019_001.jpg\" style=\"background-image:url(\/\/aquacity.sk\/wp-content\/uploads\/2022\/06\/AquaCity_Hotel_Riverside_2019_001.jpg);\"><\/div><div  class=\"slider-slide swiper-slide\" data-image=\"\/\/aquacity.sk\/wp-content\/uploads\/2022\/06\/AquaCity_Hotel_Riverside_2019_014.jpg\" style=\"background-image:url(\/\/aquacity.sk\/wp-content\/uploads\/2022\/06\/AquaCity_Hotel_Riverside_2019_014.jpg);\"><\/div><div  class=\"slider-slide swiper-slide\" data-image=\"\/\/aquacity.sk\/wp-content\/uploads\/2022\/06\/AquaCity_Hotel_Riverside_2019_016.jpg\" style=\"background-image:url(\/\/aquacity.sk\/wp-content\/uploads\/2022\/06\/AquaCity_Hotel_Riverside_2019_016.jpg);\"><\/div><div  class=\"slider-slide swiper-slide\" data-image=\"\/\/aquacity.sk\/wp-content\/uploads\/2022\/06\/AquaCity_Hotel_Riverside_2019_017.jpg\" style=\"background-image:url(\/\/aquacity.sk\/wp-content\/uploads\/2022\/06\/AquaCity_Hotel_Riverside_2019_017.jpg);\"><\/div><\/div><!-- \/.slider-wrapper --><div class=\"slider_pagination_wrap swiper-pagination\"><\/div><div class=\"slider_controls_wrap\"><a class=\"slider_prev swiper-button-prev\" href=\"#\"><\/a><a class=\"slider_next swiper-button-next\" href=\"#\"><\/a><\/div><\/div><!-- \/.slider_container --><\/div><!-- \/.slider_outer --><\/div><!-- \/.sc_promo_image --><div class=\"sc_promo_text\" style=\"width: 50%;float: right;\">\n\t\t\t<div class=\"sc_promo_text_inner trx_addons_inline_1700029196\"><h4 class=\"sc_item_title sc_promo_title sc_item_title_style_decoration sc_item_title_tag\"><span class=\"sc_item_title_text\">Hotel Riverside ***<\/span><\/h4><div class=\"sc_item_descr sc_promo_descr\"><p>Hotel nab\u00edz\u00ed modern\u00ed a levn\u00e9 ubytov\u00e1n\u00ed ve Vysok\u00fdch Tatr\u00e1ch a je sou\u010d\u00e1st\u00ed n\u00e1rodn\u00edho fotbalov\u00e9ho centra v Poprad\u011b. Nach\u00e1z\u00ed se jen p\u00e1r krok\u016f od Aquaparku AquaCity Poprad.<\/p>\n<\/div><div id=\"sc_button_317976664\"\tclass=\"sc_item_button sc_button_wrap sc_item_button sc_item_button_default sc_promo_button\"><a href=\"https:\/\/aquacityhotel.sk\/cs\/hotel-riverside\/\" class=\"sc_button sc_button_default sc_button_size_normal sc_button_icon_left\" target=\"_blank\"><span class=\"sc_button_text\"><span class=\"sc_button_title\">V\u00edce informac\u00ed<\/span><\/span><!-- \/.sc_button_text --><\/a><!-- \/.sc_button --><\/div><!-- \/.sc_item_button --><\/div>\n\t\t<\/div><!-- \/.sc_promo_text --><\/div><!-- \/.sc_promo -->\t\t\t\t<\/div>\n\t\t\t\t<\/div>\n\t\t\t\t\t<\/div>\n\t\t<\/div>\n\t\t\t\t\t<\/div>\n\t\t<\/section>\n\t\t\t\t<section class=\"elementor-section elementor-top-section elementor-element elementor-element-d558113 elementor-section-boxed elementor-section-height-default elementor-section-height-default\" data-id=\"d558113\" data-element_type=\"section\">\n\t\t\t\t\t\t<div class=\"elementor-container elementor-column-gap-extended\">\n\t\t\t\t\t<div class=\"elementor-column elementor-col-100 elementor-top-column elementor-element elementor-element-27b6764 sc_inner_width_none sc_layouts_column_icons_position_left\" data-id=\"27b6764\" data-element_type=\"column\">\n\t\t\t<div class=\"elementor-widget-wrap elementor-element-populated\">\n\t\t\t\t\t\t<div class=\"elementor-element elementor-element-9f1de4d sc_fly_static elementor-widget elementor-widget-trx_sc_promo\" data-id=\"9f1de4d\" data-element_type=\"widget\" data-widget_type=\"trx_sc_promo.default\">\n\t\t\t\t<div class=\"elementor-widget-container\">\n\t\t\t\t\t<div  id=\"trx_sc_promo_1631956538\" \n\tclass=\"sc_promo sc_promo_default sc_promo_size_normal sc_promo_no_image sc_promo_text_bg\"><div class=\"sc_promo_text\" style=\"width: 100%;\">\n\t\t\t<div class=\"sc_promo_text_inner trx_addons_inline_1112615623\"><h4 class=\"sc_item_title sc_promo_title sc_item_title_style_decoration sc_item_title_tag\"><span class=\"sc_item_title_text\">Online Booking<\/span><\/h4><div class=\"sc_item_descr sc_promo_descr\"><p>Rezervace pobyt\u016f v hotelech Seasons ****, Mountain View ****, Riverside*** v AquaCity Poprad .<\/p>\n<\/div><div id=\"sc_button_1871745001\"\tclass=\"sc_item_button sc_button_wrap sc_item_button sc_item_button_default sc_promo_button\"><a href=\"https:\/\/aquacityhotel.sk\/cs\/\" class=\"sc_button sc_button_default sc_button_size_normal sc_button_icon_left\" target=\"_blank\"><span class=\"sc_button_text\"><span class=\"sc_button_title\">Rezervace hotelov\u00fdch pobyt\u016f zde<\/span><\/span><!-- \/.sc_button_text --><\/a><!-- \/.sc_button --><\/div><!-- \/.sc_item_button --><\/div>\n\t\t<\/div><!-- \/.sc_promo_text --><\/div><!-- \/.sc_promo -->\t\t\t\t<\/div>\n\t\t\t\t<\/div>\n\t\t\t\t\t<\/div>\n\t\t<\/div>\n\t\t\t\t\t<\/div>\n\t\t<\/section>\n\t\t\t\t<\/div>\n\t\t","protected":false},"excerpt":{"rendered":"<p>Hotel Seasons **** Nov\u00fd exkluzivn\u00ed 4&hellip;<\/p>\n","protected":false},"author":2,"featured_media":18028,"parent":0,"menu_order":0,"comment_status":"closed","ping_status":"closed","template":"","meta":{"footnotes":""},"class_list":["post-11313","page","type-page","status-publish","has-post-thumbnail","hentry"],"_links":{"self":[{"href":"https:\/\/aquacity.sk\/cs\/wp-json\/wp\/v2\/pages\/11313","targetHints":{"allow":["GET"]}}],"collection":[{"href":"https:\/\/aquacity.sk\/cs\/wp-json\/wp\/v2\/pages"}],"about":[{"href":"https:\/\/aquacity.sk\/cs\/wp-json\/wp\/v2\/types\/page"}],"author":[{"embeddable":true,"href":"https:\/\/aquacity.sk\/cs\/wp-json\/wp\/v2\/users\/2"}],"replies":[{"embeddable":true,"href":"https:\/\/aquacity.sk\/cs\/wp-json\/wp\/v2\/comments?post=11313"}],"version-history":[{"count":17,"href":"https:\/\/aquacity.sk\/cs\/wp-json\/wp\/v2\/pages\/11313\/revisions"}],"predecessor-version":[{"id":24187,"href":"https:\/\/aquacity.sk\/cs\/wp-json\/wp\/v2\/pages\/11313\/revisions\/24187"}],"wp:featuredmedia":[{"embeddable":true,"href":"https:\/\/aquacity.sk\/cs\/wp-json\/wp\/v2\/media\/18028"}],"wp:attachment":[{"href":"https:\/\/aquacity.sk\/cs\/wp-json\/wp\/v2\/media?parent=11313"}],"curies":[{"name":"wp","href":"https:\/\/api.w.org\/{rel}","templated":true}]}}